{"id":1081,"date":"2025-09-17T12:59:30","date_gmt":"2025-09-17T15:59:30","guid":{"rendered":"https:\/\/sp.disewhost3.com\/industrial\/?post_type=product&#038;p=1081"},"modified":"2025-11-20T16:07:56","modified_gmt":"2025-11-20T19:07:56","slug":"carcasa-p-filtro-aire-comp-de-16-bar-g3-caudal-22","status":"publish","type":"product","link":"https:\/\/sp.com.ar\/industrial\/producto\/carcasa-p-filtro-aire-comp-de-16-bar-g3-caudal-22\/","title":{"rendered":"CSPA-04516"},"content":{"rendered":"","protected":false},"excerpt":{"rendered":"<p>La CSPA\u201104516 ofrece un caudal nominal de 45\u00a0m\u00b3\/min (1\u00a0590\u00a0cfm) y se conecta mediante brida DN100 (NPS\u00a04\u2033). Su resistencia a presiones de 16\u00a0bar la convierte en una soluci\u00f3n robusta para plantas de gran escala. La tabla asocia este modelo con cartuchos de la serie CSPA\u201102216; sin embargo, en aplicaciones reales se suministran cartuchos CP\/BPA\/BPB\/BR de di\u00e1metro y capacidad compatibles con 45\u00a0m\u00b3\/min. Esta carcasa se utiliza como filtro maestro en salas de compresores o en l\u00edneas troncales donde se requiere aire altamente limpio.<\/p>\n<ul>\n<li><strong>Caudal nominal:<\/strong>\u00a045\u00a0m\u00b3\/min (1\u00a0590\u00a0cfm).<\/li>\n<li><strong>Conexi\u00f3n y tipo:<\/strong>\u00a0DN100\u2013NPS\u00a04\u2033 bridada.<\/li>\n<li><strong>Presi\u00f3n m\u00e1xima:<\/strong>\u00a016\u00a0bar.<\/li>\n<li><strong>Cartuchos compatibles:<\/strong>\u00a0Cartuchos CP\/BPA\/BPB\/BR equivalentes a la serie 45\u00a0m\u00b3\/min (reemplazos para SPA\u201104516).<\/li>\n<\/ul>\n<p>&nbsp;<\/p>\n<p><strong>Aplicaciones:<\/strong>\u00a0centrales de generaci\u00f3n y distribuci\u00f3n de aire comprimido, procesos industriales de gran consumo y filtraci\u00f3n de aire en plantas qu\u00edmicas y de energ\u00eda.<\/p>\n<p><span style=\"color: #fafafa;\"><span class=\"selectable-text copyable-text xkrh14z\">filtros de aire comprimido industriales. <\/span><span class=\"selectable-text copyable-text xkrh14z\">filtro para compresor de aire. <\/span><span class=\"selectable-text copyable-text xkrh14z\">filtro coalescente compresor. <\/span><span class=\"selectable-text copyable-text xkrh14z\">filtro aire comprimido separador de agua y aceite. <\/span><span class=\"selectable-text copyable-text xkrh14z\">filtros para l\u00ednea de aire comprimido. <\/span><span class=\"selectable-text copyable-text xkrh14z\">filtro neum\u00e1tico industrial. <\/span><span class=\"selectable-text copyable-text xkrh14z\">Filtro aire comprimido sin aceite. <\/span><span class=\"selectable-text copyable-text xkrh14z\">Filtro para aire comprimido limpio y seco<\/span><\/span><\/p>\n","protected":false},"featured_media":1593,"template":"","meta":{"_acf_changed":false,"_joinchat":[]},"product_brand":[],"product_cat":[28],"product_tag":[],"class_list":{"0":"post-1081","1":"product","2":"type-product","3":"status-publish","4":"has-post-thumbnail","6":"product_cat-filtros-para-tratamiento-de-aire-comprimido","8":"first","9":"instock","10":"shipping-taxable","11":"product-type-simple"},"acf":[],"yoast_head":"<!-- This site is optimized with the Yoast SEO plugin v26.2 - https:\/\/yoast.com\/wordpress\/plugins\/seo\/ -->\n<title>CSPA-04516 | SP Separation Processes<\/title>\n<meta name=\"robots\" content=\"index, follow, max-snippet:-1, max-image-preview:large, max-video-preview:-1\" \/>\n<link rel=\"canonical\" href=\"https:\/\/sp.com.ar\/industrial\/producto\/carcasa-p-filtro-aire-comp-de-16-bar-g3-caudal-22\/\" \/>\n<meta property=\"og:locale\" content=\"es_ES\" \/>\n<meta property=\"og:type\" content=\"article\" \/>\n<meta property=\"og:title\" content=\"CSPA-04516 | SP Separation Processes\" \/>\n<meta property=\"og:description\" content=\"La CSPA\u201104516 ofrece un caudal nominal de 45\u00a0m\u00b3\/min (1\u00a0590\u00a0cfm) y se conecta mediante brida DN100 (NPS\u00a04\u2033). Su resistencia a presiones de 16\u00a0bar la convierte en una soluci\u00f3n robusta para plantas de gran escala. La tabla asocia este modelo con cartuchos de la serie CSPA\u201102216; sin embargo, en aplicaciones reales se suministran cartuchos CP\/BPA\/BPB\/BR de di\u00e1metro y capacidad compatibles con 45\u00a0m\u00b3\/min. Esta carcasa se utiliza como filtro maestro en salas de compresores o en l\u00edneas troncales donde se requiere aire altamente limpio.   Caudal nominal:\u00a045\u00a0m\u00b3\/min (1\u00a0590\u00a0cfm).  Conexi\u00f3n y tipo:\u00a0DN100\u2013NPS\u00a04\u2033 bridada.  Presi\u00f3n m\u00e1xima:\u00a016\u00a0bar.  Cartuchos compatibles:\u00a0Cartuchos CP\/BPA\/BPB\/BR equivalentes a la serie 45\u00a0m\u00b3\/min (reemplazos para SPA\u201104516).  &nbsp;  Aplicaciones:\u00a0centrales de generaci\u00f3n y distribuci\u00f3n de aire comprimido, procesos industriales de gran consumo y filtraci\u00f3n de aire en plantas qu\u00edmicas y de energ\u00eda.  filtros de aire comprimido industriales. filtro para compresor de aire. filtro coalescente compresor. filtro aire comprimido separador de agua y aceite. filtros para l\u00ednea de aire comprimido. filtro neum\u00e1tico industrial. Filtro aire comprimido sin aceite. Filtro para aire comprimido limpio y seco\" \/>\n<meta property=\"og:url\" content=\"https:\/\/sp.com.ar\/industrial\/producto\/carcasa-p-filtro-aire-comp-de-16-bar-g3-caudal-22\/\" \/>\n<meta property=\"og:site_name\" content=\"SP Separation Processes\" \/>\n<meta property=\"article:modified_time\" content=\"2025-11-20T19:07:56+00:00\" \/>\n<meta property=\"og:image\" content=\"https:\/\/sp.com.ar\/industrial\/wp-content\/uploads\/2025\/09\/Carcasa-Para-Filtro-Aire-Comprimido-16-Bar-G4-Caudal-45.png\" \/>\n\t<meta property=\"og:image:width\" content=\"1200\" \/>\n\t<meta property=\"og:image:height\" content=\"1200\" \/>\n\t<meta property=\"og:image:type\" content=\"image\/png\" \/>\n<meta name=\"twitter:card\" content=\"summary_large_image\" \/>\n<meta name=\"twitter:label1\" content=\"Tiempo de lectura\" \/>\n\t<meta name=\"twitter:data1\" content=\"1 minuto\" \/>\n<script type=\"application\/ld+json\" class=\"yoast-schema-graph\">{\"@context\":\"https:\/\/schema.org\",\"@graph\":[{\"@type\":\"WebPage\",\"@id\":\"https:\/\/sp.com.ar\/industrial\/producto\/carcasa-p-filtro-aire-comp-de-16-bar-g3-caudal-22\/\",\"url\":\"https:\/\/sp.com.ar\/industrial\/producto\/carcasa-p-filtro-aire-comp-de-16-bar-g3-caudal-22\/\",\"name\":\"CSPA-04516 | SP Separation Processes\",\"isPartOf\":{\"@id\":\"https:\/\/sp.com.ar\/industrial\/#website\"},\"primaryImageOfPage\":{\"@id\":\"https:\/\/sp.com.ar\/industrial\/producto\/carcasa-p-filtro-aire-comp-de-16-bar-g3-caudal-22\/#primaryimage\"},\"image\":{\"@id\":\"https:\/\/sp.com.ar\/industrial\/producto\/carcasa-p-filtro-aire-comp-de-16-bar-g3-caudal-22\/#primaryimage\"},\"thumbnailUrl\":\"https:\/\/sp.com.ar\/industrial\/wp-content\/uploads\/2025\/09\/Carcasa-Para-Filtro-Aire-Comprimido-16-Bar-G4-Caudal-45.png\",\"datePublished\":\"2025-09-17T15:59:30+00:00\",\"dateModified\":\"2025-11-20T19:07:56+00:00\",\"breadcrumb\":{\"@id\":\"https:\/\/sp.com.ar\/industrial\/producto\/carcasa-p-filtro-aire-comp-de-16-bar-g3-caudal-22\/#breadcrumb\"},\"inLanguage\":\"es\",\"potentialAction\":[{\"@type\":\"ReadAction\",\"target\":[\"https:\/\/sp.com.ar\/industrial\/producto\/carcasa-p-filtro-aire-comp-de-16-bar-g3-caudal-22\/\"]}]},{\"@type\":\"ImageObject\",\"inLanguage\":\"es\",\"@id\":\"https:\/\/sp.com.ar\/industrial\/producto\/carcasa-p-filtro-aire-comp-de-16-bar-g3-caudal-22\/#primaryimage\",\"url\":\"https:\/\/sp.com.ar\/industrial\/wp-content\/uploads\/2025\/09\/Carcasa-Para-Filtro-Aire-Comprimido-16-Bar-G4-Caudal-45.png\",\"contentUrl\":\"https:\/\/sp.com.ar\/industrial\/wp-content\/uploads\/2025\/09\/Carcasa-Para-Filtro-Aire-Comprimido-16-Bar-G4-Caudal-45.png\",\"width\":1200,\"height\":1200,\"caption\":\"Carcasa Para Filtro Aire Comprimido 16 Bar G4 Caudal 45\"},{\"@type\":\"BreadcrumbList\",\"@id\":\"https:\/\/sp.com.ar\/industrial\/producto\/carcasa-p-filtro-aire-comp-de-16-bar-g3-caudal-22\/#breadcrumb\",\"itemListElement\":[{\"@type\":\"ListItem\",\"position\":1,\"name\":\"Portada\",\"item\":\"https:\/\/sp.com.ar\/industrial\/\"},{\"@type\":\"ListItem\",\"position\":2,\"name\":\"Productos\",\"item\":\"https:\/\/sp.com.ar\/industrial\/productos\/\"},{\"@type\":\"ListItem\",\"position\":3,\"name\":\"CSPA-04516\"}]},{\"@type\":\"WebSite\",\"@id\":\"https:\/\/sp.com.ar\/industrial\/#website\",\"url\":\"https:\/\/sp.com.ar\/industrial\/\",\"name\":\"SP Separation Processes\",\"description\":\"\",\"potentialAction\":[{\"@type\":\"SearchAction\",\"target\":{\"@type\":\"EntryPoint\",\"urlTemplate\":\"https:\/\/sp.com.ar\/industrial\/?s={search_term_string}\"},\"query-input\":{\"@type\":\"PropertyValueSpecification\",\"valueRequired\":true,\"valueName\":\"search_term_string\"}}],\"inLanguage\":\"es\"}]}<\/script>\n<!-- \/ Yoast SEO plugin. -->","yoast_head_json":{"title":"CSPA-04516 | SP Separation Processes","robots":{"index":"index","follow":"follow","max-snippet":"max-snippet:-1","max-image-preview":"max-image-preview:large","max-video-preview":"max-video-preview:-1"},"canonical":"https:\/\/sp.com.ar\/industrial\/producto\/carcasa-p-filtro-aire-comp-de-16-bar-g3-caudal-22\/","og_locale":"es_ES","og_type":"article","og_title":"CSPA-04516 | SP Separation Processes","og_description":"La CSPA\u201104516 ofrece un caudal nominal de 45\u00a0m\u00b3\/min (1\u00a0590\u00a0cfm) y se conecta mediante brida DN100 (NPS\u00a04\u2033). Su resistencia a presiones de 16\u00a0bar la convierte en una soluci\u00f3n robusta para plantas de gran escala. La tabla asocia este modelo con cartuchos de la serie CSPA\u201102216; sin embargo, en aplicaciones reales se suministran cartuchos CP\/BPA\/BPB\/BR de di\u00e1metro y capacidad compatibles con 45\u00a0m\u00b3\/min. Esta carcasa se utiliza como filtro maestro en salas de compresores o en l\u00edneas troncales donde se requiere aire altamente limpio.   Caudal nominal:\u00a045\u00a0m\u00b3\/min (1\u00a0590\u00a0cfm).  Conexi\u00f3n y tipo:\u00a0DN100\u2013NPS\u00a04\u2033 bridada.  Presi\u00f3n m\u00e1xima:\u00a016\u00a0bar.  Cartuchos compatibles:\u00a0Cartuchos CP\/BPA\/BPB\/BR equivalentes a la serie 45\u00a0m\u00b3\/min (reemplazos para SPA\u201104516).  &nbsp;  Aplicaciones:\u00a0centrales de generaci\u00f3n y distribuci\u00f3n de aire comprimido, procesos industriales de gran consumo y filtraci\u00f3n de aire en plantas qu\u00edmicas y de energ\u00eda.  filtros de aire comprimido industriales. filtro para compresor de aire. filtro coalescente compresor. filtro aire comprimido separador de agua y aceite. filtros para l\u00ednea de aire comprimido. filtro neum\u00e1tico industrial. Filtro aire comprimido sin aceite. Filtro para aire comprimido limpio y seco","og_url":"https:\/\/sp.com.ar\/industrial\/producto\/carcasa-p-filtro-aire-comp-de-16-bar-g3-caudal-22\/","og_site_name":"SP Separation Processes","article_modified_time":"2025-11-20T19:07:56+00:00","og_image":[{"width":1200,"height":1200,"url":"https:\/\/sp.com.ar\/industrial\/wp-content\/uploads\/2025\/09\/Carcasa-Para-Filtro-Aire-Comprimido-16-Bar-G4-Caudal-45.png","type":"image\/png"}],"twitter_card":"summary_large_image","twitter_misc":{"Tiempo de lectura":"1 minuto"},"schema":{"@context":"https:\/\/schema.org","@graph":[{"@type":"WebPage","@id":"https:\/\/sp.com.ar\/industrial\/producto\/carcasa-p-filtro-aire-comp-de-16-bar-g3-caudal-22\/","url":"https:\/\/sp.com.ar\/industrial\/producto\/carcasa-p-filtro-aire-comp-de-16-bar-g3-caudal-22\/","name":"CSPA-04516 | SP Separation Processes","isPartOf":{"@id":"https:\/\/sp.com.ar\/industrial\/#website"},"primaryImageOfPage":{"@id":"https:\/\/sp.com.ar\/industrial\/producto\/carcasa-p-filtro-aire-comp-de-16-bar-g3-caudal-22\/#primaryimage"},"image":{"@id":"https:\/\/sp.com.ar\/industrial\/producto\/carcasa-p-filtro-aire-comp-de-16-bar-g3-caudal-22\/#primaryimage"},"thumbnailUrl":"https:\/\/sp.com.ar\/industrial\/wp-content\/uploads\/2025\/09\/Carcasa-Para-Filtro-Aire-Comprimido-16-Bar-G4-Caudal-45.png","datePublished":"2025-09-17T15:59:30+00:00","dateModified":"2025-11-20T19:07:56+00:00","breadcrumb":{"@id":"https:\/\/sp.com.ar\/industrial\/producto\/carcasa-p-filtro-aire-comp-de-16-bar-g3-caudal-22\/#breadcrumb"},"inLanguage":"es","potentialAction":[{"@type":"ReadAction","target":["https:\/\/sp.com.ar\/industrial\/producto\/carcasa-p-filtro-aire-comp-de-16-bar-g3-caudal-22\/"]}]},{"@type":"ImageObject","inLanguage":"es","@id":"https:\/\/sp.com.ar\/industrial\/producto\/carcasa-p-filtro-aire-comp-de-16-bar-g3-caudal-22\/#primaryimage","url":"https:\/\/sp.com.ar\/industrial\/wp-content\/uploads\/2025\/09\/Carcasa-Para-Filtro-Aire-Comprimido-16-Bar-G4-Caudal-45.png","contentUrl":"https:\/\/sp.com.ar\/industrial\/wp-content\/uploads\/2025\/09\/Carcasa-Para-Filtro-Aire-Comprimido-16-Bar-G4-Caudal-45.png","width":1200,"height":1200,"caption":"Carcasa Para Filtro Aire Comprimido 16 Bar G4 Caudal 45"},{"@type":"BreadcrumbList","@id":"https:\/\/sp.com.ar\/industrial\/producto\/carcasa-p-filtro-aire-comp-de-16-bar-g3-caudal-22\/#breadcrumb","itemListElement":[{"@type":"ListItem","position":1,"name":"Portada","item":"https:\/\/sp.com.ar\/industrial\/"},{"@type":"ListItem","position":2,"name":"Productos","item":"https:\/\/sp.com.ar\/industrial\/productos\/"},{"@type":"ListItem","position":3,"name":"CSPA-04516"}]},{"@type":"WebSite","@id":"https:\/\/sp.com.ar\/industrial\/#website","url":"https:\/\/sp.com.ar\/industrial\/","name":"SP Separation Processes","description":"","potentialAction":[{"@type":"SearchAction","target":{"@type":"EntryPoint","urlTemplate":"https:\/\/sp.com.ar\/industrial\/?s={search_term_string}"},"query-input":{"@type":"PropertyValueSpecification","valueRequired":true,"valueName":"search_term_string"}}],"inLanguage":"es"}]}},"_links":{"self":[{"href":"https:\/\/sp.com.ar\/industrial\/wp-json\/wp\/v2\/product\/1081","targetHints":{"allow":["GET"]}}],"collection":[{"href":"https:\/\/sp.com.ar\/industrial\/wp-json\/wp\/v2\/product"}],"about":[{"href":"https:\/\/sp.com.ar\/industrial\/wp-json\/wp\/v2\/types\/product"}],"wp:featuredmedia":[{"embeddable":true,"href":"https:\/\/sp.com.ar\/industrial\/wp-json\/wp\/v2\/media\/1593"}],"wp:attachment":[{"href":"https:\/\/sp.com.ar\/industrial\/wp-json\/wp\/v2\/media?parent=1081"}],"wp:term":[{"taxonomy":"product_brand","embeddable":true,"href":"https:\/\/sp.com.ar\/industrial\/wp-json\/wp\/v2\/product_brand?post=1081"},{"taxonomy":"product_cat","embeddable":true,"href":"https:\/\/sp.com.ar\/industrial\/wp-json\/wp\/v2\/product_cat?post=1081"},{"taxonomy":"product_tag","embeddable":true,"href":"https:\/\/sp.com.ar\/industrial\/wp-json\/wp\/v2\/product_tag?post=1081"}],"curies":[{"name":"wp","href":"https:\/\/api.w.org\/{rel}","templated":true}]}}