{"id":904,"date":"2025-08-27T13:07:00","date_gmt":"2025-08-27T16:07:00","guid":{"rendered":"https:\/\/sp.disewhost3.com\/industrial\/?post_type=product&#038;p=904"},"modified":"2026-04-01T13:55:28","modified_gmt":"2026-04-01T16:55:28","slug":"carcasa-para-filtro-de-aire-comprimido-16-bar-conex-g1","status":"publish","type":"product","link":"https:\/\/sp.com.ar\/industrial\/producto\/carcasa-para-filtro-de-aire-comprimido-16-bar-conex-g1\/","title":{"rendered":"CSPA-00116"},"content":{"rendered":"<p class=\"selectable-text copyable-text x15bjb6t x1n2onr6\"><span style=\"color: #fafafa;\"><span class=\"selectable-text copyable-text xkrh14z\">ro aire comprimido sin aceite. <\/span><span class=\"selectable-text copyable-text xkrh14z\">Filtro para aire comprimido limpio y seco<\/span><\/span><\/p>\n","protected":false},"excerpt":{"rendered":"<p>La carcasa CSPA\u201100116 comparte el mismo tama\u00f1o y conexi\u00f3n que la CSPA\u201100110, pero est\u00e1 dise\u00f1ada para presiones de trabajo de hasta 16 bar. Mantiene el caudal nominal de 1,2 m\u00b3\/min (42 cfm) y utiliza los cartuchos SPA\u201100116 en versiones CP, BPA, BPB y BR. Es ideal como carcasa est\u00e1ndar de protecci\u00f3n en compresores o l\u00edneas neum\u00e1ticas de mayor presi\u00f3n.<\/p>\n<ul>\n<li><strong>Caudal nominal:<\/strong>\u00a01,2\u00a0m\u00b3\/min (42\u00a0cfm).<\/li>\n<li><strong>Conexi\u00f3n y tipo:<\/strong>\u00a0G1\u2033 roscada.<\/li>\n<li><strong>Presi\u00f3n m\u00e1xima:<\/strong>\u00a016\u00a0bar.<\/li>\n<li><strong>Cartuchos compatibles:<\/strong>\u00a0SPA\u201100110\u2011CP\/BPA\/BPB\/BR.<\/li>\n<\/ul>\n<p>&nbsp;<\/p>\n<p><strong>Aplicaciones:<\/strong>\u00a0circuitos de aire comprimido con presiones elevadas, compresores industriales y pretratamientos de aire.<\/p>\n<p><span style=\"color: #fafafa;\"><span class=\"selectable-text copyable-text xkrh14z\">filtros de aire comprimido industriales. <\/span><span class=\"selectable-text copyable-text xkrh14z\">filtro para compresor de aire. <\/span><span class=\"selectable-text copyable-text xkrh14z\">filtro coalescente compresor. <\/span><span class=\"selectable-text copyable-text xkrh14z\">filtro aire comprimido separador de agua y aceite. <\/span><span class=\"selectable-text copyable-text xkrh14z\">filtros para l\u00ednea de aire comprimido. <\/span><span class=\"selectable-text copyable-text xkrh14z\">filtro neum\u00e1tico industrial. <\/span><span class=\"selectable-text copyable-text xkrh14z\">Filtro aire comprimido sin aceite. <\/span><span class=\"selectable-text copyable-text xkrh14z\">Filtro para aire comprimido limpio y seco<\/span><\/span><\/p>\n","protected":false},"featured_media":1562,"template":"","meta":{"_acf_changed":false,"_joinchat":[]},"product_brand":[],"product_cat":[28],"product_tag":[],"class_list":{"0":"post-904","1":"product","2":"type-product","3":"status-publish","4":"has-post-thumbnail","6":"product_cat-filtros-para-tratamiento-de-aire-comprimido","8":"first","9":"instock","10":"shipping-taxable","11":"product-type-simple"},"acf":[],"yoast_head":"<!-- This site is optimized with the Yoast SEO plugin v26.2 - https:\/\/yoast.com\/wordpress\/plugins\/seo\/ -->\n<title>CSPA-00116 | SP Separation Processes<\/title>\n<meta name=\"robots\" content=\"index, follow, max-snippet:-1, max-image-preview:large, max-video-preview:-1\" \/>\n<link rel=\"canonical\" href=\"https:\/\/sp.com.ar\/industrial\/producto\/carcasa-para-filtro-de-aire-comprimido-16-bar-conex-g1\/\" \/>\n<meta property=\"og:locale\" content=\"es_ES\" \/>\n<meta property=\"og:type\" content=\"article\" \/>\n<meta property=\"og:title\" content=\"CSPA-00116 | SP Separation Processes\" \/>\n<meta property=\"og:description\" content=\"La carcasa CSPA\u201100116 comparte el mismo tama\u00f1o y conexi\u00f3n que la CSPA\u201100110, pero est\u00e1 dise\u00f1ada para presiones de trabajo de hasta 16 bar. Mantiene el caudal nominal de 1,2 m\u00b3\/min (42 cfm) y utiliza los cartuchos SPA\u201100116 en versiones CP, BPA, BPB y BR. Es ideal como carcasa est\u00e1ndar de protecci\u00f3n en compresores o l\u00edneas neum\u00e1ticas de mayor presi\u00f3n.   Caudal nominal:\u00a01,2\u00a0m\u00b3\/min (42\u00a0cfm).  Conexi\u00f3n y tipo:\u00a0G1\u2033 roscada.  Presi\u00f3n m\u00e1xima:\u00a016\u00a0bar.  Cartuchos compatibles:\u00a0SPA\u201100110\u2011CP\/BPA\/BPB\/BR.  &nbsp;  Aplicaciones:\u00a0circuitos de aire comprimido con presiones elevadas, compresores industriales y pretratamientos de aire.  filtros de aire comprimido industriales. filtro para compresor de aire. filtro coalescente compresor. filtro aire comprimido separador de agua y aceite. filtros para l\u00ednea de aire comprimido. filtro neum\u00e1tico industrial. Filtro aire comprimido sin aceite. Filtro para aire comprimido limpio y seco\" \/>\n<meta property=\"og:url\" content=\"https:\/\/sp.com.ar\/industrial\/producto\/carcasa-para-filtro-de-aire-comprimido-16-bar-conex-g1\/\" \/>\n<meta property=\"og:site_name\" content=\"SP Separation Processes\" \/>\n<meta property=\"article:modified_time\" content=\"2026-04-01T16:55:28+00:00\" \/>\n<meta property=\"og:image\" content=\"https:\/\/sp.com.ar\/industrial\/wp-content\/uploads\/2025\/08\/Carcasa-Para-Filtro-De-Aire-Comprimido-16-Bar-Conex.-G1-1.png\" \/>\n\t<meta property=\"og:image:width\" content=\"1200\" \/>\n\t<meta property=\"og:image:height\" content=\"1200\" \/>\n\t<meta property=\"og:image:type\" content=\"image\/png\" \/>\n<meta name=\"twitter:card\" content=\"summary_large_image\" \/>\n<meta name=\"twitter:label1\" content=\"Tiempo de lectura\" \/>\n\t<meta name=\"twitter:data1\" content=\"1 minuto\" \/>\n<script type=\"application\/ld+json\" class=\"yoast-schema-graph\">{\"@context\":\"https:\/\/schema.org\",\"@graph\":[{\"@type\":\"WebPage\",\"@id\":\"https:\/\/sp.com.ar\/industrial\/producto\/carcasa-para-filtro-de-aire-comprimido-16-bar-conex-g1\/\",\"url\":\"https:\/\/sp.com.ar\/industrial\/producto\/carcasa-para-filtro-de-aire-comprimido-16-bar-conex-g1\/\",\"name\":\"CSPA-00116 | SP Separation Processes\",\"isPartOf\":{\"@id\":\"https:\/\/sp.com.ar\/industrial\/#website\"},\"primaryImageOfPage\":{\"@id\":\"https:\/\/sp.com.ar\/industrial\/producto\/carcasa-para-filtro-de-aire-comprimido-16-bar-conex-g1\/#primaryimage\"},\"image\":{\"@id\":\"https:\/\/sp.com.ar\/industrial\/producto\/carcasa-para-filtro-de-aire-comprimido-16-bar-conex-g1\/#primaryimage\"},\"thumbnailUrl\":\"https:\/\/sp.com.ar\/industrial\/wp-content\/uploads\/2025\/08\/Carcasa-Para-Filtro-De-Aire-Comprimido-16-Bar-Conex.-G1-1.png\",\"datePublished\":\"2025-08-27T16:07:00+00:00\",\"dateModified\":\"2026-04-01T16:55:28+00:00\",\"breadcrumb\":{\"@id\":\"https:\/\/sp.com.ar\/industrial\/producto\/carcasa-para-filtro-de-aire-comprimido-16-bar-conex-g1\/#breadcrumb\"},\"inLanguage\":\"es\",\"potentialAction\":[{\"@type\":\"ReadAction\",\"target\":[\"https:\/\/sp.com.ar\/industrial\/producto\/carcasa-para-filtro-de-aire-comprimido-16-bar-conex-g1\/\"]}]},{\"@type\":\"ImageObject\",\"inLanguage\":\"es\",\"@id\":\"https:\/\/sp.com.ar\/industrial\/producto\/carcasa-para-filtro-de-aire-comprimido-16-bar-conex-g1\/#primaryimage\",\"url\":\"https:\/\/sp.com.ar\/industrial\/wp-content\/uploads\/2025\/08\/Carcasa-Para-Filtro-De-Aire-Comprimido-16-Bar-Conex.-G1-1.png\",\"contentUrl\":\"https:\/\/sp.com.ar\/industrial\/wp-content\/uploads\/2025\/08\/Carcasa-Para-Filtro-De-Aire-Comprimido-16-Bar-Conex.-G1-1.png\",\"width\":1200,\"height\":1200,\"caption\":\"Carcasa para filtro de aire comprimido 16 bar conex g1\"},{\"@type\":\"BreadcrumbList\",\"@id\":\"https:\/\/sp.com.ar\/industrial\/producto\/carcasa-para-filtro-de-aire-comprimido-16-bar-conex-g1\/#breadcrumb\",\"itemListElement\":[{\"@type\":\"ListItem\",\"position\":1,\"name\":\"Portada\",\"item\":\"https:\/\/sp.com.ar\/industrial\/\"},{\"@type\":\"ListItem\",\"position\":2,\"name\":\"Productos\",\"item\":\"https:\/\/sp.com.ar\/industrial\/productos\/\"},{\"@type\":\"ListItem\",\"position\":3,\"name\":\"CSPA-00116\"}]},{\"@type\":\"WebSite\",\"@id\":\"https:\/\/sp.com.ar\/industrial\/#website\",\"url\":\"https:\/\/sp.com.ar\/industrial\/\",\"name\":\"SP Separation Processes\",\"description\":\"\",\"potentialAction\":[{\"@type\":\"SearchAction\",\"target\":{\"@type\":\"EntryPoint\",\"urlTemplate\":\"https:\/\/sp.com.ar\/industrial\/?s={search_term_string}\"},\"query-input\":{\"@type\":\"PropertyValueSpecification\",\"valueRequired\":true,\"valueName\":\"search_term_string\"}}],\"inLanguage\":\"es\"}]}<\/script>\n<!-- \/ Yoast SEO plugin. -->","yoast_head_json":{"title":"CSPA-00116 | SP Separation Processes","robots":{"index":"index","follow":"follow","max-snippet":"max-snippet:-1","max-image-preview":"max-image-preview:large","max-video-preview":"max-video-preview:-1"},"canonical":"https:\/\/sp.com.ar\/industrial\/producto\/carcasa-para-filtro-de-aire-comprimido-16-bar-conex-g1\/","og_locale":"es_ES","og_type":"article","og_title":"CSPA-00116 | SP Separation Processes","og_description":"La carcasa CSPA\u201100116 comparte el mismo tama\u00f1o y conexi\u00f3n que la CSPA\u201100110, pero est\u00e1 dise\u00f1ada para presiones de trabajo de hasta 16 bar. Mantiene el caudal nominal de 1,2 m\u00b3\/min (42 cfm) y utiliza los cartuchos SPA\u201100116 en versiones CP, BPA, BPB y BR. Es ideal como carcasa est\u00e1ndar de protecci\u00f3n en compresores o l\u00edneas neum\u00e1ticas de mayor presi\u00f3n.   Caudal nominal:\u00a01,2\u00a0m\u00b3\/min (42\u00a0cfm).  Conexi\u00f3n y tipo:\u00a0G1\u2033 roscada.  Presi\u00f3n m\u00e1xima:\u00a016\u00a0bar.  Cartuchos compatibles:\u00a0SPA\u201100110\u2011CP\/BPA\/BPB\/BR.  &nbsp;  Aplicaciones:\u00a0circuitos de aire comprimido con presiones elevadas, compresores industriales y pretratamientos de aire.  filtros de aire comprimido industriales. filtro para compresor de aire. filtro coalescente compresor. filtro aire comprimido separador de agua y aceite. filtros para l\u00ednea de aire comprimido. filtro neum\u00e1tico industrial. Filtro aire comprimido sin aceite. Filtro para aire comprimido limpio y seco","og_url":"https:\/\/sp.com.ar\/industrial\/producto\/carcasa-para-filtro-de-aire-comprimido-16-bar-conex-g1\/","og_site_name":"SP Separation Processes","article_modified_time":"2026-04-01T16:55:28+00:00","og_image":[{"width":1200,"height":1200,"url":"https:\/\/sp.com.ar\/industrial\/wp-content\/uploads\/2025\/08\/Carcasa-Para-Filtro-De-Aire-Comprimido-16-Bar-Conex.-G1-1.png","type":"image\/png"}],"twitter_card":"summary_large_image","twitter_misc":{"Tiempo de lectura":"1 minuto"},"schema":{"@context":"https:\/\/schema.org","@graph":[{"@type":"WebPage","@id":"https:\/\/sp.com.ar\/industrial\/producto\/carcasa-para-filtro-de-aire-comprimido-16-bar-conex-g1\/","url":"https:\/\/sp.com.ar\/industrial\/producto\/carcasa-para-filtro-de-aire-comprimido-16-bar-conex-g1\/","name":"CSPA-00116 | SP Separation Processes","isPartOf":{"@id":"https:\/\/sp.com.ar\/industrial\/#website"},"primaryImageOfPage":{"@id":"https:\/\/sp.com.ar\/industrial\/producto\/carcasa-para-filtro-de-aire-comprimido-16-bar-conex-g1\/#primaryimage"},"image":{"@id":"https:\/\/sp.com.ar\/industrial\/producto\/carcasa-para-filtro-de-aire-comprimido-16-bar-conex-g1\/#primaryimage"},"thumbnailUrl":"https:\/\/sp.com.ar\/industrial\/wp-content\/uploads\/2025\/08\/Carcasa-Para-Filtro-De-Aire-Comprimido-16-Bar-Conex.-G1-1.png","datePublished":"2025-08-27T16:07:00+00:00","dateModified":"2026-04-01T16:55:28+00:00","breadcrumb":{"@id":"https:\/\/sp.com.ar\/industrial\/producto\/carcasa-para-filtro-de-aire-comprimido-16-bar-conex-g1\/#breadcrumb"},"inLanguage":"es","potentialAction":[{"@type":"ReadAction","target":["https:\/\/sp.com.ar\/industrial\/producto\/carcasa-para-filtro-de-aire-comprimido-16-bar-conex-g1\/"]}]},{"@type":"ImageObject","inLanguage":"es","@id":"https:\/\/sp.com.ar\/industrial\/producto\/carcasa-para-filtro-de-aire-comprimido-16-bar-conex-g1\/#primaryimage","url":"https:\/\/sp.com.ar\/industrial\/wp-content\/uploads\/2025\/08\/Carcasa-Para-Filtro-De-Aire-Comprimido-16-Bar-Conex.-G1-1.png","contentUrl":"https:\/\/sp.com.ar\/industrial\/wp-content\/uploads\/2025\/08\/Carcasa-Para-Filtro-De-Aire-Comprimido-16-Bar-Conex.-G1-1.png","width":1200,"height":1200,"caption":"Carcasa para filtro de aire comprimido 16 bar conex g1"},{"@type":"BreadcrumbList","@id":"https:\/\/sp.com.ar\/industrial\/producto\/carcasa-para-filtro-de-aire-comprimido-16-bar-conex-g1\/#breadcrumb","itemListElement":[{"@type":"ListItem","position":1,"name":"Portada","item":"https:\/\/sp.com.ar\/industrial\/"},{"@type":"ListItem","position":2,"name":"Productos","item":"https:\/\/sp.com.ar\/industrial\/productos\/"},{"@type":"ListItem","position":3,"name":"CSPA-00116"}]},{"@type":"WebSite","@id":"https:\/\/sp.com.ar\/industrial\/#website","url":"https:\/\/sp.com.ar\/industrial\/","name":"SP Separation Processes","description":"","potentialAction":[{"@type":"SearchAction","target":{"@type":"EntryPoint","urlTemplate":"https:\/\/sp.com.ar\/industrial\/?s={search_term_string}"},"query-input":{"@type":"PropertyValueSpecification","valueRequired":true,"valueName":"search_term_string"}}],"inLanguage":"es"}]}},"_links":{"self":[{"href":"https:\/\/sp.com.ar\/industrial\/wp-json\/wp\/v2\/product\/904","targetHints":{"allow":["GET"]}}],"collection":[{"href":"https:\/\/sp.com.ar\/industrial\/wp-json\/wp\/v2\/product"}],"about":[{"href":"https:\/\/sp.com.ar\/industrial\/wp-json\/wp\/v2\/types\/product"}],"wp:featuredmedia":[{"embeddable":true,"href":"https:\/\/sp.com.ar\/industrial\/wp-json\/wp\/v2\/media\/1562"}],"wp:attachment":[{"href":"https:\/\/sp.com.ar\/industrial\/wp-json\/wp\/v2\/media?parent=904"}],"wp:term":[{"taxonomy":"product_brand","embeddable":true,"href":"https:\/\/sp.com.ar\/industrial\/wp-json\/wp\/v2\/product_brand?post=904"},{"taxonomy":"product_cat","embeddable":true,"href":"https:\/\/sp.com.ar\/industrial\/wp-json\/wp\/v2\/product_cat?post=904"},{"taxonomy":"product_tag","embeddable":true,"href":"https:\/\/sp.com.ar\/industrial\/wp-json\/wp\/v2\/product_tag?post=904"}],"curies":[{"name":"wp","href":"https:\/\/api.w.org\/{rel}","templated":true}]}}