{"id":118,"date":"2025-05-21T23:40:32","date_gmt":"2025-05-22T02:40:32","guid":{"rendered":"https:\/\/sp.disewhost3.com\/sanitaria\/?page_id=118"},"modified":"2025-10-15T09:41:19","modified_gmt":"2025-10-15T12:41:19","slug":"nosotros","status":"publish","type":"page","link":"https:\/\/sp.com.ar\/sanitaria\/nosotros\/","title":{"rendered":"Nosotros"},"content":{"rendered":"\t\t<div data-elementor-type=\"wp-page\" data-elementor-id=\"118\" class=\"elementor elementor-118\" data-elementor-post-type=\"page\">\n\t\t\t\t<div class=\"elementor-element elementor-element-2e8dab7 e-flex e-con-boxed e-con e-parent\" data-id=\"2e8dab7\" data-element_type=\"container\">\n\t\t\t\t\t<div class=\"e-con-inner\">\n\t\t\t\t<div class=\"elementor-element elementor-element-5580ac0 elementor-widget elementor-widget-heading\" data-id=\"5580ac0\" data-element_type=\"widget\" data-widget_type=\"heading.default\">\n\t\t\t\t<div class=\"elementor-widget-container\">\n\t\t\t\t\t<h2 class=\"elementor-heading-title elementor-size-default\">\u00bfQui\u00e9nes somos?<\/h2>\t\t\t\t<\/div>\n\t\t\t\t<\/div>\n\t\t\t\t<div class=\"elementor-element elementor-element-12a1ee5 elementor-widget elementor-widget-text-editor\" data-id=\"12a1ee5\" data-element_type=\"widget\" data-widget_type=\"text-editor.default\">\n\t\t\t\t<div class=\"elementor-widget-container\">\n\t\t\t\t\t\t\t\t\t<p>En nuestra divisi\u00f3n <strong>Filtraci\u00f3n Sanitaria<\/strong> representamos en Argentina a <strong>Amazon<\/strong><strong>\u202fFilters<\/strong><strong>\u202fLtd.<\/strong> para filtraci\u00f3n de l\u00edquidos y a <strong>Japan<\/strong><strong>\u202fAir<\/strong><strong>\u202fFilter (JAF)<\/strong> para filtraci\u00f3n HVAC. Con el respaldo de m\u00e1s de una d\u00e9cada de experiencia, ofrecemos soluciones de filtraci\u00f3n de alta pureza para las industrias farmac\u00e9utica, biotecnol\u00f3gica, alimentaria y de bebidas. Nuestros productos se utilizan en la clarificaci\u00f3n de aguas, cervezas, vinos y sabores; en la prefiltraci\u00f3n de aguas de alimentaci\u00f3n y de descarga de disolventes; y en la protecci\u00f3n de membranas en tratamientos de agua.<\/p>\t\t\t\t\t\t\t\t<\/div>\n\t\t\t\t<\/div>\n\t\t<div class=\"elementor-element elementor-element-65b7709 e-con-full e-flex e-con e-child\" data-id=\"65b7709\" data-element_type=\"container\">\n\t\t<div class=\"elementor-element elementor-element-dce57d1 e-con-full e-flex e-con e-child\" data-id=\"dce57d1\" data-element_type=\"container\">\n\t\t\t\t<div class=\"elementor-element elementor-element-c4deac0 elementor-widget elementor-widget-heading\" data-id=\"c4deac0\" data-element_type=\"widget\" data-widget_type=\"heading.default\">\n\t\t\t\t<div class=\"elementor-widget-container\">\n\t\t\t\t\t<h2 class=\"elementor-heading-title elementor-size-default\">Misi\u00f3n<\/h2>\t\t\t\t<\/div>\n\t\t\t\t<\/div>\n\t\t\t\t<div class=\"elementor-element elementor-element-355c112 elementor-widget elementor-widget-text-editor\" data-id=\"355c112\" data-element_type=\"widget\" data-widget_type=\"text-editor.default\">\n\t\t\t\t<div class=\"elementor-widget-container\">\n\t\t\t\t\t\t\t\t\t<p>Suministrar <strong>filtros sanitarios y sistemas de aire de calidad superior<\/strong> que garanticen la seguridad del producto y el cumplimiento normativo en procesos farmac\u00e9uticos y alimentarios. Buscamos que nuestros clientes aseguren la inocuidad de sus productos y la salud de los consumidores, ofreciendo soluciones validadas y con trazabilidad completa.<\/p>\t\t\t\t\t\t\t\t<\/div>\n\t\t\t\t<\/div>\n\t\t\t\t<\/div>\n\t\t<div class=\"elementor-element elementor-element-398cf2f e-con-full e-flex e-con e-child\" data-id=\"398cf2f\" data-element_type=\"container\">\n\t\t\t\t<div class=\"elementor-element elementor-element-92b188f elementor-widget elementor-widget-heading\" data-id=\"92b188f\" data-element_type=\"widget\" data-widget_type=\"heading.default\">\n\t\t\t\t<div class=\"elementor-widget-container\">\n\t\t\t\t\t<h2 class=\"elementor-heading-title elementor-size-default\">Visi\u00f3n<\/h2>\t\t\t\t<\/div>\n\t\t\t\t<\/div>\n\t\t\t\t<div class=\"elementor-element elementor-element-bf23162 elementor-widget elementor-widget-text-editor\" data-id=\"bf23162\" data-element_type=\"widget\" data-widget_type=\"text-editor.default\">\n\t\t\t\t<div class=\"elementor-widget-container\">\n\t\t\t\t\t\t\t\t\t<p>Ser el <strong>socio de confianza<\/strong> en filtraci\u00f3n para la industria regulada en Latinoam\u00e9rica, proporcionando tecnolog\u00eda de vanguardia, asesor\u00eda t\u00e9cnica y servicio local. Aspiramos a expandir nuestras representaciones y a seguir incorporando innovaciones que anticipen futuras necesidades de pureza y control microbiol\u00f3gico.<\/p>\t\t\t\t\t\t\t\t<\/div>\n\t\t\t\t<\/div>\n\t\t\t\t<\/div>\n\t\t<div class=\"elementor-element elementor-element-752466c e-con-full e-flex e-con e-child\" data-id=\"752466c\" data-element_type=\"container\">\n\t\t\t\t<div class=\"elementor-element elementor-element-b47d0ad elementor-widget elementor-widget-heading\" data-id=\"b47d0ad\" data-element_type=\"widget\" data-widget_type=\"heading.default\">\n\t\t\t\t<div class=\"elementor-widget-container\">\n\t\t\t\t\t<h2 class=\"elementor-heading-title elementor-size-default\">Valores<\/h2>\t\t\t\t<\/div>\n\t\t\t\t<\/div>\n\t\t\t\t<div class=\"elementor-element elementor-element-24a8f1c elementor-widget elementor-widget-text-editor\" data-id=\"24a8f1c\" data-element_type=\"widget\" data-widget_type=\"text-editor.default\">\n\t\t\t\t<div class=\"elementor-widget-container\">\n\t\t\t\t\t\t\t\t\t<ul><li><strong>Compromiso con la salud y la seguridad<\/strong> del consumidor final.<\/li><li><strong>Alianzas estrat\u00e9gicas<\/strong> con fabricantes l\u00edderes (Amazon Filters y JAF) para ofrecer productos de clase mundial.<\/li><li><strong>Cumplimiento regulatorio<\/strong> (FDA, USP, GMP) y calidad garantizada por <strong>ISO<\/strong><strong>\u202f9001<\/strong>.<\/li><li><strong>Expertise t\u00e9cnico<\/strong> y acompa\u00f1amiento cercano al cliente en selecci\u00f3n y validaci\u00f3n de filtros.<\/li><li><strong>Responsabilidad y \u00e9tica<\/strong> en todas nuestras operaciones.<\/li><\/ul>\t\t\t\t\t\t\t\t<\/div>\n\t\t\t\t<\/div>\n\t\t\t\t<\/div>\n\t\t\t\t<\/div>\n\t\t\t\t<div class=\"elementor-element elementor-element-5f8e8af elementor-widget elementor-widget-heading\" data-id=\"5f8e8af\" data-element_type=\"widget\" data-widget_type=\"heading.default\">\n\t\t\t\t<div class=\"elementor-widget-container\">\n\t\t\t\t\t<h2 class=\"elementor-heading-title elementor-size-default\">Nosotros<\/h2>\t\t\t\t<\/div>\n\t\t\t\t<\/div>\n\t\t\t\t<div class=\"elementor-element elementor-element-3beed76 elementor-widget elementor-widget-text-editor\" data-id=\"3beed76\" data-element_type=\"widget\" data-widget_type=\"text-editor.default\">\n\t\t\t\t<div class=\"elementor-widget-container\">\n\t\t\t\t\t\t\t\t\t<p>En SP Sanitaria ofrecemos un portafolio integral de <strong>cartuchos para l\u00edquidos y c\u00e1psulas para gases<\/strong>, membranas esterilizantes y sistemas de filtraci\u00f3n de aire para salas limpias. Nuestros filtros se utilizan en aplicaciones tan diversas como la clarificaci\u00f3n de agua embotellada, cerveza y vino, y la ventilaci\u00f3n est\u00e9ril de reactores y tanques. Tambi\u00e9n suministramos filtros para prefiltraci\u00f3n de membranas y protecci\u00f3n de procesos de agua ultrapura. Adem\u00e1s de los productos, brindamos servicio de auditor\u00eda, testing y documentaci\u00f3n para garantizar el cumplimiento de normas. Somos una empresa nacional con visi\u00f3n global y contamos con un equipo especializado listo para acompa\u00f1ar a nuestros clientes en su camino hacia la excelencia sanitaria y la exportaci\u00f3n de sus productos.<\/p>\t\t\t\t\t\t\t\t<\/div>\n\t\t\t\t<\/div>\n\t\t<div class=\"elementor-element elementor-element-26710e4 e-con-full e-flex e-con e-child\" data-id=\"26710e4\" data-element_type=\"container\" data-settings=\"{&quot;background_background&quot;:&quot;classic&quot;}\">\n\t\t\t\t<div class=\"elementor-element elementor-element-bfbf730 elementor-widget elementor-widget-heading\" data-id=\"bfbf730\" data-element_type=\"widget\" data-widget_type=\"heading.default\">\n\t\t\t\t<div class=\"elementor-widget-container\">\n\t\t\t\t\t<h2 class=\"elementor-heading-title elementor-size-default\">Certificaciones<\/h2>\t\t\t\t<\/div>\n\t\t\t\t<\/div>\n\t\t\t\t<div class=\"elementor-element elementor-element-5131efa elementor-widget__width-initial elementor-widget elementor-widget-text-editor\" data-id=\"5131efa\" data-element_type=\"widget\" data-widget_type=\"text-editor.default\">\n\t\t\t\t<div class=\"elementor-widget-container\">\n\t\t\t\t\t\t\t\t\t<p>Nuestros medios filtrantes utilizados cuentan con certificaciones de calidad de filtrado de acuerdo a las normas ISO 440T6 y normas de dise\u00f1o ASME.<\/p><p>SEPARATION PROCESSES S.A. posee un sistema de gesti\u00f3n de calidad que cumple con los requisitos IRAM \u2013 ISO 9001:2015. Registro N.\u00b0 9001-14488.<\/p>\t\t\t\t\t\t\t\t<\/div>\n\t\t\t\t<\/div>\n\t\t\t\t<\/div>\n\t\t\t\t\t<\/div>\n\t\t\t\t<\/div>\n\t\t\t\t<\/div>\n\t\t","protected":false},"excerpt":{"rendered":"<p>\u00bfQui\u00e9nes somos? En nuestra divisi\u00f3n Filtraci\u00f3n Sanitaria representamos en Argentina a Amazon\u202fFilters\u202fLtd. para filtraci\u00f3n de l\u00edquidos y a Japan\u202fAir\u202fFilter (JAF) para filtraci\u00f3n HVAC. Con el respaldo de m\u00e1s de una d\u00e9cada de experiencia, ofrecemos soluciones de filtraci\u00f3n de alta pureza para las industrias farmac\u00e9utica, biotecnol\u00f3gica, alimentaria y de bebidas. Nuestros productos se utilizan en la [&hellip;]<\/p>\n","protected":false},"author":1,"featured_media":0,"parent":0,"menu_order":0,"comment_status":"closed","ping_status":"closed","template":"","meta":{"_acf_changed":false,"_joinchat":[],"footnotes":""},"class_list":["post-118","page","type-page","status-publish","hentry"],"acf":[],"yoast_head":"<!-- This site is optimized with the Yoast SEO plugin v25.6 - https:\/\/yoast.com\/wordpress\/plugins\/seo\/ -->\n<title>Nosotros | SP Separation Processes<\/title>\n<meta name=\"robots\" content=\"index, follow, max-snippet:-1, max-image-preview:large, max-video-preview:-1\" \/>\n<link rel=\"canonical\" href=\"https:\/\/sp.com.ar\/sanitaria\/nosotros\/\" \/>\n<meta property=\"og:locale\" content=\"es_ES\" \/>\n<meta property=\"og:type\" content=\"article\" \/>\n<meta property=\"og:title\" content=\"Nosotros | SP Separation Processes\" \/>\n<meta property=\"og:description\" content=\"\u00bfQui\u00e9nes somos? En nuestra divisi\u00f3n Filtraci\u00f3n Sanitaria representamos en Argentina a Amazon\u202fFilters\u202fLtd. para filtraci\u00f3n de l\u00edquidos y a Japan\u202fAir\u202fFilter (JAF) para filtraci\u00f3n HVAC. Con el respaldo de m\u00e1s de una d\u00e9cada de experiencia, ofrecemos soluciones de filtraci\u00f3n de alta pureza para las industrias farmac\u00e9utica, biotecnol\u00f3gica, alimentaria y de bebidas. Nuestros productos se utilizan en la [&hellip;]\" \/>\n<meta property=\"og:url\" content=\"https:\/\/sp.com.ar\/sanitaria\/nosotros\/\" \/>\n<meta property=\"og:site_name\" content=\"SP Separation Processes\" \/>\n<meta property=\"article:modified_time\" content=\"2025-10-15T12:41:19+00:00\" \/>\n<meta name=\"twitter:card\" content=\"summary_large_image\" \/>\n<meta name=\"twitter:label1\" content=\"Tiempo de lectura\" \/>\n\t<meta name=\"twitter:data1\" content=\"2 minutos\" \/>\n<script type=\"application\/ld+json\" class=\"yoast-schema-graph\">{\"@context\":\"https:\/\/schema.org\",\"@graph\":[{\"@type\":\"WebPage\",\"@id\":\"https:\/\/sp.com.ar\/sanitaria\/nosotros\/\",\"url\":\"https:\/\/sp.com.ar\/sanitaria\/nosotros\/\",\"name\":\"Nosotros | SP Separation Processes\",\"isPartOf\":{\"@id\":\"https:\/\/sp.com.ar\/sanitaria\/#website\"},\"datePublished\":\"2025-05-22T02:40:32+00:00\",\"dateModified\":\"2025-10-15T12:41:19+00:00\",\"breadcrumb\":{\"@id\":\"https:\/\/sp.com.ar\/sanitaria\/nosotros\/#breadcrumb\"},\"inLanguage\":\"es\",\"potentialAction\":[{\"@type\":\"ReadAction\",\"target\":[\"https:\/\/sp.com.ar\/sanitaria\/nosotros\/\"]}]},{\"@type\":\"BreadcrumbList\",\"@id\":\"https:\/\/sp.com.ar\/sanitaria\/nosotros\/#breadcrumb\",\"itemListElement\":[{\"@type\":\"ListItem\",\"position\":1,\"name\":\"Portada\",\"item\":\"https:\/\/sp.com.ar\/sanitaria\/\"},{\"@type\":\"ListItem\",\"position\":2,\"name\":\"Nosotros\"}]},{\"@type\":\"WebSite\",\"@id\":\"https:\/\/sp.com.ar\/sanitaria\/#website\",\"url\":\"https:\/\/sp.com.ar\/sanitaria\/\",\"name\":\"SP Separation Processes\",\"description\":\"\",\"potentialAction\":[{\"@type\":\"SearchAction\",\"target\":{\"@type\":\"EntryPoint\",\"urlTemplate\":\"https:\/\/sp.com.ar\/sanitaria\/?s={search_term_string}\"},\"query-input\":{\"@type\":\"PropertyValueSpecification\",\"valueRequired\":true,\"valueName\":\"search_term_string\"}}],\"inLanguage\":\"es\"}]}<\/script>\n<!-- \/ Yoast SEO plugin. -->","yoast_head_json":{"title":"Nosotros | SP Separation Processes","robots":{"index":"index","follow":"follow","max-snippet":"max-snippet:-1","max-image-preview":"max-image-preview:large","max-video-preview":"max-video-preview:-1"},"canonical":"https:\/\/sp.com.ar\/sanitaria\/nosotros\/","og_locale":"es_ES","og_type":"article","og_title":"Nosotros | SP Separation Processes","og_description":"\u00bfQui\u00e9nes somos? En nuestra divisi\u00f3n Filtraci\u00f3n Sanitaria representamos en Argentina a Amazon\u202fFilters\u202fLtd. para filtraci\u00f3n de l\u00edquidos y a Japan\u202fAir\u202fFilter (JAF) para filtraci\u00f3n HVAC. Con el respaldo de m\u00e1s de una d\u00e9cada de experiencia, ofrecemos soluciones de filtraci\u00f3n de alta pureza para las industrias farmac\u00e9utica, biotecnol\u00f3gica, alimentaria y de bebidas. Nuestros productos se utilizan en la [&hellip;]","og_url":"https:\/\/sp.com.ar\/sanitaria\/nosotros\/","og_site_name":"SP Separation Processes","article_modified_time":"2025-10-15T12:41:19+00:00","twitter_card":"summary_large_image","twitter_misc":{"Tiempo de lectura":"2 minutos"},"schema":{"@context":"https:\/\/schema.org","@graph":[{"@type":"WebPage","@id":"https:\/\/sp.com.ar\/sanitaria\/nosotros\/","url":"https:\/\/sp.com.ar\/sanitaria\/nosotros\/","name":"Nosotros | SP Separation Processes","isPartOf":{"@id":"https:\/\/sp.com.ar\/sanitaria\/#website"},"datePublished":"2025-05-22T02:40:32+00:00","dateModified":"2025-10-15T12:41:19+00:00","breadcrumb":{"@id":"https:\/\/sp.com.ar\/sanitaria\/nosotros\/#breadcrumb"},"inLanguage":"es","potentialAction":[{"@type":"ReadAction","target":["https:\/\/sp.com.ar\/sanitaria\/nosotros\/"]}]},{"@type":"BreadcrumbList","@id":"https:\/\/sp.com.ar\/sanitaria\/nosotros\/#breadcrumb","itemListElement":[{"@type":"ListItem","position":1,"name":"Portada","item":"https:\/\/sp.com.ar\/sanitaria\/"},{"@type":"ListItem","position":2,"name":"Nosotros"}]},{"@type":"WebSite","@id":"https:\/\/sp.com.ar\/sanitaria\/#website","url":"https:\/\/sp.com.ar\/sanitaria\/","name":"SP Separation Processes","description":"","potentialAction":[{"@type":"SearchAction","target":{"@type":"EntryPoint","urlTemplate":"https:\/\/sp.com.ar\/sanitaria\/?s={search_term_string}"},"query-input":{"@type":"PropertyValueSpecification","valueRequired":true,"valueName":"search_term_string"}}],"inLanguage":"es"}]}},"_links":{"self":[{"href":"https:\/\/sp.com.ar\/sanitaria\/wp-json\/wp\/v2\/pages\/118","targetHints":{"allow":["GET"]}}],"collection":[{"href":"https:\/\/sp.com.ar\/sanitaria\/wp-json\/wp\/v2\/pages"}],"about":[{"href":"https:\/\/sp.com.ar\/sanitaria\/wp-json\/wp\/v2\/types\/page"}],"author":[{"embeddable":true,"href":"https:\/\/sp.com.ar\/sanitaria\/wp-json\/wp\/v2\/users\/1"}],"replies":[{"embeddable":true,"href":"https:\/\/sp.com.ar\/sanitaria\/wp-json\/wp\/v2\/comments?post=118"}],"version-history":[{"count":19,"href":"https:\/\/sp.com.ar\/sanitaria\/wp-json\/wp\/v2\/pages\/118\/revisions"}],"predecessor-version":[{"id":914,"href":"https:\/\/sp.com.ar\/sanitaria\/wp-json\/wp\/v2\/pages\/118\/revisions\/914"}],"wp:attachment":[{"href":"https:\/\/sp.com.ar\/sanitaria\/wp-json\/wp\/v2\/media?parent=118"}],"curies":[{"name":"wp","href":"https:\/\/api.w.org\/{rel}","templated":true}]}}