{"id":1189,"date":"2026-02-23T13:31:29","date_gmt":"2026-02-23T16:31:29","guid":{"rendered":"https:\/\/sp.com.ar\/sanitaria\/?post_type=product&#038;p=1189"},"modified":"2026-02-23T13:43:32","modified_gmt":"2026-02-23T16:43:32","slug":"serie-sp888","status":"publish","type":"product","link":"https:\/\/sp.com.ar\/sanitaria\/producto\/serie-sp888\/","title":{"rendered":"Serie SP888"},"content":{"rendered":"<p><strong>Especificaciones del Producto<\/strong><\/p>\n<p><strong>Materiales de Construcci\u00f3n<\/strong><\/p>\n<ul>\n<li><strong>Cabezal:<\/strong> Acero inoxidable 304, Acero inoxidable 316<\/li>\n<li><strong>Carcasa (Shell):<\/strong> Acero inoxidable 304, Acero inoxidable 316<\/li>\n<li><strong>Soporte de montaje:<\/strong> Acero inoxidable 304<\/li>\n<li><strong>Juntas t\u00f3ricas (O-rings):<\/strong> Viton (est\u00e1ndar); EPDM, Viton encapsulado en Teflon (opcional)<\/li>\n<\/ul>\n<p><strong>Dimensiones<\/strong><\/p>\n<ul>\n<li><strong>Entrada\/Salida:<\/strong> 1\/2&#8243;, 3\/4&#8243;, 1&#8243; FNPT<\/li>\n<li><strong>Ventilaci\u00f3n\/Man\u00f3metro:<\/strong> 1\/8&#8243; FNPT<\/li>\n<li><strong>Drenaje:<\/strong> 1\/4&#8243; FNPT<\/li>\n<\/ul>\n<p><strong>Especificaciones de Rendimiento<\/strong><\/p>\n<p><strong>Presi\u00f3n M\u00e1xima de Operaci\u00f3n<\/strong><\/p>\n<ul>\n<li>175 psid (12.1 bar) @ 77\u00b0F (25\u00b0C) en servicio de l\u00edquidos.<\/li>\n<\/ul>\n","protected":false},"excerpt":{"rendered":"<p><strong>Introducci\u00f3n del Producto<\/strong><\/p>\n<p>La serie Filtrafine SP888-DOE consiste en carcasas met\u00e1licas para un solo cartucho, las cuales est\u00e1n disponibles en acero inoxidable 304 o 316 para dar servicio a una amplia gama de aplicaciones de filtraci\u00f3n de l\u00edquidos. La serie SP888-DOE est\u00e1 equipada con un dise\u00f1o superior de cierre con mango en T (T-handle) para permitir el cambio del cartucho sin necesidad de herramientas. El dise\u00f1o de sellado autoajustable de la serie SP888-DOE proporciona un sellado positivo del filtro para cartuchos no compresibles en una amplia gama de configuraciones de cartuchos.<\/p>\n<ul>\n<li>Fabricado bajo un sistema de calidad certificado ISO 9001.<\/li>\n<\/ul>\n","protected":false},"featured_media":1190,"template":"","meta":{"_acf_changed":false,"_joinchat":[]},"product_brand":[],"product_cat":[27],"product_tag":[],"class_list":{"0":"post-1189","1":"product","2":"type-product","3":"status-publish","4":"has-post-thumbnail","6":"product_cat-carcasas-porta-filtro-sanitarias","8":"first","9":"instock","10":"shipping-taxable","11":"product-type-simple"},"acf":[],"yoast_head":"<!-- This site is optimized with the Yoast SEO plugin v25.6 - https:\/\/yoast.com\/wordpress\/plugins\/seo\/ -->\n<title>Serie SP888 | SP Separation Processes<\/title>\n<meta name=\"robots\" content=\"index, follow, max-snippet:-1, max-image-preview:large, max-video-preview:-1\" \/>\n<link rel=\"canonical\" href=\"https:\/\/sp.com.ar\/sanitaria\/producto\/serie-sp888\/\" \/>\n<meta property=\"og:locale\" content=\"es_ES\" \/>\n<meta property=\"og:type\" content=\"article\" \/>\n<meta property=\"og:title\" content=\"Serie SP888 | SP Separation Processes\" \/>\n<meta property=\"og:description\" content=\"Introducci\u00f3n del Producto  La serie Filtrafine SP888-DOE consiste en carcasas met\u00e1licas para un solo cartucho, las cuales est\u00e1n disponibles en acero inoxidable 304 o 316 para dar servicio a una amplia gama de aplicaciones de filtraci\u00f3n de l\u00edquidos. La serie SP888-DOE est\u00e1 equipada con un dise\u00f1o superior de cierre con mango en T (T-handle) para permitir el cambio del cartucho sin necesidad de herramientas. El dise\u00f1o de sellado autoajustable de la serie SP888-DOE proporciona un sellado positivo del filtro para cartuchos no compresibles en una amplia gama de configuraciones de cartuchos.   Fabricado bajo un sistema de calidad certificado ISO 9001.\" \/>\n<meta property=\"og:url\" content=\"https:\/\/sp.com.ar\/sanitaria\/producto\/serie-sp888\/\" \/>\n<meta property=\"og:site_name\" content=\"SP Separation Processes\" \/>\n<meta property=\"article:modified_time\" content=\"2026-02-23T16:43:32+00:00\" \/>\n<meta property=\"og:image\" content=\"https:\/\/sp.com.ar\/sanitaria\/wp-content\/uploads\/2026\/02\/Serie-SP888-1024x1024.png\" \/>\n\t<meta property=\"og:image:width\" content=\"1024\" \/>\n\t<meta property=\"og:image:height\" content=\"1024\" \/>\n\t<meta property=\"og:image:type\" content=\"image\/png\" \/>\n<meta name=\"twitter:card\" content=\"summary_large_image\" \/>\n<script type=\"application\/ld+json\" class=\"yoast-schema-graph\">{\"@context\":\"https:\/\/schema.org\",\"@graph\":[{\"@type\":\"WebPage\",\"@id\":\"https:\/\/sp.com.ar\/sanitaria\/producto\/serie-sp888\/\",\"url\":\"https:\/\/sp.com.ar\/sanitaria\/producto\/serie-sp888\/\",\"name\":\"Serie SP888 | SP Separation Processes\",\"isPartOf\":{\"@id\":\"https:\/\/sp.com.ar\/sanitaria\/#website\"},\"primaryImageOfPage\":{\"@id\":\"https:\/\/sp.com.ar\/sanitaria\/producto\/serie-sp888\/#primaryimage\"},\"image\":{\"@id\":\"https:\/\/sp.com.ar\/sanitaria\/producto\/serie-sp888\/#primaryimage\"},\"thumbnailUrl\":\"https:\/\/sp.com.ar\/sanitaria\/wp-content\/uploads\/2026\/02\/Serie-SP888.png\",\"datePublished\":\"2026-02-23T16:31:29+00:00\",\"dateModified\":\"2026-02-23T16:43:32+00:00\",\"breadcrumb\":{\"@id\":\"https:\/\/sp.com.ar\/sanitaria\/producto\/serie-sp888\/#breadcrumb\"},\"inLanguage\":\"es\",\"potentialAction\":[{\"@type\":\"ReadAction\",\"target\":[\"https:\/\/sp.com.ar\/sanitaria\/producto\/serie-sp888\/\"]}]},{\"@type\":\"ImageObject\",\"inLanguage\":\"es\",\"@id\":\"https:\/\/sp.com.ar\/sanitaria\/producto\/serie-sp888\/#primaryimage\",\"url\":\"https:\/\/sp.com.ar\/sanitaria\/wp-content\/uploads\/2026\/02\/Serie-SP888.png\",\"contentUrl\":\"https:\/\/sp.com.ar\/sanitaria\/wp-content\/uploads\/2026\/02\/Serie-SP888.png\",\"width\":1536,\"height\":1536},{\"@type\":\"BreadcrumbList\",\"@id\":\"https:\/\/sp.com.ar\/sanitaria\/producto\/serie-sp888\/#breadcrumb\",\"itemListElement\":[{\"@type\":\"ListItem\",\"position\":1,\"name\":\"Portada\",\"item\":\"https:\/\/sp.com.ar\/sanitaria\/\"},{\"@type\":\"ListItem\",\"position\":2,\"name\":\"Productos\",\"item\":\"https:\/\/sp.com.ar\/sanitaria\/productos\/\"},{\"@type\":\"ListItem\",\"position\":3,\"name\":\"Serie SP888\"}]},{\"@type\":\"WebSite\",\"@id\":\"https:\/\/sp.com.ar\/sanitaria\/#website\",\"url\":\"https:\/\/sp.com.ar\/sanitaria\/\",\"name\":\"SP Separation Processes\",\"description\":\"\",\"potentialAction\":[{\"@type\":\"SearchAction\",\"target\":{\"@type\":\"EntryPoint\",\"urlTemplate\":\"https:\/\/sp.com.ar\/sanitaria\/?s={search_term_string}\"},\"query-input\":{\"@type\":\"PropertyValueSpecification\",\"valueRequired\":true,\"valueName\":\"search_term_string\"}}],\"inLanguage\":\"es\"}]}<\/script>\n<!-- \/ Yoast SEO plugin. -->","yoast_head_json":{"title":"Serie SP888 | SP Separation Processes","robots":{"index":"index","follow":"follow","max-snippet":"max-snippet:-1","max-image-preview":"max-image-preview:large","max-video-preview":"max-video-preview:-1"},"canonical":"https:\/\/sp.com.ar\/sanitaria\/producto\/serie-sp888\/","og_locale":"es_ES","og_type":"article","og_title":"Serie SP888 | SP Separation Processes","og_description":"Introducci\u00f3n del Producto  La serie Filtrafine SP888-DOE consiste en carcasas met\u00e1licas para un solo cartucho, las cuales est\u00e1n disponibles en acero inoxidable 304 o 316 para dar servicio a una amplia gama de aplicaciones de filtraci\u00f3n de l\u00edquidos. La serie SP888-DOE est\u00e1 equipada con un dise\u00f1o superior de cierre con mango en T (T-handle) para permitir el cambio del cartucho sin necesidad de herramientas. El dise\u00f1o de sellado autoajustable de la serie SP888-DOE proporciona un sellado positivo del filtro para cartuchos no compresibles en una amplia gama de configuraciones de cartuchos.   Fabricado bajo un sistema de calidad certificado ISO 9001.","og_url":"https:\/\/sp.com.ar\/sanitaria\/producto\/serie-sp888\/","og_site_name":"SP Separation Processes","article_modified_time":"2026-02-23T16:43:32+00:00","og_image":[{"width":1024,"height":1024,"url":"https:\/\/sp.com.ar\/sanitaria\/wp-content\/uploads\/2026\/02\/Serie-SP888-1024x1024.png","type":"image\/png"}],"twitter_card":"summary_large_image","schema":{"@context":"https:\/\/schema.org","@graph":[{"@type":"WebPage","@id":"https:\/\/sp.com.ar\/sanitaria\/producto\/serie-sp888\/","url":"https:\/\/sp.com.ar\/sanitaria\/producto\/serie-sp888\/","name":"Serie SP888 | SP Separation Processes","isPartOf":{"@id":"https:\/\/sp.com.ar\/sanitaria\/#website"},"primaryImageOfPage":{"@id":"https:\/\/sp.com.ar\/sanitaria\/producto\/serie-sp888\/#primaryimage"},"image":{"@id":"https:\/\/sp.com.ar\/sanitaria\/producto\/serie-sp888\/#primaryimage"},"thumbnailUrl":"https:\/\/sp.com.ar\/sanitaria\/wp-content\/uploads\/2026\/02\/Serie-SP888.png","datePublished":"2026-02-23T16:31:29+00:00","dateModified":"2026-02-23T16:43:32+00:00","breadcrumb":{"@id":"https:\/\/sp.com.ar\/sanitaria\/producto\/serie-sp888\/#breadcrumb"},"inLanguage":"es","potentialAction":[{"@type":"ReadAction","target":["https:\/\/sp.com.ar\/sanitaria\/producto\/serie-sp888\/"]}]},{"@type":"ImageObject","inLanguage":"es","@id":"https:\/\/sp.com.ar\/sanitaria\/producto\/serie-sp888\/#primaryimage","url":"https:\/\/sp.com.ar\/sanitaria\/wp-content\/uploads\/2026\/02\/Serie-SP888.png","contentUrl":"https:\/\/sp.com.ar\/sanitaria\/wp-content\/uploads\/2026\/02\/Serie-SP888.png","width":1536,"height":1536},{"@type":"BreadcrumbList","@id":"https:\/\/sp.com.ar\/sanitaria\/producto\/serie-sp888\/#breadcrumb","itemListElement":[{"@type":"ListItem","position":1,"name":"Portada","item":"https:\/\/sp.com.ar\/sanitaria\/"},{"@type":"ListItem","position":2,"name":"Productos","item":"https:\/\/sp.com.ar\/sanitaria\/productos\/"},{"@type":"ListItem","position":3,"name":"Serie SP888"}]},{"@type":"WebSite","@id":"https:\/\/sp.com.ar\/sanitaria\/#website","url":"https:\/\/sp.com.ar\/sanitaria\/","name":"SP Separation Processes","description":"","potentialAction":[{"@type":"SearchAction","target":{"@type":"EntryPoint","urlTemplate":"https:\/\/sp.com.ar\/sanitaria\/?s={search_term_string}"},"query-input":{"@type":"PropertyValueSpecification","valueRequired":true,"valueName":"search_term_string"}}],"inLanguage":"es"}]}},"_links":{"self":[{"href":"https:\/\/sp.com.ar\/sanitaria\/wp-json\/wp\/v2\/product\/1189","targetHints":{"allow":["GET"]}}],"collection":[{"href":"https:\/\/sp.com.ar\/sanitaria\/wp-json\/wp\/v2\/product"}],"about":[{"href":"https:\/\/sp.com.ar\/sanitaria\/wp-json\/wp\/v2\/types\/product"}],"wp:featuredmedia":[{"embeddable":true,"href":"https:\/\/sp.com.ar\/sanitaria\/wp-json\/wp\/v2\/media\/1190"}],"wp:attachment":[{"href":"https:\/\/sp.com.ar\/sanitaria\/wp-json\/wp\/v2\/media?parent=1189"}],"wp:term":[{"taxonomy":"product_brand","embeddable":true,"href":"https:\/\/sp.com.ar\/sanitaria\/wp-json\/wp\/v2\/product_brand?post=1189"},{"taxonomy":"product_cat","embeddable":true,"href":"https:\/\/sp.com.ar\/sanitaria\/wp-json\/wp\/v2\/product_cat?post=1189"},{"taxonomy":"product_tag","embeddable":true,"href":"https:\/\/sp.com.ar\/sanitaria\/wp-json\/wp\/v2\/product_tag?post=1189"}],"curies":[{"name":"wp","href":"https:\/\/api.w.org\/{rel}","templated":true}]}}