{"id":612,"date":"2025-08-27T13:59:37","date_gmt":"2025-08-27T16:59:37","guid":{"rendered":"https:\/\/sp.disewhost3.com\/sanitaria\/?post_type=product&#038;p=612"},"modified":"2026-02-23T11:09:10","modified_gmt":"2026-02-23T14:09:10","slug":"carcasas-portafiltro-sp111","status":"publish","type":"product","link":"https:\/\/sp.com.ar\/sanitaria\/producto\/carcasas-portafiltro-sp111\/","title":{"rendered":"Serie SP111"},"content":{"rendered":"<p><strong>Especificaciones del Producto<\/strong><\/p>\n<ul>\n<li><strong>Materiales de Construcci\u00f3n:<\/strong>\n<ul>\n<li><strong>Cuerpo (Shell):<\/strong> Acero Inoxidable 304, 316 o 316L.<\/li>\n<li><strong>Patas \/ Pernos de ojo:<\/strong> Acero Inoxidable 304.<\/li>\n<li><strong>Juntas t\u00f3ricas (O-rings):<\/strong> EPDM (est\u00e1ndar); Silicona, Vit\u00f3n o Vit\u00f3n encapsulado en Tefl\u00f3n (opcionales).<\/li>\n<\/ul>\n<\/li>\n<li><strong>Dimensiones:<\/strong>\n<ul>\n<li><strong>Entrada\/Salida:<\/strong> 3&#8243;, 4&#8243;, 5&#8243;, 6&#8243;, 8&#8243;, 10&#8243;, 12&#8243;.<\/li>\n<li><strong>Tipos de conexi\u00f3n:<\/strong> Bridas ANSI, JIS y DIN.<\/li>\n<li><strong>Ventilaci\u00f3n \/ Drenaje:<\/strong> 1&#8243; NPT.<\/li>\n<li><strong>Calibre:<\/strong> 1\/4&#8243; NPT.<\/li>\n<\/ul>\n<\/li>\n<\/ul>\n<p><strong>\u00a0<\/strong><\/p>\n<p><strong>\u00a0<\/strong><\/p>\n<p><strong>Especificaciones de Rendimiento:<\/strong><\/p>\n<ul>\n<li style=\"list-style-type: none;\">\n<ul>\n<li><strong>Presi\u00f3n M\u00e1xima de Operaci\u00f3n:<\/strong> 150 psig (10.3 bar) @ 77\u00b0F (25\u00b0C) en servicio de l\u00edquidos.<\/li>\n<\/ul>\n<\/li>\n<\/ul>\n<p>&nbsp;<\/p>\n<p>&nbsp;<\/p>\n<p>Tabla de Dimensiones de la Serie SP111 (Pulgadas y mm)<\/p>\n","protected":false},"excerpt":{"rendered":"<p><strong><u>Introducci\u00f3n del Producto<\/u><\/strong><\/p>\n<p>La carcasa para filtros de bolsas m\u00faltiples de acero inoxidable serie SP111 de Filtrafine proporciona soluciones de gran volumen para aplicaciones de alto flujo<sup>3<\/sup>. La carcasa serie SP111 est\u00e1 disponible para alojar de 2 a 15 bolsas de longitud tama\u00f1o 1 o tama\u00f1o 2, permitiendo manejar hasta $880m^3\/h$ por carcasa<sup>4<\/sup>.<\/p>\n<p>El dise\u00f1o econ\u00f3mico con conexiones de entrada y salida laterales y de bajo perfil cumple con diversos requerimientos de instalaci\u00f3n del usuario<sup>5<\/sup>. La serie SP111 est\u00e1 dise\u00f1ada con un mecanismo de cierre probado de pernos de ojo oscilantes para asegurar el sellado y ofrece mecanismos de asistencia para el levantamiento de la tapa (brazo de pescante, asistencia por resorte o hidr\u00e1ulica) para eliminar la necesidad de herramientas durante el cambio de bolsas<sup>6<\/sup>.Construido en acero inoxidable 304, 316 o 316L para una excelente resistencia a la corrosi\u00f3n y pureza del producto.<\/p>\n<ul>\n<li>Fabricado bajo un sistema de calidad certificado ISO 9001.<\/li>\n<li>Estampa ASME C\u00f3digo U (opcional).<\/li>\n<\/ul>\n","protected":false},"featured_media":1171,"template":"","meta":{"_acf_changed":false,"_joinchat":[]},"product_brand":[],"product_cat":[27],"product_tag":[],"class_list":{"0":"post-612","1":"product","2":"type-product","3":"status-publish","4":"has-post-thumbnail","6":"product_cat-carcasas-porta-filtro-sanitarias","8":"first","9":"instock","10":"shipping-taxable","11":"product-type-simple"},"acf":[],"yoast_head":"<!-- This site is optimized with the Yoast SEO plugin v25.6 - https:\/\/yoast.com\/wordpress\/plugins\/seo\/ -->\n<title>Serie SP111 | SP Separation Processes<\/title>\n<meta name=\"robots\" content=\"index, follow, max-snippet:-1, max-image-preview:large, max-video-preview:-1\" \/>\n<link rel=\"canonical\" href=\"https:\/\/sp.com.ar\/sanitaria\/producto\/carcasas-portafiltro-sp111\/\" \/>\n<meta property=\"og:locale\" content=\"es_ES\" \/>\n<meta property=\"og:type\" content=\"article\" \/>\n<meta property=\"og:title\" content=\"Serie SP111 | SP Separation Processes\" \/>\n<meta property=\"og:description\" content=\"Introducci\u00f3n del Producto  La carcasa para filtros de bolsas m\u00faltiples de acero inoxidable serie SP111 de Filtrafine proporciona soluciones de gran volumen para aplicaciones de alto flujo3. La carcasa serie SP111 est\u00e1 disponible para alojar de 2 a 15 bolsas de longitud tama\u00f1o 1 o tama\u00f1o 2, permitiendo manejar hasta $880m^3\/h$ por carcasa4.  El dise\u00f1o econ\u00f3mico con conexiones de entrada y salida laterales y de bajo perfil cumple con diversos requerimientos de instalaci\u00f3n del usuario5. La serie SP111 est\u00e1 dise\u00f1ada con un mecanismo de cierre probado de pernos de ojo oscilantes para asegurar el sellado y ofrece mecanismos de asistencia para el levantamiento de la tapa (brazo de pescante, asistencia por resorte o hidr\u00e1ulica) para eliminar la necesidad de herramientas durante el cambio de bolsas6.Construido en acero inoxidable 304, 316 o 316L para una excelente resistencia a la corrosi\u00f3n y pureza del producto.   Fabricado bajo un sistema de calidad certificado ISO 9001.  Estampa ASME C\u00f3digo U (opcional).\" \/>\n<meta property=\"og:url\" content=\"https:\/\/sp.com.ar\/sanitaria\/producto\/carcasas-portafiltro-sp111\/\" \/>\n<meta property=\"og:site_name\" content=\"SP Separation Processes\" \/>\n<meta property=\"article:modified_time\" content=\"2026-02-23T14:09:10+00:00\" \/>\n<meta property=\"og:image\" content=\"https:\/\/sp.com.ar\/sanitaria\/wp-content\/uploads\/2025\/08\/Serie-SP111-1024x1024.png\" \/>\n\t<meta property=\"og:image:width\" content=\"1024\" \/>\n\t<meta property=\"og:image:height\" content=\"1024\" \/>\n\t<meta property=\"og:image:type\" content=\"image\/png\" \/>\n<meta name=\"twitter:card\" content=\"summary_large_image\" \/>\n<script type=\"application\/ld+json\" class=\"yoast-schema-graph\">{\"@context\":\"https:\/\/schema.org\",\"@graph\":[{\"@type\":\"WebPage\",\"@id\":\"https:\/\/sp.com.ar\/sanitaria\/producto\/carcasas-portafiltro-sp111\/\",\"url\":\"https:\/\/sp.com.ar\/sanitaria\/producto\/carcasas-portafiltro-sp111\/\",\"name\":\"Serie SP111 | SP Separation Processes\",\"isPartOf\":{\"@id\":\"https:\/\/sp.com.ar\/sanitaria\/#website\"},\"primaryImageOfPage\":{\"@id\":\"https:\/\/sp.com.ar\/sanitaria\/producto\/carcasas-portafiltro-sp111\/#primaryimage\"},\"image\":{\"@id\":\"https:\/\/sp.com.ar\/sanitaria\/producto\/carcasas-portafiltro-sp111\/#primaryimage\"},\"thumbnailUrl\":\"https:\/\/sp.com.ar\/sanitaria\/wp-content\/uploads\/2025\/08\/Serie-SP111.png\",\"datePublished\":\"2025-08-27T16:59:37+00:00\",\"dateModified\":\"2026-02-23T14:09:10+00:00\",\"breadcrumb\":{\"@id\":\"https:\/\/sp.com.ar\/sanitaria\/producto\/carcasas-portafiltro-sp111\/#breadcrumb\"},\"inLanguage\":\"es\",\"potentialAction\":[{\"@type\":\"ReadAction\",\"target\":[\"https:\/\/sp.com.ar\/sanitaria\/producto\/carcasas-portafiltro-sp111\/\"]}]},{\"@type\":\"ImageObject\",\"inLanguage\":\"es\",\"@id\":\"https:\/\/sp.com.ar\/sanitaria\/producto\/carcasas-portafiltro-sp111\/#primaryimage\",\"url\":\"https:\/\/sp.com.ar\/sanitaria\/wp-content\/uploads\/2025\/08\/Serie-SP111.png\",\"contentUrl\":\"https:\/\/sp.com.ar\/sanitaria\/wp-content\/uploads\/2025\/08\/Serie-SP111.png\",\"width\":1536,\"height\":1536},{\"@type\":\"BreadcrumbList\",\"@id\":\"https:\/\/sp.com.ar\/sanitaria\/producto\/carcasas-portafiltro-sp111\/#breadcrumb\",\"itemListElement\":[{\"@type\":\"ListItem\",\"position\":1,\"name\":\"Portada\",\"item\":\"https:\/\/sp.com.ar\/sanitaria\/\"},{\"@type\":\"ListItem\",\"position\":2,\"name\":\"Productos\",\"item\":\"https:\/\/sp.com.ar\/sanitaria\/productos\/\"},{\"@type\":\"ListItem\",\"position\":3,\"name\":\"Serie SP111\"}]},{\"@type\":\"WebSite\",\"@id\":\"https:\/\/sp.com.ar\/sanitaria\/#website\",\"url\":\"https:\/\/sp.com.ar\/sanitaria\/\",\"name\":\"SP Separation Processes\",\"description\":\"\",\"potentialAction\":[{\"@type\":\"SearchAction\",\"target\":{\"@type\":\"EntryPoint\",\"urlTemplate\":\"https:\/\/sp.com.ar\/sanitaria\/?s={search_term_string}\"},\"query-input\":{\"@type\":\"PropertyValueSpecification\",\"valueRequired\":true,\"valueName\":\"search_term_string\"}}],\"inLanguage\":\"es\"}]}<\/script>\n<!-- \/ Yoast SEO plugin. -->","yoast_head_json":{"title":"Serie SP111 | SP Separation Processes","robots":{"index":"index","follow":"follow","max-snippet":"max-snippet:-1","max-image-preview":"max-image-preview:large","max-video-preview":"max-video-preview:-1"},"canonical":"https:\/\/sp.com.ar\/sanitaria\/producto\/carcasas-portafiltro-sp111\/","og_locale":"es_ES","og_type":"article","og_title":"Serie SP111 | SP Separation Processes","og_description":"Introducci\u00f3n del Producto  La carcasa para filtros de bolsas m\u00faltiples de acero inoxidable serie SP111 de Filtrafine proporciona soluciones de gran volumen para aplicaciones de alto flujo3. La carcasa serie SP111 est\u00e1 disponible para alojar de 2 a 15 bolsas de longitud tama\u00f1o 1 o tama\u00f1o 2, permitiendo manejar hasta $880m^3\/h$ por carcasa4.  El dise\u00f1o econ\u00f3mico con conexiones de entrada y salida laterales y de bajo perfil cumple con diversos requerimientos de instalaci\u00f3n del usuario5. La serie SP111 est\u00e1 dise\u00f1ada con un mecanismo de cierre probado de pernos de ojo oscilantes para asegurar el sellado y ofrece mecanismos de asistencia para el levantamiento de la tapa (brazo de pescante, asistencia por resorte o hidr\u00e1ulica) para eliminar la necesidad de herramientas durante el cambio de bolsas6.Construido en acero inoxidable 304, 316 o 316L para una excelente resistencia a la corrosi\u00f3n y pureza del producto.   Fabricado bajo un sistema de calidad certificado ISO 9001.  Estampa ASME C\u00f3digo U (opcional).","og_url":"https:\/\/sp.com.ar\/sanitaria\/producto\/carcasas-portafiltro-sp111\/","og_site_name":"SP Separation Processes","article_modified_time":"2026-02-23T14:09:10+00:00","og_image":[{"width":1024,"height":1024,"url":"https:\/\/sp.com.ar\/sanitaria\/wp-content\/uploads\/2025\/08\/Serie-SP111-1024x1024.png","type":"image\/png"}],"twitter_card":"summary_large_image","schema":{"@context":"https:\/\/schema.org","@graph":[{"@type":"WebPage","@id":"https:\/\/sp.com.ar\/sanitaria\/producto\/carcasas-portafiltro-sp111\/","url":"https:\/\/sp.com.ar\/sanitaria\/producto\/carcasas-portafiltro-sp111\/","name":"Serie SP111 | SP Separation Processes","isPartOf":{"@id":"https:\/\/sp.com.ar\/sanitaria\/#website"},"primaryImageOfPage":{"@id":"https:\/\/sp.com.ar\/sanitaria\/producto\/carcasas-portafiltro-sp111\/#primaryimage"},"image":{"@id":"https:\/\/sp.com.ar\/sanitaria\/producto\/carcasas-portafiltro-sp111\/#primaryimage"},"thumbnailUrl":"https:\/\/sp.com.ar\/sanitaria\/wp-content\/uploads\/2025\/08\/Serie-SP111.png","datePublished":"2025-08-27T16:59:37+00:00","dateModified":"2026-02-23T14:09:10+00:00","breadcrumb":{"@id":"https:\/\/sp.com.ar\/sanitaria\/producto\/carcasas-portafiltro-sp111\/#breadcrumb"},"inLanguage":"es","potentialAction":[{"@type":"ReadAction","target":["https:\/\/sp.com.ar\/sanitaria\/producto\/carcasas-portafiltro-sp111\/"]}]},{"@type":"ImageObject","inLanguage":"es","@id":"https:\/\/sp.com.ar\/sanitaria\/producto\/carcasas-portafiltro-sp111\/#primaryimage","url":"https:\/\/sp.com.ar\/sanitaria\/wp-content\/uploads\/2025\/08\/Serie-SP111.png","contentUrl":"https:\/\/sp.com.ar\/sanitaria\/wp-content\/uploads\/2025\/08\/Serie-SP111.png","width":1536,"height":1536},{"@type":"BreadcrumbList","@id":"https:\/\/sp.com.ar\/sanitaria\/producto\/carcasas-portafiltro-sp111\/#breadcrumb","itemListElement":[{"@type":"ListItem","position":1,"name":"Portada","item":"https:\/\/sp.com.ar\/sanitaria\/"},{"@type":"ListItem","position":2,"name":"Productos","item":"https:\/\/sp.com.ar\/sanitaria\/productos\/"},{"@type":"ListItem","position":3,"name":"Serie SP111"}]},{"@type":"WebSite","@id":"https:\/\/sp.com.ar\/sanitaria\/#website","url":"https:\/\/sp.com.ar\/sanitaria\/","name":"SP Separation Processes","description":"","potentialAction":[{"@type":"SearchAction","target":{"@type":"EntryPoint","urlTemplate":"https:\/\/sp.com.ar\/sanitaria\/?s={search_term_string}"},"query-input":{"@type":"PropertyValueSpecification","valueRequired":true,"valueName":"search_term_string"}}],"inLanguage":"es"}]}},"_links":{"self":[{"href":"https:\/\/sp.com.ar\/sanitaria\/wp-json\/wp\/v2\/product\/612","targetHints":{"allow":["GET"]}}],"collection":[{"href":"https:\/\/sp.com.ar\/sanitaria\/wp-json\/wp\/v2\/product"}],"about":[{"href":"https:\/\/sp.com.ar\/sanitaria\/wp-json\/wp\/v2\/types\/product"}],"wp:featuredmedia":[{"embeddable":true,"href":"https:\/\/sp.com.ar\/sanitaria\/wp-json\/wp\/v2\/media\/1171"}],"wp:attachment":[{"href":"https:\/\/sp.com.ar\/sanitaria\/wp-json\/wp\/v2\/media?parent=612"}],"wp:term":[{"taxonomy":"product_brand","embeddable":true,"href":"https:\/\/sp.com.ar\/sanitaria\/wp-json\/wp\/v2\/product_brand?post=612"},{"taxonomy":"product_cat","embeddable":true,"href":"https:\/\/sp.com.ar\/sanitaria\/wp-json\/wp\/v2\/product_cat?post=612"},{"taxonomy":"product_tag","embeddable":true,"href":"https:\/\/sp.com.ar\/sanitaria\/wp-json\/wp\/v2\/product_tag?post=612"}],"curies":[{"name":"wp","href":"https:\/\/api.w.org\/{rel}","templated":true}]}}