{"id":616,"date":"2025-08-27T14:04:16","date_gmt":"2025-08-27T17:04:16","guid":{"rendered":"https:\/\/sp.disewhost3.com\/sanitaria\/?post_type=product&#038;p=616"},"modified":"2026-02-23T13:08:19","modified_gmt":"2026-02-23T16:08:19","slug":"carcasas-portafiltro-sp333","status":"publish","type":"product","link":"https:\/\/sp.com.ar\/sanitaria\/producto\/carcasas-portafiltro-sp333\/","title":{"rendered":"Serie SP333"},"content":{"rendered":"<p><strong>Caracter\u00edsticas Principales<\/strong><\/p>\n<ul>\n<li><strong>Mecanismo de Cierre:<\/strong> Dise\u00f1ado con un sistema probado de pernos oscilantes (swing eye-bolt) para asegurar el sellado.<\/li>\n<li><strong>Materiales:<\/strong> Construida en acero inoxidable 304, 316 o 316L, lo que proporciona una excelente resistencia a la corrosi\u00f3n para mantener la pureza del producto.<\/li>\n<li><strong>Compatibilidad:<\/strong> Compatible con configuraciones de 3, 5, 7, 9, 12, 18, 22 y 28 cartuchos, en longitudes de 10&#8243; a 40&#8243;.<\/li>\n<li><strong>Certificaciones y Acabados:<\/strong> Fabricada bajo sistema de calidad ISO 9001. Opcionalmente ofrece acabado electropulido y sello ASME C\u00f3digo U\/UM.<\/li>\n<\/ul>\n<p>&nbsp;<\/p>\n<p>&nbsp;<\/p>\n<p><strong>Especificaciones del Producto<\/strong><\/p>\n<p><strong>\u00a0<\/strong><\/p>\n<p><strong>Materiales de Construcci\u00f3n<\/strong><\/p>\n<ul>\n<li><strong>Cabezal y Carcasa:<\/strong> Acero inoxidable 304 o 316.<\/li>\n<li><strong>Pernos de Ojo Oscilantes:<\/strong> Acero inoxidable 304 o 316.<\/li>\n<li><strong>Juntas T\u00f3ricas (O-rings):<\/strong> EPDM (est\u00e1ndar); Silicona, Viton o Viton encapsulado en Tefl\u00f3n (opcionales).<\/li>\n<\/ul>\n<p>&nbsp;<\/p>\n<p><strong>\u00a0<\/strong><\/p>\n<p><strong>Dimensiones<\/strong><\/p>\n<ul>\n<li><strong>Entrada\/Salida:<\/strong> 1.5&#8243;, 2&#8243;, 3&#8243;, 4&#8243;<\/li>\n<li>\n<ul>\n<li><strong>Tipos de Conexi\u00f3n:<\/strong> Brida ANSI, JIS y DIN; Rosca NPT, BSP y PT.<\/li>\n<li><strong>Ventilaci\u00f3n:<\/strong> 1\/4&#8243; NPT<\/li>\n<li><strong>Drenaje:<\/strong> 3\/4&#8243; NPT<\/li>\n<li><strong>Man\u00f3metro (Gauge):<\/strong> 1\/4&#8243; NPT<\/li>\n<\/ul>\n<p><strong>Nota:<\/strong> \u00abO.D.\u00bb se refiere al Di\u00e1metro Exterior (Outside Diameter).<\/p>\n<p>&nbsp;<\/p>\n<p><strong>Especificaciones de Rendimiento<\/strong><\/p>\n<p><strong>\u00a0<\/strong><\/p>\n<ul>\n<li><strong>Presi\u00f3n M\u00e1xima de Operaci\u00f3n:<\/strong> 150 psig (10.3 bar) a 77\u00b0F (25\u00b0C) en servicio de l\u00edquidos.<\/li>\n<\/ul>\n<\/li>\n<\/ul>\n","protected":false},"excerpt":{"rendered":"<p><strong>Introducci\u00f3n del Producto<\/strong><\/p>\n<p>La carcasa de acero inoxidable para m\u00faltiples cartuchos <strong>Filtrafine serie SP333 <\/strong>ofrece alta calidad para diversas aplicaciones industriales, tales como:<\/p>\n<ul>\n<li>Filtraci\u00f3n qu\u00edmica.<\/li>\n<li>Prefiltraci\u00f3n para sistemas de \u00d3smosis Inversa (RO).<\/li>\n<li>Sistemas de alimentos y bebidas.<\/li>\n<li>Filtros de punto de uso, entre otros.<\/li>\n<\/ul>\n","protected":false},"featured_media":1180,"template":"","meta":{"_acf_changed":false,"_joinchat":[]},"product_brand":[],"product_cat":[27],"product_tag":[],"class_list":{"0":"post-616","1":"product","2":"type-product","3":"status-publish","4":"has-post-thumbnail","6":"product_cat-carcasas-porta-filtro-sanitarias","8":"first","9":"instock","10":"shipping-taxable","11":"product-type-simple"},"acf":[],"yoast_head":"<!-- This site is optimized with the Yoast SEO plugin v25.6 - https:\/\/yoast.com\/wordpress\/plugins\/seo\/ -->\n<title>Serie SP333 | SP Separation Processes<\/title>\n<meta name=\"robots\" content=\"index, follow, max-snippet:-1, max-image-preview:large, max-video-preview:-1\" \/>\n<link rel=\"canonical\" href=\"https:\/\/sp.com.ar\/sanitaria\/producto\/carcasas-portafiltro-sp333\/\" \/>\n<meta property=\"og:locale\" content=\"es_ES\" \/>\n<meta property=\"og:type\" content=\"article\" \/>\n<meta property=\"og:title\" content=\"Serie SP333 | SP Separation Processes\" \/>\n<meta property=\"og:description\" content=\"Introducci\u00f3n del Producto  La carcasa de acero inoxidable para m\u00faltiples cartuchos Filtrafine serie SP333 ofrece alta calidad para diversas aplicaciones industriales, tales como:   Filtraci\u00f3n qu\u00edmica.  Prefiltraci\u00f3n para sistemas de \u00d3smosis Inversa (RO).  Sistemas de alimentos y bebidas.  Filtros de punto de uso, entre otros.\" \/>\n<meta property=\"og:url\" content=\"https:\/\/sp.com.ar\/sanitaria\/producto\/carcasas-portafiltro-sp333\/\" \/>\n<meta property=\"og:site_name\" content=\"SP Separation Processes\" \/>\n<meta property=\"article:modified_time\" content=\"2026-02-23T16:08:19+00:00\" \/>\n<meta property=\"og:image\" content=\"https:\/\/sp.com.ar\/sanitaria\/wp-content\/uploads\/2025\/08\/Serie-SP333-1024x1024.png\" \/>\n\t<meta property=\"og:image:width\" content=\"1024\" \/>\n\t<meta property=\"og:image:height\" content=\"1024\" \/>\n\t<meta property=\"og:image:type\" content=\"image\/png\" \/>\n<meta name=\"twitter:card\" content=\"summary_large_image\" \/>\n<meta name=\"twitter:label1\" content=\"Tiempo de lectura\" \/>\n\t<meta name=\"twitter:data1\" content=\"1 minuto\" \/>\n<script type=\"application\/ld+json\" class=\"yoast-schema-graph\">{\"@context\":\"https:\/\/schema.org\",\"@graph\":[{\"@type\":\"WebPage\",\"@id\":\"https:\/\/sp.com.ar\/sanitaria\/producto\/carcasas-portafiltro-sp333\/\",\"url\":\"https:\/\/sp.com.ar\/sanitaria\/producto\/carcasas-portafiltro-sp333\/\",\"name\":\"Serie SP333 | SP Separation Processes\",\"isPartOf\":{\"@id\":\"https:\/\/sp.com.ar\/sanitaria\/#website\"},\"primaryImageOfPage\":{\"@id\":\"https:\/\/sp.com.ar\/sanitaria\/producto\/carcasas-portafiltro-sp333\/#primaryimage\"},\"image\":{\"@id\":\"https:\/\/sp.com.ar\/sanitaria\/producto\/carcasas-portafiltro-sp333\/#primaryimage\"},\"thumbnailUrl\":\"https:\/\/sp.com.ar\/sanitaria\/wp-content\/uploads\/2025\/08\/Serie-SP333.png\",\"datePublished\":\"2025-08-27T17:04:16+00:00\",\"dateModified\":\"2026-02-23T16:08:19+00:00\",\"breadcrumb\":{\"@id\":\"https:\/\/sp.com.ar\/sanitaria\/producto\/carcasas-portafiltro-sp333\/#breadcrumb\"},\"inLanguage\":\"es\",\"potentialAction\":[{\"@type\":\"ReadAction\",\"target\":[\"https:\/\/sp.com.ar\/sanitaria\/producto\/carcasas-portafiltro-sp333\/\"]}]},{\"@type\":\"ImageObject\",\"inLanguage\":\"es\",\"@id\":\"https:\/\/sp.com.ar\/sanitaria\/producto\/carcasas-portafiltro-sp333\/#primaryimage\",\"url\":\"https:\/\/sp.com.ar\/sanitaria\/wp-content\/uploads\/2025\/08\/Serie-SP333.png\",\"contentUrl\":\"https:\/\/sp.com.ar\/sanitaria\/wp-content\/uploads\/2025\/08\/Serie-SP333.png\",\"width\":1536,\"height\":1536},{\"@type\":\"BreadcrumbList\",\"@id\":\"https:\/\/sp.com.ar\/sanitaria\/producto\/carcasas-portafiltro-sp333\/#breadcrumb\",\"itemListElement\":[{\"@type\":\"ListItem\",\"position\":1,\"name\":\"Portada\",\"item\":\"https:\/\/sp.com.ar\/sanitaria\/\"},{\"@type\":\"ListItem\",\"position\":2,\"name\":\"Productos\",\"item\":\"https:\/\/sp.com.ar\/sanitaria\/productos\/\"},{\"@type\":\"ListItem\",\"position\":3,\"name\":\"Serie SP333\"}]},{\"@type\":\"WebSite\",\"@id\":\"https:\/\/sp.com.ar\/sanitaria\/#website\",\"url\":\"https:\/\/sp.com.ar\/sanitaria\/\",\"name\":\"SP Separation Processes\",\"description\":\"\",\"potentialAction\":[{\"@type\":\"SearchAction\",\"target\":{\"@type\":\"EntryPoint\",\"urlTemplate\":\"https:\/\/sp.com.ar\/sanitaria\/?s={search_term_string}\"},\"query-input\":{\"@type\":\"PropertyValueSpecification\",\"valueRequired\":true,\"valueName\":\"search_term_string\"}}],\"inLanguage\":\"es\"}]}<\/script>\n<!-- \/ Yoast SEO plugin. -->","yoast_head_json":{"title":"Serie SP333 | SP Separation Processes","robots":{"index":"index","follow":"follow","max-snippet":"max-snippet:-1","max-image-preview":"max-image-preview:large","max-video-preview":"max-video-preview:-1"},"canonical":"https:\/\/sp.com.ar\/sanitaria\/producto\/carcasas-portafiltro-sp333\/","og_locale":"es_ES","og_type":"article","og_title":"Serie SP333 | SP Separation Processes","og_description":"Introducci\u00f3n del Producto  La carcasa de acero inoxidable para m\u00faltiples cartuchos Filtrafine serie SP333 ofrece alta calidad para diversas aplicaciones industriales, tales como:   Filtraci\u00f3n qu\u00edmica.  Prefiltraci\u00f3n para sistemas de \u00d3smosis Inversa (RO).  Sistemas de alimentos y bebidas.  Filtros de punto de uso, entre otros.","og_url":"https:\/\/sp.com.ar\/sanitaria\/producto\/carcasas-portafiltro-sp333\/","og_site_name":"SP Separation Processes","article_modified_time":"2026-02-23T16:08:19+00:00","og_image":[{"width":1024,"height":1024,"url":"https:\/\/sp.com.ar\/sanitaria\/wp-content\/uploads\/2025\/08\/Serie-SP333-1024x1024.png","type":"image\/png"}],"twitter_card":"summary_large_image","twitter_misc":{"Tiempo de lectura":"1 minuto"},"schema":{"@context":"https:\/\/schema.org","@graph":[{"@type":"WebPage","@id":"https:\/\/sp.com.ar\/sanitaria\/producto\/carcasas-portafiltro-sp333\/","url":"https:\/\/sp.com.ar\/sanitaria\/producto\/carcasas-portafiltro-sp333\/","name":"Serie SP333 | SP Separation Processes","isPartOf":{"@id":"https:\/\/sp.com.ar\/sanitaria\/#website"},"primaryImageOfPage":{"@id":"https:\/\/sp.com.ar\/sanitaria\/producto\/carcasas-portafiltro-sp333\/#primaryimage"},"image":{"@id":"https:\/\/sp.com.ar\/sanitaria\/producto\/carcasas-portafiltro-sp333\/#primaryimage"},"thumbnailUrl":"https:\/\/sp.com.ar\/sanitaria\/wp-content\/uploads\/2025\/08\/Serie-SP333.png","datePublished":"2025-08-27T17:04:16+00:00","dateModified":"2026-02-23T16:08:19+00:00","breadcrumb":{"@id":"https:\/\/sp.com.ar\/sanitaria\/producto\/carcasas-portafiltro-sp333\/#breadcrumb"},"inLanguage":"es","potentialAction":[{"@type":"ReadAction","target":["https:\/\/sp.com.ar\/sanitaria\/producto\/carcasas-portafiltro-sp333\/"]}]},{"@type":"ImageObject","inLanguage":"es","@id":"https:\/\/sp.com.ar\/sanitaria\/producto\/carcasas-portafiltro-sp333\/#primaryimage","url":"https:\/\/sp.com.ar\/sanitaria\/wp-content\/uploads\/2025\/08\/Serie-SP333.png","contentUrl":"https:\/\/sp.com.ar\/sanitaria\/wp-content\/uploads\/2025\/08\/Serie-SP333.png","width":1536,"height":1536},{"@type":"BreadcrumbList","@id":"https:\/\/sp.com.ar\/sanitaria\/producto\/carcasas-portafiltro-sp333\/#breadcrumb","itemListElement":[{"@type":"ListItem","position":1,"name":"Portada","item":"https:\/\/sp.com.ar\/sanitaria\/"},{"@type":"ListItem","position":2,"name":"Productos","item":"https:\/\/sp.com.ar\/sanitaria\/productos\/"},{"@type":"ListItem","position":3,"name":"Serie SP333"}]},{"@type":"WebSite","@id":"https:\/\/sp.com.ar\/sanitaria\/#website","url":"https:\/\/sp.com.ar\/sanitaria\/","name":"SP Separation Processes","description":"","potentialAction":[{"@type":"SearchAction","target":{"@type":"EntryPoint","urlTemplate":"https:\/\/sp.com.ar\/sanitaria\/?s={search_term_string}"},"query-input":{"@type":"PropertyValueSpecification","valueRequired":true,"valueName":"search_term_string"}}],"inLanguage":"es"}]}},"_links":{"self":[{"href":"https:\/\/sp.com.ar\/sanitaria\/wp-json\/wp\/v2\/product\/616","targetHints":{"allow":["GET"]}}],"collection":[{"href":"https:\/\/sp.com.ar\/sanitaria\/wp-json\/wp\/v2\/product"}],"about":[{"href":"https:\/\/sp.com.ar\/sanitaria\/wp-json\/wp\/v2\/types\/product"}],"wp:featuredmedia":[{"embeddable":true,"href":"https:\/\/sp.com.ar\/sanitaria\/wp-json\/wp\/v2\/media\/1180"}],"wp:attachment":[{"href":"https:\/\/sp.com.ar\/sanitaria\/wp-json\/wp\/v2\/media?parent=616"}],"wp:term":[{"taxonomy":"product_brand","embeddable":true,"href":"https:\/\/sp.com.ar\/sanitaria\/wp-json\/wp\/v2\/product_brand?post=616"},{"taxonomy":"product_cat","embeddable":true,"href":"https:\/\/sp.com.ar\/sanitaria\/wp-json\/wp\/v2\/product_cat?post=616"},{"taxonomy":"product_tag","embeddable":true,"href":"https:\/\/sp.com.ar\/sanitaria\/wp-json\/wp\/v2\/product_tag?post=616"}],"curies":[{"name":"wp","href":"https:\/\/api.w.org\/{rel}","templated":true}]}}