{"id":617,"date":"2025-08-27T14:05:44","date_gmt":"2025-08-27T17:05:44","guid":{"rendered":"https:\/\/sp.disewhost3.com\/sanitaria\/?post_type=product&#038;p=617"},"modified":"2026-02-23T13:17:51","modified_gmt":"2026-02-23T16:17:51","slug":"carcasas-portafiltro-sp400","status":"publish","type":"product","link":"https:\/\/sp.com.ar\/sanitaria\/producto\/carcasas-portafiltro-sp400\/","title":{"rendered":"Serie SP400"},"content":{"rendered":"<p><strong>Especificaciones del Producto<\/strong><\/p>\n<p><strong>Materiales de Construcci\u00f3n:<\/strong><\/p>\n<ul>\n<li><strong>Cabezal:<\/strong> Polipropileno Reforzado.<\/li>\n<li><strong>Vaso:<\/strong> Estireno Acrilonitrilo (Transparente), Polipropileno (Opaco).<\/li>\n<li><strong>Soporte de Montaje:<\/strong> Polipropileno.<\/li>\n<li><strong>Juntas T\u00f3ricas (O-rings):<\/strong> Buna-N (est\u00e1ndar); EPDM, Viton (opcional).<\/li>\n<\/ul>\n<p><strong>Dimensiones:<\/strong><\/p>\n<ul>\n<li><strong>Entrada\/Salida:<\/strong> 3\/4&#8243; PT o 3\/4&#8243; NPT.<\/li>\n<\/ul>\n<p><strong>Especificaciones de Rendimiento<\/strong><\/p>\n<p><strong>Presi\u00f3n M\u00e1xima de Operaci\u00f3n:<\/strong><\/p>\n<ul>\n<li>150 psig (10 bar) @ 77\u00b0F (25\u00b0C) en servicio de l\u00edquidos.<\/li>\n<\/ul>\n<p><strong>Materiales Listados por la FDA:<\/strong><\/p>\n<ul>\n<li>Fabricado con materiales que est\u00e1n listados por la FDA para aplicaciones de contacto con alimentos en el T\u00edtulo 21 del C\u00f3digo de Regulaciones Federales de los EE. UU.<\/li>\n<\/ul>\n","protected":false},"excerpt":{"rendered":"<p><strong>Introducci\u00f3n del Producto<\/strong><\/p>\n<p>La carcasa de filtro de la serie SP400 de Filtrafine tiene una compatibilidad qu\u00edmica superior que puede ser ampliamente utilizada en diversas aplicaciones industriales. La serie SP400 cuenta con dos materiales: <strong>SP-P<\/strong> (100% Polipropileno) y <strong>SP-C<\/strong> (Carcasa de Estireno Acrilonitrilo transparente), la cual ofrece una confirmaci\u00f3n visual de un sellado positivo entre el cartucho y la carcasa. La serie EJ ofrece una longitud est\u00e1ndar de 10&#8243; para cartuchos de filtro de doble extremo abierto (DOE) o C\u00f3digo 10.<\/p>\n<ul>\n<li>Los materiales est\u00e1n listados por la FDA.<\/li>\n<li>Fabricado bajo un sistema de calidad certificado ISO 9001 e ISO 14001.<\/li>\n<\/ul>\n","protected":false},"featured_media":1183,"template":"","meta":{"_acf_changed":false,"_joinchat":[]},"product_brand":[],"product_cat":[27],"product_tag":[],"class_list":{"0":"post-617","1":"product","2":"type-product","3":"status-publish","4":"has-post-thumbnail","6":"product_cat-carcasas-porta-filtro-sanitarias","8":"first","9":"instock","10":"shipping-taxable","11":"product-type-simple"},"acf":[],"yoast_head":"<!-- This site is optimized with the Yoast SEO plugin v25.6 - https:\/\/yoast.com\/wordpress\/plugins\/seo\/ -->\n<title>Serie SP400 | SP Separation Processes<\/title>\n<meta name=\"robots\" content=\"index, follow, max-snippet:-1, max-image-preview:large, max-video-preview:-1\" \/>\n<link rel=\"canonical\" href=\"https:\/\/sp.com.ar\/sanitaria\/producto\/carcasas-portafiltro-sp400\/\" \/>\n<meta property=\"og:locale\" content=\"es_ES\" \/>\n<meta property=\"og:type\" content=\"article\" \/>\n<meta property=\"og:title\" content=\"Serie SP400 | SP Separation Processes\" \/>\n<meta property=\"og:description\" content=\"Introducci\u00f3n del Producto  La carcasa de filtro de la serie SP400 de Filtrafine tiene una compatibilidad qu\u00edmica superior que puede ser ampliamente utilizada en diversas aplicaciones industriales. La serie SP400 cuenta con dos materiales: SP-P (100% Polipropileno) y SP-C (Carcasa de Estireno Acrilonitrilo transparente), la cual ofrece una confirmaci\u00f3n visual de un sellado positivo entre el cartucho y la carcasa. La serie EJ ofrece una longitud est\u00e1ndar de 10&quot; para cartuchos de filtro de doble extremo abierto (DOE) o C\u00f3digo 10.   Los materiales est\u00e1n listados por la FDA.  Fabricado bajo un sistema de calidad certificado ISO 9001 e ISO 14001.\" \/>\n<meta property=\"og:url\" content=\"https:\/\/sp.com.ar\/sanitaria\/producto\/carcasas-portafiltro-sp400\/\" \/>\n<meta property=\"og:site_name\" content=\"SP Separation Processes\" \/>\n<meta property=\"article:modified_time\" content=\"2026-02-23T16:17:51+00:00\" \/>\n<meta property=\"og:image\" content=\"https:\/\/sp.com.ar\/sanitaria\/wp-content\/uploads\/2025\/08\/Serie-SP400.png\" \/>\n\t<meta property=\"og:image:width\" content=\"1024\" \/>\n\t<meta property=\"og:image:height\" content=\"1024\" \/>\n\t<meta property=\"og:image:type\" content=\"image\/png\" \/>\n<meta name=\"twitter:card\" content=\"summary_large_image\" \/>\n<script type=\"application\/ld+json\" class=\"yoast-schema-graph\">{\"@context\":\"https:\/\/schema.org\",\"@graph\":[{\"@type\":\"WebPage\",\"@id\":\"https:\/\/sp.com.ar\/sanitaria\/producto\/carcasas-portafiltro-sp400\/\",\"url\":\"https:\/\/sp.com.ar\/sanitaria\/producto\/carcasas-portafiltro-sp400\/\",\"name\":\"Serie SP400 | SP Separation Processes\",\"isPartOf\":{\"@id\":\"https:\/\/sp.com.ar\/sanitaria\/#website\"},\"primaryImageOfPage\":{\"@id\":\"https:\/\/sp.com.ar\/sanitaria\/producto\/carcasas-portafiltro-sp400\/#primaryimage\"},\"image\":{\"@id\":\"https:\/\/sp.com.ar\/sanitaria\/producto\/carcasas-portafiltro-sp400\/#primaryimage\"},\"thumbnailUrl\":\"https:\/\/sp.com.ar\/sanitaria\/wp-content\/uploads\/2025\/08\/Serie-SP400.png\",\"datePublished\":\"2025-08-27T17:05:44+00:00\",\"dateModified\":\"2026-02-23T16:17:51+00:00\",\"breadcrumb\":{\"@id\":\"https:\/\/sp.com.ar\/sanitaria\/producto\/carcasas-portafiltro-sp400\/#breadcrumb\"},\"inLanguage\":\"es\",\"potentialAction\":[{\"@type\":\"ReadAction\",\"target\":[\"https:\/\/sp.com.ar\/sanitaria\/producto\/carcasas-portafiltro-sp400\/\"]}]},{\"@type\":\"ImageObject\",\"inLanguage\":\"es\",\"@id\":\"https:\/\/sp.com.ar\/sanitaria\/producto\/carcasas-portafiltro-sp400\/#primaryimage\",\"url\":\"https:\/\/sp.com.ar\/sanitaria\/wp-content\/uploads\/2025\/08\/Serie-SP400.png\",\"contentUrl\":\"https:\/\/sp.com.ar\/sanitaria\/wp-content\/uploads\/2025\/08\/Serie-SP400.png\",\"width\":1024,\"height\":1024},{\"@type\":\"BreadcrumbList\",\"@id\":\"https:\/\/sp.com.ar\/sanitaria\/producto\/carcasas-portafiltro-sp400\/#breadcrumb\",\"itemListElement\":[{\"@type\":\"ListItem\",\"position\":1,\"name\":\"Portada\",\"item\":\"https:\/\/sp.com.ar\/sanitaria\/\"},{\"@type\":\"ListItem\",\"position\":2,\"name\":\"Productos\",\"item\":\"https:\/\/sp.com.ar\/sanitaria\/productos\/\"},{\"@type\":\"ListItem\",\"position\":3,\"name\":\"Serie SP400\"}]},{\"@type\":\"WebSite\",\"@id\":\"https:\/\/sp.com.ar\/sanitaria\/#website\",\"url\":\"https:\/\/sp.com.ar\/sanitaria\/\",\"name\":\"SP Separation Processes\",\"description\":\"\",\"potentialAction\":[{\"@type\":\"SearchAction\",\"target\":{\"@type\":\"EntryPoint\",\"urlTemplate\":\"https:\/\/sp.com.ar\/sanitaria\/?s={search_term_string}\"},\"query-input\":{\"@type\":\"PropertyValueSpecification\",\"valueRequired\":true,\"valueName\":\"search_term_string\"}}],\"inLanguage\":\"es\"}]}<\/script>\n<!-- \/ Yoast SEO plugin. -->","yoast_head_json":{"title":"Serie SP400 | SP Separation Processes","robots":{"index":"index","follow":"follow","max-snippet":"max-snippet:-1","max-image-preview":"max-image-preview:large","max-video-preview":"max-video-preview:-1"},"canonical":"https:\/\/sp.com.ar\/sanitaria\/producto\/carcasas-portafiltro-sp400\/","og_locale":"es_ES","og_type":"article","og_title":"Serie SP400 | SP Separation Processes","og_description":"Introducci\u00f3n del Producto  La carcasa de filtro de la serie SP400 de Filtrafine tiene una compatibilidad qu\u00edmica superior que puede ser ampliamente utilizada en diversas aplicaciones industriales. La serie SP400 cuenta con dos materiales: SP-P (100% Polipropileno) y SP-C (Carcasa de Estireno Acrilonitrilo transparente), la cual ofrece una confirmaci\u00f3n visual de un sellado positivo entre el cartucho y la carcasa. La serie EJ ofrece una longitud est\u00e1ndar de 10\" para cartuchos de filtro de doble extremo abierto (DOE) o C\u00f3digo 10.   Los materiales est\u00e1n listados por la FDA.  Fabricado bajo un sistema de calidad certificado ISO 9001 e ISO 14001.","og_url":"https:\/\/sp.com.ar\/sanitaria\/producto\/carcasas-portafiltro-sp400\/","og_site_name":"SP Separation Processes","article_modified_time":"2026-02-23T16:17:51+00:00","og_image":[{"width":1024,"height":1024,"url":"https:\/\/sp.com.ar\/sanitaria\/wp-content\/uploads\/2025\/08\/Serie-SP400.png","type":"image\/png"}],"twitter_card":"summary_large_image","schema":{"@context":"https:\/\/schema.org","@graph":[{"@type":"WebPage","@id":"https:\/\/sp.com.ar\/sanitaria\/producto\/carcasas-portafiltro-sp400\/","url":"https:\/\/sp.com.ar\/sanitaria\/producto\/carcasas-portafiltro-sp400\/","name":"Serie SP400 | SP Separation Processes","isPartOf":{"@id":"https:\/\/sp.com.ar\/sanitaria\/#website"},"primaryImageOfPage":{"@id":"https:\/\/sp.com.ar\/sanitaria\/producto\/carcasas-portafiltro-sp400\/#primaryimage"},"image":{"@id":"https:\/\/sp.com.ar\/sanitaria\/producto\/carcasas-portafiltro-sp400\/#primaryimage"},"thumbnailUrl":"https:\/\/sp.com.ar\/sanitaria\/wp-content\/uploads\/2025\/08\/Serie-SP400.png","datePublished":"2025-08-27T17:05:44+00:00","dateModified":"2026-02-23T16:17:51+00:00","breadcrumb":{"@id":"https:\/\/sp.com.ar\/sanitaria\/producto\/carcasas-portafiltro-sp400\/#breadcrumb"},"inLanguage":"es","potentialAction":[{"@type":"ReadAction","target":["https:\/\/sp.com.ar\/sanitaria\/producto\/carcasas-portafiltro-sp400\/"]}]},{"@type":"ImageObject","inLanguage":"es","@id":"https:\/\/sp.com.ar\/sanitaria\/producto\/carcasas-portafiltro-sp400\/#primaryimage","url":"https:\/\/sp.com.ar\/sanitaria\/wp-content\/uploads\/2025\/08\/Serie-SP400.png","contentUrl":"https:\/\/sp.com.ar\/sanitaria\/wp-content\/uploads\/2025\/08\/Serie-SP400.png","width":1024,"height":1024},{"@type":"BreadcrumbList","@id":"https:\/\/sp.com.ar\/sanitaria\/producto\/carcasas-portafiltro-sp400\/#breadcrumb","itemListElement":[{"@type":"ListItem","position":1,"name":"Portada","item":"https:\/\/sp.com.ar\/sanitaria\/"},{"@type":"ListItem","position":2,"name":"Productos","item":"https:\/\/sp.com.ar\/sanitaria\/productos\/"},{"@type":"ListItem","position":3,"name":"Serie SP400"}]},{"@type":"WebSite","@id":"https:\/\/sp.com.ar\/sanitaria\/#website","url":"https:\/\/sp.com.ar\/sanitaria\/","name":"SP Separation Processes","description":"","potentialAction":[{"@type":"SearchAction","target":{"@type":"EntryPoint","urlTemplate":"https:\/\/sp.com.ar\/sanitaria\/?s={search_term_string}"},"query-input":{"@type":"PropertyValueSpecification","valueRequired":true,"valueName":"search_term_string"}}],"inLanguage":"es"}]}},"_links":{"self":[{"href":"https:\/\/sp.com.ar\/sanitaria\/wp-json\/wp\/v2\/product\/617","targetHints":{"allow":["GET"]}}],"collection":[{"href":"https:\/\/sp.com.ar\/sanitaria\/wp-json\/wp\/v2\/product"}],"about":[{"href":"https:\/\/sp.com.ar\/sanitaria\/wp-json\/wp\/v2\/types\/product"}],"wp:featuredmedia":[{"embeddable":true,"href":"https:\/\/sp.com.ar\/sanitaria\/wp-json\/wp\/v2\/media\/1183"}],"wp:attachment":[{"href":"https:\/\/sp.com.ar\/sanitaria\/wp-json\/wp\/v2\/media?parent=617"}],"wp:term":[{"taxonomy":"product_brand","embeddable":true,"href":"https:\/\/sp.com.ar\/sanitaria\/wp-json\/wp\/v2\/product_brand?post=617"},{"taxonomy":"product_cat","embeddable":true,"href":"https:\/\/sp.com.ar\/sanitaria\/wp-json\/wp\/v2\/product_cat?post=617"},{"taxonomy":"product_tag","embeddable":true,"href":"https:\/\/sp.com.ar\/sanitaria\/wp-json\/wp\/v2\/product_tag?post=617"}],"curies":[{"name":"wp","href":"https:\/\/api.w.org\/{rel}","templated":true}]}}