{"id":618,"date":"2025-08-27T15:50:40","date_gmt":"2025-08-27T18:50:40","guid":{"rendered":"https:\/\/sp.disewhost3.com\/sanitaria\/?post_type=product&#038;p=618"},"modified":"2026-02-23T13:19:22","modified_gmt":"2026-02-23T16:19:22","slug":"carcasas-portafiltro-sp444","status":"publish","type":"product","link":"https:\/\/sp.com.ar\/sanitaria\/producto\/carcasas-portafiltro-sp444\/","title":{"rendered":"Serie SP444"},"content":{"rendered":"<p><strong>Especificaciones del Producto<\/strong><\/p>\n<p><strong>Materiales de Construcci\u00f3n<\/strong><\/p>\n<ul>\n<li><strong>Cabezal:<\/strong> Acero inoxidable 304 o 316.<\/li>\n<li><strong>Cuerpo (Shell):<\/strong> Acero inoxidable 304 o 316.<\/li>\n<li><strong>Tap\u00f3n de Venteo:<\/strong> Acero inoxidable 304 o 316.<\/li>\n<li><strong>Tap\u00f3n de Drenaje:<\/strong> Acero inoxidable 304 o 316.<\/li>\n<li><strong>Plato de Asiento de Copa Inferior:<\/strong> Acero inoxidable 304 o 316.<\/li>\n<li><strong>Componentes Internos:<\/strong> Acero inoxidable 304 o 316.<\/li>\n<li><strong>Juntas T\u00f3ricas (O-rings):<\/strong> EPDM (est\u00e1ndar) , Silicona, Viton o Viton encapsulado en Tefl\u00f3n (opcionales).<\/li>\n<\/ul>\n<p>&nbsp;<\/p>\n<p><strong>Dimensiones de Conexi\u00f3n<\/strong><\/p>\n<ul>\n<li><strong>Entrada \/ Salida:<\/strong> 1.5&#8243;, 2&#8243;, 2.5&#8243;, 3&#8243;.<\/li>\n<li><strong>Venteo:<\/strong> 1\/4&#8243; NPT.<\/li>\n<li><strong>Drenaje:<\/strong> 3\/4&#8243; NPT.<\/li>\n<li><strong>Tipos de Conexi\u00f3n:<\/strong> Bridas ANSI, JIS y DIN; Roscas NPT, BSP y PT.<\/li>\n<\/ul>\n<p>&nbsp;<\/p>\n<p><strong>Especificaciones de Rendimiento<\/strong><\/p>\n<ul>\n<li><strong>Presi\u00f3n M\u00e1xima de Operaci\u00f3n:<\/strong> 150 psig (10.3 bar) @ 77\u00b0F (25\u00b0C) en servicio de l\u00edquidos.<\/li>\n<\/ul>\n","protected":false},"excerpt":{"rendered":"<p>Introducci\u00f3n del Producto<\/p>\n<p>La carcasa de filtro de acero inoxidable para m\u00faltiples cartuchos de la serie Filtrafine SP444 proporciona un rendimiento de alto nivel para muchas aplicaciones industriales, tales como prefiltraci\u00f3n para sistemas de \u00f3smosis inversa (RO), sistemas de alimentos y bebidas, post-tratamientos y otros.<\/p>\n<p>La carcasa de la serie SP444 est\u00e1 construida con materiales de acero inoxidable 304, 316 o 316L, lo que otorga una excelente resistencia a la corrosi\u00f3n para la pureza del producto. El innovador sistema de sellado ofrece un reemplazo de cartuchos r\u00e1pido y f\u00e1cil. La carcasa de la serie SP444 es compatible con configuraciones de 3, 5, 7, 9 y 12 cartuchos (rondas) y longitudes de filtro de 10&#8243; a 40&#8243;.<\/p>\n<ul>\n<li>Acabado extra de electropulido para requisitos especiales (opcional).<\/li>\n<li>Fabricado bajo un sistema de calidad certificado ISO 9001.<\/li>\n<\/ul>\n","protected":false},"featured_media":1181,"template":"","meta":{"_acf_changed":false,"_joinchat":[]},"product_brand":[],"product_cat":[27],"product_tag":[],"class_list":{"0":"post-618","1":"product","2":"type-product","3":"status-publish","4":"has-post-thumbnail","6":"product_cat-carcasas-porta-filtro-sanitarias","8":"first","9":"instock","10":"shipping-taxable","11":"product-type-simple"},"acf":[],"yoast_head":"<!-- This site is optimized with the Yoast SEO plugin v25.6 - https:\/\/yoast.com\/wordpress\/plugins\/seo\/ -->\n<title>Serie SP444 | SP Separation Processes<\/title>\n<meta name=\"robots\" content=\"index, follow, max-snippet:-1, max-image-preview:large, max-video-preview:-1\" \/>\n<link rel=\"canonical\" href=\"https:\/\/sp.com.ar\/sanitaria\/producto\/carcasas-portafiltro-sp444\/\" \/>\n<meta property=\"og:locale\" content=\"es_ES\" \/>\n<meta property=\"og:type\" content=\"article\" \/>\n<meta property=\"og:title\" content=\"Serie SP444 | SP Separation Processes\" \/>\n<meta property=\"og:description\" content=\"Introducci\u00f3n del Producto  La carcasa de filtro de acero inoxidable para m\u00faltiples cartuchos de la serie Filtrafine SP444 proporciona un rendimiento de alto nivel para muchas aplicaciones industriales, tales como prefiltraci\u00f3n para sistemas de \u00f3smosis inversa (RO), sistemas de alimentos y bebidas, post-tratamientos y otros.  La carcasa de la serie SP444 est\u00e1 construida con materiales de acero inoxidable 304, 316 o 316L, lo que otorga una excelente resistencia a la corrosi\u00f3n para la pureza del producto. El innovador sistema de sellado ofrece un reemplazo de cartuchos r\u00e1pido y f\u00e1cil. La carcasa de la serie SP444 es compatible con configuraciones de 3, 5, 7, 9 y 12 cartuchos (rondas) y longitudes de filtro de 10&quot; a 40&quot;.   Acabado extra de electropulido para requisitos especiales (opcional).  Fabricado bajo un sistema de calidad certificado ISO 9001.\" \/>\n<meta property=\"og:url\" content=\"https:\/\/sp.com.ar\/sanitaria\/producto\/carcasas-portafiltro-sp444\/\" \/>\n<meta property=\"og:site_name\" content=\"SP Separation Processes\" \/>\n<meta property=\"article:modified_time\" content=\"2026-02-23T16:19:22+00:00\" \/>\n<meta property=\"og:image\" content=\"https:\/\/sp.com.ar\/sanitaria\/wp-content\/uploads\/2025\/08\/Serie-SP444.png\" \/>\n\t<meta property=\"og:image:width\" content=\"1024\" \/>\n\t<meta property=\"og:image:height\" content=\"1024\" \/>\n\t<meta property=\"og:image:type\" content=\"image\/png\" \/>\n<meta name=\"twitter:card\" content=\"summary_large_image\" \/>\n<meta name=\"twitter:label1\" content=\"Tiempo de lectura\" \/>\n\t<meta name=\"twitter:data1\" content=\"1 minuto\" \/>\n<script type=\"application\/ld+json\" class=\"yoast-schema-graph\">{\"@context\":\"https:\/\/schema.org\",\"@graph\":[{\"@type\":\"WebPage\",\"@id\":\"https:\/\/sp.com.ar\/sanitaria\/producto\/carcasas-portafiltro-sp444\/\",\"url\":\"https:\/\/sp.com.ar\/sanitaria\/producto\/carcasas-portafiltro-sp444\/\",\"name\":\"Serie SP444 | SP Separation Processes\",\"isPartOf\":{\"@id\":\"https:\/\/sp.com.ar\/sanitaria\/#website\"},\"primaryImageOfPage\":{\"@id\":\"https:\/\/sp.com.ar\/sanitaria\/producto\/carcasas-portafiltro-sp444\/#primaryimage\"},\"image\":{\"@id\":\"https:\/\/sp.com.ar\/sanitaria\/producto\/carcasas-portafiltro-sp444\/#primaryimage\"},\"thumbnailUrl\":\"https:\/\/sp.com.ar\/sanitaria\/wp-content\/uploads\/2025\/08\/Serie-SP444.png\",\"datePublished\":\"2025-08-27T18:50:40+00:00\",\"dateModified\":\"2026-02-23T16:19:22+00:00\",\"breadcrumb\":{\"@id\":\"https:\/\/sp.com.ar\/sanitaria\/producto\/carcasas-portafiltro-sp444\/#breadcrumb\"},\"inLanguage\":\"es\",\"potentialAction\":[{\"@type\":\"ReadAction\",\"target\":[\"https:\/\/sp.com.ar\/sanitaria\/producto\/carcasas-portafiltro-sp444\/\"]}]},{\"@type\":\"ImageObject\",\"inLanguage\":\"es\",\"@id\":\"https:\/\/sp.com.ar\/sanitaria\/producto\/carcasas-portafiltro-sp444\/#primaryimage\",\"url\":\"https:\/\/sp.com.ar\/sanitaria\/wp-content\/uploads\/2025\/08\/Serie-SP444.png\",\"contentUrl\":\"https:\/\/sp.com.ar\/sanitaria\/wp-content\/uploads\/2025\/08\/Serie-SP444.png\",\"width\":1024,\"height\":1024},{\"@type\":\"BreadcrumbList\",\"@id\":\"https:\/\/sp.com.ar\/sanitaria\/producto\/carcasas-portafiltro-sp444\/#breadcrumb\",\"itemListElement\":[{\"@type\":\"ListItem\",\"position\":1,\"name\":\"Portada\",\"item\":\"https:\/\/sp.com.ar\/sanitaria\/\"},{\"@type\":\"ListItem\",\"position\":2,\"name\":\"Productos\",\"item\":\"https:\/\/sp.com.ar\/sanitaria\/productos\/\"},{\"@type\":\"ListItem\",\"position\":3,\"name\":\"Serie SP444\"}]},{\"@type\":\"WebSite\",\"@id\":\"https:\/\/sp.com.ar\/sanitaria\/#website\",\"url\":\"https:\/\/sp.com.ar\/sanitaria\/\",\"name\":\"SP Separation Processes\",\"description\":\"\",\"potentialAction\":[{\"@type\":\"SearchAction\",\"target\":{\"@type\":\"EntryPoint\",\"urlTemplate\":\"https:\/\/sp.com.ar\/sanitaria\/?s={search_term_string}\"},\"query-input\":{\"@type\":\"PropertyValueSpecification\",\"valueRequired\":true,\"valueName\":\"search_term_string\"}}],\"inLanguage\":\"es\"}]}<\/script>\n<!-- \/ Yoast SEO plugin. -->","yoast_head_json":{"title":"Serie SP444 | SP Separation Processes","robots":{"index":"index","follow":"follow","max-snippet":"max-snippet:-1","max-image-preview":"max-image-preview:large","max-video-preview":"max-video-preview:-1"},"canonical":"https:\/\/sp.com.ar\/sanitaria\/producto\/carcasas-portafiltro-sp444\/","og_locale":"es_ES","og_type":"article","og_title":"Serie SP444 | SP Separation Processes","og_description":"Introducci\u00f3n del Producto  La carcasa de filtro de acero inoxidable para m\u00faltiples cartuchos de la serie Filtrafine SP444 proporciona un rendimiento de alto nivel para muchas aplicaciones industriales, tales como prefiltraci\u00f3n para sistemas de \u00f3smosis inversa (RO), sistemas de alimentos y bebidas, post-tratamientos y otros.  La carcasa de la serie SP444 est\u00e1 construida con materiales de acero inoxidable 304, 316 o 316L, lo que otorga una excelente resistencia a la corrosi\u00f3n para la pureza del producto. El innovador sistema de sellado ofrece un reemplazo de cartuchos r\u00e1pido y f\u00e1cil. La carcasa de la serie SP444 es compatible con configuraciones de 3, 5, 7, 9 y 12 cartuchos (rondas) y longitudes de filtro de 10\" a 40\".   Acabado extra de electropulido para requisitos especiales (opcional).  Fabricado bajo un sistema de calidad certificado ISO 9001.","og_url":"https:\/\/sp.com.ar\/sanitaria\/producto\/carcasas-portafiltro-sp444\/","og_site_name":"SP Separation Processes","article_modified_time":"2026-02-23T16:19:22+00:00","og_image":[{"width":1024,"height":1024,"url":"https:\/\/sp.com.ar\/sanitaria\/wp-content\/uploads\/2025\/08\/Serie-SP444.png","type":"image\/png"}],"twitter_card":"summary_large_image","twitter_misc":{"Tiempo de lectura":"1 minuto"},"schema":{"@context":"https:\/\/schema.org","@graph":[{"@type":"WebPage","@id":"https:\/\/sp.com.ar\/sanitaria\/producto\/carcasas-portafiltro-sp444\/","url":"https:\/\/sp.com.ar\/sanitaria\/producto\/carcasas-portafiltro-sp444\/","name":"Serie SP444 | SP Separation Processes","isPartOf":{"@id":"https:\/\/sp.com.ar\/sanitaria\/#website"},"primaryImageOfPage":{"@id":"https:\/\/sp.com.ar\/sanitaria\/producto\/carcasas-portafiltro-sp444\/#primaryimage"},"image":{"@id":"https:\/\/sp.com.ar\/sanitaria\/producto\/carcasas-portafiltro-sp444\/#primaryimage"},"thumbnailUrl":"https:\/\/sp.com.ar\/sanitaria\/wp-content\/uploads\/2025\/08\/Serie-SP444.png","datePublished":"2025-08-27T18:50:40+00:00","dateModified":"2026-02-23T16:19:22+00:00","breadcrumb":{"@id":"https:\/\/sp.com.ar\/sanitaria\/producto\/carcasas-portafiltro-sp444\/#breadcrumb"},"inLanguage":"es","potentialAction":[{"@type":"ReadAction","target":["https:\/\/sp.com.ar\/sanitaria\/producto\/carcasas-portafiltro-sp444\/"]}]},{"@type":"ImageObject","inLanguage":"es","@id":"https:\/\/sp.com.ar\/sanitaria\/producto\/carcasas-portafiltro-sp444\/#primaryimage","url":"https:\/\/sp.com.ar\/sanitaria\/wp-content\/uploads\/2025\/08\/Serie-SP444.png","contentUrl":"https:\/\/sp.com.ar\/sanitaria\/wp-content\/uploads\/2025\/08\/Serie-SP444.png","width":1024,"height":1024},{"@type":"BreadcrumbList","@id":"https:\/\/sp.com.ar\/sanitaria\/producto\/carcasas-portafiltro-sp444\/#breadcrumb","itemListElement":[{"@type":"ListItem","position":1,"name":"Portada","item":"https:\/\/sp.com.ar\/sanitaria\/"},{"@type":"ListItem","position":2,"name":"Productos","item":"https:\/\/sp.com.ar\/sanitaria\/productos\/"},{"@type":"ListItem","position":3,"name":"Serie SP444"}]},{"@type":"WebSite","@id":"https:\/\/sp.com.ar\/sanitaria\/#website","url":"https:\/\/sp.com.ar\/sanitaria\/","name":"SP Separation Processes","description":"","potentialAction":[{"@type":"SearchAction","target":{"@type":"EntryPoint","urlTemplate":"https:\/\/sp.com.ar\/sanitaria\/?s={search_term_string}"},"query-input":{"@type":"PropertyValueSpecification","valueRequired":true,"valueName":"search_term_string"}}],"inLanguage":"es"}]}},"_links":{"self":[{"href":"https:\/\/sp.com.ar\/sanitaria\/wp-json\/wp\/v2\/product\/618","targetHints":{"allow":["GET"]}}],"collection":[{"href":"https:\/\/sp.com.ar\/sanitaria\/wp-json\/wp\/v2\/product"}],"about":[{"href":"https:\/\/sp.com.ar\/sanitaria\/wp-json\/wp\/v2\/types\/product"}],"wp:featuredmedia":[{"embeddable":true,"href":"https:\/\/sp.com.ar\/sanitaria\/wp-json\/wp\/v2\/media\/1181"}],"wp:attachment":[{"href":"https:\/\/sp.com.ar\/sanitaria\/wp-json\/wp\/v2\/media?parent=618"}],"wp:term":[{"taxonomy":"product_brand","embeddable":true,"href":"https:\/\/sp.com.ar\/sanitaria\/wp-json\/wp\/v2\/product_brand?post=618"},{"taxonomy":"product_cat","embeddable":true,"href":"https:\/\/sp.com.ar\/sanitaria\/wp-json\/wp\/v2\/product_cat?post=618"},{"taxonomy":"product_tag","embeddable":true,"href":"https:\/\/sp.com.ar\/sanitaria\/wp-json\/wp\/v2\/product_tag?post=618"}],"curies":[{"name":"wp","href":"https:\/\/api.w.org\/{rel}","templated":true}]}}