{"id":620,"date":"2025-08-27T16:34:00","date_gmt":"2025-08-27T19:34:00","guid":{"rendered":"https:\/\/sp.disewhost3.com\/sanitaria\/?post_type=product&#038;p=620"},"modified":"2025-11-21T11:30:39","modified_gmt":"2025-11-21T14:30:39","slug":"03-supapleat-ii","status":"publish","type":"product","link":"https:\/\/sp.com.ar\/sanitaria\/producto\/03-supapleat-ii\/","title":{"rendered":"03 \u2013 SupaPleat II"},"content":{"rendered":"<p data-start=\"1462\" data-end=\"2044\">Cada <strong data-start=\"1467\" data-end=\"1492\">cartucho SupaPleat II<\/strong> est\u00e1 fabricado \u00edntegramente en <strong data-start=\"1524\" data-end=\"1546\">polipropileno (PP)<\/strong>, tanto en su <strong data-start=\"1560\" data-end=\"1604\">n\u00facleo interno, tapas y jaula de soporte<\/strong>, los cuales son <strong data-start=\"1621\" data-end=\"1670\">soldados t\u00e9rmicamente sin el uso de adhesivos<\/strong>. Esta caracter\u00edstica elimina el riesgo de <strong data-start=\"1713\" data-end=\"1757\">extractables y contaminantes secundarios<\/strong>, asegurando la pureza del filtrado y la compatibilidad con una amplia gama de fluidos industriales, qu\u00edmicos y alimentarios. La fabricaci\u00f3n sin pegamentos ni resinas garantiza la <strong data-start=\"1937\" data-end=\"1984\">integridad estructural y qu\u00edmica del filtro<\/strong>, incluso bajo condiciones t\u00e9rmicas o mec\u00e1nicas exigentes.<\/p>\n<p data-start=\"2046\" data-end=\"2165\">Los <strong data-start=\"2050\" data-end=\"2076\">cartuchos SupaPleat II<\/strong> se ofrecen con <strong data-start=\"2092\" data-end=\"2127\">tres tipos de medios filtrantes<\/strong> adaptados a distintas aplicaciones:<\/p>\n<ol data-start=\"2166\" data-end=\"2779\">\n<li data-start=\"2166\" data-end=\"2385\">\n<p data-start=\"2169\" data-end=\"2385\"><strong data-start=\"2169\" data-end=\"2192\">Polipropileno (PP):<\/strong> disponible en versiones est\u00e1ndar, de vida extendida y con un grado espec\u00edfico para la eliminaci\u00f3n de <strong data-start=\"2294\" data-end=\"2313\">Cryptosporidium<\/strong>, ideal para aplicaciones en agua embotellada y procesos alimentarios.<\/p>\n<\/li>\n<li data-start=\"2386\" data-end=\"2587\">\n<p data-start=\"2389\" data-end=\"2587\"><strong data-start=\"2389\" data-end=\"2419\">Microfibra de vidrio (GP):<\/strong> dise\u00f1ada para aplicaciones con <strong data-start=\"2451\" data-end=\"2477\">alta carga de suciedad<\/strong>, donde se requiere gran capacidad de retenci\u00f3n y excelente eficiencia en la separaci\u00f3n de part\u00edculas finas.<\/p>\n<\/li>\n<li data-start=\"2588\" data-end=\"2779\">\n<p data-start=\"2591\" data-end=\"2779\"><strong data-start=\"2591\" data-end=\"2630\">Malla monofilamento de nailon (MP):<\/strong> indicada para <strong data-start=\"2645\" data-end=\"2675\">altas velocidades de flujo<\/strong> y situaciones donde se necesita <strong data-start=\"2708\" data-end=\"2733\">baja ca\u00edda de presi\u00f3n<\/strong> sin comprometer la eficiencia de retenci\u00f3n.<\/p>\n<\/li>\n<\/ol>\n<p data-start=\"2781\" data-end=\"3189\">El proceso de fabricaci\u00f3n de los <strong data-start=\"2814\" data-end=\"2840\">cartuchos SupaPleat II<\/strong> utiliza un <strong data-start=\"2852\" data-end=\"2901\">soporte de una sola pieza de alta resistencia<\/strong>, con la opci\u00f3n de incorporar un <strong data-start=\"2934\" data-end=\"2954\">n\u00facleo reforzado<\/strong> para incrementar la estabilidad t\u00e9rmica en aplicaciones donde se alcanzan temperaturas elevadas. Este dise\u00f1o mejora la durabilidad del cartucho y reduce el riesgo de colapso o deformaci\u00f3n durante los ciclos de operaci\u00f3n prolongados.<\/p>\n<p data-start=\"3191\" data-end=\"3704\">Los <strong data-start=\"3195\" data-end=\"3221\">cartuchos SupaPleat II<\/strong> presentan <strong data-start=\"3232\" data-end=\"3267\">eficiencia absoluta (Beta 5000)<\/strong>, lo que equivale a una <strong data-start=\"3291\" data-end=\"3330\">eficiencia de retenci\u00f3n del 99,98 %<\/strong>, disponible en un rango de <strong data-start=\"3358\" data-end=\"3391\">micronajes de 0,5 \u00b5m a 400 \u00b5m<\/strong>. Esto los hace aptos tanto para filtraciones de precisi\u00f3n como para procesos de clarificaci\u00f3n o prefiltraci\u00f3n. Adem\u00e1s, su compatibilidad qu\u00edmica es muy amplia, permitiendo su uso en una gran variedad de fluidos, desde <strong data-start=\"3610\" data-end=\"3656\">agua desmineralizada y solventes org\u00e1nicos<\/strong> hasta productos alimentarios y farmac\u00e9uticos.<\/p>\n<h3 data-start=\"4619\" data-end=\"4659\"><strong data-start=\"4623\" data-end=\"4659\">Caracter\u00edsticas del SupaPleat II<\/strong><\/h3>\n<ul data-start=\"4661\" data-end=\"5010\">\n<li data-start=\"4661\" data-end=\"4740\">\n<p data-start=\"4663\" data-end=\"4740\"><strong data-start=\"4663\" data-end=\"4688\">Micronajes absolutos:<\/strong> 0,5\u201390 \u00b5m (PP\/GP) y 100\u2013400 \u00b5m (malla de nailon).<\/p>\n<\/li>\n<li data-start=\"4741\" data-end=\"4826\">\n<p data-start=\"4743\" data-end=\"4826\"><strong data-start=\"4743\" data-end=\"4777\">Eficiencia Beta 5000 (99,98 %)<\/strong> para un rendimiento de filtraci\u00f3n garantizado.<\/p>\n<\/li>\n<li data-start=\"4827\" data-end=\"4876\">\n<p data-start=\"4829\" data-end=\"4876\"><strong data-start=\"4829\" data-end=\"4853\">Longitudes est\u00e1ndar:<\/strong> 10\u201d, 20\u201d, 30\u201d y 40\u201d.<\/p>\n<\/li>\n<li data-start=\"4877\" data-end=\"4910\">\n<p data-start=\"4879\" data-end=\"4910\"><strong data-start=\"4879\" data-end=\"4901\">Di\u00e1metro exterior:<\/strong> 66 mm.<\/p>\n<\/li>\n<li data-start=\"4911\" data-end=\"4946\">\n<p data-start=\"4913\" data-end=\"4946\"><strong data-start=\"4913\" data-end=\"4937\">Di\u00e1metro del n\u00facleo:<\/strong> 27 mm.<\/p>\n<\/li>\n<li data-start=\"4947\" data-end=\"5010\">\n<p data-start=\"4949\" data-end=\"5010\"><strong data-start=\"4949\" data-end=\"4972\">Sellos disponibles:<\/strong> Buna, EPDM, silicona, PTFE y Viton.<\/p>\n<\/li>\n<\/ul>\n<h3 data-start=\"5012\" data-end=\"5057\"><strong data-start=\"5016\" data-end=\"5057\">Aplicaciones t\u00edpicas del SupaPleat II<\/strong><\/h3>\n<p data-start=\"5059\" data-end=\"5155\">Los <strong data-start=\"5063\" data-end=\"5089\">cartuchos SupaPleat II<\/strong> tienen una amplia gama de aplicaciones, entre las que destacan:<\/p>\n<ul data-start=\"5156\" data-end=\"5635\">\n<li data-start=\"5156\" data-end=\"5341\">\n<p data-start=\"5158\" data-end=\"5341\"><strong data-start=\"5158\" data-end=\"5182\">Alimentos y bebidas:<\/strong> clarificaci\u00f3n de agua embotellada, cerveza, vino y concentrados; filtraci\u00f3n en l\u00edneas de pulido; eliminaci\u00f3n de <strong data-start=\"5295\" data-end=\"5314\">Cryptosporidium<\/strong> y otros microorganismos.<\/p>\n<\/li>\n<li data-start=\"5342\" data-end=\"5481\">\n<p data-start=\"5344\" data-end=\"5481\"><strong data-start=\"5344\" data-end=\"5371\">Industria farmac\u00e9utica:<\/strong> prefiltraci\u00f3n de <strong data-start=\"5389\" data-end=\"5451\">agua de alimentaci\u00f3n, disolventes y soluciones intermedias<\/strong> en procesos de fabricaci\u00f3n.<\/p>\n<\/li>\n<li data-start=\"5482\" data-end=\"5635\">\n<p data-start=\"5484\" data-end=\"5635\"><strong data-start=\"5484\" data-end=\"5508\">Tratamiento de agua:<\/strong> etapas previas a sistemas de <strong data-start=\"5538\" data-end=\"5604\">\u00f3smosis inversa, protecci\u00f3n de l\u00e1mparas UV y trampas de resina<\/strong> en sistemas de purificaci\u00f3n.<\/p>\n<\/li>\n<\/ul>\n","protected":false},"excerpt":{"rendered":"<p data-start=\"422\" data-end=\"869\">Los <strong data-start=\"426\" data-end=\"452\">cartuchos SupaPleat II<\/strong> han sido dise\u00f1ados para cumplir con las exigencias de <strong data-start=\"507\" data-end=\"548\">procesos industriales de alta demanda<\/strong>, donde se requiere una <strong data-start=\"572\" data-end=\"649\">filtraci\u00f3n confiable, eficiente y con la menor p\u00e9rdida de presi\u00f3n posible<\/strong>. Su dise\u00f1o avanzado y su estructura plisada permiten <strong data-start=\"703\" data-end=\"751\">maximizar la superficie filtrante disponible<\/strong>, optimizando el rendimiento del sistema y garantizando una operaci\u00f3n m\u00e1s estable y econ\u00f3mica a lo largo del tiempo.<\/p>\n<p data-start=\"871\" data-end=\"1460\">El dise\u00f1o de los <strong data-start=\"888\" data-end=\"914\">cartuchos SupaPleat II<\/strong> incorpora una <strong data-start=\"929\" data-end=\"973\">geometr\u00eda de pliegues uniforme y precisa<\/strong>, que aumenta la superficie efectiva de filtraci\u00f3n sin incrementar el tama\u00f1o del cartucho. Esta construcci\u00f3n <strong data-start=\"1082\" data-end=\"1093\">plisada<\/strong> facilita la distribuci\u00f3n del flujo de fluido a trav\u00e9s del medio filtrante, minimizando la ca\u00edda de presi\u00f3n inicial y evitando puntos de saturaci\u00f3n prematuros. De este modo, los <strong data-start=\"1271\" data-end=\"1297\">cartuchos SupaPleat II<\/strong> ofrecen una <strong data-start=\"1310\" data-end=\"1356\">mayor capacidad de retenci\u00f3n de part\u00edculas<\/strong> y una vida \u00fatil prolongada en comparaci\u00f3n con los filtros tradicionales de profundidad o capa simple.<\/p>\n","protected":false},"featured_media":1034,"template":"","meta":{"_acf_changed":false,"_joinchat":[]},"product_brand":[],"product_cat":[24],"product_tag":[],"class_list":{"0":"post-620","1":"product","2":"type-product","3":"status-publish","4":"has-post-thumbnail","6":"product_cat-cartuchos-y-capsulas-filtrantes","8":"first","9":"instock","10":"shipping-taxable","11":"product-type-simple"},"acf":[],"yoast_head":"<!-- This site is optimized with the Yoast SEO plugin v25.6 - https:\/\/yoast.com\/wordpress\/plugins\/seo\/ -->\n<title>03 \u2013 SupaPleat II | SP Separation Processes<\/title>\n<meta name=\"robots\" content=\"index, follow, max-snippet:-1, max-image-preview:large, max-video-preview:-1\" \/>\n<link rel=\"canonical\" href=\"https:\/\/sp.com.ar\/sanitaria\/producto\/03-supapleat-ii\/\" \/>\n<meta property=\"og:locale\" content=\"es_ES\" \/>\n<meta property=\"og:type\" content=\"article\" \/>\n<meta property=\"og:title\" content=\"03 \u2013 SupaPleat II | SP Separation Processes\" \/>\n<meta property=\"og:description\" content=\"Los cartuchos SupaPleat II han sido dise\u00f1ados para cumplir con las exigencias de procesos industriales de alta demanda, donde se requiere una filtraci\u00f3n confiable, eficiente y con la menor p\u00e9rdida de presi\u00f3n posible. Su dise\u00f1o avanzado y su estructura plisada permiten maximizar la superficie filtrante disponible, optimizando el rendimiento del sistema y garantizando una operaci\u00f3n m\u00e1s estable y econ\u00f3mica a lo largo del tiempo. El dise\u00f1o de los cartuchos SupaPleat II incorpora una geometr\u00eda de pliegues uniforme y precisa, que aumenta la superficie efectiva de filtraci\u00f3n sin incrementar el tama\u00f1o del cartucho. Esta construcci\u00f3n plisada facilita la distribuci\u00f3n del flujo de fluido a trav\u00e9s del medio filtrante, minimizando la ca\u00edda de presi\u00f3n inicial y evitando puntos de saturaci\u00f3n prematuros. De este modo, los cartuchos SupaPleat II ofrecen una mayor capacidad de retenci\u00f3n de part\u00edculas y una vida \u00fatil prolongada en comparaci\u00f3n con los filtros tradicionales de profundidad o capa simple.\" \/>\n<meta property=\"og:url\" content=\"https:\/\/sp.com.ar\/sanitaria\/producto\/03-supapleat-ii\/\" \/>\n<meta property=\"og:site_name\" content=\"SP Separation Processes\" \/>\n<meta property=\"article:modified_time\" content=\"2025-11-21T14:30:39+00:00\" \/>\n<meta property=\"og:image\" content=\"https:\/\/sp.com.ar\/sanitaria\/wp-content\/uploads\/2025\/08\/03-SUPAPLEAT-II-2.png\" \/>\n\t<meta property=\"og:image:width\" content=\"1200\" \/>\n\t<meta property=\"og:image:height\" content=\"1200\" \/>\n\t<meta property=\"og:image:type\" content=\"image\/png\" \/>\n<meta name=\"twitter:card\" content=\"summary_large_image\" \/>\n<meta name=\"twitter:label1\" content=\"Tiempo de lectura\" \/>\n\t<meta name=\"twitter:data1\" content=\"2 minutos\" \/>\n<script type=\"application\/ld+json\" class=\"yoast-schema-graph\">{\"@context\":\"https:\/\/schema.org\",\"@graph\":[{\"@type\":\"WebPage\",\"@id\":\"https:\/\/sp.com.ar\/sanitaria\/producto\/03-supapleat-ii\/\",\"url\":\"https:\/\/sp.com.ar\/sanitaria\/producto\/03-supapleat-ii\/\",\"name\":\"03 \u2013 SupaPleat II | SP Separation Processes\",\"isPartOf\":{\"@id\":\"https:\/\/sp.com.ar\/sanitaria\/#website\"},\"primaryImageOfPage\":{\"@id\":\"https:\/\/sp.com.ar\/sanitaria\/producto\/03-supapleat-ii\/#primaryimage\"},\"image\":{\"@id\":\"https:\/\/sp.com.ar\/sanitaria\/producto\/03-supapleat-ii\/#primaryimage\"},\"thumbnailUrl\":\"https:\/\/sp.com.ar\/sanitaria\/wp-content\/uploads\/2025\/08\/03-SUPAPLEAT-II-2.png\",\"datePublished\":\"2025-08-27T19:34:00+00:00\",\"dateModified\":\"2025-11-21T14:30:39+00:00\",\"breadcrumb\":{\"@id\":\"https:\/\/sp.com.ar\/sanitaria\/producto\/03-supapleat-ii\/#breadcrumb\"},\"inLanguage\":\"es\",\"potentialAction\":[{\"@type\":\"ReadAction\",\"target\":[\"https:\/\/sp.com.ar\/sanitaria\/producto\/03-supapleat-ii\/\"]}]},{\"@type\":\"ImageObject\",\"inLanguage\":\"es\",\"@id\":\"https:\/\/sp.com.ar\/sanitaria\/producto\/03-supapleat-ii\/#primaryimage\",\"url\":\"https:\/\/sp.com.ar\/sanitaria\/wp-content\/uploads\/2025\/08\/03-SUPAPLEAT-II-2.png\",\"contentUrl\":\"https:\/\/sp.com.ar\/sanitaria\/wp-content\/uploads\/2025\/08\/03-SUPAPLEAT-II-2.png\",\"width\":1200,\"height\":1200,\"caption\":\"supapleat II\"},{\"@type\":\"BreadcrumbList\",\"@id\":\"https:\/\/sp.com.ar\/sanitaria\/producto\/03-supapleat-ii\/#breadcrumb\",\"itemListElement\":[{\"@type\":\"ListItem\",\"position\":1,\"name\":\"Portada\",\"item\":\"https:\/\/sp.com.ar\/sanitaria\/\"},{\"@type\":\"ListItem\",\"position\":2,\"name\":\"Productos\",\"item\":\"https:\/\/sp.com.ar\/sanitaria\/productos\/\"},{\"@type\":\"ListItem\",\"position\":3,\"name\":\"03 \u2013 SupaPleat II\"}]},{\"@type\":\"WebSite\",\"@id\":\"https:\/\/sp.com.ar\/sanitaria\/#website\",\"url\":\"https:\/\/sp.com.ar\/sanitaria\/\",\"name\":\"SP Separation Processes\",\"description\":\"\",\"potentialAction\":[{\"@type\":\"SearchAction\",\"target\":{\"@type\":\"EntryPoint\",\"urlTemplate\":\"https:\/\/sp.com.ar\/sanitaria\/?s={search_term_string}\"},\"query-input\":{\"@type\":\"PropertyValueSpecification\",\"valueRequired\":true,\"valueName\":\"search_term_string\"}}],\"inLanguage\":\"es\"}]}<\/script>\n<!-- \/ Yoast SEO plugin. -->","yoast_head_json":{"title":"03 \u2013 SupaPleat II | SP Separation Processes","robots":{"index":"index","follow":"follow","max-snippet":"max-snippet:-1","max-image-preview":"max-image-preview:large","max-video-preview":"max-video-preview:-1"},"canonical":"https:\/\/sp.com.ar\/sanitaria\/producto\/03-supapleat-ii\/","og_locale":"es_ES","og_type":"article","og_title":"03 \u2013 SupaPleat II | SP Separation Processes","og_description":"Los cartuchos SupaPleat II han sido dise\u00f1ados para cumplir con las exigencias de procesos industriales de alta demanda, donde se requiere una filtraci\u00f3n confiable, eficiente y con la menor p\u00e9rdida de presi\u00f3n posible. Su dise\u00f1o avanzado y su estructura plisada permiten maximizar la superficie filtrante disponible, optimizando el rendimiento del sistema y garantizando una operaci\u00f3n m\u00e1s estable y econ\u00f3mica a lo largo del tiempo. El dise\u00f1o de los cartuchos SupaPleat II incorpora una geometr\u00eda de pliegues uniforme y precisa, que aumenta la superficie efectiva de filtraci\u00f3n sin incrementar el tama\u00f1o del cartucho. Esta construcci\u00f3n plisada facilita la distribuci\u00f3n del flujo de fluido a trav\u00e9s del medio filtrante, minimizando la ca\u00edda de presi\u00f3n inicial y evitando puntos de saturaci\u00f3n prematuros. De este modo, los cartuchos SupaPleat II ofrecen una mayor capacidad de retenci\u00f3n de part\u00edculas y una vida \u00fatil prolongada en comparaci\u00f3n con los filtros tradicionales de profundidad o capa simple.","og_url":"https:\/\/sp.com.ar\/sanitaria\/producto\/03-supapleat-ii\/","og_site_name":"SP Separation Processes","article_modified_time":"2025-11-21T14:30:39+00:00","og_image":[{"width":1200,"height":1200,"url":"https:\/\/sp.com.ar\/sanitaria\/wp-content\/uploads\/2025\/08\/03-SUPAPLEAT-II-2.png","type":"image\/png"}],"twitter_card":"summary_large_image","twitter_misc":{"Tiempo de lectura":"2 minutos"},"schema":{"@context":"https:\/\/schema.org","@graph":[{"@type":"WebPage","@id":"https:\/\/sp.com.ar\/sanitaria\/producto\/03-supapleat-ii\/","url":"https:\/\/sp.com.ar\/sanitaria\/producto\/03-supapleat-ii\/","name":"03 \u2013 SupaPleat II | SP Separation Processes","isPartOf":{"@id":"https:\/\/sp.com.ar\/sanitaria\/#website"},"primaryImageOfPage":{"@id":"https:\/\/sp.com.ar\/sanitaria\/producto\/03-supapleat-ii\/#primaryimage"},"image":{"@id":"https:\/\/sp.com.ar\/sanitaria\/producto\/03-supapleat-ii\/#primaryimage"},"thumbnailUrl":"https:\/\/sp.com.ar\/sanitaria\/wp-content\/uploads\/2025\/08\/03-SUPAPLEAT-II-2.png","datePublished":"2025-08-27T19:34:00+00:00","dateModified":"2025-11-21T14:30:39+00:00","breadcrumb":{"@id":"https:\/\/sp.com.ar\/sanitaria\/producto\/03-supapleat-ii\/#breadcrumb"},"inLanguage":"es","potentialAction":[{"@type":"ReadAction","target":["https:\/\/sp.com.ar\/sanitaria\/producto\/03-supapleat-ii\/"]}]},{"@type":"ImageObject","inLanguage":"es","@id":"https:\/\/sp.com.ar\/sanitaria\/producto\/03-supapleat-ii\/#primaryimage","url":"https:\/\/sp.com.ar\/sanitaria\/wp-content\/uploads\/2025\/08\/03-SUPAPLEAT-II-2.png","contentUrl":"https:\/\/sp.com.ar\/sanitaria\/wp-content\/uploads\/2025\/08\/03-SUPAPLEAT-II-2.png","width":1200,"height":1200,"caption":"supapleat II"},{"@type":"BreadcrumbList","@id":"https:\/\/sp.com.ar\/sanitaria\/producto\/03-supapleat-ii\/#breadcrumb","itemListElement":[{"@type":"ListItem","position":1,"name":"Portada","item":"https:\/\/sp.com.ar\/sanitaria\/"},{"@type":"ListItem","position":2,"name":"Productos","item":"https:\/\/sp.com.ar\/sanitaria\/productos\/"},{"@type":"ListItem","position":3,"name":"03 \u2013 SupaPleat II"}]},{"@type":"WebSite","@id":"https:\/\/sp.com.ar\/sanitaria\/#website","url":"https:\/\/sp.com.ar\/sanitaria\/","name":"SP Separation Processes","description":"","potentialAction":[{"@type":"SearchAction","target":{"@type":"EntryPoint","urlTemplate":"https:\/\/sp.com.ar\/sanitaria\/?s={search_term_string}"},"query-input":{"@type":"PropertyValueSpecification","valueRequired":true,"valueName":"search_term_string"}}],"inLanguage":"es"}]}},"_links":{"self":[{"href":"https:\/\/sp.com.ar\/sanitaria\/wp-json\/wp\/v2\/product\/620","targetHints":{"allow":["GET"]}}],"collection":[{"href":"https:\/\/sp.com.ar\/sanitaria\/wp-json\/wp\/v2\/product"}],"about":[{"href":"https:\/\/sp.com.ar\/sanitaria\/wp-json\/wp\/v2\/types\/product"}],"wp:featuredmedia":[{"embeddable":true,"href":"https:\/\/sp.com.ar\/sanitaria\/wp-json\/wp\/v2\/media\/1034"}],"wp:attachment":[{"href":"https:\/\/sp.com.ar\/sanitaria\/wp-json\/wp\/v2\/media?parent=620"}],"wp:term":[{"taxonomy":"product_brand","embeddable":true,"href":"https:\/\/sp.com.ar\/sanitaria\/wp-json\/wp\/v2\/product_brand?post=620"},{"taxonomy":"product_cat","embeddable":true,"href":"https:\/\/sp.com.ar\/sanitaria\/wp-json\/wp\/v2\/product_cat?post=620"},{"taxonomy":"product_tag","embeddable":true,"href":"https:\/\/sp.com.ar\/sanitaria\/wp-json\/wp\/v2\/product_tag?post=620"}],"curies":[{"name":"wp","href":"https:\/\/api.w.org\/{rel}","templated":true}]}}