{"id":636,"date":"2025-08-28T10:06:46","date_gmt":"2025-08-28T13:06:46","guid":{"rendered":"https:\/\/sp.disewhost3.com\/sanitaria\/?post_type=product&#038;p=636"},"modified":"2025-11-21T11:31:34","modified_gmt":"2025-11-21T14:31:34","slug":"03bb-supapleat-b-blue","status":"publish","type":"product","link":"https:\/\/sp.com.ar\/sanitaria\/producto\/03bb-supapleat-b-blue\/","title":{"rendered":"03BB \u2013 SupaPleat\u202fB Blue"},"content":{"rendered":"<p data-start=\"1335\" data-end=\"1718\">La <strong data-start=\"1338\" data-end=\"1399\">geometr\u00eda optimizada de los pliegues del SupaPleat B Blue<\/strong> garantiza una distribuci\u00f3n homog\u00e9nea del flujo, reduciendo los puntos de obstrucci\u00f3n y evitando el colapso del medio filtrante. Gracias a su <strong data-start=\"1541\" data-end=\"1574\">rigidez estructural constante<\/strong>, el filtro mantiene su forma y rendimiento en condiciones de presi\u00f3n variable, lo que se traduce en una operaci\u00f3n m\u00e1s prolongada y eficiente.<\/p>\n<p data-start=\"1720\" data-end=\"2314\">El <strong data-start=\"1723\" data-end=\"1802\">SupaPleat B Blue <\/strong>est\u00e1 fabricado \u00edntegramente en <strong data-start=\"1834\" data-end=\"1856\">polipropileno (PP)<\/strong>, incluyendo el <strong data-start=\"1872\" data-end=\"1933\">medio filtrante, el n\u00facleo interno y las tapas terminales<\/strong>. Todos los componentes se unen mediante <strong data-start=\"1974\" data-end=\"1995\">soldadura t\u00e9rmica<\/strong>, sin el uso de adhesivos o agentes aglutinantes, lo que elimina el riesgo de extractables o contaminaci\u00f3n secundaria. Esta caracter\u00edstica lo convierte en una opci\u00f3n segura para aplicaciones <strong data-start=\"2186\" data-end=\"2242\">alimentarias, farmac\u00e9uticas y de tratamiento de agua<\/strong> donde la integridad qu\u00edmica y microbiol\u00f3gica del filtrado es cr\u00edtica.<\/p>\n<p data-start=\"2316\" data-end=\"2417\">El <strong data-start=\"2319\" data-end=\"2339\">SupaPleat B Blue<\/strong> ofrece <strong data-start=\"2347\" data-end=\"2379\">dos versiones especializadas<\/strong> que ampl\u00edan su rango de aplicaci\u00f3n:<\/p>\n<ul data-start=\"2418\" data-end=\"2880\">\n<li data-start=\"2418\" data-end=\"2624\">\n<p data-start=\"2420\" data-end=\"2624\"><strong data-start=\"2420\" data-end=\"2467\">SupaPleat B Blue XP (Extended Performance):<\/strong> dise\u00f1ada para ofrecer una <strong data-start=\"2494\" data-end=\"2518\">vida \u00fatil prolongada<\/strong>, ideal en procesos de alta carga de part\u00edculas o donde se requiere reducir la frecuencia de reemplazos.<\/p>\n<\/li>\n<li data-start=\"2625\" data-end=\"2880\">\n<p data-start=\"2627\" data-end=\"2880\"><strong data-start=\"2627\" data-end=\"2678\">SupaPleat B Blue CRY (Cryptosporidium Removal):<\/strong> especialmente desarrollada para la <strong data-start=\"2714\" data-end=\"2787\">eliminaci\u00f3n de Cryptosporidium y otros protozoos resistentes al cloro<\/strong>, utilizada en plantas embotelladoras, producci\u00f3n de bebidas y tratamiento de agua potable.<\/p>\n<\/li>\n<\/ul>\n<p data-start=\"2882\" data-end=\"3331\">Ambas versiones del <strong data-start=\"2902\" data-end=\"2981\">SupaPleat B Blue \u2013 cartucho de alta capacidad y bajo diferencial de presi\u00f3n<\/strong> cumplen con las normativas internacionales de seguridad y compatibilidad alimentaria, incluyendo la <strong data-start=\"3082\" data-end=\"3096\">FDA CFR 21<\/strong> y las <strong data-start=\"3103\" data-end=\"3155\">directrices europeas para contacto con alimentos<\/strong>. Adem\u00e1s, cada cartucho cuenta con <strong data-start=\"3190\" data-end=\"3234\">trazabilidad completa por n\u00famero de lote<\/strong>, lo que garantiza la reproducibilidad y control de calidad en todas las etapas de fabricaci\u00f3n.<\/p>\n<h3 data-start=\"3333\" data-end=\"3382\"><strong data-start=\"3337\" data-end=\"3382\">Dise\u00f1o y rendimiento del SupaPleat B Blue<\/strong><\/h3>\n<p data-start=\"3384\" data-end=\"3843\">El <strong data-start=\"3387\" data-end=\"3407\">SupaPleat B Blue<\/strong> ofrece una <strong data-start=\"3419\" data-end=\"3455\">clasificaci\u00f3n absoluta Beta 5000<\/strong>, equivalente a una <strong data-start=\"3475\" data-end=\"3514\">eficiencia de retenci\u00f3n del 99,98 %<\/strong>, asegurando resultados consistentes en cada ciclo de filtraci\u00f3n. Se encuentra disponible en <strong data-start=\"3607\" data-end=\"3660\">micronajes absolutos de 0,5, 1, 5, 10, 20 y 50 \u00b5m<\/strong>, adem\u00e1s del grado especial <strong data-start=\"3688\" data-end=\"3695\">CRY<\/strong>, cubriendo una amplia gama de requerimientos de filtraci\u00f3n, desde la clarificaci\u00f3n fina hasta la eliminaci\u00f3n de part\u00edculas visibles o biol\u00f3gicas.<\/p>\n<p data-start=\"3845\" data-end=\"4161\">Sus dimensiones lo convierten en un cartucho de <strong data-start=\"3893\" data-end=\"3922\">gran superficie filtrante<\/strong>, con un <strong data-start=\"3931\" data-end=\"3962\">di\u00e1metro exterior de 117 mm<\/strong> y longitudes de <strong data-start=\"3979\" data-end=\"4009\">249 mm (9&#8243;) y 508 mm (20&#8243;)<\/strong>, lo que permite manejar <strong data-start=\"4034\" data-end=\"4100\">caudales elevados con un menor n\u00famero de elementos por sistema<\/strong>, optimizando as\u00ed los costos operativos y de mantenimiento.<\/p>\n<h3 data-start=\"4892\" data-end=\"4941\"><strong data-start=\"4896\" data-end=\"4941\">Aplicaciones t\u00edpicas del SupaPleat B Blue<\/strong><\/h3>\n<p data-start=\"4943\" data-end=\"5083\">El <strong data-start=\"4946\" data-end=\"5025\">SupaPleat B Blue<\/strong>\u00a0es ideal para una amplia gama de industrias y procesos:<\/p>\n<ul data-start=\"5085\" data-end=\"5681\">\n<li data-start=\"5085\" data-end=\"5331\">\n<p data-start=\"5087\" data-end=\"5331\"><strong data-start=\"5087\" data-end=\"5111\">Alimentos y bebidas:<\/strong> clarificaci\u00f3n de <strong data-start=\"5129\" data-end=\"5190\">agua embotellada, cervezas, vinos, concentrados y jarabes<\/strong>; filtraci\u00f3n de l\u00edneas de pulido y control microbiol\u00f3gico de procesos l\u00edquidos; eliminaci\u00f3n de <strong data-start=\"5285\" data-end=\"5304\">Cryptosporidium<\/strong> y part\u00edculas coloidales.<\/p>\n<\/li>\n<li data-start=\"5332\" data-end=\"5511\">\n<p data-start=\"5334\" data-end=\"5511\"><strong data-start=\"5334\" data-end=\"5361\">Industria farmac\u00e9utica:<\/strong> filtraci\u00f3n de <strong data-start=\"5376\" data-end=\"5444\">descargas de disolventes, agua de proceso y soluciones por lotes<\/strong>, donde se requiere estabilidad t\u00e9rmica y compatibilidad qu\u00edmica.<\/p>\n<\/li>\n<li data-start=\"5512\" data-end=\"5681\">\n<p data-start=\"5514\" data-end=\"5681\"><strong data-start=\"5514\" data-end=\"5538\">Tratamiento de agua:<\/strong> prefiltraci\u00f3n antes de <strong data-start=\"5562\" data-end=\"5630\">sistemas de \u00f3smosis inversa, trampas de resina o carb\u00f3n activado<\/strong>, y protecci\u00f3n de etapas UV o de filtraci\u00f3n fina.<\/p>\n<\/li>\n<\/ul>\n","protected":false},"excerpt":{"rendered":"<p data-start=\"393\" data-end=\"823\">El <strong data-start=\"396\" data-end=\"416\">SupaPleat B Blue<\/strong> es un <strong data-start=\"423\" data-end=\"462\">cartucho filtrante de gran di\u00e1metro<\/strong> dise\u00f1ado para aplicaciones industriales de <strong data-start=\"506\" data-end=\"571\">alto caudal, bajo mantenimiento y m\u00e1xima eficiencia operativa<\/strong>. Este modelo pertenece a la l\u00ednea avanzada de cartuchos <strong data-start=\"628\" data-end=\"641\">SupaPleat<\/strong>, reconocida por su rendimiento superior, confiabilidad y versatilidad en procesos donde el equilibrio entre <strong data-start=\"750\" data-end=\"803\">gran capacidad de flujo y m\u00ednima ca\u00edda de presi\u00f3n<\/strong> resulta esencial.<\/p>\n<p data-start=\"825\" data-end=\"1333\">El <strong data-start=\"828\" data-end=\"848\">SupaPleat B Blue<\/strong> ha sido desarrollado para responder a las necesidades de <strong data-start=\"906\" data-end=\"952\">filtraci\u00f3n de grandes vol\u00famenes de l\u00edquido<\/strong> en plantas de alimentos y bebidas, farmac\u00e9uticas, sistemas de tratamiento de agua y procesos industriales donde se requiere pureza constante, trazabilidad y cumplimiento normativo. Su construcci\u00f3n innovadora, basada en una <strong data-start=\"1176\" data-end=\"1221\">media plisada de polipropileno melt-blown<\/strong>, ofrece una amplia superficie de filtraci\u00f3n y una estructura estable incluso bajo altas velocidades de flujo.<\/p>\n","protected":false},"featured_media":1035,"template":"","meta":{"_acf_changed":false,"_joinchat":[]},"product_brand":[],"product_cat":[24],"product_tag":[],"class_list":{"0":"post-636","1":"product","2":"type-product","3":"status-publish","4":"has-post-thumbnail","6":"product_cat-cartuchos-y-capsulas-filtrantes","8":"first","9":"instock","10":"shipping-taxable","11":"product-type-simple"},"acf":[],"yoast_head":"<!-- This site is optimized with the Yoast SEO plugin v25.6 - https:\/\/yoast.com\/wordpress\/plugins\/seo\/ -->\n<title>03BB \u2013 SupaPleat\u202fB Blue | SP Separation Processes<\/title>\n<meta name=\"robots\" content=\"index, follow, max-snippet:-1, max-image-preview:large, max-video-preview:-1\" \/>\n<link rel=\"canonical\" href=\"https:\/\/sp.com.ar\/sanitaria\/producto\/03bb-supapleat-b-blue\/\" \/>\n<meta property=\"og:locale\" content=\"es_ES\" \/>\n<meta property=\"og:type\" content=\"article\" \/>\n<meta property=\"og:title\" content=\"03BB \u2013 SupaPleat\u202fB Blue | SP Separation Processes\" \/>\n<meta property=\"og:description\" content=\"El SupaPleat B Blue es un cartucho filtrante de gran di\u00e1metro dise\u00f1ado para aplicaciones industriales de alto caudal, bajo mantenimiento y m\u00e1xima eficiencia operativa. Este modelo pertenece a la l\u00ednea avanzada de cartuchos SupaPleat, reconocida por su rendimiento superior, confiabilidad y versatilidad en procesos donde el equilibrio entre gran capacidad de flujo y m\u00ednima ca\u00edda de presi\u00f3n resulta esencial. El SupaPleat B Blue ha sido desarrollado para responder a las necesidades de filtraci\u00f3n de grandes vol\u00famenes de l\u00edquido en plantas de alimentos y bebidas, farmac\u00e9uticas, sistemas de tratamiento de agua y procesos industriales donde se requiere pureza constante, trazabilidad y cumplimiento normativo. Su construcci\u00f3n innovadora, basada en una media plisada de polipropileno melt-blown, ofrece una amplia superficie de filtraci\u00f3n y una estructura estable incluso bajo altas velocidades de flujo.\" \/>\n<meta property=\"og:url\" content=\"https:\/\/sp.com.ar\/sanitaria\/producto\/03bb-supapleat-b-blue\/\" \/>\n<meta property=\"og:site_name\" content=\"SP Separation Processes\" \/>\n<meta property=\"article:modified_time\" content=\"2025-11-21T14:31:34+00:00\" \/>\n<meta property=\"og:image\" content=\"https:\/\/sp.com.ar\/sanitaria\/wp-content\/uploads\/2025\/08\/03BB-SUPAPLEAT-B-BLUE-2.png\" \/>\n\t<meta property=\"og:image:width\" content=\"1200\" \/>\n\t<meta property=\"og:image:height\" content=\"1200\" \/>\n\t<meta property=\"og:image:type\" content=\"image\/png\" \/>\n<meta name=\"twitter:card\" content=\"summary_large_image\" \/>\n<meta name=\"twitter:label1\" content=\"Tiempo de lectura\" \/>\n\t<meta name=\"twitter:data1\" content=\"3 minutos\" \/>\n<script type=\"application\/ld+json\" class=\"yoast-schema-graph\">{\"@context\":\"https:\/\/schema.org\",\"@graph\":[{\"@type\":\"WebPage\",\"@id\":\"https:\/\/sp.com.ar\/sanitaria\/producto\/03bb-supapleat-b-blue\/\",\"url\":\"https:\/\/sp.com.ar\/sanitaria\/producto\/03bb-supapleat-b-blue\/\",\"name\":\"03BB \u2013 SupaPleat\u202fB Blue | SP Separation Processes\",\"isPartOf\":{\"@id\":\"https:\/\/sp.com.ar\/sanitaria\/#website\"},\"primaryImageOfPage\":{\"@id\":\"https:\/\/sp.com.ar\/sanitaria\/producto\/03bb-supapleat-b-blue\/#primaryimage\"},\"image\":{\"@id\":\"https:\/\/sp.com.ar\/sanitaria\/producto\/03bb-supapleat-b-blue\/#primaryimage\"},\"thumbnailUrl\":\"https:\/\/sp.com.ar\/sanitaria\/wp-content\/uploads\/2025\/08\/03BB-SUPAPLEAT-B-BLUE-2.png\",\"datePublished\":\"2025-08-28T13:06:46+00:00\",\"dateModified\":\"2025-11-21T14:31:34+00:00\",\"breadcrumb\":{\"@id\":\"https:\/\/sp.com.ar\/sanitaria\/producto\/03bb-supapleat-b-blue\/#breadcrumb\"},\"inLanguage\":\"es\",\"potentialAction\":[{\"@type\":\"ReadAction\",\"target\":[\"https:\/\/sp.com.ar\/sanitaria\/producto\/03bb-supapleat-b-blue\/\"]}]},{\"@type\":\"ImageObject\",\"inLanguage\":\"es\",\"@id\":\"https:\/\/sp.com.ar\/sanitaria\/producto\/03bb-supapleat-b-blue\/#primaryimage\",\"url\":\"https:\/\/sp.com.ar\/sanitaria\/wp-content\/uploads\/2025\/08\/03BB-SUPAPLEAT-B-BLUE-2.png\",\"contentUrl\":\"https:\/\/sp.com.ar\/sanitaria\/wp-content\/uploads\/2025\/08\/03BB-SUPAPLEAT-B-BLUE-2.png\",\"width\":1200,\"height\":1200,\"caption\":\"03bb supapleat b blue\"},{\"@type\":\"BreadcrumbList\",\"@id\":\"https:\/\/sp.com.ar\/sanitaria\/producto\/03bb-supapleat-b-blue\/#breadcrumb\",\"itemListElement\":[{\"@type\":\"ListItem\",\"position\":1,\"name\":\"Portada\",\"item\":\"https:\/\/sp.com.ar\/sanitaria\/\"},{\"@type\":\"ListItem\",\"position\":2,\"name\":\"Productos\",\"item\":\"https:\/\/sp.com.ar\/sanitaria\/productos\/\"},{\"@type\":\"ListItem\",\"position\":3,\"name\":\"03BB \u2013 SupaPleat\u202fB Blue\"}]},{\"@type\":\"WebSite\",\"@id\":\"https:\/\/sp.com.ar\/sanitaria\/#website\",\"url\":\"https:\/\/sp.com.ar\/sanitaria\/\",\"name\":\"SP Separation Processes\",\"description\":\"\",\"potentialAction\":[{\"@type\":\"SearchAction\",\"target\":{\"@type\":\"EntryPoint\",\"urlTemplate\":\"https:\/\/sp.com.ar\/sanitaria\/?s={search_term_string}\"},\"query-input\":{\"@type\":\"PropertyValueSpecification\",\"valueRequired\":true,\"valueName\":\"search_term_string\"}}],\"inLanguage\":\"es\"}]}<\/script>\n<!-- \/ Yoast SEO plugin. -->","yoast_head_json":{"title":"03BB \u2013 SupaPleat\u202fB Blue | SP Separation Processes","robots":{"index":"index","follow":"follow","max-snippet":"max-snippet:-1","max-image-preview":"max-image-preview:large","max-video-preview":"max-video-preview:-1"},"canonical":"https:\/\/sp.com.ar\/sanitaria\/producto\/03bb-supapleat-b-blue\/","og_locale":"es_ES","og_type":"article","og_title":"03BB \u2013 SupaPleat\u202fB Blue | SP Separation Processes","og_description":"El SupaPleat B Blue es un cartucho filtrante de gran di\u00e1metro dise\u00f1ado para aplicaciones industriales de alto caudal, bajo mantenimiento y m\u00e1xima eficiencia operativa. Este modelo pertenece a la l\u00ednea avanzada de cartuchos SupaPleat, reconocida por su rendimiento superior, confiabilidad y versatilidad en procesos donde el equilibrio entre gran capacidad de flujo y m\u00ednima ca\u00edda de presi\u00f3n resulta esencial. El SupaPleat B Blue ha sido desarrollado para responder a las necesidades de filtraci\u00f3n de grandes vol\u00famenes de l\u00edquido en plantas de alimentos y bebidas, farmac\u00e9uticas, sistemas de tratamiento de agua y procesos industriales donde se requiere pureza constante, trazabilidad y cumplimiento normativo. Su construcci\u00f3n innovadora, basada en una media plisada de polipropileno melt-blown, ofrece una amplia superficie de filtraci\u00f3n y una estructura estable incluso bajo altas velocidades de flujo.","og_url":"https:\/\/sp.com.ar\/sanitaria\/producto\/03bb-supapleat-b-blue\/","og_site_name":"SP Separation Processes","article_modified_time":"2025-11-21T14:31:34+00:00","og_image":[{"width":1200,"height":1200,"url":"https:\/\/sp.com.ar\/sanitaria\/wp-content\/uploads\/2025\/08\/03BB-SUPAPLEAT-B-BLUE-2.png","type":"image\/png"}],"twitter_card":"summary_large_image","twitter_misc":{"Tiempo de lectura":"3 minutos"},"schema":{"@context":"https:\/\/schema.org","@graph":[{"@type":"WebPage","@id":"https:\/\/sp.com.ar\/sanitaria\/producto\/03bb-supapleat-b-blue\/","url":"https:\/\/sp.com.ar\/sanitaria\/producto\/03bb-supapleat-b-blue\/","name":"03BB \u2013 SupaPleat\u202fB Blue | SP Separation Processes","isPartOf":{"@id":"https:\/\/sp.com.ar\/sanitaria\/#website"},"primaryImageOfPage":{"@id":"https:\/\/sp.com.ar\/sanitaria\/producto\/03bb-supapleat-b-blue\/#primaryimage"},"image":{"@id":"https:\/\/sp.com.ar\/sanitaria\/producto\/03bb-supapleat-b-blue\/#primaryimage"},"thumbnailUrl":"https:\/\/sp.com.ar\/sanitaria\/wp-content\/uploads\/2025\/08\/03BB-SUPAPLEAT-B-BLUE-2.png","datePublished":"2025-08-28T13:06:46+00:00","dateModified":"2025-11-21T14:31:34+00:00","breadcrumb":{"@id":"https:\/\/sp.com.ar\/sanitaria\/producto\/03bb-supapleat-b-blue\/#breadcrumb"},"inLanguage":"es","potentialAction":[{"@type":"ReadAction","target":["https:\/\/sp.com.ar\/sanitaria\/producto\/03bb-supapleat-b-blue\/"]}]},{"@type":"ImageObject","inLanguage":"es","@id":"https:\/\/sp.com.ar\/sanitaria\/producto\/03bb-supapleat-b-blue\/#primaryimage","url":"https:\/\/sp.com.ar\/sanitaria\/wp-content\/uploads\/2025\/08\/03BB-SUPAPLEAT-B-BLUE-2.png","contentUrl":"https:\/\/sp.com.ar\/sanitaria\/wp-content\/uploads\/2025\/08\/03BB-SUPAPLEAT-B-BLUE-2.png","width":1200,"height":1200,"caption":"03bb supapleat b blue"},{"@type":"BreadcrumbList","@id":"https:\/\/sp.com.ar\/sanitaria\/producto\/03bb-supapleat-b-blue\/#breadcrumb","itemListElement":[{"@type":"ListItem","position":1,"name":"Portada","item":"https:\/\/sp.com.ar\/sanitaria\/"},{"@type":"ListItem","position":2,"name":"Productos","item":"https:\/\/sp.com.ar\/sanitaria\/productos\/"},{"@type":"ListItem","position":3,"name":"03BB \u2013 SupaPleat\u202fB Blue"}]},{"@type":"WebSite","@id":"https:\/\/sp.com.ar\/sanitaria\/#website","url":"https:\/\/sp.com.ar\/sanitaria\/","name":"SP Separation Processes","description":"","potentialAction":[{"@type":"SearchAction","target":{"@type":"EntryPoint","urlTemplate":"https:\/\/sp.com.ar\/sanitaria\/?s={search_term_string}"},"query-input":{"@type":"PropertyValueSpecification","valueRequired":true,"valueName":"search_term_string"}}],"inLanguage":"es"}]}},"_links":{"self":[{"href":"https:\/\/sp.com.ar\/sanitaria\/wp-json\/wp\/v2\/product\/636","targetHints":{"allow":["GET"]}}],"collection":[{"href":"https:\/\/sp.com.ar\/sanitaria\/wp-json\/wp\/v2\/product"}],"about":[{"href":"https:\/\/sp.com.ar\/sanitaria\/wp-json\/wp\/v2\/types\/product"}],"wp:featuredmedia":[{"embeddable":true,"href":"https:\/\/sp.com.ar\/sanitaria\/wp-json\/wp\/v2\/media\/1035"}],"wp:attachment":[{"href":"https:\/\/sp.com.ar\/sanitaria\/wp-json\/wp\/v2\/media?parent=636"}],"wp:term":[{"taxonomy":"product_brand","embeddable":true,"href":"https:\/\/sp.com.ar\/sanitaria\/wp-json\/wp\/v2\/product_brand?post=636"},{"taxonomy":"product_cat","embeddable":true,"href":"https:\/\/sp.com.ar\/sanitaria\/wp-json\/wp\/v2\/product_cat?post=636"},{"taxonomy":"product_tag","embeddable":true,"href":"https:\/\/sp.com.ar\/sanitaria\/wp-json\/wp\/v2\/product_tag?post=636"}],"curies":[{"name":"wp","href":"https:\/\/api.w.org\/{rel}","templated":true}]}}