{"id":638,"date":"2025-08-28T10:10:22","date_gmt":"2025-08-28T13:10:22","guid":{"rendered":"https:\/\/sp.disewhost3.com\/sanitaria\/?post_type=product&#038;p=638"},"modified":"2025-11-21T11:32:34","modified_gmt":"2025-11-21T14:32:34","slug":"supamesh","status":"publish","type":"product","link":"https:\/\/sp.com.ar\/sanitaria\/producto\/supamesh\/","title":{"rendered":"05 \u2013 SupaMesh"},"content":{"rendered":"<p data-start=\"1586\" data-end=\"1746\">El dise\u00f1o de los <strong data-start=\"1603\" data-end=\"1657\">SupaMesh \u2013 cartuchos met\u00e1licos de alta resistencia<\/strong> combina <strong data-start=\"1666\" data-end=\"1694\">precisi\u00f3n y versatilidad<\/strong>. La gama incluye dos configuraciones principales:<\/p>\n<ul data-start=\"1747\" data-end=\"2023\">\n<li data-start=\"1747\" data-end=\"1842\">\n<p data-start=\"1749\" data-end=\"1842\"><strong data-start=\"1749\" data-end=\"1764\">Cil\u00edndrica:<\/strong> compuesta por una manga de medio filtrante sostenida por un n\u00facleo central.<\/p>\n<\/li>\n<li data-start=\"1843\" data-end=\"2023\">\n<p data-start=\"1845\" data-end=\"2023\"><strong data-start=\"1845\" data-end=\"1857\">Plisada:<\/strong> con una estructura de pliegues que <strong data-start=\"1893\" data-end=\"1935\">duplica el \u00e1rea efectiva de filtraci\u00f3n<\/strong>, mejorando el caudal y la capacidad de retenci\u00f3n sin aumentar el tama\u00f1o del cartucho.<\/p>\n<\/li>\n<\/ul>\n<p data-start=\"2025\" data-end=\"2445\">Ambos dise\u00f1os comparten un <strong data-start=\"2052\" data-end=\"2078\">n\u00facleo interno robusto<\/strong> que garantiza la estabilidad del medio bajo altas presiones diferenciales y flujos variables. Adem\u00e1s, la <strong data-start=\"2184\" data-end=\"2221\">construcci\u00f3n modular del SupaMesh<\/strong> permite personalizar longitudes, jaulas externas de protecci\u00f3n y estructuras reforzadas para procesos que requieren <strong data-start=\"2338\" data-end=\"2366\">retro lavado (backflush)<\/strong>, extendiendo as\u00ed la vida \u00fatil del cartucho y reduciendo los costos operativos.<\/p>\n<h3 data-start=\"2447\" data-end=\"2492\"><strong data-start=\"2451\" data-end=\"2492\">Tipos de medio filtrante del SupaMesh<\/strong><\/h3>\n<p data-start=\"2494\" data-end=\"2607\">La gama <strong data-start=\"2502\" data-end=\"2514\">SupaMesh<\/strong> ofrece tres tipos de medios met\u00e1licos que se adaptan a diferentes necesidades de filtraci\u00f3n:<\/p>\n<ol data-start=\"2609\" data-end=\"3353\">\n<li data-start=\"2609\" data-end=\"2870\">\n<p data-start=\"2612\" data-end=\"2870\"><strong data-start=\"2612\" data-end=\"2625\">SS Grade:<\/strong> fabricado con <strong data-start=\"2640\" data-end=\"2697\">malla tejida de acero inoxidable de precisi\u00f3n nominal<\/strong> con rangos de <strong data-start=\"2712\" data-end=\"2726\">5 a 840 \u00b5m<\/strong>, ideal para aplicaciones de filtraci\u00f3n gruesa o de part\u00edculas visibles, donde se requiere una limpieza repetida sin degradaci\u00f3n del material.<\/p>\n<\/li>\n<li data-start=\"2871\" data-end=\"3097\">\n<p data-start=\"2874\" data-end=\"3097\"><strong data-start=\"2874\" data-end=\"2887\">SF Grade:<\/strong> compuesto por <strong data-start=\"2902\" data-end=\"2935\">fibras met\u00e1licas sinterizadas<\/strong> con <strong data-start=\"2940\" data-end=\"2979\">clasificaci\u00f3n absoluta de 3 a 60 \u00b5m<\/strong>, que proporcionan una filtraci\u00f3n profunda y estable, con alta capacidad de retenci\u00f3n y resistencia al taponamiento.<\/p>\n<\/li>\n<li data-start=\"3098\" data-end=\"3353\">\n<p data-start=\"3101\" data-end=\"3353\"><strong data-start=\"3101\" data-end=\"3114\">SP Grade:<\/strong> basado en <strong data-start=\"3125\" data-end=\"3155\">polvo met\u00e1lico sinterizado<\/strong> con poros controlados entre <strong data-start=\"3184\" data-end=\"3197\">6 y 60 \u00b5m<\/strong>, dise\u00f1ado para aplicaciones donde se necesita una retenci\u00f3n uniforme y una resistencia estructural superior en entornos de presi\u00f3n o temperatura extrema.<\/p>\n<\/li>\n<\/ol>\n<p data-start=\"3355\" data-end=\"3665\">Estos tres medios convierten al <strong data-start=\"3387\" data-end=\"3439\">SupaMesh \u2013 cartucho met\u00e1lico de alta resistencia<\/strong> en una soluci\u00f3n extremadamente vers\u00e1til para <strong data-start=\"3485\" data-end=\"3514\">l\u00edquidos, gases y vapores<\/strong>, con posibilidad de regeneraci\u00f3n mediante lavado, vapor o inversi\u00f3n de flujo, manteniendo un rendimiento constante a lo largo de su ciclo de servicio.<\/p>\n<h3 data-start=\"3667\" data-end=\"3717\"><strong data-start=\"3671\" data-end=\"3717\">Caracter\u00edsticas y rendimiento del SupaMesh<\/strong><\/h3>\n<p data-start=\"3719\" data-end=\"4123\">Los <strong data-start=\"3723\" data-end=\"3745\">cartuchos SupaMesh<\/strong> est\u00e1n disponibles en longitudes de <strong data-start=\"3781\" data-end=\"3796\">247 mm (9\u201d)<\/strong>, <strong data-start=\"3798\" data-end=\"3814\">498 mm (19\u201d)<\/strong> y <strong data-start=\"3817\" data-end=\"3833\">745 mm (29\u201d)<\/strong>, con un di\u00e1metro exterior est\u00e1ndar de <strong data-start=\"3872\" data-end=\"3881\">66 mm<\/strong> y un n\u00facleo de <strong data-start=\"3897\" data-end=\"3906\">27 mm<\/strong>. En su versi\u00f3n cil\u00edndrica, ofrecen una <strong data-start=\"3946\" data-end=\"3998\">superficie de filtraci\u00f3n de 0,05 m\u00b2 por cada 10\u201d<\/strong>, mientras que la versi\u00f3n <strong data-start=\"4024\" data-end=\"4051\">plisada alcanza 0,13 m\u00b2<\/strong>, lo que incrementa notablemente la capacidad de carga de contaminantes.<\/p>\n<p data-start=\"4125\" data-end=\"4485\">El <strong data-start=\"4128\" data-end=\"4140\">SupaMesh<\/strong> puede operar en condiciones extremas, soportando temperaturas desde <strong data-start=\"4209\" data-end=\"4234\">\u2013150 \u00b0C hasta +300 \u00b0C<\/strong>, y presiones diferenciales de <strong data-start=\"4265\" data-end=\"4281\">hasta 25 bar<\/strong> en flujo directo (15 bar en elementos cil\u00edndricos). Adem\u00e1s, los modelos con soporte de retro lavado resisten <strong data-start=\"4391\" data-end=\"4428\">presiones inversas de hasta 3 bar<\/strong>, lo que facilita su regeneraci\u00f3n en sistemas cerrados.<\/p>\n<p data-start=\"4487\" data-end=\"4730\">El dise\u00f1o modular admite <strong data-start=\"4512\" data-end=\"4546\">conexiones Code 0, 2, 3, 7 y 8<\/strong>, y una amplia selecci\u00f3n de materiales de sellado: <strong data-start=\"4597\" data-end=\"4649\">Buna, EPDM, FEP\/silicona, silicona, PTFE y Viton<\/strong>, lo que ampl\u00eda la compatibilidad con fluidos agresivos y solventes industriales.<\/p>\n<h3 data-start=\"4732\" data-end=\"4765\"><strong data-start=\"4736\" data-end=\"4765\">Aplicaciones del SupaMesh<\/strong><\/h3>\n<p data-start=\"4767\" data-end=\"4882\">El <strong data-start=\"4770\" data-end=\"4822\">SupaMesh \u2013 cartucho met\u00e1lico de alta resistencia<\/strong> se utiliza en una amplia variedad de sectores industriales:<\/p>\n<ul data-start=\"4884\" data-end=\"5708\">\n<li data-start=\"4884\" data-end=\"5096\">\n<p data-start=\"4886\" data-end=\"5096\"><strong data-start=\"4886\" data-end=\"4910\">Alimentos y bebidas:<\/strong> filtraci\u00f3n de <strong data-start=\"4925\" data-end=\"4975\">l\u00edquidos y gases de proceso a alta temperatura<\/strong>, clarificaci\u00f3n de <strong data-start=\"4994\" data-end=\"5014\">cervezas y vinos<\/strong>, y retenci\u00f3n de part\u00edculas en sistemas de <strong data-start=\"5057\" data-end=\"5093\">lavado o recuperaci\u00f3n de fluidos<\/strong>.<\/p>\n<\/li>\n<li data-start=\"5097\" data-end=\"5304\">\n<p data-start=\"5099\" data-end=\"5304\"><strong data-start=\"5099\" data-end=\"5116\">Farmac\u00e9utica:<\/strong> filtraci\u00f3n est\u00e9ril de <strong data-start=\"5139\" data-end=\"5182\">vapor, aire comprimido y gases t\u00e9cnicos<\/strong>, o como <strong data-start=\"5191\" data-end=\"5204\">prefiltro<\/strong> en procesos de alta temperatura y entornos con requerimientos de compatibilidad qu\u00edmica absoluta.<\/p>\n<\/li>\n<li data-start=\"5305\" data-end=\"5517\">\n<p data-start=\"5307\" data-end=\"5517\"><strong data-start=\"5307\" data-end=\"5331\">Tratamiento de agua:<\/strong> ideal para <strong data-start=\"5343\" data-end=\"5408\">l\u00edquidos corrosivos, soluciones salinas o de alta temperatura<\/strong> en plantas de producci\u00f3n de agua industrial, sistemas de <strong data-start=\"5466\" data-end=\"5514\">potabilizaci\u00f3n y recuperaci\u00f3n de condensados<\/strong>.<\/p>\n<\/li>\n<li data-start=\"5518\" data-end=\"5708\">\n<p data-start=\"5520\" data-end=\"5708\"><strong data-start=\"5520\" data-end=\"5560\">Industria petroqu\u00edmica y de energ\u00eda:<\/strong> protecci\u00f3n de <strong data-start=\"5575\" data-end=\"5634\">sellos mec\u00e1nicos, l\u00edneas de gas, aceites y combustibles<\/strong>, en condiciones extremas donde otros materiales no soportan el entorno.<\/p>\n<\/li>\n<\/ul>\n","protected":false},"excerpt":{"rendered":"<p data-start=\"421\" data-end=\"901\">Los <strong data-start=\"425\" data-end=\"447\">cartuchos SupaMesh<\/strong> representan la soluci\u00f3n ideal para procesos industriales en los que se requiere <strong data-start=\"528\" data-end=\"644\">robustez, compatibilidad qu\u00edmica total y capacidad de operaci\u00f3n en condiciones extremas de temperatura y presi\u00f3n<\/strong>. Gracias a su dise\u00f1o totalmente met\u00e1lico y su construcci\u00f3n sin elementos adhesivos, los <strong data-start=\"733\" data-end=\"745\">SupaMesh<\/strong> garantizan <strong data-start=\"757\" data-end=\"808\">una filtraci\u00f3n confiable, reproducible y segura<\/strong> en entornos donde los filtros polim\u00e9ricos o de materiales compuestos no pueden utilizarse.<\/p>\n<p data-start=\"903\" data-end=\"1584\">Cada <strong data-start=\"908\" data-end=\"929\">cartucho SupaMesh<\/strong> est\u00e1 construido completamente en <strong data-start=\"963\" data-end=\"988\">acero inoxidable 316L<\/strong>, un material conocido por su <strong data-start=\"1018\" data-end=\"1124\">alta resistencia a la corrosi\u00f3n, estabilidad t\u00e9rmica y durabilidad frente a agentes qu\u00edmicos y f\u00edsicos<\/strong>. La fabricaci\u00f3n mediante <strong data-start=\"1150\" data-end=\"1176\">soldadura TiG y plasma<\/strong> asegura una <strong data-start=\"1189\" data-end=\"1237\">estructura uniforme y libre de contaminantes<\/strong>, sin necesidad de adhesivos, resinas o soldaduras blandas. Este proceso de ensamblaje elimina cualquier riesgo de migraci\u00f3n de part\u00edculas o desprendimiento de materiales, ofreciendo una <strong data-start=\"1424\" data-end=\"1451\">superficie ultra limpia<\/strong> y perfectamente adecuada para aplicaciones cr\u00edticas en los sectores <strong data-start=\"1520\" data-end=\"1583\">farmac\u00e9utico, alimentario, qu\u00edmico y de tratamiento de agua<\/strong>.<\/p>\n","protected":false},"featured_media":1037,"template":"","meta":{"_acf_changed":false,"_joinchat":[]},"product_brand":[],"product_cat":[24],"product_tag":[],"class_list":{"0":"post-638","1":"product","2":"type-product","3":"status-publish","4":"has-post-thumbnail","6":"product_cat-cartuchos-y-capsulas-filtrantes","8":"first","9":"instock","10":"shipping-taxable","11":"product-type-simple"},"acf":[],"yoast_head":"<!-- This site is optimized with the Yoast SEO plugin v25.6 - https:\/\/yoast.com\/wordpress\/plugins\/seo\/ -->\n<title>05 \u2013 SupaMesh | SP Separation Processes<\/title>\n<meta name=\"robots\" content=\"index, follow, max-snippet:-1, max-image-preview:large, max-video-preview:-1\" \/>\n<link rel=\"canonical\" href=\"https:\/\/sp.com.ar\/sanitaria\/producto\/supamesh\/\" \/>\n<meta property=\"og:locale\" content=\"es_ES\" \/>\n<meta property=\"og:type\" content=\"article\" \/>\n<meta property=\"og:title\" content=\"05 \u2013 SupaMesh | SP Separation Processes\" \/>\n<meta property=\"og:description\" content=\"Los cartuchos SupaMesh representan la soluci\u00f3n ideal para procesos industriales en los que se requiere robustez, compatibilidad qu\u00edmica total y capacidad de operaci\u00f3n en condiciones extremas de temperatura y presi\u00f3n. Gracias a su dise\u00f1o totalmente met\u00e1lico y su construcci\u00f3n sin elementos adhesivos, los SupaMesh garantizan una filtraci\u00f3n confiable, reproducible y segura en entornos donde los filtros polim\u00e9ricos o de materiales compuestos no pueden utilizarse. Cada cartucho SupaMesh est\u00e1 construido completamente en acero inoxidable 316L, un material conocido por su alta resistencia a la corrosi\u00f3n, estabilidad t\u00e9rmica y durabilidad frente a agentes qu\u00edmicos y f\u00edsicos. La fabricaci\u00f3n mediante soldadura TiG y plasma asegura una estructura uniforme y libre de contaminantes, sin necesidad de adhesivos, resinas o soldaduras blandas. Este proceso de ensamblaje elimina cualquier riesgo de migraci\u00f3n de part\u00edculas o desprendimiento de materiales, ofreciendo una superficie ultra limpia y perfectamente adecuada para aplicaciones cr\u00edticas en los sectores farmac\u00e9utico, alimentario, qu\u00edmico y de tratamiento de agua.\" \/>\n<meta property=\"og:url\" content=\"https:\/\/sp.com.ar\/sanitaria\/producto\/supamesh\/\" \/>\n<meta property=\"og:site_name\" content=\"SP Separation Processes\" \/>\n<meta property=\"article:modified_time\" content=\"2025-11-21T14:32:34+00:00\" \/>\n<meta property=\"og:image\" content=\"https:\/\/sp.com.ar\/sanitaria\/wp-content\/uploads\/2025\/08\/05-SUPAMESH-2.png\" \/>\n\t<meta property=\"og:image:width\" content=\"1200\" \/>\n\t<meta property=\"og:image:height\" content=\"1200\" \/>\n\t<meta property=\"og:image:type\" content=\"image\/png\" \/>\n<meta name=\"twitter:card\" content=\"summary_large_image\" \/>\n<meta name=\"twitter:label1\" content=\"Tiempo de lectura\" \/>\n\t<meta name=\"twitter:data1\" content=\"3 minutos\" \/>\n<script type=\"application\/ld+json\" class=\"yoast-schema-graph\">{\"@context\":\"https:\/\/schema.org\",\"@graph\":[{\"@type\":\"WebPage\",\"@id\":\"https:\/\/sp.com.ar\/sanitaria\/producto\/supamesh\/\",\"url\":\"https:\/\/sp.com.ar\/sanitaria\/producto\/supamesh\/\",\"name\":\"05 \u2013 SupaMesh | SP Separation Processes\",\"isPartOf\":{\"@id\":\"https:\/\/sp.com.ar\/sanitaria\/#website\"},\"primaryImageOfPage\":{\"@id\":\"https:\/\/sp.com.ar\/sanitaria\/producto\/supamesh\/#primaryimage\"},\"image\":{\"@id\":\"https:\/\/sp.com.ar\/sanitaria\/producto\/supamesh\/#primaryimage\"},\"thumbnailUrl\":\"https:\/\/sp.com.ar\/sanitaria\/wp-content\/uploads\/2025\/08\/05-SUPAMESH-2.png\",\"datePublished\":\"2025-08-28T13:10:22+00:00\",\"dateModified\":\"2025-11-21T14:32:34+00:00\",\"breadcrumb\":{\"@id\":\"https:\/\/sp.com.ar\/sanitaria\/producto\/supamesh\/#breadcrumb\"},\"inLanguage\":\"es\",\"potentialAction\":[{\"@type\":\"ReadAction\",\"target\":[\"https:\/\/sp.com.ar\/sanitaria\/producto\/supamesh\/\"]}]},{\"@type\":\"ImageObject\",\"inLanguage\":\"es\",\"@id\":\"https:\/\/sp.com.ar\/sanitaria\/producto\/supamesh\/#primaryimage\",\"url\":\"https:\/\/sp.com.ar\/sanitaria\/wp-content\/uploads\/2025\/08\/05-SUPAMESH-2.png\",\"contentUrl\":\"https:\/\/sp.com.ar\/sanitaria\/wp-content\/uploads\/2025\/08\/05-SUPAMESH-2.png\",\"width\":1200,\"height\":1200,\"caption\":\"SupaMesh\"},{\"@type\":\"BreadcrumbList\",\"@id\":\"https:\/\/sp.com.ar\/sanitaria\/producto\/supamesh\/#breadcrumb\",\"itemListElement\":[{\"@type\":\"ListItem\",\"position\":1,\"name\":\"Portada\",\"item\":\"https:\/\/sp.com.ar\/sanitaria\/\"},{\"@type\":\"ListItem\",\"position\":2,\"name\":\"Productos\",\"item\":\"https:\/\/sp.com.ar\/sanitaria\/productos\/\"},{\"@type\":\"ListItem\",\"position\":3,\"name\":\"05 \u2013 SupaMesh\"}]},{\"@type\":\"WebSite\",\"@id\":\"https:\/\/sp.com.ar\/sanitaria\/#website\",\"url\":\"https:\/\/sp.com.ar\/sanitaria\/\",\"name\":\"SP Separation Processes\",\"description\":\"\",\"potentialAction\":[{\"@type\":\"SearchAction\",\"target\":{\"@type\":\"EntryPoint\",\"urlTemplate\":\"https:\/\/sp.com.ar\/sanitaria\/?s={search_term_string}\"},\"query-input\":{\"@type\":\"PropertyValueSpecification\",\"valueRequired\":true,\"valueName\":\"search_term_string\"}}],\"inLanguage\":\"es\"}]}<\/script>\n<!-- \/ Yoast SEO plugin. -->","yoast_head_json":{"title":"05 \u2013 SupaMesh | SP Separation Processes","robots":{"index":"index","follow":"follow","max-snippet":"max-snippet:-1","max-image-preview":"max-image-preview:large","max-video-preview":"max-video-preview:-1"},"canonical":"https:\/\/sp.com.ar\/sanitaria\/producto\/supamesh\/","og_locale":"es_ES","og_type":"article","og_title":"05 \u2013 SupaMesh | SP Separation Processes","og_description":"Los cartuchos SupaMesh representan la soluci\u00f3n ideal para procesos industriales en los que se requiere robustez, compatibilidad qu\u00edmica total y capacidad de operaci\u00f3n en condiciones extremas de temperatura y presi\u00f3n. Gracias a su dise\u00f1o totalmente met\u00e1lico y su construcci\u00f3n sin elementos adhesivos, los SupaMesh garantizan una filtraci\u00f3n confiable, reproducible y segura en entornos donde los filtros polim\u00e9ricos o de materiales compuestos no pueden utilizarse. Cada cartucho SupaMesh est\u00e1 construido completamente en acero inoxidable 316L, un material conocido por su alta resistencia a la corrosi\u00f3n, estabilidad t\u00e9rmica y durabilidad frente a agentes qu\u00edmicos y f\u00edsicos. La fabricaci\u00f3n mediante soldadura TiG y plasma asegura una estructura uniforme y libre de contaminantes, sin necesidad de adhesivos, resinas o soldaduras blandas. Este proceso de ensamblaje elimina cualquier riesgo de migraci\u00f3n de part\u00edculas o desprendimiento de materiales, ofreciendo una superficie ultra limpia y perfectamente adecuada para aplicaciones cr\u00edticas en los sectores farmac\u00e9utico, alimentario, qu\u00edmico y de tratamiento de agua.","og_url":"https:\/\/sp.com.ar\/sanitaria\/producto\/supamesh\/","og_site_name":"SP Separation Processes","article_modified_time":"2025-11-21T14:32:34+00:00","og_image":[{"width":1200,"height":1200,"url":"https:\/\/sp.com.ar\/sanitaria\/wp-content\/uploads\/2025\/08\/05-SUPAMESH-2.png","type":"image\/png"}],"twitter_card":"summary_large_image","twitter_misc":{"Tiempo de lectura":"3 minutos"},"schema":{"@context":"https:\/\/schema.org","@graph":[{"@type":"WebPage","@id":"https:\/\/sp.com.ar\/sanitaria\/producto\/supamesh\/","url":"https:\/\/sp.com.ar\/sanitaria\/producto\/supamesh\/","name":"05 \u2013 SupaMesh | SP Separation Processes","isPartOf":{"@id":"https:\/\/sp.com.ar\/sanitaria\/#website"},"primaryImageOfPage":{"@id":"https:\/\/sp.com.ar\/sanitaria\/producto\/supamesh\/#primaryimage"},"image":{"@id":"https:\/\/sp.com.ar\/sanitaria\/producto\/supamesh\/#primaryimage"},"thumbnailUrl":"https:\/\/sp.com.ar\/sanitaria\/wp-content\/uploads\/2025\/08\/05-SUPAMESH-2.png","datePublished":"2025-08-28T13:10:22+00:00","dateModified":"2025-11-21T14:32:34+00:00","breadcrumb":{"@id":"https:\/\/sp.com.ar\/sanitaria\/producto\/supamesh\/#breadcrumb"},"inLanguage":"es","potentialAction":[{"@type":"ReadAction","target":["https:\/\/sp.com.ar\/sanitaria\/producto\/supamesh\/"]}]},{"@type":"ImageObject","inLanguage":"es","@id":"https:\/\/sp.com.ar\/sanitaria\/producto\/supamesh\/#primaryimage","url":"https:\/\/sp.com.ar\/sanitaria\/wp-content\/uploads\/2025\/08\/05-SUPAMESH-2.png","contentUrl":"https:\/\/sp.com.ar\/sanitaria\/wp-content\/uploads\/2025\/08\/05-SUPAMESH-2.png","width":1200,"height":1200,"caption":"SupaMesh"},{"@type":"BreadcrumbList","@id":"https:\/\/sp.com.ar\/sanitaria\/producto\/supamesh\/#breadcrumb","itemListElement":[{"@type":"ListItem","position":1,"name":"Portada","item":"https:\/\/sp.com.ar\/sanitaria\/"},{"@type":"ListItem","position":2,"name":"Productos","item":"https:\/\/sp.com.ar\/sanitaria\/productos\/"},{"@type":"ListItem","position":3,"name":"05 \u2013 SupaMesh"}]},{"@type":"WebSite","@id":"https:\/\/sp.com.ar\/sanitaria\/#website","url":"https:\/\/sp.com.ar\/sanitaria\/","name":"SP Separation Processes","description":"","potentialAction":[{"@type":"SearchAction","target":{"@type":"EntryPoint","urlTemplate":"https:\/\/sp.com.ar\/sanitaria\/?s={search_term_string}"},"query-input":{"@type":"PropertyValueSpecification","valueRequired":true,"valueName":"search_term_string"}}],"inLanguage":"es"}]}},"_links":{"self":[{"href":"https:\/\/sp.com.ar\/sanitaria\/wp-json\/wp\/v2\/product\/638","targetHints":{"allow":["GET"]}}],"collection":[{"href":"https:\/\/sp.com.ar\/sanitaria\/wp-json\/wp\/v2\/product"}],"about":[{"href":"https:\/\/sp.com.ar\/sanitaria\/wp-json\/wp\/v2\/types\/product"}],"wp:featuredmedia":[{"embeddable":true,"href":"https:\/\/sp.com.ar\/sanitaria\/wp-json\/wp\/v2\/media\/1037"}],"wp:attachment":[{"href":"https:\/\/sp.com.ar\/sanitaria\/wp-json\/wp\/v2\/media?parent=638"}],"wp:term":[{"taxonomy":"product_brand","embeddable":true,"href":"https:\/\/sp.com.ar\/sanitaria\/wp-json\/wp\/v2\/product_brand?post=638"},{"taxonomy":"product_cat","embeddable":true,"href":"https:\/\/sp.com.ar\/sanitaria\/wp-json\/wp\/v2\/product_cat?post=638"},{"taxonomy":"product_tag","embeddable":true,"href":"https:\/\/sp.com.ar\/sanitaria\/wp-json\/wp\/v2\/product_tag?post=638"}],"curies":[{"name":"wp","href":"https:\/\/api.w.org\/{rel}","templated":true}]}}