{"id":639,"date":"2025-08-28T10:11:24","date_gmt":"2025-08-28T13:11:24","guid":{"rendered":"https:\/\/sp.disewhost3.com\/sanitaria\/?post_type=product&#038;p=639"},"modified":"2025-11-21T11:32:55","modified_gmt":"2025-11-21T14:32:55","slug":"supagard","status":"publish","type":"product","link":"https:\/\/sp.com.ar\/sanitaria\/producto\/supagard\/","title":{"rendered":"07 &#8211; SupaGard"},"content":{"rendered":"<p data-start=\"1444\" data-end=\"1928\">El <strong data-start=\"1447\" data-end=\"1497\">SupaGard \u2013 filtro de polipropileno spun-bonded<\/strong> presenta una <strong data-start=\"1511\" data-end=\"1538\">construcci\u00f3n monol\u00edtica<\/strong> que elimina completamente el uso de <strong data-start=\"1575\" data-end=\"1625\">resinas, adhesivos, aglutinantes o lubricantes<\/strong>, reduciendo el riesgo de migraci\u00f3n de medios o desprendimientos en el flujo filtrado. Esta caracter\u00edstica lo convierte en un <strong data-start=\"1751\" data-end=\"1777\">filtro seguro y limpio<\/strong>, ideal para procesos que requieren <strong data-start=\"1813\" data-end=\"1842\">pureza y reproducibilidad<\/strong>, como la industria <strong data-start=\"1862\" data-end=\"1925\">farmac\u00e9utica, alimentaria, qu\u00edmica y de tratamiento de agua<\/strong>.<\/p>\n<p data-start=\"1930\" data-end=\"2495\">El n\u00facleo interno del <strong data-start=\"1952\" data-end=\"1964\">SupaGard<\/strong> est\u00e1 dise\u00f1ado para soportar <strong data-start=\"1993\" data-end=\"2026\">altas presiones diferenciales<\/strong>, garantizando la estabilidad mec\u00e1nica incluso durante variaciones bruscas de flujo. El cartucho puede fabricarse con <strong data-start=\"2144\" data-end=\"2180\">n\u00facleo de polipropileno est\u00e1ndar<\/strong>, con <strong data-start=\"2186\" data-end=\"2226\">n\u00facleo reforzado con fibra de vidrio<\/strong> para aplicaciones de alta temperatura o incluso con <strong data-start=\"2279\" data-end=\"2309\">n\u00facleo de acero inoxidable<\/strong> para entornos m\u00e1s agresivos. Tambi\u00e9n est\u00e1 disponible una <strong data-start=\"2367\" data-end=\"2406\">versi\u00f3n con jaula exterior moldeada<\/strong>, que mejora la rigidez y facilita el manejo durante la instalaci\u00f3n y el mantenimiento.<\/p>\n<p data-start=\"2497\" data-end=\"3101\">El <strong data-start=\"2500\" data-end=\"2567\">SupaGard \u2013 cartucho de profundidad de polipropileno spun-bonded<\/strong> est\u00e1 disponible en <strong data-start=\"2587\" data-end=\"2647\">longitudes que van desde 125 mm (5\u201d) hasta 1524 mm (60\u201d)<\/strong>, y se ofrece con <strong data-start=\"2665\" data-end=\"2699\">extremos abiertos dobles (DOE)<\/strong> o con las <strong data-start=\"2710\" data-end=\"2756\">conexiones finales m\u00e1s comunes del mercado<\/strong> (Code 3, Code 7, Code 8, entre otras), lo que permite su compatibilidad con una amplia gama de carcasas industriales. Adem\u00e1s, puede suministrarse en su versi\u00f3n de <strong data-start=\"2920\" data-end=\"2946\">gran di\u00e1metro \u201cB-Blue\u201d<\/strong>, que permite <strong data-start=\"2960\" data-end=\"2993\">mayores caudales por elemento<\/strong> y <strong data-start=\"2996\" data-end=\"3037\">menor n\u00famero de cartuchos por sistema<\/strong>, optimizando el espacio y reduciendo los costos de operaci\u00f3n.<\/p>\n<p data-start=\"3103\" data-end=\"3594\">Todos los <strong data-start=\"3113\" data-end=\"3135\">cartuchos SupaGard<\/strong> est\u00e1n fabricados en <strong data-start=\"3156\" data-end=\"3186\">100 % polipropileno virgen<\/strong> y cumplen con los principales est\u00e1ndares internacionales: <strong data-start=\"3245\" data-end=\"3259\">FDA 21 CFR<\/strong>, <strong data-start=\"3261\" data-end=\"3277\">USP Clase VI<\/strong>, <strong data-start=\"3279\" data-end=\"3311\">Reglamento Europeo 1935\/2004<\/strong> para contacto alimentario, adem\u00e1s de estar <strong data-start=\"3355\" data-end=\"3376\">listados por WRAS<\/strong> y <strong data-start=\"3379\" data-end=\"3413\">aprobados por la Regulaci\u00f3n 31<\/strong> del Reino Unido para <strong data-start=\"3435\" data-end=\"3451\">agua potable<\/strong>. Estas certificaciones garantizan su uso seguro en aplicaciones donde la calidad del fluido y la compatibilidad del material son esenciales.<\/p>\n<h3 data-start=\"3596\" data-end=\"3632\"><strong data-start=\"3600\" data-end=\"3632\">Caracter\u00edsticas del SupaGard<\/strong><\/h3>\n<ul data-start=\"3634\" data-end=\"4110\">\n<li data-start=\"3634\" data-end=\"3707\">\n<p data-start=\"3636\" data-end=\"3707\"><strong data-start=\"3636\" data-end=\"3656\">Medio filtrante:<\/strong> microfibras de polipropileno soplado (100 % PP).<\/p>\n<\/li>\n<li data-start=\"3708\" data-end=\"3798\">\n<p data-start=\"3710\" data-end=\"3798\"><strong data-start=\"3710\" data-end=\"3751\">Calificaciones nominales disponibles:<\/strong> 1, 5, 10, 20, 30, 50, 75, 100, 150 y 200 \u00b5m.<\/p>\n<\/li>\n<li data-start=\"3799\" data-end=\"3845\">\n<p data-start=\"3801\" data-end=\"3845\"><strong data-start=\"3801\" data-end=\"3825\">Longitudes est\u00e1ndar:<\/strong> 125 mm a 1524 mm.<\/p>\n<\/li>\n<li data-start=\"3846\" data-end=\"3930\">\n<p data-start=\"3848\" data-end=\"3930\"><strong data-start=\"3848\" data-end=\"3871\">Opciones de n\u00facleo:<\/strong> PP est\u00e1ndar, PP reforzado con vidrio o acero inoxidable.<\/p>\n<\/li>\n<li data-start=\"3931\" data-end=\"4017\">\n<p data-start=\"3933\" data-end=\"4017\"><strong data-start=\"3933\" data-end=\"3956\">Sellos disponibles:<\/strong> sin junta, Buna, EPDM, FEP\/silicona, PE, silicona o Viton.<\/p>\n<\/li>\n<li data-start=\"4018\" data-end=\"4110\">\n<p data-start=\"4020\" data-end=\"4110\"><strong data-start=\"4020\" data-end=\"4045\">Versiones especiales:<\/strong> B-Blue de gran di\u00e1metro y opciones de jaula exterior moldeada.<\/p>\n<\/li>\n<\/ul>\n<h3 data-start=\"4112\" data-end=\"4145\"><strong data-start=\"4116\" data-end=\"4145\">Aplicaciones del SupaGard<\/strong><\/h3>\n<p data-start=\"4147\" data-end=\"4555\">El <strong data-start=\"4150\" data-end=\"4198\">SupaGard \u2013 filtro de profundidad spun-bonded<\/strong> se utiliza en <strong data-start=\"4213\" data-end=\"4246\">una amplia gama de industrias<\/strong> donde se requiere una filtraci\u00f3n nominal eficiente y confiable. En el sector de <strong data-start=\"4327\" data-end=\"4350\">alimentos y bebidas<\/strong>, se emplea para la <strong data-start=\"4370\" data-end=\"4441\">clarificaci\u00f3n de agua embotellada, jugos, cervezas, vinos y sabores<\/strong>, as\u00ed como en <strong data-start=\"4455\" data-end=\"4475\">l\u00edneas de pulido<\/strong> y como <strong data-start=\"4483\" data-end=\"4552\">filtro trampa previo a etapas finales de filtraci\u00f3n o embotellado<\/strong>.<\/p>\n<p data-start=\"4557\" data-end=\"4900\">En la <strong data-start=\"4563\" data-end=\"4589\">industria farmac\u00e9utica<\/strong>, el <strong data-start=\"4594\" data-end=\"4606\">SupaGard<\/strong> act\u00faa como <strong data-start=\"4618\" data-end=\"4656\">prefiltro para membranas est\u00e9riles<\/strong>, adem\u00e1s de emplearse en la <strong data-start=\"4684\" data-end=\"4765\">clarificaci\u00f3n de productos base, soluciones intermedias y l\u00edquidos de proceso<\/strong>. Su estructura libre de aditivos lo hace especialmente adecuado para procesos sensibles a la migraci\u00f3n de part\u00edculas o extractables.<\/p>\n<p data-start=\"4902\" data-end=\"5193\">En <strong data-start=\"4905\" data-end=\"4939\">plantas de tratamiento de agua<\/strong>, el <strong data-start=\"4944\" data-end=\"4956\">SupaGard<\/strong> es ampliamente utilizado en <strong data-start=\"4985\" data-end=\"5085\">protecci\u00f3n de membranas de \u00f3smosis inversa, nanofiltraci\u00f3n y trampas de resina o carb\u00f3n activado<\/strong>, contribuyendo a la reducci\u00f3n de s\u00f3lidos suspendidos y mejorando la eficiencia de las etapas posteriores.<\/p>\n","protected":false},"excerpt":{"rendered":"<p data-start=\"364\" data-end=\"851\">El <strong data-start=\"367\" data-end=\"379\">SupaGard<\/strong> es la <strong data-start=\"386\" data-end=\"443\">\u00faltima generaci\u00f3n de cartuchos filtrantes spun-bonded<\/strong> desarrollada por <strong data-start=\"461\" data-end=\"479\">Amazon Filters<\/strong>, dise\u00f1ada para ofrecer una <strong data-start=\"507\" data-end=\"562\">filtraci\u00f3n nominal eficiente, confiable y econ\u00f3mica<\/strong> en una amplia variedad de procesos industriales. Este cartucho representa la evoluci\u00f3n de la tecnolog\u00eda de filtraci\u00f3n de profundidad, con un dise\u00f1o optimizado que combina <strong data-start=\"734\" data-end=\"782\">alta capacidad de retenci\u00f3n de contaminantes<\/strong>, <strong data-start=\"784\" data-end=\"809\">baja p\u00e9rdida de carga<\/strong> y <strong data-start=\"812\" data-end=\"848\">excelente compatibilidad qu\u00edmica<\/strong>.<\/p>\n<p data-start=\"853\" data-end=\"1442\">El <strong data-start=\"856\" data-end=\"923\">SupaGard \u2013 cartucho de profundidad de polipropileno spun-bonded<\/strong> se fabrica a partir de <strong data-start=\"947\" data-end=\"989\">microfibras continuas de polipropileno<\/strong>, las cuales se <strong data-start=\"1005\" data-end=\"1077\">depositan de manera controlada y uniforme sobre un n\u00facleo de soporte<\/strong>. Este proceso de fabricaci\u00f3n genera una <strong data-start=\"1118\" data-end=\"1155\">estructura de densidad progresiva<\/strong>, en la que las capas externas atrapan part\u00edculas m\u00e1s grandes y las internas retienen las m\u00e1s finas. Gracias a este gradiente de porosidad, el <strong data-start=\"1298\" data-end=\"1310\">SupaGard<\/strong> logra una <strong data-start=\"1321\" data-end=\"1355\">filtraci\u00f3n real en profundidad<\/strong>, ofreciendo una <strong data-start=\"1372\" data-end=\"1413\">alta capacidad de carga de part\u00edculas<\/strong> sin comprometer el caudal.<\/p>\n","protected":false},"featured_media":1038,"template":"","meta":{"_acf_changed":false,"_joinchat":[]},"product_brand":[],"product_cat":[24],"product_tag":[],"class_list":{"0":"post-639","1":"product","2":"type-product","3":"status-publish","4":"has-post-thumbnail","6":"product_cat-cartuchos-y-capsulas-filtrantes","8":"first","9":"instock","10":"shipping-taxable","11":"product-type-simple"},"acf":[],"yoast_head":"<!-- This site is optimized with the Yoast SEO plugin v25.6 - https:\/\/yoast.com\/wordpress\/plugins\/seo\/ -->\n<title>07 - SupaGard | SP Separation Processes<\/title>\n<meta name=\"robots\" content=\"index, follow, max-snippet:-1, max-image-preview:large, max-video-preview:-1\" \/>\n<link rel=\"canonical\" href=\"https:\/\/sp.com.ar\/sanitaria\/producto\/supagard\/\" \/>\n<meta property=\"og:locale\" content=\"es_ES\" \/>\n<meta property=\"og:type\" content=\"article\" \/>\n<meta property=\"og:title\" content=\"07 - SupaGard | SP Separation Processes\" \/>\n<meta property=\"og:description\" content=\"El SupaGard es la \u00faltima generaci\u00f3n de cartuchos filtrantes spun-bonded desarrollada por Amazon Filters, dise\u00f1ada para ofrecer una filtraci\u00f3n nominal eficiente, confiable y econ\u00f3mica en una amplia variedad de procesos industriales. Este cartucho representa la evoluci\u00f3n de la tecnolog\u00eda de filtraci\u00f3n de profundidad, con un dise\u00f1o optimizado que combina alta capacidad de retenci\u00f3n de contaminantes, baja p\u00e9rdida de carga y excelente compatibilidad qu\u00edmica. El SupaGard \u2013 cartucho de profundidad de polipropileno spun-bonded se fabrica a partir de microfibras continuas de polipropileno, las cuales se depositan de manera controlada y uniforme sobre un n\u00facleo de soporte. Este proceso de fabricaci\u00f3n genera una estructura de densidad progresiva, en la que las capas externas atrapan part\u00edculas m\u00e1s grandes y las internas retienen las m\u00e1s finas. Gracias a este gradiente de porosidad, el SupaGard logra una filtraci\u00f3n real en profundidad, ofreciendo una alta capacidad de carga de part\u00edculas sin comprometer el caudal.\" \/>\n<meta property=\"og:url\" content=\"https:\/\/sp.com.ar\/sanitaria\/producto\/supagard\/\" \/>\n<meta property=\"og:site_name\" content=\"SP Separation Processes\" \/>\n<meta property=\"article:modified_time\" content=\"2025-11-21T14:32:55+00:00\" \/>\n<meta property=\"og:image\" content=\"https:\/\/sp.com.ar\/sanitaria\/wp-content\/uploads\/2025\/08\/07-SUPAGARD-2.png\" \/>\n\t<meta property=\"og:image:width\" content=\"1200\" \/>\n\t<meta property=\"og:image:height\" content=\"1200\" \/>\n\t<meta property=\"og:image:type\" content=\"image\/png\" \/>\n<meta name=\"twitter:card\" content=\"summary_large_image\" \/>\n<meta name=\"twitter:label1\" content=\"Tiempo de lectura\" \/>\n\t<meta name=\"twitter:data1\" content=\"3 minutos\" \/>\n<script type=\"application\/ld+json\" class=\"yoast-schema-graph\">{\"@context\":\"https:\/\/schema.org\",\"@graph\":[{\"@type\":\"WebPage\",\"@id\":\"https:\/\/sp.com.ar\/sanitaria\/producto\/supagard\/\",\"url\":\"https:\/\/sp.com.ar\/sanitaria\/producto\/supagard\/\",\"name\":\"07 - SupaGard | SP Separation Processes\",\"isPartOf\":{\"@id\":\"https:\/\/sp.com.ar\/sanitaria\/#website\"},\"primaryImageOfPage\":{\"@id\":\"https:\/\/sp.com.ar\/sanitaria\/producto\/supagard\/#primaryimage\"},\"image\":{\"@id\":\"https:\/\/sp.com.ar\/sanitaria\/producto\/supagard\/#primaryimage\"},\"thumbnailUrl\":\"https:\/\/sp.com.ar\/sanitaria\/wp-content\/uploads\/2025\/08\/07-SUPAGARD-2.png\",\"datePublished\":\"2025-08-28T13:11:24+00:00\",\"dateModified\":\"2025-11-21T14:32:55+00:00\",\"breadcrumb\":{\"@id\":\"https:\/\/sp.com.ar\/sanitaria\/producto\/supagard\/#breadcrumb\"},\"inLanguage\":\"es\",\"potentialAction\":[{\"@type\":\"ReadAction\",\"target\":[\"https:\/\/sp.com.ar\/sanitaria\/producto\/supagard\/\"]}]},{\"@type\":\"ImageObject\",\"inLanguage\":\"es\",\"@id\":\"https:\/\/sp.com.ar\/sanitaria\/producto\/supagard\/#primaryimage\",\"url\":\"https:\/\/sp.com.ar\/sanitaria\/wp-content\/uploads\/2025\/08\/07-SUPAGARD-2.png\",\"contentUrl\":\"https:\/\/sp.com.ar\/sanitaria\/wp-content\/uploads\/2025\/08\/07-SUPAGARD-2.png\",\"width\":1200,\"height\":1200,\"caption\":\"Supagard\"},{\"@type\":\"BreadcrumbList\",\"@id\":\"https:\/\/sp.com.ar\/sanitaria\/producto\/supagard\/#breadcrumb\",\"itemListElement\":[{\"@type\":\"ListItem\",\"position\":1,\"name\":\"Portada\",\"item\":\"https:\/\/sp.com.ar\/sanitaria\/\"},{\"@type\":\"ListItem\",\"position\":2,\"name\":\"Productos\",\"item\":\"https:\/\/sp.com.ar\/sanitaria\/productos\/\"},{\"@type\":\"ListItem\",\"position\":3,\"name\":\"07 &#8211; SupaGard\"}]},{\"@type\":\"WebSite\",\"@id\":\"https:\/\/sp.com.ar\/sanitaria\/#website\",\"url\":\"https:\/\/sp.com.ar\/sanitaria\/\",\"name\":\"SP Separation Processes\",\"description\":\"\",\"potentialAction\":[{\"@type\":\"SearchAction\",\"target\":{\"@type\":\"EntryPoint\",\"urlTemplate\":\"https:\/\/sp.com.ar\/sanitaria\/?s={search_term_string}\"},\"query-input\":{\"@type\":\"PropertyValueSpecification\",\"valueRequired\":true,\"valueName\":\"search_term_string\"}}],\"inLanguage\":\"es\"}]}<\/script>\n<!-- \/ Yoast SEO plugin. -->","yoast_head_json":{"title":"07 - SupaGard | SP Separation Processes","robots":{"index":"index","follow":"follow","max-snippet":"max-snippet:-1","max-image-preview":"max-image-preview:large","max-video-preview":"max-video-preview:-1"},"canonical":"https:\/\/sp.com.ar\/sanitaria\/producto\/supagard\/","og_locale":"es_ES","og_type":"article","og_title":"07 - SupaGard | SP Separation Processes","og_description":"El SupaGard es la \u00faltima generaci\u00f3n de cartuchos filtrantes spun-bonded desarrollada por Amazon Filters, dise\u00f1ada para ofrecer una filtraci\u00f3n nominal eficiente, confiable y econ\u00f3mica en una amplia variedad de procesos industriales. Este cartucho representa la evoluci\u00f3n de la tecnolog\u00eda de filtraci\u00f3n de profundidad, con un dise\u00f1o optimizado que combina alta capacidad de retenci\u00f3n de contaminantes, baja p\u00e9rdida de carga y excelente compatibilidad qu\u00edmica. El SupaGard \u2013 cartucho de profundidad de polipropileno spun-bonded se fabrica a partir de microfibras continuas de polipropileno, las cuales se depositan de manera controlada y uniforme sobre un n\u00facleo de soporte. Este proceso de fabricaci\u00f3n genera una estructura de densidad progresiva, en la que las capas externas atrapan part\u00edculas m\u00e1s grandes y las internas retienen las m\u00e1s finas. Gracias a este gradiente de porosidad, el SupaGard logra una filtraci\u00f3n real en profundidad, ofreciendo una alta capacidad de carga de part\u00edculas sin comprometer el caudal.","og_url":"https:\/\/sp.com.ar\/sanitaria\/producto\/supagard\/","og_site_name":"SP Separation Processes","article_modified_time":"2025-11-21T14:32:55+00:00","og_image":[{"width":1200,"height":1200,"url":"https:\/\/sp.com.ar\/sanitaria\/wp-content\/uploads\/2025\/08\/07-SUPAGARD-2.png","type":"image\/png"}],"twitter_card":"summary_large_image","twitter_misc":{"Tiempo de lectura":"3 minutos"},"schema":{"@context":"https:\/\/schema.org","@graph":[{"@type":"WebPage","@id":"https:\/\/sp.com.ar\/sanitaria\/producto\/supagard\/","url":"https:\/\/sp.com.ar\/sanitaria\/producto\/supagard\/","name":"07 - SupaGard | SP Separation Processes","isPartOf":{"@id":"https:\/\/sp.com.ar\/sanitaria\/#website"},"primaryImageOfPage":{"@id":"https:\/\/sp.com.ar\/sanitaria\/producto\/supagard\/#primaryimage"},"image":{"@id":"https:\/\/sp.com.ar\/sanitaria\/producto\/supagard\/#primaryimage"},"thumbnailUrl":"https:\/\/sp.com.ar\/sanitaria\/wp-content\/uploads\/2025\/08\/07-SUPAGARD-2.png","datePublished":"2025-08-28T13:11:24+00:00","dateModified":"2025-11-21T14:32:55+00:00","breadcrumb":{"@id":"https:\/\/sp.com.ar\/sanitaria\/producto\/supagard\/#breadcrumb"},"inLanguage":"es","potentialAction":[{"@type":"ReadAction","target":["https:\/\/sp.com.ar\/sanitaria\/producto\/supagard\/"]}]},{"@type":"ImageObject","inLanguage":"es","@id":"https:\/\/sp.com.ar\/sanitaria\/producto\/supagard\/#primaryimage","url":"https:\/\/sp.com.ar\/sanitaria\/wp-content\/uploads\/2025\/08\/07-SUPAGARD-2.png","contentUrl":"https:\/\/sp.com.ar\/sanitaria\/wp-content\/uploads\/2025\/08\/07-SUPAGARD-2.png","width":1200,"height":1200,"caption":"Supagard"},{"@type":"BreadcrumbList","@id":"https:\/\/sp.com.ar\/sanitaria\/producto\/supagard\/#breadcrumb","itemListElement":[{"@type":"ListItem","position":1,"name":"Portada","item":"https:\/\/sp.com.ar\/sanitaria\/"},{"@type":"ListItem","position":2,"name":"Productos","item":"https:\/\/sp.com.ar\/sanitaria\/productos\/"},{"@type":"ListItem","position":3,"name":"07 &#8211; SupaGard"}]},{"@type":"WebSite","@id":"https:\/\/sp.com.ar\/sanitaria\/#website","url":"https:\/\/sp.com.ar\/sanitaria\/","name":"SP Separation Processes","description":"","potentialAction":[{"@type":"SearchAction","target":{"@type":"EntryPoint","urlTemplate":"https:\/\/sp.com.ar\/sanitaria\/?s={search_term_string}"},"query-input":{"@type":"PropertyValueSpecification","valueRequired":true,"valueName":"search_term_string"}}],"inLanguage":"es"}]}},"_links":{"self":[{"href":"https:\/\/sp.com.ar\/sanitaria\/wp-json\/wp\/v2\/product\/639","targetHints":{"allow":["GET"]}}],"collection":[{"href":"https:\/\/sp.com.ar\/sanitaria\/wp-json\/wp\/v2\/product"}],"about":[{"href":"https:\/\/sp.com.ar\/sanitaria\/wp-json\/wp\/v2\/types\/product"}],"wp:featuredmedia":[{"embeddable":true,"href":"https:\/\/sp.com.ar\/sanitaria\/wp-json\/wp\/v2\/media\/1038"}],"wp:attachment":[{"href":"https:\/\/sp.com.ar\/sanitaria\/wp-json\/wp\/v2\/media?parent=639"}],"wp:term":[{"taxonomy":"product_brand","embeddable":true,"href":"https:\/\/sp.com.ar\/sanitaria\/wp-json\/wp\/v2\/product_brand?post=639"},{"taxonomy":"product_cat","embeddable":true,"href":"https:\/\/sp.com.ar\/sanitaria\/wp-json\/wp\/v2\/product_cat?post=639"},{"taxonomy":"product_tag","embeddable":true,"href":"https:\/\/sp.com.ar\/sanitaria\/wp-json\/wp\/v2\/product_tag?post=639"}],"curies":[{"name":"wp","href":"https:\/\/api.w.org\/{rel}","templated":true}]}}