{"id":641,"date":"2025-08-28T10:36:40","date_gmt":"2025-08-28T13:36:40","guid":{"rendered":"https:\/\/sp.disewhost3.com\/sanitaria\/?post_type=product&#038;p=641"},"modified":"2025-11-21T11:33:49","modified_gmt":"2025-11-21T14:33:49","slug":"ed-16-drenaje-electronico","status":"publish","type":"product","link":"https:\/\/sp.com.ar\/sanitaria\/producto\/ed-16-drenaje-electronico\/","title":{"rendered":"ED 16 \u2013 Drenaje electr\u00f3nico"},"content":{"rendered":"<p>Este dispositivo purga peri\u00f3dicamente el condensado de la carcasa o del separador sin necesidad de intervenci\u00f3n manual. Al estar gobernado por un temporizador electr\u00f3nico, permite ajustar la frecuencia y duraci\u00f3n de la purga, evitando p\u00e9rdidas continuas de aire comprimido y reduciendo el consumo energ\u00e9tico.<\/p>\n<p><strong>Funci\u00f3n:<\/strong> Drenaje de condensado mediante v\u00e1lvula electr\u00f3nica programable.<\/p>\n<p><strong>Aplicaciones:<\/strong> Sistemas de aire donde el condensado debe purgarse a intervalos regulares; ideal para compresores y filtros instalados en ambientes con variaciones de carga y condensaci\u00f3n.<\/p>\n","protected":false},"excerpt":{"rendered":"<p>Este dispositivo purga peri\u00f3dicamente el condensado de la carcasa o del separador sin necesidad de intervenci\u00f3n manual. Al estar gobernado por un temporizador electr\u00f3nico, permite ajustar la frecuencia y duraci\u00f3n de la purga, evitando p\u00e9rdidas continuas de aire comprimido y reduciendo el consumo energ\u00e9tico. Funci\u00f3n: Drenaje de condensado mediante v\u00e1lvula electr\u00f3nica programable. Aplicaciones: Sistemas de [&hellip;]<\/p>\n","protected":false},"featured_media":1040,"template":"","meta":{"_acf_changed":false,"_joinchat":[]},"product_brand":[],"product_cat":[26],"product_tag":[],"class_list":{"0":"post-641","1":"product","2":"type-product","3":"status-publish","4":"has-post-thumbnail","6":"product_cat-filtros-para-tratamiento-de-aire-comprimido","8":"first","9":"instock","10":"shipping-taxable","11":"product-type-simple"},"acf":[],"yoast_head":"<!-- This site is optimized with the Yoast SEO plugin v25.6 - https:\/\/yoast.com\/wordpress\/plugins\/seo\/ -->\n<title>ED 16 \u2013 Drenaje electr\u00f3nico | SP Separation Processes<\/title>\n<meta name=\"robots\" content=\"index, follow, max-snippet:-1, max-image-preview:large, max-video-preview:-1\" \/>\n<link rel=\"canonical\" href=\"https:\/\/sp.com.ar\/sanitaria\/producto\/ed-16-drenaje-electronico\/\" \/>\n<meta property=\"og:locale\" content=\"es_ES\" \/>\n<meta property=\"og:type\" content=\"article\" \/>\n<meta property=\"og:title\" content=\"ED 16 \u2013 Drenaje electr\u00f3nico | SP Separation Processes\" \/>\n<meta property=\"og:description\" content=\"Este dispositivo purga peri\u00f3dicamente el condensado de la carcasa o del separador sin necesidad de intervenci\u00f3n manual. Al estar gobernado por un temporizador electr\u00f3nico, permite ajustar la frecuencia y duraci\u00f3n de la purga, evitando p\u00e9rdidas continuas de aire comprimido y reduciendo el consumo energ\u00e9tico. Funci\u00f3n: Drenaje de condensado mediante v\u00e1lvula electr\u00f3nica programable. Aplicaciones: Sistemas de [&hellip;]\" \/>\n<meta property=\"og:url\" content=\"https:\/\/sp.com.ar\/sanitaria\/producto\/ed-16-drenaje-electronico\/\" \/>\n<meta property=\"og:site_name\" content=\"SP Separation Processes\" \/>\n<meta property=\"article:modified_time\" content=\"2025-11-21T14:33:49+00:00\" \/>\n<meta property=\"og:image\" content=\"https:\/\/sp.com.ar\/sanitaria\/wp-content\/uploads\/2025\/08\/Drenaje-Electrico-1.png\" \/>\n\t<meta property=\"og:image:width\" content=\"1200\" \/>\n\t<meta property=\"og:image:height\" content=\"1200\" \/>\n\t<meta property=\"og:image:type\" content=\"image\/png\" \/>\n<meta name=\"twitter:card\" content=\"summary_large_image\" \/>\n<script type=\"application\/ld+json\" class=\"yoast-schema-graph\">{\"@context\":\"https:\/\/schema.org\",\"@graph\":[{\"@type\":\"WebPage\",\"@id\":\"https:\/\/sp.com.ar\/sanitaria\/producto\/ed-16-drenaje-electronico\/\",\"url\":\"https:\/\/sp.com.ar\/sanitaria\/producto\/ed-16-drenaje-electronico\/\",\"name\":\"ED 16 \u2013 Drenaje electr\u00f3nico | SP Separation Processes\",\"isPartOf\":{\"@id\":\"https:\/\/sp.com.ar\/sanitaria\/#website\"},\"primaryImageOfPage\":{\"@id\":\"https:\/\/sp.com.ar\/sanitaria\/producto\/ed-16-drenaje-electronico\/#primaryimage\"},\"image\":{\"@id\":\"https:\/\/sp.com.ar\/sanitaria\/producto\/ed-16-drenaje-electronico\/#primaryimage\"},\"thumbnailUrl\":\"https:\/\/sp.com.ar\/sanitaria\/wp-content\/uploads\/2025\/08\/Drenaje-Electrico-1.png\",\"datePublished\":\"2025-08-28T13:36:40+00:00\",\"dateModified\":\"2025-11-21T14:33:49+00:00\",\"breadcrumb\":{\"@id\":\"https:\/\/sp.com.ar\/sanitaria\/producto\/ed-16-drenaje-electronico\/#breadcrumb\"},\"inLanguage\":\"es\",\"potentialAction\":[{\"@type\":\"ReadAction\",\"target\":[\"https:\/\/sp.com.ar\/sanitaria\/producto\/ed-16-drenaje-electronico\/\"]}]},{\"@type\":\"ImageObject\",\"inLanguage\":\"es\",\"@id\":\"https:\/\/sp.com.ar\/sanitaria\/producto\/ed-16-drenaje-electronico\/#primaryimage\",\"url\":\"https:\/\/sp.com.ar\/sanitaria\/wp-content\/uploads\/2025\/08\/Drenaje-Electrico-1.png\",\"contentUrl\":\"https:\/\/sp.com.ar\/sanitaria\/wp-content\/uploads\/2025\/08\/Drenaje-Electrico-1.png\",\"width\":1200,\"height\":1200,\"caption\":\"Drenaje electronico\"},{\"@type\":\"BreadcrumbList\",\"@id\":\"https:\/\/sp.com.ar\/sanitaria\/producto\/ed-16-drenaje-electronico\/#breadcrumb\",\"itemListElement\":[{\"@type\":\"ListItem\",\"position\":1,\"name\":\"Portada\",\"item\":\"https:\/\/sp.com.ar\/sanitaria\/\"},{\"@type\":\"ListItem\",\"position\":2,\"name\":\"Productos\",\"item\":\"https:\/\/sp.com.ar\/sanitaria\/productos\/\"},{\"@type\":\"ListItem\",\"position\":3,\"name\":\"ED 16 \u2013 Drenaje electr\u00f3nico\"}]},{\"@type\":\"WebSite\",\"@id\":\"https:\/\/sp.com.ar\/sanitaria\/#website\",\"url\":\"https:\/\/sp.com.ar\/sanitaria\/\",\"name\":\"SP Separation Processes\",\"description\":\"\",\"potentialAction\":[{\"@type\":\"SearchAction\",\"target\":{\"@type\":\"EntryPoint\",\"urlTemplate\":\"https:\/\/sp.com.ar\/sanitaria\/?s={search_term_string}\"},\"query-input\":{\"@type\":\"PropertyValueSpecification\",\"valueRequired\":true,\"valueName\":\"search_term_string\"}}],\"inLanguage\":\"es\"}]}<\/script>\n<!-- \/ Yoast SEO plugin. -->","yoast_head_json":{"title":"ED 16 \u2013 Drenaje electr\u00f3nico | SP Separation Processes","robots":{"index":"index","follow":"follow","max-snippet":"max-snippet:-1","max-image-preview":"max-image-preview:large","max-video-preview":"max-video-preview:-1"},"canonical":"https:\/\/sp.com.ar\/sanitaria\/producto\/ed-16-drenaje-electronico\/","og_locale":"es_ES","og_type":"article","og_title":"ED 16 \u2013 Drenaje electr\u00f3nico | SP Separation Processes","og_description":"Este dispositivo purga peri\u00f3dicamente el condensado de la carcasa o del separador sin necesidad de intervenci\u00f3n manual. Al estar gobernado por un temporizador electr\u00f3nico, permite ajustar la frecuencia y duraci\u00f3n de la purga, evitando p\u00e9rdidas continuas de aire comprimido y reduciendo el consumo energ\u00e9tico. Funci\u00f3n: Drenaje de condensado mediante v\u00e1lvula electr\u00f3nica programable. Aplicaciones: Sistemas de [&hellip;]","og_url":"https:\/\/sp.com.ar\/sanitaria\/producto\/ed-16-drenaje-electronico\/","og_site_name":"SP Separation Processes","article_modified_time":"2025-11-21T14:33:49+00:00","og_image":[{"width":1200,"height":1200,"url":"https:\/\/sp.com.ar\/sanitaria\/wp-content\/uploads\/2025\/08\/Drenaje-Electrico-1.png","type":"image\/png"}],"twitter_card":"summary_large_image","schema":{"@context":"https:\/\/schema.org","@graph":[{"@type":"WebPage","@id":"https:\/\/sp.com.ar\/sanitaria\/producto\/ed-16-drenaje-electronico\/","url":"https:\/\/sp.com.ar\/sanitaria\/producto\/ed-16-drenaje-electronico\/","name":"ED 16 \u2013 Drenaje electr\u00f3nico | SP Separation Processes","isPartOf":{"@id":"https:\/\/sp.com.ar\/sanitaria\/#website"},"primaryImageOfPage":{"@id":"https:\/\/sp.com.ar\/sanitaria\/producto\/ed-16-drenaje-electronico\/#primaryimage"},"image":{"@id":"https:\/\/sp.com.ar\/sanitaria\/producto\/ed-16-drenaje-electronico\/#primaryimage"},"thumbnailUrl":"https:\/\/sp.com.ar\/sanitaria\/wp-content\/uploads\/2025\/08\/Drenaje-Electrico-1.png","datePublished":"2025-08-28T13:36:40+00:00","dateModified":"2025-11-21T14:33:49+00:00","breadcrumb":{"@id":"https:\/\/sp.com.ar\/sanitaria\/producto\/ed-16-drenaje-electronico\/#breadcrumb"},"inLanguage":"es","potentialAction":[{"@type":"ReadAction","target":["https:\/\/sp.com.ar\/sanitaria\/producto\/ed-16-drenaje-electronico\/"]}]},{"@type":"ImageObject","inLanguage":"es","@id":"https:\/\/sp.com.ar\/sanitaria\/producto\/ed-16-drenaje-electronico\/#primaryimage","url":"https:\/\/sp.com.ar\/sanitaria\/wp-content\/uploads\/2025\/08\/Drenaje-Electrico-1.png","contentUrl":"https:\/\/sp.com.ar\/sanitaria\/wp-content\/uploads\/2025\/08\/Drenaje-Electrico-1.png","width":1200,"height":1200,"caption":"Drenaje electronico"},{"@type":"BreadcrumbList","@id":"https:\/\/sp.com.ar\/sanitaria\/producto\/ed-16-drenaje-electronico\/#breadcrumb","itemListElement":[{"@type":"ListItem","position":1,"name":"Portada","item":"https:\/\/sp.com.ar\/sanitaria\/"},{"@type":"ListItem","position":2,"name":"Productos","item":"https:\/\/sp.com.ar\/sanitaria\/productos\/"},{"@type":"ListItem","position":3,"name":"ED 16 \u2013 Drenaje electr\u00f3nico"}]},{"@type":"WebSite","@id":"https:\/\/sp.com.ar\/sanitaria\/#website","url":"https:\/\/sp.com.ar\/sanitaria\/","name":"SP Separation Processes","description":"","potentialAction":[{"@type":"SearchAction","target":{"@type":"EntryPoint","urlTemplate":"https:\/\/sp.com.ar\/sanitaria\/?s={search_term_string}"},"query-input":{"@type":"PropertyValueSpecification","valueRequired":true,"valueName":"search_term_string"}}],"inLanguage":"es"}]}},"_links":{"self":[{"href":"https:\/\/sp.com.ar\/sanitaria\/wp-json\/wp\/v2\/product\/641","targetHints":{"allow":["GET"]}}],"collection":[{"href":"https:\/\/sp.com.ar\/sanitaria\/wp-json\/wp\/v2\/product"}],"about":[{"href":"https:\/\/sp.com.ar\/sanitaria\/wp-json\/wp\/v2\/types\/product"}],"wp:featuredmedia":[{"embeddable":true,"href":"https:\/\/sp.com.ar\/sanitaria\/wp-json\/wp\/v2\/media\/1040"}],"wp:attachment":[{"href":"https:\/\/sp.com.ar\/sanitaria\/wp-json\/wp\/v2\/media?parent=641"}],"wp:term":[{"taxonomy":"product_brand","embeddable":true,"href":"https:\/\/sp.com.ar\/sanitaria\/wp-json\/wp\/v2\/product_brand?post=641"},{"taxonomy":"product_cat","embeddable":true,"href":"https:\/\/sp.com.ar\/sanitaria\/wp-json\/wp\/v2\/product_cat?post=641"},{"taxonomy":"product_tag","embeddable":true,"href":"https:\/\/sp.com.ar\/sanitaria\/wp-json\/wp\/v2\/product_tag?post=641"}],"curies":[{"name":"wp","href":"https:\/\/api.w.org\/{rel}","templated":true}]}}