{"id":652,"date":"2025-08-28T10:39:38","date_gmt":"2025-08-28T13:39:38","guid":{"rendered":"https:\/\/sp.disewhost3.com\/sanitaria\/?post_type=product&#038;p=652"},"modified":"2025-11-21T11:34:13","modified_gmt":"2025-11-21T14:34:13","slug":"ad-402-drenaje-automatico","status":"publish","type":"product","link":"https:\/\/sp.com.ar\/sanitaria\/producto\/ad-402-drenaje-automatico\/","title":{"rendered":"AD 402 \u2013 Drenaje autom\u00e1tico"},"content":{"rendered":"<p>Se trata de un drenaje puramente mec\u00e1nico que evacua el condensado cuando se alcanza un nivel predeterminado. El funcionamiento es totalmente autom\u00e1tico: cuando se acumula cierta cantidad de condensado, el dispositivo abre el circuito y permite la salida del agua. Este m\u00e9todo conserva energ\u00eda al no liberar aire constantemente y no necesita alimentaci\u00f3n el\u00e9ctrica.<\/p>\n<p><strong>Funci\u00f3n:<\/strong> Drenaje mec\u00e1nico autom\u00e1tico sin electricidad.<\/p>\n<p><strong>Aplicaciones:<\/strong> Carcasas y separadores instalados en \u00e1reas donde se desea un mantenimiento m\u00ednimo y no se dispone de alimentaci\u00f3n el\u00e9ctrica.<\/p>\n","protected":false},"excerpt":{"rendered":"<p>Se trata de un drenaje puramente mec\u00e1nico que evacua el condensado cuando se alcanza un nivel predeterminado. El funcionamiento es totalmente autom\u00e1tico: cuando se acumula cierta cantidad de condensado, el dispositivo abre el circuito y permite la salida del agua. Este m\u00e9todo conserva energ\u00eda al no liberar aire constantemente y no necesita alimentaci\u00f3n el\u00e9ctrica. Funci\u00f3n: [&hellip;]<\/p>\n","protected":false},"featured_media":1041,"template":"","meta":{"_acf_changed":false,"_joinchat":[]},"product_brand":[],"product_cat":[26],"product_tag":[],"class_list":{"0":"post-652","1":"product","2":"type-product","3":"status-publish","4":"has-post-thumbnail","6":"product_cat-filtros-para-tratamiento-de-aire-comprimido","8":"first","9":"instock","10":"shipping-taxable","11":"product-type-simple"},"acf":[],"yoast_head":"<!-- This site is optimized with the Yoast SEO plugin v25.6 - https:\/\/yoast.com\/wordpress\/plugins\/seo\/ -->\n<title>AD 402 \u2013 Drenaje autom\u00e1tico | SP Separation Processes<\/title>\n<meta name=\"robots\" content=\"index, follow, max-snippet:-1, max-image-preview:large, max-video-preview:-1\" \/>\n<link rel=\"canonical\" href=\"https:\/\/sp.com.ar\/sanitaria\/producto\/ad-402-drenaje-automatico\/\" \/>\n<meta property=\"og:locale\" content=\"es_ES\" \/>\n<meta property=\"og:type\" content=\"article\" \/>\n<meta property=\"og:title\" content=\"AD 402 \u2013 Drenaje autom\u00e1tico | SP Separation Processes\" \/>\n<meta property=\"og:description\" content=\"Se trata de un drenaje puramente mec\u00e1nico que evacua el condensado cuando se alcanza un nivel predeterminado. El funcionamiento es totalmente autom\u00e1tico: cuando se acumula cierta cantidad de condensado, el dispositivo abre el circuito y permite la salida del agua. Este m\u00e9todo conserva energ\u00eda al no liberar aire constantemente y no necesita alimentaci\u00f3n el\u00e9ctrica. Funci\u00f3n: [&hellip;]\" \/>\n<meta property=\"og:url\" content=\"https:\/\/sp.com.ar\/sanitaria\/producto\/ad-402-drenaje-automatico\/\" \/>\n<meta property=\"og:site_name\" content=\"SP Separation Processes\" \/>\n<meta property=\"article:modified_time\" content=\"2025-11-21T14:34:13+00:00\" \/>\n<meta property=\"og:image\" content=\"https:\/\/sp.com.ar\/sanitaria\/wp-content\/uploads\/2025\/08\/Drenaje-Automatico-Flotante-P-Filtros-De-Aire-Comprimido-2.png\" \/>\n\t<meta property=\"og:image:width\" content=\"1200\" \/>\n\t<meta property=\"og:image:height\" content=\"1200\" \/>\n\t<meta property=\"og:image:type\" content=\"image\/png\" \/>\n<meta name=\"twitter:card\" content=\"summary_large_image\" \/>\n<script type=\"application\/ld+json\" class=\"yoast-schema-graph\">{\"@context\":\"https:\/\/schema.org\",\"@graph\":[{\"@type\":\"WebPage\",\"@id\":\"https:\/\/sp.com.ar\/sanitaria\/producto\/ad-402-drenaje-automatico\/\",\"url\":\"https:\/\/sp.com.ar\/sanitaria\/producto\/ad-402-drenaje-automatico\/\",\"name\":\"AD 402 \u2013 Drenaje autom\u00e1tico | SP Separation Processes\",\"isPartOf\":{\"@id\":\"https:\/\/sp.com.ar\/sanitaria\/#website\"},\"primaryImageOfPage\":{\"@id\":\"https:\/\/sp.com.ar\/sanitaria\/producto\/ad-402-drenaje-automatico\/#primaryimage\"},\"image\":{\"@id\":\"https:\/\/sp.com.ar\/sanitaria\/producto\/ad-402-drenaje-automatico\/#primaryimage\"},\"thumbnailUrl\":\"https:\/\/sp.com.ar\/sanitaria\/wp-content\/uploads\/2025\/08\/Drenaje-Automatico-Flotante-P-Filtros-De-Aire-Comprimido-2.png\",\"datePublished\":\"2025-08-28T13:39:38+00:00\",\"dateModified\":\"2025-11-21T14:34:13+00:00\",\"breadcrumb\":{\"@id\":\"https:\/\/sp.com.ar\/sanitaria\/producto\/ad-402-drenaje-automatico\/#breadcrumb\"},\"inLanguage\":\"es\",\"potentialAction\":[{\"@type\":\"ReadAction\",\"target\":[\"https:\/\/sp.com.ar\/sanitaria\/producto\/ad-402-drenaje-automatico\/\"]}]},{\"@type\":\"ImageObject\",\"inLanguage\":\"es\",\"@id\":\"https:\/\/sp.com.ar\/sanitaria\/producto\/ad-402-drenaje-automatico\/#primaryimage\",\"url\":\"https:\/\/sp.com.ar\/sanitaria\/wp-content\/uploads\/2025\/08\/Drenaje-Automatico-Flotante-P-Filtros-De-Aire-Comprimido-2.png\",\"contentUrl\":\"https:\/\/sp.com.ar\/sanitaria\/wp-content\/uploads\/2025\/08\/Drenaje-Automatico-Flotante-P-Filtros-De-Aire-Comprimido-2.png\",\"width\":1200,\"height\":1200,\"caption\":\"Drenaje automatico flotante para filtros de aire comprimido\"},{\"@type\":\"BreadcrumbList\",\"@id\":\"https:\/\/sp.com.ar\/sanitaria\/producto\/ad-402-drenaje-automatico\/#breadcrumb\",\"itemListElement\":[{\"@type\":\"ListItem\",\"position\":1,\"name\":\"Portada\",\"item\":\"https:\/\/sp.com.ar\/sanitaria\/\"},{\"@type\":\"ListItem\",\"position\":2,\"name\":\"Productos\",\"item\":\"https:\/\/sp.com.ar\/sanitaria\/productos\/\"},{\"@type\":\"ListItem\",\"position\":3,\"name\":\"AD 402 \u2013 Drenaje autom\u00e1tico\"}]},{\"@type\":\"WebSite\",\"@id\":\"https:\/\/sp.com.ar\/sanitaria\/#website\",\"url\":\"https:\/\/sp.com.ar\/sanitaria\/\",\"name\":\"SP Separation Processes\",\"description\":\"\",\"potentialAction\":[{\"@type\":\"SearchAction\",\"target\":{\"@type\":\"EntryPoint\",\"urlTemplate\":\"https:\/\/sp.com.ar\/sanitaria\/?s={search_term_string}\"},\"query-input\":{\"@type\":\"PropertyValueSpecification\",\"valueRequired\":true,\"valueName\":\"search_term_string\"}}],\"inLanguage\":\"es\"}]}<\/script>\n<!-- \/ Yoast SEO plugin. -->","yoast_head_json":{"title":"AD 402 \u2013 Drenaje autom\u00e1tico | SP Separation Processes","robots":{"index":"index","follow":"follow","max-snippet":"max-snippet:-1","max-image-preview":"max-image-preview:large","max-video-preview":"max-video-preview:-1"},"canonical":"https:\/\/sp.com.ar\/sanitaria\/producto\/ad-402-drenaje-automatico\/","og_locale":"es_ES","og_type":"article","og_title":"AD 402 \u2013 Drenaje autom\u00e1tico | SP Separation Processes","og_description":"Se trata de un drenaje puramente mec\u00e1nico que evacua el condensado cuando se alcanza un nivel predeterminado. El funcionamiento es totalmente autom\u00e1tico: cuando se acumula cierta cantidad de condensado, el dispositivo abre el circuito y permite la salida del agua. Este m\u00e9todo conserva energ\u00eda al no liberar aire constantemente y no necesita alimentaci\u00f3n el\u00e9ctrica. Funci\u00f3n: [&hellip;]","og_url":"https:\/\/sp.com.ar\/sanitaria\/producto\/ad-402-drenaje-automatico\/","og_site_name":"SP Separation Processes","article_modified_time":"2025-11-21T14:34:13+00:00","og_image":[{"width":1200,"height":1200,"url":"https:\/\/sp.com.ar\/sanitaria\/wp-content\/uploads\/2025\/08\/Drenaje-Automatico-Flotante-P-Filtros-De-Aire-Comprimido-2.png","type":"image\/png"}],"twitter_card":"summary_large_image","schema":{"@context":"https:\/\/schema.org","@graph":[{"@type":"WebPage","@id":"https:\/\/sp.com.ar\/sanitaria\/producto\/ad-402-drenaje-automatico\/","url":"https:\/\/sp.com.ar\/sanitaria\/producto\/ad-402-drenaje-automatico\/","name":"AD 402 \u2013 Drenaje autom\u00e1tico | SP Separation Processes","isPartOf":{"@id":"https:\/\/sp.com.ar\/sanitaria\/#website"},"primaryImageOfPage":{"@id":"https:\/\/sp.com.ar\/sanitaria\/producto\/ad-402-drenaje-automatico\/#primaryimage"},"image":{"@id":"https:\/\/sp.com.ar\/sanitaria\/producto\/ad-402-drenaje-automatico\/#primaryimage"},"thumbnailUrl":"https:\/\/sp.com.ar\/sanitaria\/wp-content\/uploads\/2025\/08\/Drenaje-Automatico-Flotante-P-Filtros-De-Aire-Comprimido-2.png","datePublished":"2025-08-28T13:39:38+00:00","dateModified":"2025-11-21T14:34:13+00:00","breadcrumb":{"@id":"https:\/\/sp.com.ar\/sanitaria\/producto\/ad-402-drenaje-automatico\/#breadcrumb"},"inLanguage":"es","potentialAction":[{"@type":"ReadAction","target":["https:\/\/sp.com.ar\/sanitaria\/producto\/ad-402-drenaje-automatico\/"]}]},{"@type":"ImageObject","inLanguage":"es","@id":"https:\/\/sp.com.ar\/sanitaria\/producto\/ad-402-drenaje-automatico\/#primaryimage","url":"https:\/\/sp.com.ar\/sanitaria\/wp-content\/uploads\/2025\/08\/Drenaje-Automatico-Flotante-P-Filtros-De-Aire-Comprimido-2.png","contentUrl":"https:\/\/sp.com.ar\/sanitaria\/wp-content\/uploads\/2025\/08\/Drenaje-Automatico-Flotante-P-Filtros-De-Aire-Comprimido-2.png","width":1200,"height":1200,"caption":"Drenaje automatico flotante para filtros de aire comprimido"},{"@type":"BreadcrumbList","@id":"https:\/\/sp.com.ar\/sanitaria\/producto\/ad-402-drenaje-automatico\/#breadcrumb","itemListElement":[{"@type":"ListItem","position":1,"name":"Portada","item":"https:\/\/sp.com.ar\/sanitaria\/"},{"@type":"ListItem","position":2,"name":"Productos","item":"https:\/\/sp.com.ar\/sanitaria\/productos\/"},{"@type":"ListItem","position":3,"name":"AD 402 \u2013 Drenaje autom\u00e1tico"}]},{"@type":"WebSite","@id":"https:\/\/sp.com.ar\/sanitaria\/#website","url":"https:\/\/sp.com.ar\/sanitaria\/","name":"SP Separation Processes","description":"","potentialAction":[{"@type":"SearchAction","target":{"@type":"EntryPoint","urlTemplate":"https:\/\/sp.com.ar\/sanitaria\/?s={search_term_string}"},"query-input":{"@type":"PropertyValueSpecification","valueRequired":true,"valueName":"search_term_string"}}],"inLanguage":"es"}]}},"_links":{"self":[{"href":"https:\/\/sp.com.ar\/sanitaria\/wp-json\/wp\/v2\/product\/652","targetHints":{"allow":["GET"]}}],"collection":[{"href":"https:\/\/sp.com.ar\/sanitaria\/wp-json\/wp\/v2\/product"}],"about":[{"href":"https:\/\/sp.com.ar\/sanitaria\/wp-json\/wp\/v2\/types\/product"}],"wp:featuredmedia":[{"embeddable":true,"href":"https:\/\/sp.com.ar\/sanitaria\/wp-json\/wp\/v2\/media\/1041"}],"wp:attachment":[{"href":"https:\/\/sp.com.ar\/sanitaria\/wp-json\/wp\/v2\/media?parent=652"}],"wp:term":[{"taxonomy":"product_brand","embeddable":true,"href":"https:\/\/sp.com.ar\/sanitaria\/wp-json\/wp\/v2\/product_brand?post=652"},{"taxonomy":"product_cat","embeddable":true,"href":"https:\/\/sp.com.ar\/sanitaria\/wp-json\/wp\/v2\/product_cat?post=652"},{"taxonomy":"product_tag","embeddable":true,"href":"https:\/\/sp.com.ar\/sanitaria\/wp-json\/wp\/v2\/product_tag?post=652"}],"curies":[{"name":"wp","href":"https:\/\/api.w.org\/{rel}","templated":true}]}}