{"id":653,"date":"2025-08-28T11:33:46","date_gmt":"2025-08-28T14:33:46","guid":{"rendered":"https:\/\/sp.disewhost3.com\/sanitaria\/?post_type=product&#038;p=653"},"modified":"2025-11-21T11:34:52","modified_gmt":"2025-11-21T14:34:52","slug":"g-indicador-de-presion-diferencial","status":"publish","type":"product","link":"https:\/\/sp.com.ar\/sanitaria\/producto\/g-indicador-de-presion-diferencial\/","title":{"rendered":"G \u2013 Indicador de presi\u00f3n diferencial"},"content":{"rendered":"<p>El indicador muestra la diferencia de presi\u00f3n entre la entrada y la salida de la carcasa. Esta lectura permite al operador conocer cu\u00e1ndo los elementos filtrantes est\u00e1n saturados y deben ser reemplazados, evitando el colapso del filtro y optimizando el consumo de energ\u00eda.<\/p>\n<p><strong>Funci\u00f3n:<\/strong> Medici\u00f3n de la p\u00e9rdida de carga a trav\u00e9s del filtro.<\/p>\n<p><strong>Aplicaciones:<\/strong> Equipos de filtraci\u00f3n donde es necesario controlar el estado de los cartuchos y programar su recambio, como en redes industriales y sistemas cr\u00edticos de instrumentaci\u00f3n.<\/p>\n","protected":false},"excerpt":{"rendered":"<p>El indicador muestra la diferencia de presi\u00f3n entre la entrada y la salida de la carcasa. Esta lectura permite al operador conocer cu\u00e1ndo los elementos filtrantes est\u00e1n saturados y deben ser reemplazados, evitando el colapso del filtro y optimizando el consumo de energ\u00eda. Funci\u00f3n: Medici\u00f3n de la p\u00e9rdida de carga a trav\u00e9s del filtro. Aplicaciones: [&hellip;]<\/p>\n","protected":false},"featured_media":1042,"template":"","meta":{"_acf_changed":false,"_joinchat":[]},"product_brand":[],"product_cat":[26],"product_tag":[],"class_list":{"0":"post-653","1":"product","2":"type-product","3":"status-publish","4":"has-post-thumbnail","6":"product_cat-filtros-para-tratamiento-de-aire-comprimido","8":"first","9":"instock","10":"shipping-taxable","11":"product-type-simple"},"acf":[],"yoast_head":"<!-- This site is optimized with the Yoast SEO plugin v25.6 - https:\/\/yoast.com\/wordpress\/plugins\/seo\/ -->\n<title>G \u2013 Indicador de presi\u00f3n diferencial | SP Separation Processes<\/title>\n<meta name=\"robots\" content=\"index, follow, max-snippet:-1, max-image-preview:large, max-video-preview:-1\" \/>\n<link rel=\"canonical\" href=\"https:\/\/sp.com.ar\/sanitaria\/producto\/g-indicador-de-presion-diferencial\/\" \/>\n<meta property=\"og:locale\" content=\"es_ES\" \/>\n<meta property=\"og:type\" content=\"article\" \/>\n<meta property=\"og:title\" content=\"G \u2013 Indicador de presi\u00f3n diferencial | SP Separation Processes\" \/>\n<meta property=\"og:description\" content=\"El indicador muestra la diferencia de presi\u00f3n entre la entrada y la salida de la carcasa. Esta lectura permite al operador conocer cu\u00e1ndo los elementos filtrantes est\u00e1n saturados y deben ser reemplazados, evitando el colapso del filtro y optimizando el consumo de energ\u00eda. Funci\u00f3n: Medici\u00f3n de la p\u00e9rdida de carga a trav\u00e9s del filtro. Aplicaciones: [&hellip;]\" \/>\n<meta property=\"og:url\" content=\"https:\/\/sp.com.ar\/sanitaria\/producto\/g-indicador-de-presion-diferencial\/\" \/>\n<meta property=\"og:site_name\" content=\"SP Separation Processes\" \/>\n<meta property=\"article:modified_time\" content=\"2025-11-21T14:34:52+00:00\" \/>\n<meta property=\"og:image\" content=\"https:\/\/sp.com.ar\/sanitaria\/wp-content\/uploads\/2025\/08\/Indicador-De-Presion-Diferencial-1.png\" \/>\n\t<meta property=\"og:image:width\" content=\"1200\" \/>\n\t<meta property=\"og:image:height\" content=\"1200\" \/>\n\t<meta property=\"og:image:type\" content=\"image\/png\" \/>\n<meta name=\"twitter:card\" content=\"summary_large_image\" \/>\n<script type=\"application\/ld+json\" class=\"yoast-schema-graph\">{\"@context\":\"https:\/\/schema.org\",\"@graph\":[{\"@type\":\"WebPage\",\"@id\":\"https:\/\/sp.com.ar\/sanitaria\/producto\/g-indicador-de-presion-diferencial\/\",\"url\":\"https:\/\/sp.com.ar\/sanitaria\/producto\/g-indicador-de-presion-diferencial\/\",\"name\":\"G \u2013 Indicador de presi\u00f3n diferencial | SP Separation Processes\",\"isPartOf\":{\"@id\":\"https:\/\/sp.com.ar\/sanitaria\/#website\"},\"primaryImageOfPage\":{\"@id\":\"https:\/\/sp.com.ar\/sanitaria\/producto\/g-indicador-de-presion-diferencial\/#primaryimage\"},\"image\":{\"@id\":\"https:\/\/sp.com.ar\/sanitaria\/producto\/g-indicador-de-presion-diferencial\/#primaryimage\"},\"thumbnailUrl\":\"https:\/\/sp.com.ar\/sanitaria\/wp-content\/uploads\/2025\/08\/Indicador-De-Presion-Diferencial-1.png\",\"datePublished\":\"2025-08-28T14:33:46+00:00\",\"dateModified\":\"2025-11-21T14:34:52+00:00\",\"breadcrumb\":{\"@id\":\"https:\/\/sp.com.ar\/sanitaria\/producto\/g-indicador-de-presion-diferencial\/#breadcrumb\"},\"inLanguage\":\"es\",\"potentialAction\":[{\"@type\":\"ReadAction\",\"target\":[\"https:\/\/sp.com.ar\/sanitaria\/producto\/g-indicador-de-presion-diferencial\/\"]}]},{\"@type\":\"ImageObject\",\"inLanguage\":\"es\",\"@id\":\"https:\/\/sp.com.ar\/sanitaria\/producto\/g-indicador-de-presion-diferencial\/#primaryimage\",\"url\":\"https:\/\/sp.com.ar\/sanitaria\/wp-content\/uploads\/2025\/08\/Indicador-De-Presion-Diferencial-1.png\",\"contentUrl\":\"https:\/\/sp.com.ar\/sanitaria\/wp-content\/uploads\/2025\/08\/Indicador-De-Presion-Diferencial-1.png\",\"width\":1200,\"height\":1200,\"caption\":\"indicador de presion diferencial\"},{\"@type\":\"BreadcrumbList\",\"@id\":\"https:\/\/sp.com.ar\/sanitaria\/producto\/g-indicador-de-presion-diferencial\/#breadcrumb\",\"itemListElement\":[{\"@type\":\"ListItem\",\"position\":1,\"name\":\"Portada\",\"item\":\"https:\/\/sp.com.ar\/sanitaria\/\"},{\"@type\":\"ListItem\",\"position\":2,\"name\":\"Productos\",\"item\":\"https:\/\/sp.com.ar\/sanitaria\/productos\/\"},{\"@type\":\"ListItem\",\"position\":3,\"name\":\"G \u2013 Indicador de presi\u00f3n diferencial\"}]},{\"@type\":\"WebSite\",\"@id\":\"https:\/\/sp.com.ar\/sanitaria\/#website\",\"url\":\"https:\/\/sp.com.ar\/sanitaria\/\",\"name\":\"SP Separation Processes\",\"description\":\"\",\"potentialAction\":[{\"@type\":\"SearchAction\",\"target\":{\"@type\":\"EntryPoint\",\"urlTemplate\":\"https:\/\/sp.com.ar\/sanitaria\/?s={search_term_string}\"},\"query-input\":{\"@type\":\"PropertyValueSpecification\",\"valueRequired\":true,\"valueName\":\"search_term_string\"}}],\"inLanguage\":\"es\"}]}<\/script>\n<!-- \/ Yoast SEO plugin. -->","yoast_head_json":{"title":"G \u2013 Indicador de presi\u00f3n diferencial | SP Separation Processes","robots":{"index":"index","follow":"follow","max-snippet":"max-snippet:-1","max-image-preview":"max-image-preview:large","max-video-preview":"max-video-preview:-1"},"canonical":"https:\/\/sp.com.ar\/sanitaria\/producto\/g-indicador-de-presion-diferencial\/","og_locale":"es_ES","og_type":"article","og_title":"G \u2013 Indicador de presi\u00f3n diferencial | SP Separation Processes","og_description":"El indicador muestra la diferencia de presi\u00f3n entre la entrada y la salida de la carcasa. Esta lectura permite al operador conocer cu\u00e1ndo los elementos filtrantes est\u00e1n saturados y deben ser reemplazados, evitando el colapso del filtro y optimizando el consumo de energ\u00eda. Funci\u00f3n: Medici\u00f3n de la p\u00e9rdida de carga a trav\u00e9s del filtro. Aplicaciones: [&hellip;]","og_url":"https:\/\/sp.com.ar\/sanitaria\/producto\/g-indicador-de-presion-diferencial\/","og_site_name":"SP Separation Processes","article_modified_time":"2025-11-21T14:34:52+00:00","og_image":[{"width":1200,"height":1200,"url":"https:\/\/sp.com.ar\/sanitaria\/wp-content\/uploads\/2025\/08\/Indicador-De-Presion-Diferencial-1.png","type":"image\/png"}],"twitter_card":"summary_large_image","schema":{"@context":"https:\/\/schema.org","@graph":[{"@type":"WebPage","@id":"https:\/\/sp.com.ar\/sanitaria\/producto\/g-indicador-de-presion-diferencial\/","url":"https:\/\/sp.com.ar\/sanitaria\/producto\/g-indicador-de-presion-diferencial\/","name":"G \u2013 Indicador de presi\u00f3n diferencial | SP Separation Processes","isPartOf":{"@id":"https:\/\/sp.com.ar\/sanitaria\/#website"},"primaryImageOfPage":{"@id":"https:\/\/sp.com.ar\/sanitaria\/producto\/g-indicador-de-presion-diferencial\/#primaryimage"},"image":{"@id":"https:\/\/sp.com.ar\/sanitaria\/producto\/g-indicador-de-presion-diferencial\/#primaryimage"},"thumbnailUrl":"https:\/\/sp.com.ar\/sanitaria\/wp-content\/uploads\/2025\/08\/Indicador-De-Presion-Diferencial-1.png","datePublished":"2025-08-28T14:33:46+00:00","dateModified":"2025-11-21T14:34:52+00:00","breadcrumb":{"@id":"https:\/\/sp.com.ar\/sanitaria\/producto\/g-indicador-de-presion-diferencial\/#breadcrumb"},"inLanguage":"es","potentialAction":[{"@type":"ReadAction","target":["https:\/\/sp.com.ar\/sanitaria\/producto\/g-indicador-de-presion-diferencial\/"]}]},{"@type":"ImageObject","inLanguage":"es","@id":"https:\/\/sp.com.ar\/sanitaria\/producto\/g-indicador-de-presion-diferencial\/#primaryimage","url":"https:\/\/sp.com.ar\/sanitaria\/wp-content\/uploads\/2025\/08\/Indicador-De-Presion-Diferencial-1.png","contentUrl":"https:\/\/sp.com.ar\/sanitaria\/wp-content\/uploads\/2025\/08\/Indicador-De-Presion-Diferencial-1.png","width":1200,"height":1200,"caption":"indicador de presion diferencial"},{"@type":"BreadcrumbList","@id":"https:\/\/sp.com.ar\/sanitaria\/producto\/g-indicador-de-presion-diferencial\/#breadcrumb","itemListElement":[{"@type":"ListItem","position":1,"name":"Portada","item":"https:\/\/sp.com.ar\/sanitaria\/"},{"@type":"ListItem","position":2,"name":"Productos","item":"https:\/\/sp.com.ar\/sanitaria\/productos\/"},{"@type":"ListItem","position":3,"name":"G \u2013 Indicador de presi\u00f3n diferencial"}]},{"@type":"WebSite","@id":"https:\/\/sp.com.ar\/sanitaria\/#website","url":"https:\/\/sp.com.ar\/sanitaria\/","name":"SP Separation Processes","description":"","potentialAction":[{"@type":"SearchAction","target":{"@type":"EntryPoint","urlTemplate":"https:\/\/sp.com.ar\/sanitaria\/?s={search_term_string}"},"query-input":{"@type":"PropertyValueSpecification","valueRequired":true,"valueName":"search_term_string"}}],"inLanguage":"es"}]}},"_links":{"self":[{"href":"https:\/\/sp.com.ar\/sanitaria\/wp-json\/wp\/v2\/product\/653","targetHints":{"allow":["GET"]}}],"collection":[{"href":"https:\/\/sp.com.ar\/sanitaria\/wp-json\/wp\/v2\/product"}],"about":[{"href":"https:\/\/sp.com.ar\/sanitaria\/wp-json\/wp\/v2\/types\/product"}],"wp:featuredmedia":[{"embeddable":true,"href":"https:\/\/sp.com.ar\/sanitaria\/wp-json\/wp\/v2\/media\/1042"}],"wp:attachment":[{"href":"https:\/\/sp.com.ar\/sanitaria\/wp-json\/wp\/v2\/media?parent=653"}],"wp:term":[{"taxonomy":"product_brand","embeddable":true,"href":"https:\/\/sp.com.ar\/sanitaria\/wp-json\/wp\/v2\/product_brand?post=653"},{"taxonomy":"product_cat","embeddable":true,"href":"https:\/\/sp.com.ar\/sanitaria\/wp-json\/wp\/v2\/product_cat?post=653"},{"taxonomy":"product_tag","embeddable":true,"href":"https:\/\/sp.com.ar\/sanitaria\/wp-json\/wp\/v2\/product_tag?post=653"}],"curies":[{"name":"wp","href":"https:\/\/api.w.org\/{rel}","templated":true}]}}