{"id":672,"date":"2025-08-28T11:57:01","date_gmt":"2025-08-28T14:57:01","guid":{"rendered":"https:\/\/sp.disewhost3.com\/sanitaria\/?post_type=product&#038;p=672"},"modified":"2025-11-21T11:39:28","modified_gmt":"2025-11-21T14:39:28","slug":"16tc-supapore-tc","status":"publish","type":"product","link":"https:\/\/sp.com.ar\/sanitaria\/producto\/16tc-supapore-tc\/","title":{"rendered":"16TC \u2013 SupaPore\u202fTC"},"content":{"rendered":"<p data-start=\"1421\" data-end=\"1991\">La <strong data-start=\"1424\" data-end=\"1447\">c\u00e1psula SupaPore TC<\/strong> se suministra <strong data-start=\"1462\" data-end=\"1498\">completamente sellada de f\u00e1brica<\/strong>, lista para instalar y usar, eliminando la necesidad de carcasas adicionales, adaptadores o sistemas de sujeci\u00f3n. Este dise\u00f1o <strong data-start=\"1625\" data-end=\"1691\">reduce significativamente el riesgo de exposici\u00f3n del operador<\/strong> y facilita la manipulaci\u00f3n en entornos limpios, ya que no requiere limpieza interna ni mantenimiento posterior. La <strong data-start=\"1807\" data-end=\"1853\">soldadura t\u00e9rmica de todos los componentes<\/strong> evita el uso de adhesivos o resinas, eliminando el riesgo de extractables y asegurando la <strong data-start=\"1944\" data-end=\"1988\">integridad mec\u00e1nica y qu\u00edmica del m\u00f3dulo<\/strong>.<\/p>\n<p data-start=\"1993\" data-end=\"2459\">El <strong data-start=\"1996\" data-end=\"2051\">SupaPore TC \u2013 c\u00e1psula filtrante de PTFE hidrof\u00f3bico<\/strong> est\u00e1 disponible en dos tama\u00f1os principales: la <strong data-start=\"2099\" data-end=\"2117\">versi\u00f3n junior<\/strong> (117 mm de longitud, 75 mm de di\u00e1metro) y la <strong data-start=\"2163\" data-end=\"2183\">versi\u00f3n est\u00e1ndar<\/strong>, que alcanza <strong data-start=\"2197\" data-end=\"2236\">824 mm de largo y 90 mm de di\u00e1metro<\/strong>. Estas variantes ofrecen superficies filtrantes que van desde <strong data-start=\"2299\" data-end=\"2324\">0,05 m\u00b2 hasta 2,10 m\u00b2<\/strong>, con vol\u00famenes internos de 0,11 a 2,8 L, cubriendo desde peque\u00f1as aplicaciones de venteo hasta sistemas industriales de gran caudal.<\/p>\n<p data-start=\"2461\" data-end=\"2735\">Las <strong data-start=\"2465\" data-end=\"2505\">opciones de conexi\u00f3n del SupaPore TC<\/strong> incluyen <strong data-start=\"2515\" data-end=\"2583\">entradas y salidas para manguera, roscas NPT y bridas sanitarias<\/strong>, lo que permite su integraci\u00f3n directa en l\u00edneas existentes o equipos estandarizados de proceso. Adem\u00e1s, se ofrece en <strong data-start=\"2702\" data-end=\"2732\">dos grados de construcci\u00f3n<\/strong>:<\/p>\n<ul data-start=\"2736\" data-end=\"2930\">\n<li data-start=\"2736\" data-end=\"2813\">\n<p data-start=\"2738\" data-end=\"2813\"><strong data-start=\"2738\" data-end=\"2755\">Grado general<\/strong>, para aplicaciones de ventilaci\u00f3n o gases no est\u00e9riles.<\/p>\n<\/li>\n<li data-start=\"2814\" data-end=\"2930\">\n<p data-start=\"2816\" data-end=\"2930\"><strong data-start=\"2816\" data-end=\"2835\">Grado biol\u00f3gico<\/strong>, destinado a entornos que exigen <strong data-start=\"2869\" data-end=\"2900\">filtraci\u00f3n est\u00e9ril validada<\/strong> en gases o aire comprimido.<\/p>\n<\/li>\n<\/ul>\n<p data-start=\"2932\" data-end=\"3180\">El <strong data-start=\"2935\" data-end=\"2950\">SupaPore TC<\/strong> cuenta con <strong data-start=\"2962\" data-end=\"2986\">micronajes absolutos<\/strong> de <strong data-start=\"2990\" data-end=\"3034\">0,1 \u00b5m, 0,2 \u00b5m, 0,45 \u00b5m, 1,0 \u00b5m y 3,0 \u00b5m<\/strong>, garantizando una <strong data-start=\"3053\" data-end=\"3112\">eficiencia de retenci\u00f3n superior al 99,98 % (Beta 5000)<\/strong> y asegurando un control efectivo de part\u00edculas y microorganismos.<\/p>\n<h3 data-start=\"4122\" data-end=\"4158\"><strong data-start=\"4126\" data-end=\"4158\">Aplicaciones del SupaPore TC<\/strong><\/h3>\n<p data-start=\"4160\" data-end=\"4279\">El <strong data-start=\"4163\" data-end=\"4218\">SupaPore TC \u2013 c\u00e1psula filtrante de PTFE hidrof\u00f3bico<\/strong> se aplica en una amplia variedad de sectores industriales:<\/p>\n<ul data-start=\"4281\" data-end=\"5095\">\n<li data-start=\"4281\" data-end=\"4544\">\n<p data-start=\"4283\" data-end=\"4544\"><strong data-start=\"4283\" data-end=\"4307\">Alimentos y bebidas:<\/strong> se utiliza para la <strong data-start=\"4327\" data-end=\"4365\">filtraci\u00f3n est\u00e9ril de aire y gases<\/strong> en <strong data-start=\"4369\" data-end=\"4448\">tanques de almacenamiento, l\u00edneas de embotellado y sistemas de fermentaci\u00f3n<\/strong>, as\u00ed como para la <strong data-start=\"4467\" data-end=\"4505\">purificaci\u00f3n de CO\u2082 en cervecer\u00edas<\/strong> y ventilaci\u00f3n en tanques de proceso.<\/p>\n<\/li>\n<li data-start=\"4545\" data-end=\"4816\">\n<p data-start=\"4547\" data-end=\"4816\"><strong data-start=\"4547\" data-end=\"4580\">Farmac\u00e9utica y biotecnolog\u00eda:<\/strong> ideal para la <strong data-start=\"4595\" data-end=\"4702\">ventilaci\u00f3n est\u00e9ril de reactores, fermentadores, tanques de agua purificada o WFI (Water for Injection)<\/strong>, y para la <strong data-start=\"4714\" data-end=\"4766\">filtraci\u00f3n de gases en l\u00edneas de llenado est\u00e9ril<\/strong> o sistemas de transferencia de aire controlado.<\/p>\n<\/li>\n<li data-start=\"4817\" data-end=\"5095\">\n<p data-start=\"4819\" data-end=\"5095\"><strong data-start=\"4819\" data-end=\"4867\">Tratamiento de agua y procesos industriales:<\/strong> act\u00faa como <strong data-start=\"4879\" data-end=\"4946\">filtro de venteo en tanques de almacenamiento de agua ultrapura<\/strong>, en <strong data-start=\"4951\" data-end=\"4978\">sistemas de ozonizaci\u00f3n<\/strong>, o en <strong data-start=\"4985\" data-end=\"5092\">instalaciones donde se requiere control de humedad y eliminaci\u00f3n de part\u00edculas del aire de compensaci\u00f3n<\/strong>.<\/p>\n<\/li>\n<\/ul>\n","protected":false},"excerpt":{"rendered":"<p data-start=\"344\" data-end=\"777\">El <strong data-start=\"347\" data-end=\"362\">SupaPore TC<\/strong> es un sistema de filtraci\u00f3n aut\u00f3nomo y compacto dise\u00f1ado para <strong data-start=\"425\" data-end=\"483\">procesos que requieren aire, gases o venteos est\u00e9riles<\/strong>, eliminando la necesidad de carcasas independientes. Estas c\u00e1psulas filtrantes representan una <strong data-start=\"579\" data-end=\"609\">soluci\u00f3n pr\u00e1ctica y segura<\/strong> para aplicaciones en <strong data-start=\"631\" data-end=\"689\">alimentos, bebidas, farmac\u00e9utica y tratamiento de agua<\/strong>, donde la <strong data-start=\"700\" data-end=\"757\">integridad del proceso y la pureza del producto final<\/strong> son prioritarias.<\/p>\n<p data-start=\"779\" data-end=\"1419\">El <strong data-start=\"782\" data-end=\"837\">SupaPore TC \u2013 c\u00e1psula filtrante de PTFE hidrof\u00f3bico<\/strong> incorpora una <strong data-start=\"852\" data-end=\"922\">membrana de politetrafluoroetileno (PTFE) naturalmente hidrof\u00f3bica<\/strong>, alojada en una carcasa de <strong data-start=\"950\" data-end=\"972\">polipropileno (PP)<\/strong> de alta pureza. Esta combinaci\u00f3n de materiales garantiza <strong data-start=\"1030\" data-end=\"1096\">compatibilidad qu\u00edmica con una amplia gama de gases y l\u00edquidos<\/strong>, as\u00ed como <strong data-start=\"1107\" data-end=\"1171\">resistencia a la humedad y al ataque de compuestos agresivos<\/strong>. Gracias a su estructura hidrof\u00f3bica, el medio evita la penetraci\u00f3n de l\u00edquidos, permitiendo un paso de gas controlado incluso en condiciones de humedad elevada, lo que resulta ideal para <strong data-start=\"1360\" data-end=\"1416\">ventilaci\u00f3n est\u00e9ril o filtraci\u00f3n de gases de proceso<\/strong>.<\/p>\n","protected":false},"featured_media":1049,"template":"","meta":{"_acf_changed":false,"_joinchat":[]},"product_brand":[],"product_cat":[24],"product_tag":[],"class_list":{"0":"post-672","1":"product","2":"type-product","3":"status-publish","4":"has-post-thumbnail","6":"product_cat-cartuchos-y-capsulas-filtrantes","8":"first","9":"instock","10":"shipping-taxable","11":"product-type-simple"},"acf":[],"yoast_head":"<!-- This site is optimized with the Yoast SEO plugin v25.6 - https:\/\/yoast.com\/wordpress\/plugins\/seo\/ -->\n<title>16TC \u2013 SupaPore\u202fTC | SP Separation Processes<\/title>\n<meta name=\"robots\" content=\"index, follow, max-snippet:-1, max-image-preview:large, max-video-preview:-1\" \/>\n<link rel=\"canonical\" href=\"https:\/\/sp.com.ar\/sanitaria\/producto\/16tc-supapore-tc\/\" \/>\n<meta property=\"og:locale\" content=\"es_ES\" \/>\n<meta property=\"og:type\" content=\"article\" \/>\n<meta property=\"og:title\" content=\"16TC \u2013 SupaPore\u202fTC | SP Separation Processes\" \/>\n<meta property=\"og:description\" content=\"El SupaPore TC es un sistema de filtraci\u00f3n aut\u00f3nomo y compacto dise\u00f1ado para procesos que requieren aire, gases o venteos est\u00e9riles, eliminando la necesidad de carcasas independientes. Estas c\u00e1psulas filtrantes representan una soluci\u00f3n pr\u00e1ctica y segura para aplicaciones en alimentos, bebidas, farmac\u00e9utica y tratamiento de agua, donde la integridad del proceso y la pureza del producto final son prioritarias. El SupaPore TC \u2013 c\u00e1psula filtrante de PTFE hidrof\u00f3bico incorpora una membrana de politetrafluoroetileno (PTFE) naturalmente hidrof\u00f3bica, alojada en una carcasa de polipropileno (PP) de alta pureza. Esta combinaci\u00f3n de materiales garantiza compatibilidad qu\u00edmica con una amplia gama de gases y l\u00edquidos, as\u00ed como resistencia a la humedad y al ataque de compuestos agresivos. Gracias a su estructura hidrof\u00f3bica, el medio evita la penetraci\u00f3n de l\u00edquidos, permitiendo un paso de gas controlado incluso en condiciones de humedad elevada, lo que resulta ideal para ventilaci\u00f3n est\u00e9ril o filtraci\u00f3n de gases de proceso.\" \/>\n<meta property=\"og:url\" content=\"https:\/\/sp.com.ar\/sanitaria\/producto\/16tc-supapore-tc\/\" \/>\n<meta property=\"og:site_name\" content=\"SP Separation Processes\" \/>\n<meta property=\"article:modified_time\" content=\"2025-11-21T14:39:28+00:00\" \/>\n<meta property=\"og:image\" content=\"https:\/\/sp.com.ar\/sanitaria\/wp-content\/uploads\/2025\/08\/16TC-SUPAPORE-TC-2.png\" \/>\n\t<meta property=\"og:image:width\" content=\"1200\" \/>\n\t<meta property=\"og:image:height\" content=\"1200\" \/>\n\t<meta property=\"og:image:type\" content=\"image\/png\" \/>\n<meta name=\"twitter:card\" content=\"summary_large_image\" \/>\n<meta name=\"twitter:label1\" content=\"Tiempo de lectura\" \/>\n\t<meta name=\"twitter:data1\" content=\"2 minutos\" \/>\n<script type=\"application\/ld+json\" class=\"yoast-schema-graph\">{\"@context\":\"https:\/\/schema.org\",\"@graph\":[{\"@type\":\"WebPage\",\"@id\":\"https:\/\/sp.com.ar\/sanitaria\/producto\/16tc-supapore-tc\/\",\"url\":\"https:\/\/sp.com.ar\/sanitaria\/producto\/16tc-supapore-tc\/\",\"name\":\"16TC \u2013 SupaPore\u202fTC | SP Separation Processes\",\"isPartOf\":{\"@id\":\"https:\/\/sp.com.ar\/sanitaria\/#website\"},\"primaryImageOfPage\":{\"@id\":\"https:\/\/sp.com.ar\/sanitaria\/producto\/16tc-supapore-tc\/#primaryimage\"},\"image\":{\"@id\":\"https:\/\/sp.com.ar\/sanitaria\/producto\/16tc-supapore-tc\/#primaryimage\"},\"thumbnailUrl\":\"https:\/\/sp.com.ar\/sanitaria\/wp-content\/uploads\/2025\/08\/16TC-SUPAPORE-TC-2.png\",\"datePublished\":\"2025-08-28T14:57:01+00:00\",\"dateModified\":\"2025-11-21T14:39:28+00:00\",\"breadcrumb\":{\"@id\":\"https:\/\/sp.com.ar\/sanitaria\/producto\/16tc-supapore-tc\/#breadcrumb\"},\"inLanguage\":\"es\",\"potentialAction\":[{\"@type\":\"ReadAction\",\"target\":[\"https:\/\/sp.com.ar\/sanitaria\/producto\/16tc-supapore-tc\/\"]}]},{\"@type\":\"ImageObject\",\"inLanguage\":\"es\",\"@id\":\"https:\/\/sp.com.ar\/sanitaria\/producto\/16tc-supapore-tc\/#primaryimage\",\"url\":\"https:\/\/sp.com.ar\/sanitaria\/wp-content\/uploads\/2025\/08\/16TC-SUPAPORE-TC-2.png\",\"contentUrl\":\"https:\/\/sp.com.ar\/sanitaria\/wp-content\/uploads\/2025\/08\/16TC-SUPAPORE-TC-2.png\",\"width\":1200,\"height\":1200,\"caption\":\"16TC SUPAPORE TC\"},{\"@type\":\"BreadcrumbList\",\"@id\":\"https:\/\/sp.com.ar\/sanitaria\/producto\/16tc-supapore-tc\/#breadcrumb\",\"itemListElement\":[{\"@type\":\"ListItem\",\"position\":1,\"name\":\"Portada\",\"item\":\"https:\/\/sp.com.ar\/sanitaria\/\"},{\"@type\":\"ListItem\",\"position\":2,\"name\":\"Productos\",\"item\":\"https:\/\/sp.com.ar\/sanitaria\/productos\/\"},{\"@type\":\"ListItem\",\"position\":3,\"name\":\"16TC \u2013 SupaPore\u202fTC\"}]},{\"@type\":\"WebSite\",\"@id\":\"https:\/\/sp.com.ar\/sanitaria\/#website\",\"url\":\"https:\/\/sp.com.ar\/sanitaria\/\",\"name\":\"SP Separation Processes\",\"description\":\"\",\"potentialAction\":[{\"@type\":\"SearchAction\",\"target\":{\"@type\":\"EntryPoint\",\"urlTemplate\":\"https:\/\/sp.com.ar\/sanitaria\/?s={search_term_string}\"},\"query-input\":{\"@type\":\"PropertyValueSpecification\",\"valueRequired\":true,\"valueName\":\"search_term_string\"}}],\"inLanguage\":\"es\"}]}<\/script>\n<!-- \/ Yoast SEO plugin. -->","yoast_head_json":{"title":"16TC \u2013 SupaPore\u202fTC | SP Separation Processes","robots":{"index":"index","follow":"follow","max-snippet":"max-snippet:-1","max-image-preview":"max-image-preview:large","max-video-preview":"max-video-preview:-1"},"canonical":"https:\/\/sp.com.ar\/sanitaria\/producto\/16tc-supapore-tc\/","og_locale":"es_ES","og_type":"article","og_title":"16TC \u2013 SupaPore\u202fTC | SP Separation Processes","og_description":"El SupaPore TC es un sistema de filtraci\u00f3n aut\u00f3nomo y compacto dise\u00f1ado para procesos que requieren aire, gases o venteos est\u00e9riles, eliminando la necesidad de carcasas independientes. Estas c\u00e1psulas filtrantes representan una soluci\u00f3n pr\u00e1ctica y segura para aplicaciones en alimentos, bebidas, farmac\u00e9utica y tratamiento de agua, donde la integridad del proceso y la pureza del producto final son prioritarias. El SupaPore TC \u2013 c\u00e1psula filtrante de PTFE hidrof\u00f3bico incorpora una membrana de politetrafluoroetileno (PTFE) naturalmente hidrof\u00f3bica, alojada en una carcasa de polipropileno (PP) de alta pureza. Esta combinaci\u00f3n de materiales garantiza compatibilidad qu\u00edmica con una amplia gama de gases y l\u00edquidos, as\u00ed como resistencia a la humedad y al ataque de compuestos agresivos. Gracias a su estructura hidrof\u00f3bica, el medio evita la penetraci\u00f3n de l\u00edquidos, permitiendo un paso de gas controlado incluso en condiciones de humedad elevada, lo que resulta ideal para ventilaci\u00f3n est\u00e9ril o filtraci\u00f3n de gases de proceso.","og_url":"https:\/\/sp.com.ar\/sanitaria\/producto\/16tc-supapore-tc\/","og_site_name":"SP Separation Processes","article_modified_time":"2025-11-21T14:39:28+00:00","og_image":[{"width":1200,"height":1200,"url":"https:\/\/sp.com.ar\/sanitaria\/wp-content\/uploads\/2025\/08\/16TC-SUPAPORE-TC-2.png","type":"image\/png"}],"twitter_card":"summary_large_image","twitter_misc":{"Tiempo de lectura":"2 minutos"},"schema":{"@context":"https:\/\/schema.org","@graph":[{"@type":"WebPage","@id":"https:\/\/sp.com.ar\/sanitaria\/producto\/16tc-supapore-tc\/","url":"https:\/\/sp.com.ar\/sanitaria\/producto\/16tc-supapore-tc\/","name":"16TC \u2013 SupaPore\u202fTC | SP Separation Processes","isPartOf":{"@id":"https:\/\/sp.com.ar\/sanitaria\/#website"},"primaryImageOfPage":{"@id":"https:\/\/sp.com.ar\/sanitaria\/producto\/16tc-supapore-tc\/#primaryimage"},"image":{"@id":"https:\/\/sp.com.ar\/sanitaria\/producto\/16tc-supapore-tc\/#primaryimage"},"thumbnailUrl":"https:\/\/sp.com.ar\/sanitaria\/wp-content\/uploads\/2025\/08\/16TC-SUPAPORE-TC-2.png","datePublished":"2025-08-28T14:57:01+00:00","dateModified":"2025-11-21T14:39:28+00:00","breadcrumb":{"@id":"https:\/\/sp.com.ar\/sanitaria\/producto\/16tc-supapore-tc\/#breadcrumb"},"inLanguage":"es","potentialAction":[{"@type":"ReadAction","target":["https:\/\/sp.com.ar\/sanitaria\/producto\/16tc-supapore-tc\/"]}]},{"@type":"ImageObject","inLanguage":"es","@id":"https:\/\/sp.com.ar\/sanitaria\/producto\/16tc-supapore-tc\/#primaryimage","url":"https:\/\/sp.com.ar\/sanitaria\/wp-content\/uploads\/2025\/08\/16TC-SUPAPORE-TC-2.png","contentUrl":"https:\/\/sp.com.ar\/sanitaria\/wp-content\/uploads\/2025\/08\/16TC-SUPAPORE-TC-2.png","width":1200,"height":1200,"caption":"16TC SUPAPORE TC"},{"@type":"BreadcrumbList","@id":"https:\/\/sp.com.ar\/sanitaria\/producto\/16tc-supapore-tc\/#breadcrumb","itemListElement":[{"@type":"ListItem","position":1,"name":"Portada","item":"https:\/\/sp.com.ar\/sanitaria\/"},{"@type":"ListItem","position":2,"name":"Productos","item":"https:\/\/sp.com.ar\/sanitaria\/productos\/"},{"@type":"ListItem","position":3,"name":"16TC \u2013 SupaPore\u202fTC"}]},{"@type":"WebSite","@id":"https:\/\/sp.com.ar\/sanitaria\/#website","url":"https:\/\/sp.com.ar\/sanitaria\/","name":"SP Separation Processes","description":"","potentialAction":[{"@type":"SearchAction","target":{"@type":"EntryPoint","urlTemplate":"https:\/\/sp.com.ar\/sanitaria\/?s={search_term_string}"},"query-input":{"@type":"PropertyValueSpecification","valueRequired":true,"valueName":"search_term_string"}}],"inLanguage":"es"}]}},"_links":{"self":[{"href":"https:\/\/sp.com.ar\/sanitaria\/wp-json\/wp\/v2\/product\/672","targetHints":{"allow":["GET"]}}],"collection":[{"href":"https:\/\/sp.com.ar\/sanitaria\/wp-json\/wp\/v2\/product"}],"about":[{"href":"https:\/\/sp.com.ar\/sanitaria\/wp-json\/wp\/v2\/types\/product"}],"wp:featuredmedia":[{"embeddable":true,"href":"https:\/\/sp.com.ar\/sanitaria\/wp-json\/wp\/v2\/media\/1049"}],"wp:attachment":[{"href":"https:\/\/sp.com.ar\/sanitaria\/wp-json\/wp\/v2\/media?parent=672"}],"wp:term":[{"taxonomy":"product_brand","embeddable":true,"href":"https:\/\/sp.com.ar\/sanitaria\/wp-json\/wp\/v2\/product_brand?post=672"},{"taxonomy":"product_cat","embeddable":true,"href":"https:\/\/sp.com.ar\/sanitaria\/wp-json\/wp\/v2\/product_cat?post=672"},{"taxonomy":"product_tag","embeddable":true,"href":"https:\/\/sp.com.ar\/sanitaria\/wp-json\/wp\/v2\/product_tag?post=672"}],"curies":[{"name":"wp","href":"https:\/\/api.w.org\/{rel}","templated":true}]}}