{"id":676,"date":"2025-08-28T13:36:07","date_gmt":"2025-08-28T16:36:07","guid":{"rendered":"https:\/\/sp.disewhost3.com\/sanitaria\/?post_type=product&#038;p=676"},"modified":"2025-11-21T11:46:25","modified_gmt":"2025-11-21T14:46:25","slug":"paneles-filtrantes-01","status":"publish","type":"product","link":"https:\/\/sp.com.ar\/sanitaria\/producto\/paneles-filtrantes-01\/","title":{"rendered":"Dieven Hepa (Venfilter) \u2013 filtros absolutos de muy alta eficacia"},"content":{"rendered":"","protected":false},"excerpt":{"rendered":"<p>Los filtros <strong>Dieven\u00a0Hepa<\/strong> de Venfilter son filtros absolutos de muy alta eficacia destinados a la filtraci\u00f3n de aire en salas limpias y otros ambientes cr\u00edticos. Presentan un dise\u00f1o tipo <strong>diedro<\/strong>, que aumenta la superficie filtrante y reduce la p\u00e9rdida de carga. El marco es de <strong>acero galvanizado<\/strong> y el elemento filtrante es de <strong>papel de fibra de vidrio<\/strong>, separado mediante cordones de cola termopl\u00e1stica y sellado con poliuretano. Se fabrican en varias eficacias: clase <strong>E10<\/strong> (85\u00a0% MPPS) o clase <strong>H13<\/strong> (99,95\u00a0% MPPS), con una p\u00e9rdida de carga final recomendada de 300\u2013500\u00a0Pa y temperatura de servicio continua de 80\u00a0\u00b0C. Las versiones H13 se utilizan donde se requiere aire ultra limpio, como en cabinas de pintura, laboratorios o salas de formulaci\u00f3n farmac\u00e9utica.<\/p>\n<p><strong>Medio filtrante, eficiencia y aplicaciones t\u00edpicas:<\/strong> papel de <strong>fibra de vidrio<\/strong> con separadores termopl\u00e1sticos; disponible en eficacias <strong>E10 (85\u00a0% MPPS)<\/strong> y <strong>H13 (99,95\u00a0% MPPS)<\/strong>. Se emplea en sistemas de tratamiento de aire industrial y en la filtraci\u00f3n absoluta de salas blancas, laboratorios, cabinas de pintura y equipos especiales donde se requiere un control estricto de part\u00edculas y contaminantes.<\/p>\n<p><span style=\"color: #fafafa;\"><span class=\"selectable-text copyable-text xkrh14z\">Filtros HVAC sanitarios. <\/span><span class=\"selectable-text copyable-text xkrh14z\">Filtro HEPA HVAC. <\/span><span class=\"selectable-text copyable-text xkrh14z\">Filtros EPA. <\/span><span class=\"selectable-text copyable-text xkrh14z\">Filtro aire sala limpia. <\/span><span class=\"selectable-text copyable-text xkrh14z\">Filtros ULPA. <\/span><span class=\"selectable-text copyable-text xkrh14z\">Filtros para salas limpias. <\/span><span class=\"selectable-text copyable-text xkrh14z\">Filtros de aire para laboratorios. <\/span><span class=\"selectable-text copyable-text xkrh14z\">Filtro panel de aire para industria farmac\u00e9utica. <\/span><span class=\"selectable-text copyable-text xkrh14z\">Filtro panel de aire para industria alimenticia. <\/span><span class=\"selectable-text copyable-text xkrh14z\">Filtros de aire para hospitales. <\/span><span class=\"selectable-text copyable-text xkrh14z\">Filtros absolutos HEPA. <\/span><span class=\"selectable-text copyable-text xkrh14z\">Filtros HVAC laboratorios. <\/span><span class=\"selectable-text copyable-text xkrh14z\">Filtros HVAC hospitales. <\/span><span class=\"selectable-text copyable-text xkrh14z\">Filtros HVAC quirofanos<\/span><\/span><\/p>\n","protected":false},"featured_media":1052,"template":"","meta":{"_acf_changed":false,"_joinchat":[]},"product_brand":[],"product_cat":[25],"product_tag":[],"class_list":{"0":"post-676","1":"product","2":"type-product","3":"status-publish","4":"has-post-thumbnail","6":"product_cat-paneles-filtrantes-hvac","8":"first","9":"instock","10":"shipping-taxable","11":"product-type-simple"},"acf":[],"yoast_head":"<!-- This site is optimized with the Yoast SEO plugin v25.6 - https:\/\/yoast.com\/wordpress\/plugins\/seo\/ -->\n<title>Dieven Hepa (Venfilter) \u2013 filtros absolutos de muy alta eficacia | SP Separation Processes<\/title>\n<meta name=\"robots\" content=\"index, follow, max-snippet:-1, max-image-preview:large, max-video-preview:-1\" \/>\n<link rel=\"canonical\" href=\"https:\/\/sp.com.ar\/sanitaria\/producto\/paneles-filtrantes-01\/\" \/>\n<meta property=\"og:locale\" content=\"es_ES\" \/>\n<meta property=\"og:type\" content=\"article\" \/>\n<meta property=\"og:title\" content=\"Dieven Hepa (Venfilter) \u2013 filtros absolutos de muy alta eficacia | SP Separation Processes\" \/>\n<meta property=\"og:description\" content=\"Los filtros Dieven\u00a0Hepa de Venfilter son filtros absolutos de muy alta eficacia destinados a la filtraci\u00f3n de aire en salas limpias y otros ambientes cr\u00edticos. Presentan un dise\u00f1o tipo diedro, que aumenta la superficie filtrante y reduce la p\u00e9rdida de carga. El marco es de acero galvanizado y el elemento filtrante es de papel de fibra de vidrio, separado mediante cordones de cola termopl\u00e1stica y sellado con poliuretano. Se fabrican en varias eficacias: clase E10 (85\u00a0% MPPS) o clase H13 (99,95\u00a0% MPPS), con una p\u00e9rdida de carga final recomendada de 300\u2013500\u00a0Pa y temperatura de servicio continua de 80\u00a0\u00b0C. Las versiones H13 se utilizan donde se requiere aire ultra limpio, como en cabinas de pintura, laboratorios o salas de formulaci\u00f3n farmac\u00e9utica.  Medio filtrante, eficiencia y aplicaciones t\u00edpicas: papel de fibra de vidrio con separadores termopl\u00e1sticos; disponible en eficacias E10 (85\u00a0% MPPS) y H13 (99,95\u00a0% MPPS). Se emplea en sistemas de tratamiento de aire industrial y en la filtraci\u00f3n absoluta de salas blancas, laboratorios, cabinas de pintura y equipos especiales donde se requiere un control estricto de part\u00edculas y contaminantes.  Filtros HVAC sanitarios. Filtro HEPA HVAC. Filtros EPA. Filtro aire sala limpia. Filtros ULPA. Filtros para salas limpias. Filtros de aire para laboratorios. Filtro panel de aire para industria farmac\u00e9utica. Filtro panel de aire para industria alimenticia. Filtros de aire para hospitales. Filtros absolutos HEPA. Filtros HVAC laboratorios. Filtros HVAC hospitales. Filtros HVAC quirofanos\" \/>\n<meta property=\"og:url\" content=\"https:\/\/sp.com.ar\/sanitaria\/producto\/paneles-filtrantes-01\/\" \/>\n<meta property=\"og:site_name\" content=\"SP Separation Processes\" \/>\n<meta property=\"article:modified_time\" content=\"2025-11-21T14:46:25+00:00\" \/>\n<meta property=\"og:image\" content=\"https:\/\/sp.com.ar\/sanitaria\/wp-content\/uploads\/2025\/08\/VENFILTER-DIEVEN-HEPA-ESP-1.png\" \/>\n\t<meta property=\"og:image:width\" content=\"1200\" \/>\n\t<meta property=\"og:image:height\" content=\"1200\" \/>\n\t<meta property=\"og:image:type\" content=\"image\/png\" \/>\n<meta name=\"twitter:card\" content=\"summary_large_image\" \/>\n<script type=\"application\/ld+json\" class=\"yoast-schema-graph\">{\"@context\":\"https:\/\/schema.org\",\"@graph\":[{\"@type\":\"WebPage\",\"@id\":\"https:\/\/sp.com.ar\/sanitaria\/producto\/paneles-filtrantes-01\/\",\"url\":\"https:\/\/sp.com.ar\/sanitaria\/producto\/paneles-filtrantes-01\/\",\"name\":\"Dieven Hepa (Venfilter) \u2013 filtros absolutos de muy alta eficacia | SP Separation Processes\",\"isPartOf\":{\"@id\":\"https:\/\/sp.com.ar\/sanitaria\/#website\"},\"primaryImageOfPage\":{\"@id\":\"https:\/\/sp.com.ar\/sanitaria\/producto\/paneles-filtrantes-01\/#primaryimage\"},\"image\":{\"@id\":\"https:\/\/sp.com.ar\/sanitaria\/producto\/paneles-filtrantes-01\/#primaryimage\"},\"thumbnailUrl\":\"https:\/\/sp.com.ar\/sanitaria\/wp-content\/uploads\/2025\/08\/VENFILTER-DIEVEN-HEPA-ESP-1.png\",\"datePublished\":\"2025-08-28T16:36:07+00:00\",\"dateModified\":\"2025-11-21T14:46:25+00:00\",\"breadcrumb\":{\"@id\":\"https:\/\/sp.com.ar\/sanitaria\/producto\/paneles-filtrantes-01\/#breadcrumb\"},\"inLanguage\":\"es\",\"potentialAction\":[{\"@type\":\"ReadAction\",\"target\":[\"https:\/\/sp.com.ar\/sanitaria\/producto\/paneles-filtrantes-01\/\"]}]},{\"@type\":\"ImageObject\",\"inLanguage\":\"es\",\"@id\":\"https:\/\/sp.com.ar\/sanitaria\/producto\/paneles-filtrantes-01\/#primaryimage\",\"url\":\"https:\/\/sp.com.ar\/sanitaria\/wp-content\/uploads\/2025\/08\/VENFILTER-DIEVEN-HEPA-ESP-1.png\",\"contentUrl\":\"https:\/\/sp.com.ar\/sanitaria\/wp-content\/uploads\/2025\/08\/VENFILTER-DIEVEN-HEPA-ESP-1.png\",\"width\":1200,\"height\":1200,\"caption\":\"Dieven Hepa (Venfilter) \u2013 filtros absolutos de muy alta eficacia\"},{\"@type\":\"BreadcrumbList\",\"@id\":\"https:\/\/sp.com.ar\/sanitaria\/producto\/paneles-filtrantes-01\/#breadcrumb\",\"itemListElement\":[{\"@type\":\"ListItem\",\"position\":1,\"name\":\"Portada\",\"item\":\"https:\/\/sp.com.ar\/sanitaria\/\"},{\"@type\":\"ListItem\",\"position\":2,\"name\":\"Productos\",\"item\":\"https:\/\/sp.com.ar\/sanitaria\/productos\/\"},{\"@type\":\"ListItem\",\"position\":3,\"name\":\"Dieven Hepa (Venfilter) \u2013 filtros absolutos de muy alta eficacia\"}]},{\"@type\":\"WebSite\",\"@id\":\"https:\/\/sp.com.ar\/sanitaria\/#website\",\"url\":\"https:\/\/sp.com.ar\/sanitaria\/\",\"name\":\"SP Separation Processes\",\"description\":\"\",\"potentialAction\":[{\"@type\":\"SearchAction\",\"target\":{\"@type\":\"EntryPoint\",\"urlTemplate\":\"https:\/\/sp.com.ar\/sanitaria\/?s={search_term_string}\"},\"query-input\":{\"@type\":\"PropertyValueSpecification\",\"valueRequired\":true,\"valueName\":\"search_term_string\"}}],\"inLanguage\":\"es\"}]}<\/script>\n<!-- \/ Yoast SEO plugin. -->","yoast_head_json":{"title":"Dieven Hepa (Venfilter) \u2013 filtros absolutos de muy alta eficacia | SP Separation Processes","robots":{"index":"index","follow":"follow","max-snippet":"max-snippet:-1","max-image-preview":"max-image-preview:large","max-video-preview":"max-video-preview:-1"},"canonical":"https:\/\/sp.com.ar\/sanitaria\/producto\/paneles-filtrantes-01\/","og_locale":"es_ES","og_type":"article","og_title":"Dieven Hepa (Venfilter) \u2013 filtros absolutos de muy alta eficacia | SP Separation Processes","og_description":"Los filtros Dieven\u00a0Hepa de Venfilter son filtros absolutos de muy alta eficacia destinados a la filtraci\u00f3n de aire en salas limpias y otros ambientes cr\u00edticos. Presentan un dise\u00f1o tipo diedro, que aumenta la superficie filtrante y reduce la p\u00e9rdida de carga. El marco es de acero galvanizado y el elemento filtrante es de papel de fibra de vidrio, separado mediante cordones de cola termopl\u00e1stica y sellado con poliuretano. Se fabrican en varias eficacias: clase E10 (85\u00a0% MPPS) o clase H13 (99,95\u00a0% MPPS), con una p\u00e9rdida de carga final recomendada de 300\u2013500\u00a0Pa y temperatura de servicio continua de 80\u00a0\u00b0C. Las versiones H13 se utilizan donde se requiere aire ultra limpio, como en cabinas de pintura, laboratorios o salas de formulaci\u00f3n farmac\u00e9utica.  Medio filtrante, eficiencia y aplicaciones t\u00edpicas: papel de fibra de vidrio con separadores termopl\u00e1sticos; disponible en eficacias E10 (85\u00a0% MPPS) y H13 (99,95\u00a0% MPPS). Se emplea en sistemas de tratamiento de aire industrial y en la filtraci\u00f3n absoluta de salas blancas, laboratorios, cabinas de pintura y equipos especiales donde se requiere un control estricto de part\u00edculas y contaminantes.  Filtros HVAC sanitarios. Filtro HEPA HVAC. Filtros EPA. Filtro aire sala limpia. Filtros ULPA. Filtros para salas limpias. Filtros de aire para laboratorios. Filtro panel de aire para industria farmac\u00e9utica. Filtro panel de aire para industria alimenticia. Filtros de aire para hospitales. Filtros absolutos HEPA. Filtros HVAC laboratorios. Filtros HVAC hospitales. Filtros HVAC quirofanos","og_url":"https:\/\/sp.com.ar\/sanitaria\/producto\/paneles-filtrantes-01\/","og_site_name":"SP Separation Processes","article_modified_time":"2025-11-21T14:46:25+00:00","og_image":[{"width":1200,"height":1200,"url":"https:\/\/sp.com.ar\/sanitaria\/wp-content\/uploads\/2025\/08\/VENFILTER-DIEVEN-HEPA-ESP-1.png","type":"image\/png"}],"twitter_card":"summary_large_image","schema":{"@context":"https:\/\/schema.org","@graph":[{"@type":"WebPage","@id":"https:\/\/sp.com.ar\/sanitaria\/producto\/paneles-filtrantes-01\/","url":"https:\/\/sp.com.ar\/sanitaria\/producto\/paneles-filtrantes-01\/","name":"Dieven Hepa (Venfilter) \u2013 filtros absolutos de muy alta eficacia | SP Separation Processes","isPartOf":{"@id":"https:\/\/sp.com.ar\/sanitaria\/#website"},"primaryImageOfPage":{"@id":"https:\/\/sp.com.ar\/sanitaria\/producto\/paneles-filtrantes-01\/#primaryimage"},"image":{"@id":"https:\/\/sp.com.ar\/sanitaria\/producto\/paneles-filtrantes-01\/#primaryimage"},"thumbnailUrl":"https:\/\/sp.com.ar\/sanitaria\/wp-content\/uploads\/2025\/08\/VENFILTER-DIEVEN-HEPA-ESP-1.png","datePublished":"2025-08-28T16:36:07+00:00","dateModified":"2025-11-21T14:46:25+00:00","breadcrumb":{"@id":"https:\/\/sp.com.ar\/sanitaria\/producto\/paneles-filtrantes-01\/#breadcrumb"},"inLanguage":"es","potentialAction":[{"@type":"ReadAction","target":["https:\/\/sp.com.ar\/sanitaria\/producto\/paneles-filtrantes-01\/"]}]},{"@type":"ImageObject","inLanguage":"es","@id":"https:\/\/sp.com.ar\/sanitaria\/producto\/paneles-filtrantes-01\/#primaryimage","url":"https:\/\/sp.com.ar\/sanitaria\/wp-content\/uploads\/2025\/08\/VENFILTER-DIEVEN-HEPA-ESP-1.png","contentUrl":"https:\/\/sp.com.ar\/sanitaria\/wp-content\/uploads\/2025\/08\/VENFILTER-DIEVEN-HEPA-ESP-1.png","width":1200,"height":1200,"caption":"Dieven Hepa (Venfilter) \u2013 filtros absolutos de muy alta eficacia"},{"@type":"BreadcrumbList","@id":"https:\/\/sp.com.ar\/sanitaria\/producto\/paneles-filtrantes-01\/#breadcrumb","itemListElement":[{"@type":"ListItem","position":1,"name":"Portada","item":"https:\/\/sp.com.ar\/sanitaria\/"},{"@type":"ListItem","position":2,"name":"Productos","item":"https:\/\/sp.com.ar\/sanitaria\/productos\/"},{"@type":"ListItem","position":3,"name":"Dieven Hepa (Venfilter) \u2013 filtros absolutos de muy alta eficacia"}]},{"@type":"WebSite","@id":"https:\/\/sp.com.ar\/sanitaria\/#website","url":"https:\/\/sp.com.ar\/sanitaria\/","name":"SP Separation Processes","description":"","potentialAction":[{"@type":"SearchAction","target":{"@type":"EntryPoint","urlTemplate":"https:\/\/sp.com.ar\/sanitaria\/?s={search_term_string}"},"query-input":{"@type":"PropertyValueSpecification","valueRequired":true,"valueName":"search_term_string"}}],"inLanguage":"es"}]}},"_links":{"self":[{"href":"https:\/\/sp.com.ar\/sanitaria\/wp-json\/wp\/v2\/product\/676","targetHints":{"allow":["GET"]}}],"collection":[{"href":"https:\/\/sp.com.ar\/sanitaria\/wp-json\/wp\/v2\/product"}],"about":[{"href":"https:\/\/sp.com.ar\/sanitaria\/wp-json\/wp\/v2\/types\/product"}],"wp:featuredmedia":[{"embeddable":true,"href":"https:\/\/sp.com.ar\/sanitaria\/wp-json\/wp\/v2\/media\/1052"}],"wp:attachment":[{"href":"https:\/\/sp.com.ar\/sanitaria\/wp-json\/wp\/v2\/media?parent=676"}],"wp:term":[{"taxonomy":"product_brand","embeddable":true,"href":"https:\/\/sp.com.ar\/sanitaria\/wp-json\/wp\/v2\/product_brand?post=676"},{"taxonomy":"product_cat","embeddable":true,"href":"https:\/\/sp.com.ar\/sanitaria\/wp-json\/wp\/v2\/product_cat?post=676"},{"taxonomy":"product_tag","embeddable":true,"href":"https:\/\/sp.com.ar\/sanitaria\/wp-json\/wp\/v2\/product_tag?post=676"}],"curies":[{"name":"wp","href":"https:\/\/api.w.org\/{rel}","templated":true}]}}