{"id":703,"date":"2025-08-28T13:45:20","date_gmt":"2025-08-28T16:45:20","guid":{"rendered":"https:\/\/sp.disewhost3.com\/sanitaria\/?post_type=product&#038;p=703"},"modified":"2025-11-08T20:42:26","modified_gmt":"2025-11-08T23:42:26","slug":"js-mat-gpm-30-gpm-60","status":"publish","type":"product","link":"https:\/\/sp.com.ar\/sanitaria\/producto\/js-mat-gpm-30-gpm-60\/","title":{"rendered":"JS MAT GPM 30 GPM 60"},"content":{"rendered":"<p data-start=\"1420\" data-end=\"1999\">Gracias a su estructura progresiva y su composici\u00f3n fibrosa de alta calidad, el\u00a0<strong data-start=\"1500\" data-end=\"1526\">JS MAT GPM 30 \/ GPM 60<\/strong>\u00a0presenta una\u00a0<strong data-start=\"1540\" data-end=\"1580\">alta capacidad de retenci\u00f3n de polvo<\/strong>, reduciendo la frecuencia de sustituci\u00f3n y mejorando el rendimiento general del sistema. El material es\u00a0<strong data-start=\"1685\" data-end=\"1718\">flexible y f\u00e1cil de manipular<\/strong>, lo que permite cortarlo a medida seg\u00fan las dimensiones del marco o bastidor de cada aplicaci\u00f3n. Este formato continuo de rollo facilita la instalaci\u00f3n en sistemas de cambio autom\u00e1tico o en aplicaciones donde se requiere sustituir el medio filtrante de forma peri\u00f3dica y r\u00e1pida.<\/p>\n<p data-start=\"2001\" data-end=\"2435\">Cada rollo del\u00a0<strong data-start=\"2016\" data-end=\"2082\">JS MAT GPM 30 \/ GPM 60 \u2013 prefiltro de fibra de vidrio en rollo<\/strong>\u00a0tiene una\u00a0<strong data-start=\"2093\" data-end=\"2127\">longitud est\u00e1ndar de 20 metros<\/strong>\u00a0y un\u00a0<strong data-start=\"2133\" data-end=\"2153\">espesor de 80 mm<\/strong>\u00a0(con tolerancia de \u20135 \/ +10 mm), ofreciendo una amplia superficie efectiva de filtraci\u00f3n. Este dise\u00f1o de gran volumen garantiza una distribuci\u00f3n homog\u00e9nea del polvo en todo el espesor del material, lo que prolonga la vida \u00fatil y mantiene una baja ca\u00edda de presi\u00f3n durante su uso.<\/p>\n<p data-start=\"2437\" data-end=\"2881\">La\u00a0<strong data-start=\"2440\" data-end=\"2536\">eficiencia de arrestancia del JS MAT GPM 30 \/ GPM 60 \u2013 prefiltro de fibra de vidrio en rollo<\/strong>\u00a0es del\u00a0<strong data-start=\"2544\" data-end=\"2552\">80 %<\/strong>, con una\u00a0<strong data-start=\"2562\" data-end=\"2599\">ca\u00edda de presi\u00f3n inicial de 48 Pa<\/strong>\u00a0y una\u00a0<strong data-start=\"2606\" data-end=\"2645\">presi\u00f3n final recomendada de 250 Pa<\/strong>\u00a0a una velocidad de aire de\u00a0<strong data-start=\"2673\" data-end=\"2684\">2,5 m\/s<\/strong>. Estos valores reflejan un excelente equilibrio entre eficiencia de captura y resistencia al flujo, lo que contribuye a un consumo energ\u00e9tico reducido y a una operaci\u00f3n estable del sistema HVAC.<\/p>\n<p data-start=\"3386\" data-end=\"3753\">Este\u00a0<strong data-start=\"3391\" data-end=\"3427\">prefiltro JS MAT GPM 30 \/ GPM 60<\/strong>\u00a0est\u00e1 dise\u00f1ado para\u00a0<strong data-start=\"3447\" data-end=\"3465\">uso desechable<\/strong>, lo que simplifica las tareas de mantenimiento al eliminar la necesidad de limpieza o regeneraci\u00f3n. Su estructura abierta y su impregnaci\u00f3n uniforme evitan la obstrucci\u00f3n prematura, permitiendo un flujo de aire constante y una alta eficiencia de captura hasta el final de su vida \u00fatil.<\/p>\n<h3 data-start=\"3755\" data-end=\"3813\"><strong data-start=\"3759\" data-end=\"3813\">Medio filtrante, eficiencia y aplicaciones t\u00edpicas<\/strong><\/h3>\n<p data-start=\"3815\" data-end=\"4275\">El\u00a0<strong data-start=\"3818\" data-end=\"3904\">medio filtrante del JS MAT GPM 30 \/ GPM 60 \u2013 prefiltro de fibra de vidrio en rollo<\/strong>\u00a0consiste en\u00a0<strong data-start=\"3917\" data-end=\"3977\">capas de fibra de vidrio dispuestas de manera progresiva<\/strong>, impregnadas con un gel adhesivo que aumenta la capacidad de adsorci\u00f3n de polvo. Este dise\u00f1o tridimensional proporciona una gran capacidad de carga de part\u00edculas y asegura una distribuci\u00f3n uniforme de la suciedad en toda la superficie, maximizando la eficiencia y reduciendo la p\u00e9rdida de carga.<\/p>\n<p data-start=\"4277\" data-end=\"4712\">La\u00a0<strong data-start=\"4280\" data-end=\"4361\">eficiencia del JS MAT GPM 30 \/ GPM 60 \u2013 prefiltro de fibra de vidrio en rollo<\/strong>\u00a0se mantiene constante durante su ciclo de operaci\u00f3n, lo que garantiza una\u00a0<strong data-start=\"4436\" data-end=\"4473\">prefiltraci\u00f3n confiable y estable<\/strong>. Su\u00a0<strong data-start=\"4478\" data-end=\"4516\">eficiencia de arrestancia del 80 %<\/strong>\u00a0lo sit\u00faa dentro de la\u00a0<strong data-start=\"4539\" data-end=\"4568\">clase G3 de prefiltraci\u00f3n<\/strong>, adecuada para sistemas que requieren un control efectivo del polvo y part\u00edculas en suspensi\u00f3n antes de las etapas de filtraci\u00f3n fina o HEPA.<\/p>\n<p data-start=\"4714\" data-end=\"5457\">Las\u00a0<strong data-start=\"4718\" data-end=\"4809\">aplicaciones t\u00edpicas del JS MAT GPM 30 \/ GPM 60 \u2013 prefiltro de fibra de vidrio en rollo<\/strong>\u00a0incluyen una amplia variedad de entornos industriales. Se utiliza como\u00a0<strong data-start=\"4881\" data-end=\"4943\">prefiltro de gran superficie en cabinas de equipos mineros<\/strong>, donde protege componentes sensibles del ingreso de polvo ambiental; en\u00a0<strong data-start=\"5016\" data-end=\"5063\">talleres de mantenimiento de petr\u00f3leo y gas<\/strong>, donde ayuda a mantener condiciones limpias y seguras; y en\u00a0<strong data-start=\"5124\" data-end=\"5198\">sistemas de admisi\u00f3n de turbinas y maquinaria en plantas petroqu\u00edmicas<\/strong>, donde act\u00faa como barrera primaria frente a contaminantes del aire exterior. Su formato en rollo continuo permite adem\u00e1s\u00a0<strong data-start=\"5320\" data-end=\"5352\">ajustar el material a medida<\/strong>, adapt\u00e1ndose perfectamente a marcos de distintas dimensiones o sistemas de ventilaci\u00f3n personalizados.<\/p>\n<p data-start=\"4714\" data-end=\"5457\"><span style=\"color: #fafafa;\"><span class=\"selectable-text copyable-text xkrh14z\">Filtros HVAC sanitarios. <\/span><span class=\"selectable-text copyable-text xkrh14z\">Filtro HEPA HVAC. <\/span><span class=\"selectable-text copyable-text xkrh14z\">Filtros EPA. <\/span><span class=\"selectable-text copyable-text xkrh14z\">Filtro aire sala limpia. <\/span><span class=\"selectable-text copyable-text xkrh14z\">Filtros ULPA. <\/span><span class=\"selectable-text copyable-text xkrh14z\">Filtros para salas limpias. <\/span><span class=\"selectable-text copyable-text xkrh14z\">Filtros de aire para laboratorios. <\/span><span class=\"selectable-text copyable-text xkrh14z\">Filtro panel de aire para industria farmac\u00e9utica. <\/span><span class=\"selectable-text copyable-text xkrh14z\">Filtro panel de aire para industria alimenticia. <\/span><span class=\"selectable-text copyable-text xkrh14z\">Filtros de aire para hospitales. <\/span><span class=\"selectable-text copyable-text xkrh14z\">Filtros absolutos HEPA. <\/span><span class=\"selectable-text copyable-text xkrh14z\">Filtros HVAC laboratorios. <\/span><span class=\"selectable-text copyable-text xkrh14z\">Filtros HVAC hospitales. <\/span><span class=\"selectable-text copyable-text xkrh14z\">Filtros HVAC quirofanos<\/span><\/span><\/p>\n","protected":false},"excerpt":{"rendered":"<p data-start=\"441\" data-end=\"900\">El\u00a0<strong data-start=\"444\" data-end=\"510\">JS MAT GPM 30 \/ GPM 60 \u2013 prefiltro de fibra de vidrio en rollo<\/strong>\u00a0es un medio filtrante de alta eficiencia dise\u00f1ado para aplicaciones industriales donde se requiere una gran superficie de filtraci\u00f3n y una excelente capacidad de retenci\u00f3n de part\u00edculas. Su formato en rollo lo convierte en una soluci\u00f3n flexible y adaptable a distintos equipos, ideal para sistemas que manejan altos caudales de aire y necesitan un reemplazo continuo del medio filtrante.<\/p>\n<p data-start=\"902\" data-end=\"1418\">El\u00a0<strong data-start=\"905\" data-end=\"971\">JS MAT GPM 30 \/ GPM 60 \u2013 prefiltro de fibra de vidrio en rollo<\/strong>\u00a0utiliza\u00a0<strong data-start=\"980\" data-end=\"1034\">fibra de vidrio blanca impregnada con gel adhesivo<\/strong>, lo que permite capturar tanto polvo como part\u00edculas finas suspendidas en el aire, contribuyendo a mantener la limpieza y eficiencia de los sistemas de ventilaci\u00f3n. Este gel especial cumple la doble funci\u00f3n de aumentar la adherencia de las part\u00edculas capturadas y evitar su reemisi\u00f3n durante la operaci\u00f3n, lo que garantiza una filtraci\u00f3n m\u00e1s segura y estable a lo largo del tiempo.<\/p>\n","protected":false},"featured_media":749,"template":"","meta":{"_acf_changed":false,"_joinchat":[]},"product_brand":[],"product_cat":[25],"product_tag":[],"class_list":{"0":"post-703","1":"product","2":"type-product","3":"status-publish","4":"has-post-thumbnail","6":"product_cat-paneles-filtrantes-hvac","8":"first","9":"instock","10":"shipping-taxable","11":"product-type-simple"},"acf":[],"yoast_head":"<!-- This site is optimized with the Yoast SEO plugin v25.6 - https:\/\/yoast.com\/wordpress\/plugins\/seo\/ -->\n<title>JS MAT GPM 30 GPM 60 | SP Separation Processes<\/title>\n<meta name=\"robots\" content=\"index, follow, max-snippet:-1, max-image-preview:large, max-video-preview:-1\" \/>\n<link rel=\"canonical\" href=\"https:\/\/sp.com.ar\/sanitaria\/producto\/js-mat-gpm-30-gpm-60\/\" \/>\n<meta property=\"og:locale\" content=\"es_ES\" \/>\n<meta property=\"og:type\" content=\"article\" \/>\n<meta property=\"og:title\" content=\"JS MAT GPM 30 GPM 60 | SP Separation Processes\" \/>\n<meta property=\"og:description\" content=\"El\u00a0JS MAT GPM 30 \/ GPM 60 \u2013 prefiltro de fibra de vidrio en rollo\u00a0es un medio filtrante de alta eficiencia dise\u00f1ado para aplicaciones industriales donde se requiere una gran superficie de filtraci\u00f3n y una excelente capacidad de retenci\u00f3n de part\u00edculas. Su formato en rollo lo convierte en una soluci\u00f3n flexible y adaptable a distintos equipos, ideal para sistemas que manejan altos caudales de aire y necesitan un reemplazo continuo del medio filtrante. El\u00a0JS MAT GPM 30 \/ GPM 60 \u2013 prefiltro de fibra de vidrio en rollo\u00a0utiliza\u00a0fibra de vidrio blanca impregnada con gel adhesivo, lo que permite capturar tanto polvo como part\u00edculas finas suspendidas en el aire, contribuyendo a mantener la limpieza y eficiencia de los sistemas de ventilaci\u00f3n. Este gel especial cumple la doble funci\u00f3n de aumentar la adherencia de las part\u00edculas capturadas y evitar su reemisi\u00f3n durante la operaci\u00f3n, lo que garantiza una filtraci\u00f3n m\u00e1s segura y estable a lo largo del tiempo.\" \/>\n<meta property=\"og:url\" content=\"https:\/\/sp.com.ar\/sanitaria\/producto\/js-mat-gpm-30-gpm-60\/\" \/>\n<meta property=\"og:site_name\" content=\"SP Separation Processes\" \/>\n<meta property=\"article:modified_time\" content=\"2025-11-08T23:42:26+00:00\" \/>\n<meta property=\"og:image\" content=\"https:\/\/sp.com.ar\/sanitaria\/wp-content\/uploads\/2025\/08\/JS-MAT-GPM-30-GPM-60.png\" \/>\n\t<meta property=\"og:image:width\" content=\"1024\" \/>\n\t<meta property=\"og:image:height\" content=\"1024\" \/>\n\t<meta property=\"og:image:type\" content=\"image\/png\" \/>\n<meta name=\"twitter:card\" content=\"summary_large_image\" \/>\n<meta name=\"twitter:label1\" content=\"Tiempo de lectura\" \/>\n\t<meta name=\"twitter:data1\" content=\"3 minutos\" \/>\n<script type=\"application\/ld+json\" class=\"yoast-schema-graph\">{\"@context\":\"https:\/\/schema.org\",\"@graph\":[{\"@type\":\"WebPage\",\"@id\":\"https:\/\/sp.com.ar\/sanitaria\/producto\/js-mat-gpm-30-gpm-60\/\",\"url\":\"https:\/\/sp.com.ar\/sanitaria\/producto\/js-mat-gpm-30-gpm-60\/\",\"name\":\"JS MAT GPM 30 GPM 60 | SP Separation Processes\",\"isPartOf\":{\"@id\":\"https:\/\/sp.com.ar\/sanitaria\/#website\"},\"primaryImageOfPage\":{\"@id\":\"https:\/\/sp.com.ar\/sanitaria\/producto\/js-mat-gpm-30-gpm-60\/#primaryimage\"},\"image\":{\"@id\":\"https:\/\/sp.com.ar\/sanitaria\/producto\/js-mat-gpm-30-gpm-60\/#primaryimage\"},\"thumbnailUrl\":\"https:\/\/sp.com.ar\/sanitaria\/wp-content\/uploads\/2025\/08\/JS-MAT-GPM-30-GPM-60.png\",\"datePublished\":\"2025-08-28T16:45:20+00:00\",\"dateModified\":\"2025-11-08T23:42:26+00:00\",\"breadcrumb\":{\"@id\":\"https:\/\/sp.com.ar\/sanitaria\/producto\/js-mat-gpm-30-gpm-60\/#breadcrumb\"},\"inLanguage\":\"es\",\"potentialAction\":[{\"@type\":\"ReadAction\",\"target\":[\"https:\/\/sp.com.ar\/sanitaria\/producto\/js-mat-gpm-30-gpm-60\/\"]}]},{\"@type\":\"ImageObject\",\"inLanguage\":\"es\",\"@id\":\"https:\/\/sp.com.ar\/sanitaria\/producto\/js-mat-gpm-30-gpm-60\/#primaryimage\",\"url\":\"https:\/\/sp.com.ar\/sanitaria\/wp-content\/uploads\/2025\/08\/JS-MAT-GPM-30-GPM-60.png\",\"contentUrl\":\"https:\/\/sp.com.ar\/sanitaria\/wp-content\/uploads\/2025\/08\/JS-MAT-GPM-30-GPM-60.png\",\"width\":1024,\"height\":1024,\"caption\":\"JS MAT GPM 30 GPM 60\"},{\"@type\":\"BreadcrumbList\",\"@id\":\"https:\/\/sp.com.ar\/sanitaria\/producto\/js-mat-gpm-30-gpm-60\/#breadcrumb\",\"itemListElement\":[{\"@type\":\"ListItem\",\"position\":1,\"name\":\"Portada\",\"item\":\"https:\/\/sp.com.ar\/sanitaria\/\"},{\"@type\":\"ListItem\",\"position\":2,\"name\":\"Productos\",\"item\":\"https:\/\/sp.com.ar\/sanitaria\/productos\/\"},{\"@type\":\"ListItem\",\"position\":3,\"name\":\"JS MAT GPM 30 GPM 60\"}]},{\"@type\":\"WebSite\",\"@id\":\"https:\/\/sp.com.ar\/sanitaria\/#website\",\"url\":\"https:\/\/sp.com.ar\/sanitaria\/\",\"name\":\"SP Separation Processes\",\"description\":\"\",\"potentialAction\":[{\"@type\":\"SearchAction\",\"target\":{\"@type\":\"EntryPoint\",\"urlTemplate\":\"https:\/\/sp.com.ar\/sanitaria\/?s={search_term_string}\"},\"query-input\":{\"@type\":\"PropertyValueSpecification\",\"valueRequired\":true,\"valueName\":\"search_term_string\"}}],\"inLanguage\":\"es\"}]}<\/script>\n<!-- \/ Yoast SEO plugin. -->","yoast_head_json":{"title":"JS MAT GPM 30 GPM 60 | SP Separation Processes","robots":{"index":"index","follow":"follow","max-snippet":"max-snippet:-1","max-image-preview":"max-image-preview:large","max-video-preview":"max-video-preview:-1"},"canonical":"https:\/\/sp.com.ar\/sanitaria\/producto\/js-mat-gpm-30-gpm-60\/","og_locale":"es_ES","og_type":"article","og_title":"JS MAT GPM 30 GPM 60 | SP Separation Processes","og_description":"El\u00a0JS MAT GPM 30 \/ GPM 60 \u2013 prefiltro de fibra de vidrio en rollo\u00a0es un medio filtrante de alta eficiencia dise\u00f1ado para aplicaciones industriales donde se requiere una gran superficie de filtraci\u00f3n y una excelente capacidad de retenci\u00f3n de part\u00edculas. Su formato en rollo lo convierte en una soluci\u00f3n flexible y adaptable a distintos equipos, ideal para sistemas que manejan altos caudales de aire y necesitan un reemplazo continuo del medio filtrante. El\u00a0JS MAT GPM 30 \/ GPM 60 \u2013 prefiltro de fibra de vidrio en rollo\u00a0utiliza\u00a0fibra de vidrio blanca impregnada con gel adhesivo, lo que permite capturar tanto polvo como part\u00edculas finas suspendidas en el aire, contribuyendo a mantener la limpieza y eficiencia de los sistemas de ventilaci\u00f3n. Este gel especial cumple la doble funci\u00f3n de aumentar la adherencia de las part\u00edculas capturadas y evitar su reemisi\u00f3n durante la operaci\u00f3n, lo que garantiza una filtraci\u00f3n m\u00e1s segura y estable a lo largo del tiempo.","og_url":"https:\/\/sp.com.ar\/sanitaria\/producto\/js-mat-gpm-30-gpm-60\/","og_site_name":"SP Separation Processes","article_modified_time":"2025-11-08T23:42:26+00:00","og_image":[{"width":1024,"height":1024,"url":"https:\/\/sp.com.ar\/sanitaria\/wp-content\/uploads\/2025\/08\/JS-MAT-GPM-30-GPM-60.png","type":"image\/png"}],"twitter_card":"summary_large_image","twitter_misc":{"Tiempo de lectura":"3 minutos"},"schema":{"@context":"https:\/\/schema.org","@graph":[{"@type":"WebPage","@id":"https:\/\/sp.com.ar\/sanitaria\/producto\/js-mat-gpm-30-gpm-60\/","url":"https:\/\/sp.com.ar\/sanitaria\/producto\/js-mat-gpm-30-gpm-60\/","name":"JS MAT GPM 30 GPM 60 | SP Separation Processes","isPartOf":{"@id":"https:\/\/sp.com.ar\/sanitaria\/#website"},"primaryImageOfPage":{"@id":"https:\/\/sp.com.ar\/sanitaria\/producto\/js-mat-gpm-30-gpm-60\/#primaryimage"},"image":{"@id":"https:\/\/sp.com.ar\/sanitaria\/producto\/js-mat-gpm-30-gpm-60\/#primaryimage"},"thumbnailUrl":"https:\/\/sp.com.ar\/sanitaria\/wp-content\/uploads\/2025\/08\/JS-MAT-GPM-30-GPM-60.png","datePublished":"2025-08-28T16:45:20+00:00","dateModified":"2025-11-08T23:42:26+00:00","breadcrumb":{"@id":"https:\/\/sp.com.ar\/sanitaria\/producto\/js-mat-gpm-30-gpm-60\/#breadcrumb"},"inLanguage":"es","potentialAction":[{"@type":"ReadAction","target":["https:\/\/sp.com.ar\/sanitaria\/producto\/js-mat-gpm-30-gpm-60\/"]}]},{"@type":"ImageObject","inLanguage":"es","@id":"https:\/\/sp.com.ar\/sanitaria\/producto\/js-mat-gpm-30-gpm-60\/#primaryimage","url":"https:\/\/sp.com.ar\/sanitaria\/wp-content\/uploads\/2025\/08\/JS-MAT-GPM-30-GPM-60.png","contentUrl":"https:\/\/sp.com.ar\/sanitaria\/wp-content\/uploads\/2025\/08\/JS-MAT-GPM-30-GPM-60.png","width":1024,"height":1024,"caption":"JS MAT GPM 30 GPM 60"},{"@type":"BreadcrumbList","@id":"https:\/\/sp.com.ar\/sanitaria\/producto\/js-mat-gpm-30-gpm-60\/#breadcrumb","itemListElement":[{"@type":"ListItem","position":1,"name":"Portada","item":"https:\/\/sp.com.ar\/sanitaria\/"},{"@type":"ListItem","position":2,"name":"Productos","item":"https:\/\/sp.com.ar\/sanitaria\/productos\/"},{"@type":"ListItem","position":3,"name":"JS MAT GPM 30 GPM 60"}]},{"@type":"WebSite","@id":"https:\/\/sp.com.ar\/sanitaria\/#website","url":"https:\/\/sp.com.ar\/sanitaria\/","name":"SP Separation Processes","description":"","potentialAction":[{"@type":"SearchAction","target":{"@type":"EntryPoint","urlTemplate":"https:\/\/sp.com.ar\/sanitaria\/?s={search_term_string}"},"query-input":{"@type":"PropertyValueSpecification","valueRequired":true,"valueName":"search_term_string"}}],"inLanguage":"es"}]}},"_links":{"self":[{"href":"https:\/\/sp.com.ar\/sanitaria\/wp-json\/wp\/v2\/product\/703","targetHints":{"allow":["GET"]}}],"collection":[{"href":"https:\/\/sp.com.ar\/sanitaria\/wp-json\/wp\/v2\/product"}],"about":[{"href":"https:\/\/sp.com.ar\/sanitaria\/wp-json\/wp\/v2\/types\/product"}],"wp:featuredmedia":[{"embeddable":true,"href":"https:\/\/sp.com.ar\/sanitaria\/wp-json\/wp\/v2\/media\/749"}],"wp:attachment":[{"href":"https:\/\/sp.com.ar\/sanitaria\/wp-json\/wp\/v2\/media?parent=703"}],"wp:term":[{"taxonomy":"product_brand","embeddable":true,"href":"https:\/\/sp.com.ar\/sanitaria\/wp-json\/wp\/v2\/product_brand?post=703"},{"taxonomy":"product_cat","embeddable":true,"href":"https:\/\/sp.com.ar\/sanitaria\/wp-json\/wp\/v2\/product_cat?post=703"},{"taxonomy":"product_tag","embeddable":true,"href":"https:\/\/sp.com.ar\/sanitaria\/wp-json\/wp\/v2\/product_tag?post=703"}],"curies":[{"name":"wp","href":"https:\/\/api.w.org\/{rel}","templated":true}]}}