{"id":753,"date":"2025-09-09T16:15:05","date_gmt":"2025-09-09T19:15:05","guid":{"rendered":"https:\/\/sp.disewhost3.com\/sanitaria\/?post_type=product&#038;p=753"},"modified":"2025-11-21T11:56:14","modified_gmt":"2025-11-21T14:56:14","slug":"js-mat-prefiltro-sintetico-en-rollo","status":"publish","type":"product","link":"https:\/\/sp.com.ar\/sanitaria\/producto\/js-mat-prefiltro-sintetico-en-rollo\/","title":{"rendered":"JS Mat \u2013 prefiltro sint\u00e9tico en rollo"},"content":{"rendered":"<p data-start=\"1529\" data-end=\"1681\">Este\u00a0<strong data-start=\"1534\" data-end=\"1573\">prefiltro sint\u00e9tico en rollo JS Mat<\/strong>\u00a0se encuentra disponible en\u00a0<strong data-start=\"1601\" data-end=\"1619\">tres versiones<\/strong>\u00a0que cubren diferentes niveles de eficiencia y aplicaciones:<\/p>\n<ul data-start=\"1682\" data-end=\"2213\">\n<li data-start=\"1682\" data-end=\"1856\">\n<p data-start=\"1684\" data-end=\"1856\"><strong data-start=\"1684\" data-end=\"1699\">JS Mat W-EC<\/strong>, con\u00a0<strong data-start=\"1705\" data-end=\"1746\">eficiencia de arrestancia del 75-80 %<\/strong>, clasificado como\u00a0<strong data-start=\"1765\" data-end=\"1777\">clase G2<\/strong>\u00a0seg\u00fan EN 779, adecuado para prefiltraci\u00f3n b\u00e1sica y ambientes de polvo medio.<\/p>\n<\/li>\n<li data-start=\"1857\" data-end=\"2022\">\n<p data-start=\"1859\" data-end=\"2022\"><strong data-start=\"1859\" data-end=\"1874\">JS Mat W-SD<\/strong>, con\u00a0<strong data-start=\"1880\" data-end=\"1906\">eficiencia del 80-85 %<\/strong>, correspondiente a\u00a0<strong data-start=\"1926\" data-end=\"1938\">clase G3<\/strong>, ideal para sistemas que requieren un equilibrio entre retenci\u00f3n y flujo de aire.<\/p>\n<\/li>\n<li data-start=\"2023\" data-end=\"2213\">\n<p data-start=\"2025\" data-end=\"2213\"><strong data-start=\"2025\" data-end=\"2040\">JS Mat W-SU<\/strong>, con\u00a0<strong data-start=\"2046\" data-end=\"2072\">eficiencia del 87-92 %<\/strong>, clasificado como\u00a0<strong data-start=\"2091\" data-end=\"2103\">clase G4<\/strong>, dise\u00f1ado para condiciones donde se necesita una protecci\u00f3n superior de filtros finos o etapas posteriores.<\/p>\n<\/li>\n<\/ul>\n<p data-start=\"2215\" data-end=\"2643\">Los\u00a0<strong data-start=\"2219\" data-end=\"2271\">rollos del JS Mat \u2013 prefiltro sint\u00e9tico en rollo<\/strong>\u00a0tienen un\u00a0<strong data-start=\"2282\" data-end=\"2312\">ancho est\u00e1ndar de 2 metros<\/strong>\u00a0y un\u00a0<strong data-start=\"2318\" data-end=\"2359\">di\u00e1metro que var\u00eda entre 400 y 690 mm<\/strong>, lo que facilita su manipulaci\u00f3n y compatibilidad con diversos sistemas de soporte o bastidores. Estas dimensiones tambi\u00e9n permiten su uso en\u00a0<strong data-start=\"2502\" data-end=\"2548\">sistemas autom\u00e1ticos de avance de material<\/strong>, muy comunes en plantas con altos vol\u00famenes de aire y cambios frecuentes de medio filtrante.<\/p>\n<p data-start=\"2645\" data-end=\"3028\">En cuanto a su comportamiento aerodin\u00e1mico, el\u00a0<strong data-start=\"2692\" data-end=\"2733\">JS Mat \u2013 prefiltro sint\u00e9tico en rollo<\/strong>\u00a0presenta una\u00a0<strong data-start=\"2747\" data-end=\"2792\">ca\u00edda de presi\u00f3n inicial entre 19 y 30 Pa<\/strong>, dependiendo del modelo y la velocidad de operaci\u00f3n, y un\u00a0<strong data-start=\"2851\" data-end=\"2888\">punto final recomendado de 200 Pa<\/strong>. Estos valores aseguran un funcionamiento estable y un consumo energ\u00e9tico reducido, manteniendo la eficiencia de ventiladores y turbinas.<\/p>\n<p data-start=\"3030\" data-end=\"3510\">El\u00a0<strong data-start=\"3033\" data-end=\"3074\">JS Mat \u2013 prefiltro sint\u00e9tico en rollo<\/strong>\u00a0soporta\u00a0<strong data-start=\"3083\" data-end=\"3124\">temperaturas continuas de hasta 80 \u00b0C<\/strong>, y opera de manera confiable en un rango t\u00e9rmico que va desde\u00a0<strong data-start=\"3187\" data-end=\"3211\">\u201320 \u00b0C hasta +100 \u00b0C<\/strong>, lo que le permite ser utilizado en instalaciones sometidas a variaciones extremas de temperatura o humedad. Esta resistencia t\u00e9rmica y qu\u00edmica lo hace adecuado tanto para interiores como para zonas de aspiraci\u00f3n de aire exterior, donde los filtros deben tolerar condiciones ambientales adversas.<\/p>\n<p data-start=\"3512\" data-end=\"3964\">Al finalizar su vida \u00fatil, se recomienda\u00a0<strong data-start=\"3553\" data-end=\"3629\">desechar el material filtrante del JS Mat \u2013 prefiltro sint\u00e9tico en rollo<\/strong>, ya que su composici\u00f3n no est\u00e1 pensada para procesos de regeneraci\u00f3n o lavado intensivo en las versiones est\u00e1ndar. Sin embargo, dependiendo del modelo y la aplicaci\u00f3n, existen variantes que pueden\u00a0<strong data-start=\"3827\" data-end=\"3853\">lavarse y reutilizarse<\/strong>\u00a0en ciclos controlados, lo que representa una ventaja econ\u00f3mica y ambiental en determinados casos industriales.<\/p>\n<h3 data-start=\"3966\" data-end=\"4024\"><strong data-start=\"3970\" data-end=\"4024\">Medio filtrante, eficiencia y aplicaciones t\u00edpicas<\/strong><\/h3>\n<p data-start=\"4026\" data-end=\"4499\">El\u00a0<strong data-start=\"4029\" data-end=\"4090\">medio filtrante del JS Mat \u2013 prefiltro sint\u00e9tico en rollo<\/strong>\u00a0est\u00e1 compuesto por\u00a0<strong data-start=\"4110\" data-end=\"4151\">capas de fibra sint\u00e9tica termoformada<\/strong>, con estructura progresiva que incrementa su capacidad de retenci\u00f3n de polvo y part\u00edculas en suspensi\u00f3n. Este dise\u00f1o de densidad gradual asegura que las part\u00edculas gruesas sean capturadas en las capas superficiales, mientras las m\u00e1s finas son retenidas en las capas internas, evitando saturaciones prematuras y prolongando el tiempo de servicio.<\/p>\n<p data-start=\"4501\" data-end=\"5023\">Las\u00a0<strong data-start=\"4505\" data-end=\"4562\">eficiencias del JS Mat \u2013 prefiltro sint\u00e9tico en rollo<\/strong>, comprendidas entre\u00a0<strong data-start=\"4583\" data-end=\"4598\">G2, G3 y G4<\/strong>, cubren las necesidades de prefiltraci\u00f3n en una amplia gama de sistemas industriales. Entre sus\u00a0<strong data-start=\"4695\" data-end=\"4723\">aplicaciones m\u00e1s comunes<\/strong>\u00a0se incluyen los\u00a0<strong data-start=\"4740\" data-end=\"4794\">sistemas de ventilaci\u00f3n y climatizaci\u00f3n industrial<\/strong>, la\u00a0<strong data-start=\"4799\" data-end=\"4845\">filtraci\u00f3n de aire en salas de compresores<\/strong>,\u00a0<strong data-start=\"4847\" data-end=\"4866\">turbinas de gas<\/strong>,\u00a0<strong data-start=\"4868\" data-end=\"4893\">centrales energ\u00e9ticas<\/strong>,\u00a0<strong data-start=\"4895\" data-end=\"4920\">plantas petroqu\u00edmicas<\/strong>\u00a0y otras instalaciones donde se requiera controlar el ingreso de part\u00edculas s\u00f3lidas al flujo de aire.<\/p>\n<p data-start=\"4501\" data-end=\"5023\"><span style=\"color: #fafafa;\"><span class=\"selectable-text copyable-text xkrh14z\">Filtros HVAC sanitarios. <\/span><span class=\"selectable-text copyable-text xkrh14z\">Filtro HEPA HVAC. <\/span><span class=\"selectable-text copyable-text xkrh14z\">Filtros EPA. <\/span><span class=\"selectable-text copyable-text xkrh14z\">Filtro aire sala limpia. <\/span><span class=\"selectable-text copyable-text xkrh14z\">Filtros ULPA. <\/span><span class=\"selectable-text copyable-text xkrh14z\">Filtros para salas limpias. <\/span><span class=\"selectable-text copyable-text xkrh14z\">Filtros de aire para laboratorios. <\/span><span class=\"selectable-text copyable-text xkrh14z\">Filtro panel de aire para industria farmac\u00e9utica. <\/span><span class=\"selectable-text copyable-text xkrh14z\">Filtro panel de aire para industria alimenticia. <\/span><span class=\"selectable-text copyable-text xkrh14z\">Filtros de aire para hospitales. <\/span><span class=\"selectable-text copyable-text xkrh14z\">Filtros absolutos HEPA. <\/span><span class=\"selectable-text copyable-text xkrh14z\">Filtros HVAC laboratorios. <\/span><span class=\"selectable-text copyable-text xkrh14z\">Filtros HVAC hospitales. <\/span><span class=\"selectable-text copyable-text xkrh14z\">Filtros HVAC quirofanos<\/span><\/span><\/p>\n","protected":false},"excerpt":{"rendered":"<p data-start=\"370\" data-end=\"986\">El\u00a0<strong data-start=\"373\" data-end=\"414\">JS Mat \u2013 prefiltro sint\u00e9tico en rollo<\/strong>\u00a0es un medio filtrante vers\u00e1til, resistente y de alto rendimiento, dise\u00f1ado para la\u00a0<strong data-start=\"498\" data-end=\"553\">prefiltraci\u00f3n de aire en sistemas HVAC industriales<\/strong>. Su formato en rollo continuo permite un uso flexible y adaptable a distintos equipos, facilitando el corte y la instalaci\u00f3n seg\u00fan las dimensiones requeridas por cada aplicaci\u00f3n. Este tipo de prefiltro ofrece una excelente combinaci\u00f3n entre eficiencia, bajo costo operativo y facilidad de mantenimiento, lo que lo convierte en una soluci\u00f3n confiable para entornos exigentes donde la calidad del aire y la durabilidad son esenciales.<\/p>\n<p data-start=\"988\" data-end=\"1527\">El\u00a0<strong data-start=\"991\" data-end=\"1032\">JS Mat \u2013 prefiltro sint\u00e9tico en rollo<\/strong>\u00a0est\u00e1 fabricado con\u00a0<strong data-start=\"1052\" data-end=\"1088\">fibra sint\u00e9tica de alta densidad<\/strong>, especialmente desarrollada para resistir la\u00a0<strong data-start=\"1134\" data-end=\"1184\">humedad, la temperatura y el desgaste mec\u00e1nico<\/strong>. A diferencia de los medios tradicionales de fibra de vidrio, el JS Mat presenta una mayor estabilidad dimensional y una estructura m\u00e1s el\u00e1stica, que conserva su forma incluso bajo flujos de aire variables. Esta caracter\u00edstica garantiza un rendimiento constante durante todo su ciclo de vida \u00fatil, sin colapsos ni desprendimiento de fibras.<\/p>\n","protected":false},"featured_media":1063,"template":"","meta":{"_acf_changed":false,"_joinchat":[]},"product_brand":[],"product_cat":[25],"product_tag":[],"class_list":{"0":"post-753","1":"product","2":"type-product","3":"status-publish","4":"has-post-thumbnail","6":"product_cat-paneles-filtrantes-hvac","8":"first","9":"instock","10":"shipping-taxable","11":"product-type-simple"},"acf":[],"yoast_head":"<!-- This site is optimized with the Yoast SEO plugin v25.6 - https:\/\/yoast.com\/wordpress\/plugins\/seo\/ -->\n<title>JS Mat \u2013 prefiltro sint\u00e9tico en rollo | SP Separation Processes<\/title>\n<meta name=\"robots\" content=\"index, follow, max-snippet:-1, max-image-preview:large, max-video-preview:-1\" \/>\n<link rel=\"canonical\" href=\"https:\/\/sp.com.ar\/sanitaria\/producto\/js-mat-prefiltro-sintetico-en-rollo\/\" \/>\n<meta property=\"og:locale\" content=\"es_ES\" \/>\n<meta property=\"og:type\" content=\"article\" \/>\n<meta property=\"og:title\" content=\"JS Mat \u2013 prefiltro sint\u00e9tico en rollo | SP Separation Processes\" \/>\n<meta property=\"og:description\" content=\"El\u00a0JS Mat \u2013 prefiltro sint\u00e9tico en rollo\u00a0es un medio filtrante vers\u00e1til, resistente y de alto rendimiento, dise\u00f1ado para la\u00a0prefiltraci\u00f3n de aire en sistemas HVAC industriales. Su formato en rollo continuo permite un uso flexible y adaptable a distintos equipos, facilitando el corte y la instalaci\u00f3n seg\u00fan las dimensiones requeridas por cada aplicaci\u00f3n. Este tipo de prefiltro ofrece una excelente combinaci\u00f3n entre eficiencia, bajo costo operativo y facilidad de mantenimiento, lo que lo convierte en una soluci\u00f3n confiable para entornos exigentes donde la calidad del aire y la durabilidad son esenciales. El\u00a0JS Mat \u2013 prefiltro sint\u00e9tico en rollo\u00a0est\u00e1 fabricado con\u00a0fibra sint\u00e9tica de alta densidad, especialmente desarrollada para resistir la\u00a0humedad, la temperatura y el desgaste mec\u00e1nico. A diferencia de los medios tradicionales de fibra de vidrio, el JS Mat presenta una mayor estabilidad dimensional y una estructura m\u00e1s el\u00e1stica, que conserva su forma incluso bajo flujos de aire variables. Esta caracter\u00edstica garantiza un rendimiento constante durante todo su ciclo de vida \u00fatil, sin colapsos ni desprendimiento de fibras.\" \/>\n<meta property=\"og:url\" content=\"https:\/\/sp.com.ar\/sanitaria\/producto\/js-mat-prefiltro-sintetico-en-rollo\/\" \/>\n<meta property=\"og:site_name\" content=\"SP Separation Processes\" \/>\n<meta property=\"article:modified_time\" content=\"2025-11-21T14:56:14+00:00\" \/>\n<meta property=\"og:image\" content=\"https:\/\/sp.com.ar\/sanitaria\/wp-content\/uploads\/2025\/09\/JS-Mat.-prefiltro-sintetico-en-rollo.png\" \/>\n\t<meta property=\"og:image:width\" content=\"1200\" \/>\n\t<meta property=\"og:image:height\" content=\"1200\" \/>\n\t<meta property=\"og:image:type\" content=\"image\/png\" \/>\n<meta name=\"twitter:card\" content=\"summary_large_image\" \/>\n<meta name=\"twitter:label1\" content=\"Tiempo de lectura\" \/>\n\t<meta name=\"twitter:data1\" content=\"3 minutos\" \/>\n<script type=\"application\/ld+json\" class=\"yoast-schema-graph\">{\"@context\":\"https:\/\/schema.org\",\"@graph\":[{\"@type\":\"WebPage\",\"@id\":\"https:\/\/sp.com.ar\/sanitaria\/producto\/js-mat-prefiltro-sintetico-en-rollo\/\",\"url\":\"https:\/\/sp.com.ar\/sanitaria\/producto\/js-mat-prefiltro-sintetico-en-rollo\/\",\"name\":\"JS Mat \u2013 prefiltro sint\u00e9tico en rollo | SP Separation Processes\",\"isPartOf\":{\"@id\":\"https:\/\/sp.com.ar\/sanitaria\/#website\"},\"primaryImageOfPage\":{\"@id\":\"https:\/\/sp.com.ar\/sanitaria\/producto\/js-mat-prefiltro-sintetico-en-rollo\/#primaryimage\"},\"image\":{\"@id\":\"https:\/\/sp.com.ar\/sanitaria\/producto\/js-mat-prefiltro-sintetico-en-rollo\/#primaryimage\"},\"thumbnailUrl\":\"https:\/\/sp.com.ar\/sanitaria\/wp-content\/uploads\/2025\/09\/JS-Mat.-prefiltro-sintetico-en-rollo.png\",\"datePublished\":\"2025-09-09T19:15:05+00:00\",\"dateModified\":\"2025-11-21T14:56:14+00:00\",\"breadcrumb\":{\"@id\":\"https:\/\/sp.com.ar\/sanitaria\/producto\/js-mat-prefiltro-sintetico-en-rollo\/#breadcrumb\"},\"inLanguage\":\"es\",\"potentialAction\":[{\"@type\":\"ReadAction\",\"target\":[\"https:\/\/sp.com.ar\/sanitaria\/producto\/js-mat-prefiltro-sintetico-en-rollo\/\"]}]},{\"@type\":\"ImageObject\",\"inLanguage\":\"es\",\"@id\":\"https:\/\/sp.com.ar\/sanitaria\/producto\/js-mat-prefiltro-sintetico-en-rollo\/#primaryimage\",\"url\":\"https:\/\/sp.com.ar\/sanitaria\/wp-content\/uploads\/2025\/09\/JS-Mat.-prefiltro-sintetico-en-rollo.png\",\"contentUrl\":\"https:\/\/sp.com.ar\/sanitaria\/wp-content\/uploads\/2025\/09\/JS-Mat.-prefiltro-sintetico-en-rollo.png\",\"width\":1200,\"height\":1200,\"caption\":\"JS MAT. Prefiltro sintetico en rollo\"},{\"@type\":\"BreadcrumbList\",\"@id\":\"https:\/\/sp.com.ar\/sanitaria\/producto\/js-mat-prefiltro-sintetico-en-rollo\/#breadcrumb\",\"itemListElement\":[{\"@type\":\"ListItem\",\"position\":1,\"name\":\"Portada\",\"item\":\"https:\/\/sp.com.ar\/sanitaria\/\"},{\"@type\":\"ListItem\",\"position\":2,\"name\":\"Productos\",\"item\":\"https:\/\/sp.com.ar\/sanitaria\/productos\/\"},{\"@type\":\"ListItem\",\"position\":3,\"name\":\"JS Mat \u2013 prefiltro sint\u00e9tico en rollo\"}]},{\"@type\":\"WebSite\",\"@id\":\"https:\/\/sp.com.ar\/sanitaria\/#website\",\"url\":\"https:\/\/sp.com.ar\/sanitaria\/\",\"name\":\"SP Separation Processes\",\"description\":\"\",\"potentialAction\":[{\"@type\":\"SearchAction\",\"target\":{\"@type\":\"EntryPoint\",\"urlTemplate\":\"https:\/\/sp.com.ar\/sanitaria\/?s={search_term_string}\"},\"query-input\":{\"@type\":\"PropertyValueSpecification\",\"valueRequired\":true,\"valueName\":\"search_term_string\"}}],\"inLanguage\":\"es\"}]}<\/script>\n<!-- \/ Yoast SEO plugin. -->","yoast_head_json":{"title":"JS Mat \u2013 prefiltro sint\u00e9tico en rollo | SP Separation Processes","robots":{"index":"index","follow":"follow","max-snippet":"max-snippet:-1","max-image-preview":"max-image-preview:large","max-video-preview":"max-video-preview:-1"},"canonical":"https:\/\/sp.com.ar\/sanitaria\/producto\/js-mat-prefiltro-sintetico-en-rollo\/","og_locale":"es_ES","og_type":"article","og_title":"JS Mat \u2013 prefiltro sint\u00e9tico en rollo | SP Separation Processes","og_description":"El\u00a0JS Mat \u2013 prefiltro sint\u00e9tico en rollo\u00a0es un medio filtrante vers\u00e1til, resistente y de alto rendimiento, dise\u00f1ado para la\u00a0prefiltraci\u00f3n de aire en sistemas HVAC industriales. Su formato en rollo continuo permite un uso flexible y adaptable a distintos equipos, facilitando el corte y la instalaci\u00f3n seg\u00fan las dimensiones requeridas por cada aplicaci\u00f3n. Este tipo de prefiltro ofrece una excelente combinaci\u00f3n entre eficiencia, bajo costo operativo y facilidad de mantenimiento, lo que lo convierte en una soluci\u00f3n confiable para entornos exigentes donde la calidad del aire y la durabilidad son esenciales. El\u00a0JS Mat \u2013 prefiltro sint\u00e9tico en rollo\u00a0est\u00e1 fabricado con\u00a0fibra sint\u00e9tica de alta densidad, especialmente desarrollada para resistir la\u00a0humedad, la temperatura y el desgaste mec\u00e1nico. A diferencia de los medios tradicionales de fibra de vidrio, el JS Mat presenta una mayor estabilidad dimensional y una estructura m\u00e1s el\u00e1stica, que conserva su forma incluso bajo flujos de aire variables. Esta caracter\u00edstica garantiza un rendimiento constante durante todo su ciclo de vida \u00fatil, sin colapsos ni desprendimiento de fibras.","og_url":"https:\/\/sp.com.ar\/sanitaria\/producto\/js-mat-prefiltro-sintetico-en-rollo\/","og_site_name":"SP Separation Processes","article_modified_time":"2025-11-21T14:56:14+00:00","og_image":[{"width":1200,"height":1200,"url":"https:\/\/sp.com.ar\/sanitaria\/wp-content\/uploads\/2025\/09\/JS-Mat.-prefiltro-sintetico-en-rollo.png","type":"image\/png"}],"twitter_card":"summary_large_image","twitter_misc":{"Tiempo de lectura":"3 minutos"},"schema":{"@context":"https:\/\/schema.org","@graph":[{"@type":"WebPage","@id":"https:\/\/sp.com.ar\/sanitaria\/producto\/js-mat-prefiltro-sintetico-en-rollo\/","url":"https:\/\/sp.com.ar\/sanitaria\/producto\/js-mat-prefiltro-sintetico-en-rollo\/","name":"JS Mat \u2013 prefiltro sint\u00e9tico en rollo | SP Separation Processes","isPartOf":{"@id":"https:\/\/sp.com.ar\/sanitaria\/#website"},"primaryImageOfPage":{"@id":"https:\/\/sp.com.ar\/sanitaria\/producto\/js-mat-prefiltro-sintetico-en-rollo\/#primaryimage"},"image":{"@id":"https:\/\/sp.com.ar\/sanitaria\/producto\/js-mat-prefiltro-sintetico-en-rollo\/#primaryimage"},"thumbnailUrl":"https:\/\/sp.com.ar\/sanitaria\/wp-content\/uploads\/2025\/09\/JS-Mat.-prefiltro-sintetico-en-rollo.png","datePublished":"2025-09-09T19:15:05+00:00","dateModified":"2025-11-21T14:56:14+00:00","breadcrumb":{"@id":"https:\/\/sp.com.ar\/sanitaria\/producto\/js-mat-prefiltro-sintetico-en-rollo\/#breadcrumb"},"inLanguage":"es","potentialAction":[{"@type":"ReadAction","target":["https:\/\/sp.com.ar\/sanitaria\/producto\/js-mat-prefiltro-sintetico-en-rollo\/"]}]},{"@type":"ImageObject","inLanguage":"es","@id":"https:\/\/sp.com.ar\/sanitaria\/producto\/js-mat-prefiltro-sintetico-en-rollo\/#primaryimage","url":"https:\/\/sp.com.ar\/sanitaria\/wp-content\/uploads\/2025\/09\/JS-Mat.-prefiltro-sintetico-en-rollo.png","contentUrl":"https:\/\/sp.com.ar\/sanitaria\/wp-content\/uploads\/2025\/09\/JS-Mat.-prefiltro-sintetico-en-rollo.png","width":1200,"height":1200,"caption":"JS MAT. Prefiltro sintetico en rollo"},{"@type":"BreadcrumbList","@id":"https:\/\/sp.com.ar\/sanitaria\/producto\/js-mat-prefiltro-sintetico-en-rollo\/#breadcrumb","itemListElement":[{"@type":"ListItem","position":1,"name":"Portada","item":"https:\/\/sp.com.ar\/sanitaria\/"},{"@type":"ListItem","position":2,"name":"Productos","item":"https:\/\/sp.com.ar\/sanitaria\/productos\/"},{"@type":"ListItem","position":3,"name":"JS Mat \u2013 prefiltro sint\u00e9tico en rollo"}]},{"@type":"WebSite","@id":"https:\/\/sp.com.ar\/sanitaria\/#website","url":"https:\/\/sp.com.ar\/sanitaria\/","name":"SP Separation Processes","description":"","potentialAction":[{"@type":"SearchAction","target":{"@type":"EntryPoint","urlTemplate":"https:\/\/sp.com.ar\/sanitaria\/?s={search_term_string}"},"query-input":{"@type":"PropertyValueSpecification","valueRequired":true,"valueName":"search_term_string"}}],"inLanguage":"es"}]}},"_links":{"self":[{"href":"https:\/\/sp.com.ar\/sanitaria\/wp-json\/wp\/v2\/product\/753","targetHints":{"allow":["GET"]}}],"collection":[{"href":"https:\/\/sp.com.ar\/sanitaria\/wp-json\/wp\/v2\/product"}],"about":[{"href":"https:\/\/sp.com.ar\/sanitaria\/wp-json\/wp\/v2\/types\/product"}],"wp:featuredmedia":[{"embeddable":true,"href":"https:\/\/sp.com.ar\/sanitaria\/wp-json\/wp\/v2\/media\/1063"}],"wp:attachment":[{"href":"https:\/\/sp.com.ar\/sanitaria\/wp-json\/wp\/v2\/media?parent=753"}],"wp:term":[{"taxonomy":"product_brand","embeddable":true,"href":"https:\/\/sp.com.ar\/sanitaria\/wp-json\/wp\/v2\/product_brand?post=753"},{"taxonomy":"product_cat","embeddable":true,"href":"https:\/\/sp.com.ar\/sanitaria\/wp-json\/wp\/v2\/product_cat?post=753"},{"taxonomy":"product_tag","embeddable":true,"href":"https:\/\/sp.com.ar\/sanitaria\/wp-json\/wp\/v2\/product_tag?post=753"}],"curies":[{"name":"wp","href":"https:\/\/api.w.org\/{rel}","templated":true}]}}