{"id":757,"date":"2025-09-09T16:23:58","date_gmt":"2025-09-09T19:23:58","guid":{"rendered":"https:\/\/sp.disewhost3.com\/sanitaria\/?post_type=product&#038;p=757"},"modified":"2025-11-21T11:57:12","modified_gmt":"2025-11-21T14:57:12","slug":"lunacel-st-filtro-hepa-estandar","status":"publish","type":"product","link":"https:\/\/sp.com.ar\/sanitaria\/producto\/lunacel-st-filtro-hepa-estandar\/","title":{"rendered":"LunaCel ST &#8211; filtro HEPA est\u00e1ndar"},"content":{"rendered":"<p data-start=\"1611\" data-end=\"2218\">El\u00a0<strong data-start=\"1614\" data-end=\"1651\">LunaCel ST \u2013 filtro HEPA est\u00e1ndar<\/strong>\u00a0est\u00e1 dise\u00f1ado para manejar\u00a0<strong data-start=\"1679\" data-end=\"1757\">caudales de aire comprendidos entre 3,5 CMM (125 CFM) y 35 CMM (1 250 CFM)<\/strong>, dependiendo del tama\u00f1o y la profundidad seleccionada. Este rango de operaci\u00f3n lo convierte en una soluci\u00f3n eficiente tanto para\u00a0<strong data-start=\"1887\" data-end=\"1927\">peque\u00f1os sistemas de control de aire<\/strong>\u00a0como para\u00a0<strong data-start=\"1938\" data-end=\"1983\">grandes plantas de ventilaci\u00f3n industrial<\/strong>. Su\u00a0<strong data-start=\"1988\" data-end=\"2056\">eficiencia de filtraci\u00f3n es igual o superior al 99,99 % a 0,3 \u00b5m<\/strong>, lo que lo clasifica dentro de la\u00a0<strong data-start=\"2091\" data-end=\"2122\">categor\u00eda H13 seg\u00fan EN 1822<\/strong>, garantizando la retenci\u00f3n de part\u00edculas ultrafinas, aerosoles y contaminantes microsc\u00f3picos.<\/p>\n<p data-start=\"2220\" data-end=\"2624\">La\u00a0<strong data-start=\"2223\" data-end=\"2251\">p\u00e9rdida de carga inicial<\/strong>\u00a0del\u00a0<strong data-start=\"2256\" data-end=\"2293\">LunaCel ST \u2013 filtro HEPA est\u00e1ndar<\/strong>\u00a0es de\u00a0<strong data-start=\"2300\" data-end=\"2310\">250 Pa<\/strong>, con una\u00a0<strong data-start=\"2320\" data-end=\"2359\">presi\u00f3n final recomendada de 500 Pa<\/strong>, valores cuidadosamente definidos para asegurar un\u00a0<strong data-start=\"2411\" data-end=\"2478\">equilibrio \u00f3ptimo entre eficiencia, caudal y consumo energ\u00e9tico<\/strong>. De esta manera, el filtro mantiene un flujo estable durante toda su vida \u00fatil, evitando sobrecargas en ventiladores o compresores del sistema.<\/p>\n<p data-start=\"2626\" data-end=\"3055\">El\u00a0<strong data-start=\"2629\" data-end=\"2666\">LunaCel ST \u2013 filtro HEPA est\u00e1ndar<\/strong>\u00a0puede trabajar de forma continua a temperaturas de hasta\u00a0<strong data-start=\"2724\" data-end=\"2733\">70 \u00b0C<\/strong>\u00a0y con una\u00a0<strong data-start=\"2744\" data-end=\"2773\">humedad relativa del 95 %<\/strong>, sin deteriorar su medio filtrante ni deformar su estructura. Adem\u00e1s, se ofrece con\u00a0<strong data-start=\"2858\" data-end=\"2885\">dos opciones de sellado<\/strong>\u00a0\u2014<strong data-start=\"2887\" data-end=\"2907\">en gel o en seco<\/strong>\u2014, lo que garantiza un acoplamiento perfecto entre el marco del filtro y el alojamiento del sistema, evitando cualquier bypass de aire no tratado.<\/p>\n<h3 data-start=\"3057\" data-end=\"3115\"><strong data-start=\"3061\" data-end=\"3115\">Medio filtrante, eficiencia y aplicaciones t\u00edpicas<\/strong><\/h3>\n<p data-start=\"3117\" data-end=\"3501\">El\u00a0<strong data-start=\"3120\" data-end=\"3177\">medio filtrante del LunaCel ST \u2013 filtro HEPA est\u00e1ndar<\/strong>\u00a0est\u00e1 fabricado con\u00a0<strong data-start=\"3197\" data-end=\"3243\">fibra de vidrio microfina de alta densidad<\/strong>, dispuesta en pliegues uniformes y separada por espaciadores que optimizan el flujo del aire. Esta configuraci\u00f3n aumenta la superficie efectiva de filtraci\u00f3n y reduce la ca\u00edda de presi\u00f3n, logrando una gran capacidad de retenci\u00f3n sin comprometer el caudal.<\/p>\n<p data-start=\"3503\" data-end=\"3967\">La\u00a0<strong data-start=\"3506\" data-end=\"3545\">eficiencia H13 (\u2265 99,99 % a 0,3 \u00b5m)<\/strong>\u00a0asegura que el\u00a0<strong data-start=\"3561\" data-end=\"3598\">LunaCel ST \u2013 filtro HEPA est\u00e1ndar<\/strong>\u00a0elimine pr\u00e1cticamente todas las part\u00edculas s\u00f3lidas y aerosoles finos, incluyendo polvo, esporas, holl\u00edn, microgotas y contaminantes industriales. Este nivel de filtraci\u00f3n lo hace ideal como\u00a0<strong data-start=\"3789\" data-end=\"3851\">etapa final en sistemas HVAC industriales o de alta pureza<\/strong>, donde la calidad del aire es un requisito cr\u00edtico para la operaci\u00f3n segura y la protecci\u00f3n de equipos sensibles.<\/p>\n<p data-start=\"3969\" data-end=\"4411\">Las\u00a0<strong data-start=\"3973\" data-end=\"4035\">aplicaciones t\u00edpicas del LunaCel ST \u2013 filtro HEPA est\u00e1ndar<\/strong>\u00a0incluyen\u00a0<strong data-start=\"4045\" data-end=\"4228\">salas de bater\u00edas, estaciones de instrumentaci\u00f3n, laboratorios de an\u00e1lisis, \u00e1reas limpias en plantas petroqu\u00edmicas, y zonas de control ambiental en refiner\u00edas o plantas de energ\u00eda<\/strong>. En todas ellas, el filtro cumple la funci\u00f3n de\u00a0<strong data-start=\"4277\" data-end=\"4332\">retener part\u00edculas finas y contaminantes peligrosos<\/strong>, evitando su ingreso a \u00e1reas de proceso o equipos electr\u00f3nicos de precisi\u00f3n.<\/p>\n<p data-start=\"3969\" data-end=\"4411\"><span style=\"color: #fafafa;\"><span class=\"selectable-text copyable-text xkrh14z\">Filtros HVAC sanitarios. <\/span><span class=\"selectable-text copyable-text xkrh14z\">Filtro HEPA HVAC. <\/span><span class=\"selectable-text copyable-text xkrh14z\">Filtros EPA. <\/span><span class=\"selectable-text copyable-text xkrh14z\">Filtro aire sala limpia. <\/span><span class=\"selectable-text copyable-text xkrh14z\">Filtros ULPA. <\/span><span class=\"selectable-text copyable-text xkrh14z\">Filtros para salas limpias. <\/span><span class=\"selectable-text copyable-text xkrh14z\">Filtros de aire para laboratorios. <\/span><span class=\"selectable-text copyable-text xkrh14z\">Filtro panel de aire para industria farmac\u00e9utica. <\/span><span class=\"selectable-text copyable-text xkrh14z\">Filtro panel de aire para industria alimenticia. <\/span><span class=\"selectable-text copyable-text xkrh14z\">Filtros de aire para hospitales. <\/span><span class=\"selectable-text copyable-text xkrh14z\">Filtros absolutos HEPA. <\/span><span class=\"selectable-text copyable-text xkrh14z\">Filtros HVAC laboratorios. <\/span><span class=\"selectable-text copyable-text xkrh14z\">Filtros HVAC hospitales. <\/span><span class=\"selectable-text copyable-text xkrh14z\">Filtros HVAC quirofanos<\/span><\/span><\/p>\n","protected":false},"excerpt":{"rendered":"<p data-start=\"343\" data-end=\"935\">El\u00a0<strong data-start=\"346\" data-end=\"383\">LunaCel ST \u2013 filtro HEPA est\u00e1ndar<\/strong>\u00a0es un componente de alta precisi\u00f3n dise\u00f1ado para ofrecer una\u00a0<strong data-start=\"445\" data-end=\"492\">filtraci\u00f3n de aire extremadamente eficiente<\/strong>\u00a0en sistemas HVAC industriales, laboratorios y \u00e1reas cr\u00edticas donde se requiere una pureza del aire superior. Este modelo representa la versi\u00f3n est\u00e1ndar dentro de la l\u00ednea de filtros HEPA LunaCel, manteniendo la misma tecnolog\u00eda de\u00a0<strong data-start=\"724\" data-end=\"774\">fibra de vidrio ultra-fina retardante de llama<\/strong>\u00a0que caracteriza al modelo\u00a0<strong data-start=\"801\" data-end=\"815\">LunaCel HC<\/strong>, pero optimizada para aplicaciones con requerimientos de flujo medio y configuraciones de instalaci\u00f3n convencionales.<\/p>\n<p data-start=\"937\" data-end=\"1609\">El\u00a0<strong data-start=\"940\" data-end=\"977\">LunaCel ST \u2013 filtro HEPA est\u00e1ndar<\/strong>\u00a0combina\u00a0<strong data-start=\"986\" data-end=\"1031\">rendimiento, confiabilidad y versatilidad<\/strong>, ofreciendo una construcci\u00f3n robusta y materiales de primera calidad. Est\u00e1 disponible en\u00a0<strong data-start=\"1121\" data-end=\"1157\">profundidades de 149 mm y 292 mm<\/strong>, lo que permite su integraci\u00f3n en una amplia gama de sistemas de ventilaci\u00f3n o cabinas de aire limpio. Su\u00a0<strong data-start=\"1264\" data-end=\"1285\">marco estructural<\/strong>\u00a0puede fabricarse en\u00a0<strong data-start=\"1306\" data-end=\"1368\">acero galvanizado, aluminio o madera (MDF o contrachapado)<\/strong>, ofreciendo alternativas adaptadas a distintas condiciones operativas: desde entornos de baja humedad y temperatura controlada, hasta instalaciones industriales o petroqu\u00edmicas donde se requiere resistencia mec\u00e1nica y estabilidad t\u00e9rmica.<\/p>\n","protected":false},"featured_media":1065,"template":"","meta":{"_acf_changed":false,"_joinchat":[]},"product_brand":[],"product_cat":[25],"product_tag":[],"class_list":{"0":"post-757","1":"product","2":"type-product","3":"status-publish","4":"has-post-thumbnail","6":"product_cat-paneles-filtrantes-hvac","8":"first","9":"instock","10":"shipping-taxable","11":"product-type-simple"},"acf":[],"yoast_head":"<!-- This site is optimized with the Yoast SEO plugin v25.6 - https:\/\/yoast.com\/wordpress\/plugins\/seo\/ -->\n<title>LunaCel ST - filtro HEPA est\u00e1ndar | SP Separation Processes<\/title>\n<meta name=\"robots\" content=\"index, follow, max-snippet:-1, max-image-preview:large, max-video-preview:-1\" \/>\n<link rel=\"canonical\" href=\"https:\/\/sp.com.ar\/sanitaria\/producto\/lunacel-st-filtro-hepa-estandar\/\" \/>\n<meta property=\"og:locale\" content=\"es_ES\" \/>\n<meta property=\"og:type\" content=\"article\" \/>\n<meta property=\"og:title\" content=\"LunaCel ST - filtro HEPA est\u00e1ndar | SP Separation Processes\" \/>\n<meta property=\"og:description\" content=\"El\u00a0LunaCel ST \u2013 filtro HEPA est\u00e1ndar\u00a0es un componente de alta precisi\u00f3n dise\u00f1ado para ofrecer una\u00a0filtraci\u00f3n de aire extremadamente eficiente\u00a0en sistemas HVAC industriales, laboratorios y \u00e1reas cr\u00edticas donde se requiere una pureza del aire superior. Este modelo representa la versi\u00f3n est\u00e1ndar dentro de la l\u00ednea de filtros HEPA LunaCel, manteniendo la misma tecnolog\u00eda de\u00a0fibra de vidrio ultra-fina retardante de llama\u00a0que caracteriza al modelo\u00a0LunaCel HC, pero optimizada para aplicaciones con requerimientos de flujo medio y configuraciones de instalaci\u00f3n convencionales. El\u00a0LunaCel ST \u2013 filtro HEPA est\u00e1ndar\u00a0combina\u00a0rendimiento, confiabilidad y versatilidad, ofreciendo una construcci\u00f3n robusta y materiales de primera calidad. Est\u00e1 disponible en\u00a0profundidades de 149 mm y 292 mm, lo que permite su integraci\u00f3n en una amplia gama de sistemas de ventilaci\u00f3n o cabinas de aire limpio. Su\u00a0marco estructural\u00a0puede fabricarse en\u00a0acero galvanizado, aluminio o madera (MDF o contrachapado), ofreciendo alternativas adaptadas a distintas condiciones operativas: desde entornos de baja humedad y temperatura controlada, hasta instalaciones industriales o petroqu\u00edmicas donde se requiere resistencia mec\u00e1nica y estabilidad t\u00e9rmica.\" \/>\n<meta property=\"og:url\" content=\"https:\/\/sp.com.ar\/sanitaria\/producto\/lunacel-st-filtro-hepa-estandar\/\" \/>\n<meta property=\"og:site_name\" content=\"SP Separation Processes\" \/>\n<meta property=\"article:modified_time\" content=\"2025-11-21T14:57:12+00:00\" \/>\n<meta property=\"og:image\" content=\"https:\/\/sp.com.ar\/sanitaria\/wp-content\/uploads\/2025\/09\/LunaCel-ST-.-filtro-HEPA-estandar-1.png\" \/>\n\t<meta property=\"og:image:width\" content=\"1200\" \/>\n\t<meta property=\"og:image:height\" content=\"1200\" \/>\n\t<meta property=\"og:image:type\" content=\"image\/png\" \/>\n<meta name=\"twitter:card\" content=\"summary_large_image\" \/>\n<meta name=\"twitter:label1\" content=\"Tiempo de lectura\" \/>\n\t<meta name=\"twitter:data1\" content=\"3 minutos\" \/>\n<script type=\"application\/ld+json\" class=\"yoast-schema-graph\">{\"@context\":\"https:\/\/schema.org\",\"@graph\":[{\"@type\":\"WebPage\",\"@id\":\"https:\/\/sp.com.ar\/sanitaria\/producto\/lunacel-st-filtro-hepa-estandar\/\",\"url\":\"https:\/\/sp.com.ar\/sanitaria\/producto\/lunacel-st-filtro-hepa-estandar\/\",\"name\":\"LunaCel ST - filtro HEPA est\u00e1ndar | SP Separation Processes\",\"isPartOf\":{\"@id\":\"https:\/\/sp.com.ar\/sanitaria\/#website\"},\"primaryImageOfPage\":{\"@id\":\"https:\/\/sp.com.ar\/sanitaria\/producto\/lunacel-st-filtro-hepa-estandar\/#primaryimage\"},\"image\":{\"@id\":\"https:\/\/sp.com.ar\/sanitaria\/producto\/lunacel-st-filtro-hepa-estandar\/#primaryimage\"},\"thumbnailUrl\":\"https:\/\/sp.com.ar\/sanitaria\/wp-content\/uploads\/2025\/09\/LunaCel-ST-.-filtro-HEPA-estandar-1.png\",\"datePublished\":\"2025-09-09T19:23:58+00:00\",\"dateModified\":\"2025-11-21T14:57:12+00:00\",\"breadcrumb\":{\"@id\":\"https:\/\/sp.com.ar\/sanitaria\/producto\/lunacel-st-filtro-hepa-estandar\/#breadcrumb\"},\"inLanguage\":\"es\",\"potentialAction\":[{\"@type\":\"ReadAction\",\"target\":[\"https:\/\/sp.com.ar\/sanitaria\/producto\/lunacel-st-filtro-hepa-estandar\/\"]}]},{\"@type\":\"ImageObject\",\"inLanguage\":\"es\",\"@id\":\"https:\/\/sp.com.ar\/sanitaria\/producto\/lunacel-st-filtro-hepa-estandar\/#primaryimage\",\"url\":\"https:\/\/sp.com.ar\/sanitaria\/wp-content\/uploads\/2025\/09\/LunaCel-ST-.-filtro-HEPA-estandar-1.png\",\"contentUrl\":\"https:\/\/sp.com.ar\/sanitaria\/wp-content\/uploads\/2025\/09\/LunaCel-ST-.-filtro-HEPA-estandar-1.png\",\"width\":1200,\"height\":1200,\"caption\":\"LunaCel ST. Filtro hepa estandar\"},{\"@type\":\"BreadcrumbList\",\"@id\":\"https:\/\/sp.com.ar\/sanitaria\/producto\/lunacel-st-filtro-hepa-estandar\/#breadcrumb\",\"itemListElement\":[{\"@type\":\"ListItem\",\"position\":1,\"name\":\"Portada\",\"item\":\"https:\/\/sp.com.ar\/sanitaria\/\"},{\"@type\":\"ListItem\",\"position\":2,\"name\":\"Productos\",\"item\":\"https:\/\/sp.com.ar\/sanitaria\/productos\/\"},{\"@type\":\"ListItem\",\"position\":3,\"name\":\"LunaCel ST &#8211; filtro HEPA est\u00e1ndar\"}]},{\"@type\":\"WebSite\",\"@id\":\"https:\/\/sp.com.ar\/sanitaria\/#website\",\"url\":\"https:\/\/sp.com.ar\/sanitaria\/\",\"name\":\"SP Separation Processes\",\"description\":\"\",\"potentialAction\":[{\"@type\":\"SearchAction\",\"target\":{\"@type\":\"EntryPoint\",\"urlTemplate\":\"https:\/\/sp.com.ar\/sanitaria\/?s={search_term_string}\"},\"query-input\":{\"@type\":\"PropertyValueSpecification\",\"valueRequired\":true,\"valueName\":\"search_term_string\"}}],\"inLanguage\":\"es\"}]}<\/script>\n<!-- \/ Yoast SEO plugin. -->","yoast_head_json":{"title":"LunaCel ST - filtro HEPA est\u00e1ndar | SP Separation Processes","robots":{"index":"index","follow":"follow","max-snippet":"max-snippet:-1","max-image-preview":"max-image-preview:large","max-video-preview":"max-video-preview:-1"},"canonical":"https:\/\/sp.com.ar\/sanitaria\/producto\/lunacel-st-filtro-hepa-estandar\/","og_locale":"es_ES","og_type":"article","og_title":"LunaCel ST - filtro HEPA est\u00e1ndar | SP Separation Processes","og_description":"El\u00a0LunaCel ST \u2013 filtro HEPA est\u00e1ndar\u00a0es un componente de alta precisi\u00f3n dise\u00f1ado para ofrecer una\u00a0filtraci\u00f3n de aire extremadamente eficiente\u00a0en sistemas HVAC industriales, laboratorios y \u00e1reas cr\u00edticas donde se requiere una pureza del aire superior. Este modelo representa la versi\u00f3n est\u00e1ndar dentro de la l\u00ednea de filtros HEPA LunaCel, manteniendo la misma tecnolog\u00eda de\u00a0fibra de vidrio ultra-fina retardante de llama\u00a0que caracteriza al modelo\u00a0LunaCel HC, pero optimizada para aplicaciones con requerimientos de flujo medio y configuraciones de instalaci\u00f3n convencionales. El\u00a0LunaCel ST \u2013 filtro HEPA est\u00e1ndar\u00a0combina\u00a0rendimiento, confiabilidad y versatilidad, ofreciendo una construcci\u00f3n robusta y materiales de primera calidad. Est\u00e1 disponible en\u00a0profundidades de 149 mm y 292 mm, lo que permite su integraci\u00f3n en una amplia gama de sistemas de ventilaci\u00f3n o cabinas de aire limpio. Su\u00a0marco estructural\u00a0puede fabricarse en\u00a0acero galvanizado, aluminio o madera (MDF o contrachapado), ofreciendo alternativas adaptadas a distintas condiciones operativas: desde entornos de baja humedad y temperatura controlada, hasta instalaciones industriales o petroqu\u00edmicas donde se requiere resistencia mec\u00e1nica y estabilidad t\u00e9rmica.","og_url":"https:\/\/sp.com.ar\/sanitaria\/producto\/lunacel-st-filtro-hepa-estandar\/","og_site_name":"SP Separation Processes","article_modified_time":"2025-11-21T14:57:12+00:00","og_image":[{"width":1200,"height":1200,"url":"https:\/\/sp.com.ar\/sanitaria\/wp-content\/uploads\/2025\/09\/LunaCel-ST-.-filtro-HEPA-estandar-1.png","type":"image\/png"}],"twitter_card":"summary_large_image","twitter_misc":{"Tiempo de lectura":"3 minutos"},"schema":{"@context":"https:\/\/schema.org","@graph":[{"@type":"WebPage","@id":"https:\/\/sp.com.ar\/sanitaria\/producto\/lunacel-st-filtro-hepa-estandar\/","url":"https:\/\/sp.com.ar\/sanitaria\/producto\/lunacel-st-filtro-hepa-estandar\/","name":"LunaCel ST - filtro HEPA est\u00e1ndar | SP Separation Processes","isPartOf":{"@id":"https:\/\/sp.com.ar\/sanitaria\/#website"},"primaryImageOfPage":{"@id":"https:\/\/sp.com.ar\/sanitaria\/producto\/lunacel-st-filtro-hepa-estandar\/#primaryimage"},"image":{"@id":"https:\/\/sp.com.ar\/sanitaria\/producto\/lunacel-st-filtro-hepa-estandar\/#primaryimage"},"thumbnailUrl":"https:\/\/sp.com.ar\/sanitaria\/wp-content\/uploads\/2025\/09\/LunaCel-ST-.-filtro-HEPA-estandar-1.png","datePublished":"2025-09-09T19:23:58+00:00","dateModified":"2025-11-21T14:57:12+00:00","breadcrumb":{"@id":"https:\/\/sp.com.ar\/sanitaria\/producto\/lunacel-st-filtro-hepa-estandar\/#breadcrumb"},"inLanguage":"es","potentialAction":[{"@type":"ReadAction","target":["https:\/\/sp.com.ar\/sanitaria\/producto\/lunacel-st-filtro-hepa-estandar\/"]}]},{"@type":"ImageObject","inLanguage":"es","@id":"https:\/\/sp.com.ar\/sanitaria\/producto\/lunacel-st-filtro-hepa-estandar\/#primaryimage","url":"https:\/\/sp.com.ar\/sanitaria\/wp-content\/uploads\/2025\/09\/LunaCel-ST-.-filtro-HEPA-estandar-1.png","contentUrl":"https:\/\/sp.com.ar\/sanitaria\/wp-content\/uploads\/2025\/09\/LunaCel-ST-.-filtro-HEPA-estandar-1.png","width":1200,"height":1200,"caption":"LunaCel ST. Filtro hepa estandar"},{"@type":"BreadcrumbList","@id":"https:\/\/sp.com.ar\/sanitaria\/producto\/lunacel-st-filtro-hepa-estandar\/#breadcrumb","itemListElement":[{"@type":"ListItem","position":1,"name":"Portada","item":"https:\/\/sp.com.ar\/sanitaria\/"},{"@type":"ListItem","position":2,"name":"Productos","item":"https:\/\/sp.com.ar\/sanitaria\/productos\/"},{"@type":"ListItem","position":3,"name":"LunaCel ST &#8211; filtro HEPA est\u00e1ndar"}]},{"@type":"WebSite","@id":"https:\/\/sp.com.ar\/sanitaria\/#website","url":"https:\/\/sp.com.ar\/sanitaria\/","name":"SP Separation Processes","description":"","potentialAction":[{"@type":"SearchAction","target":{"@type":"EntryPoint","urlTemplate":"https:\/\/sp.com.ar\/sanitaria\/?s={search_term_string}"},"query-input":{"@type":"PropertyValueSpecification","valueRequired":true,"valueName":"search_term_string"}}],"inLanguage":"es"}]}},"_links":{"self":[{"href":"https:\/\/sp.com.ar\/sanitaria\/wp-json\/wp\/v2\/product\/757","targetHints":{"allow":["GET"]}}],"collection":[{"href":"https:\/\/sp.com.ar\/sanitaria\/wp-json\/wp\/v2\/product"}],"about":[{"href":"https:\/\/sp.com.ar\/sanitaria\/wp-json\/wp\/v2\/types\/product"}],"wp:featuredmedia":[{"embeddable":true,"href":"https:\/\/sp.com.ar\/sanitaria\/wp-json\/wp\/v2\/media\/1065"}],"wp:attachment":[{"href":"https:\/\/sp.com.ar\/sanitaria\/wp-json\/wp\/v2\/media?parent=757"}],"wp:term":[{"taxonomy":"product_brand","embeddable":true,"href":"https:\/\/sp.com.ar\/sanitaria\/wp-json\/wp\/v2\/product_brand?post=757"},{"taxonomy":"product_cat","embeddable":true,"href":"https:\/\/sp.com.ar\/sanitaria\/wp-json\/wp\/v2\/product_cat?post=757"},{"taxonomy":"product_tag","embeddable":true,"href":"https:\/\/sp.com.ar\/sanitaria\/wp-json\/wp\/v2\/product_tag?post=757"}],"curies":[{"name":"wp","href":"https:\/\/api.w.org\/{rel}","templated":true}]}}