{"id":763,"date":"2025-09-10T09:54:20","date_gmt":"2025-09-10T12:54:20","guid":{"rendered":"https:\/\/sp.disewhost3.com\/sanitaria\/?post_type=product&#038;p=763"},"modified":"2025-11-21T11:58:05","modified_gmt":"2025-11-21T14:58:05","slug":"lunakleen-filtro-hepa-ulpa-compacto","status":"publish","type":"product","link":"https:\/\/sp.com.ar\/sanitaria\/producto\/lunakleen-filtro-hepa-ulpa-compacto\/","title":{"rendered":"LunaKleen &#8211; filtro HEPA\/ULPA compacto"},"content":{"rendered":"<p data-start=\"1476\" data-end=\"1933\">El dise\u00f1o\u00a0<strong data-start=\"1486\" data-end=\"1542\">mini-pleat del LunaKleen \u2013 filtro HEPA\/ULPA compacto<\/strong>\u00a0permite\u00a0<strong data-start=\"1551\" data-end=\"1622\">maximizar la superficie de filtraci\u00f3n dentro de un volumen reducido<\/strong>, reduciendo la ca\u00edda de presi\u00f3n inicial y aumentando la vida \u00fatil del filtro. Gracias a la disposici\u00f3n uniforme de los pliegues y al uso de separadores\u00a0<strong data-start=\"1775\" data-end=\"1787\">hot-melt<\/strong>, el flujo de aire se distribuye homog\u00e9neamente, evitando turbulencias y asegurando una eficiencia constante durante todo el ciclo de operaci\u00f3n.<\/p>\n<p data-start=\"1935\" data-end=\"2331\">El\u00a0<strong data-start=\"1938\" data-end=\"1979\">LunaKleen \u2013 filtro HEPA\/ULPA compacto<\/strong>\u00a0se fabrica en\u00a0<strong data-start=\"1994\" data-end=\"2029\">profundidades de 69 mm y 149 mm<\/strong>, ofreciendo una gama de configuraciones adecuadas para distintas capacidades de aire y requisitos de instalaci\u00f3n. Su\u00a0<strong data-start=\"2147\" data-end=\"2167\">caudal operativo<\/strong>\u00a0var\u00eda entre\u00a0<strong data-start=\"2180\" data-end=\"2211\">2,5 y 20 CMM (89 \u2013 709 CFM)<\/strong>, permitiendo cubrir desde peque\u00f1os sistemas de ventilaci\u00f3n localizada hasta grandes unidades modulares de filtraci\u00f3n.<\/p>\n<p data-start=\"2333\" data-end=\"2541\">En cuanto a sus\u00a0<strong data-start=\"2349\" data-end=\"2374\">niveles de eficiencia<\/strong>, el\u00a0<strong data-start=\"2379\" data-end=\"2420\">LunaKleen \u2013 filtro HEPA\/ULPA compacto<\/strong>\u00a0abarca un rango completo que va desde\u00a0<strong data-start=\"2459\" data-end=\"2476\">H13 hasta U17<\/strong>, seg\u00fan la norma EN 1822. Sus valores t\u00edpicos de desempe\u00f1o son:<\/p>\n<ul data-start=\"2542\" data-end=\"2738\">\n<li data-start=\"2542\" data-end=\"2605\">\n<p data-start=\"2544\" data-end=\"2605\"><strong data-start=\"2544\" data-end=\"2552\">H13:<\/strong>\u00a099,99 % de eficiencia con ca\u00edda inicial de 105 Pa.<\/p>\n<\/li>\n<li data-start=\"2606\" data-end=\"2680\">\n<p data-start=\"2608\" data-end=\"2680\"><strong data-start=\"2608\" data-end=\"2616\">H14:<\/strong>\u00a099,999 % con resistencia inicial de 110 Pa y final de 500 Pa.<\/p>\n<\/li>\n<li data-start=\"2681\" data-end=\"2738\">\n<p data-start=\"2683\" data-end=\"2738\"><strong data-start=\"2683\" data-end=\"2691\">U15:<\/strong>\u00a099,9995 % con resistencia inicial de 125 Pa.<\/p>\n<\/li>\n<\/ul>\n<p data-start=\"2740\" data-end=\"2975\">Estos valores demuestran la capacidad del\u00a0<strong data-start=\"2782\" data-end=\"2823\">LunaKleen \u2013 filtro HEPA\/ULPA compacto<\/strong>\u00a0para retener\u00a0<strong data-start=\"2837\" data-end=\"2888\">part\u00edculas submicr\u00f3nicas y aerosoles ultrafinos<\/strong>, garantizando un aire ultra-limpio en aplicaciones de precisi\u00f3n y control ambiental.<\/p>\n<p data-start=\"2977\" data-end=\"3377\">La estructura del\u00a0<strong data-start=\"2995\" data-end=\"3036\">LunaKleen \u2013 filtro HEPA\/ULPA compacto<\/strong>\u00a0se construye con un\u00a0<strong data-start=\"3057\" data-end=\"3088\">marco de aluminio anodizado<\/strong>, liviano pero resistente, y un\u00a0<strong data-start=\"3120\" data-end=\"3150\">faceguard frontal met\u00e1lico<\/strong>\u00a0que protege el medio filtrante contra da\u00f1os mec\u00e1nicos y distribuye el flujo de aire uniformemente. Este dise\u00f1o favorece la durabilidad del conjunto y reduce el riesgo de deformaci\u00f3n durante la instalaci\u00f3n o el mantenimiento.<\/p>\n<p data-start=\"3379\" data-end=\"3774\">El\u00a0<strong data-start=\"3382\" data-end=\"3423\">LunaKleen \u2013 filtro HEPA\/ULPA compacto<\/strong>\u00a0puede suministrarse con distintas\u00a0<strong data-start=\"3458\" data-end=\"3481\">opciones de sellado<\/strong>:\u00a0<strong data-start=\"3483\" data-end=\"3527\">EPDM, neopreno, gel o sistema knife-edge<\/strong>, seg\u00fan el tipo de montaje requerido. Estas alternativas aseguran una\u00a0<strong data-start=\"3597\" data-end=\"3652\">hermeticidad total entre el filtro y su alojamiento<\/strong>, evitando cualquier bypass de aire no filtrado y garantizando que la totalidad del caudal atraviese el medio filtrante.<\/p>\n<h3 data-start=\"3776\" data-end=\"3834\"><strong data-start=\"3780\" data-end=\"3834\">Medio filtrante, eficiencia y aplicaciones t\u00edpicas<\/strong><\/h3>\n<p data-start=\"3836\" data-end=\"4265\">El\u00a0<strong data-start=\"3839\" data-end=\"3900\">medio filtrante del LunaKleen \u2013 filtro HEPA\/ULPA compacto<\/strong>\u00a0est\u00e1 compuesto por\u00a0<strong data-start=\"3920\" data-end=\"3951\">fibras de vidrio ultrafinas<\/strong>, un material reconocido por su gran eficiencia en la captura de part\u00edculas microsc\u00f3picas y su estabilidad bajo condiciones t\u00e9rmicas y qu\u00edmicas adversas. Su baja emisi\u00f3n de gases lo hace especialmente apto para entornos donde la pureza molecular del aire es tan importante como la ausencia de part\u00edculas s\u00f3lidas.<\/p>\n<p data-start=\"4267\" data-end=\"4763\">Las\u00a0<strong data-start=\"4271\" data-end=\"4340\">eficiencias disponibles del LunaKleen \u2013 filtro HEPA\/ULPA compacto<\/strong>, desde H13 hasta U17, garantizan su aplicaci\u00f3n en\u00a0<strong data-start=\"4391\" data-end=\"4564\">salas limpias, \u00e1reas de control de instrumentaci\u00f3n, laboratorios de ensayo de materiales, zonas de calibraci\u00f3n y unidades de monitoreo en plantas petroqu\u00edmicas o mineras<\/strong>. Tambi\u00e9n se emplea en\u00a0<strong data-start=\"4587\" data-end=\"4680\">cabinas de flujo laminar, sistemas de ventilaci\u00f3n compactos y m\u00f3dulos de filtraci\u00f3n final<\/strong>, donde la exigencia de aire ultrapuro debe combinarse con dimensiones reducidas.<\/p>\n<p data-start=\"4765\" data-end=\"5191\">El\u00a0<strong data-start=\"4768\" data-end=\"4809\">LunaKleen \u2013 filtro HEPA\/ULPA compacto<\/strong>\u00a0se destaca por su\u00a0<strong data-start=\"4828\" data-end=\"4892\">ligereza, facilidad de instalaci\u00f3n y bajo consumo energ\u00e9tico<\/strong>, derivado de su baja ca\u00edda de presi\u00f3n inicial. Adem\u00e1s, su dise\u00f1o robusto garantiza un rendimiento estable incluso en sistemas de operaci\u00f3n continua con altos niveles de humedad o temperatura, soportando hasta\u00a0<strong data-start=\"5102\" data-end=\"5138\">70 \u00b0C y 95 % de humedad relativa<\/strong>\u00a0sin comprometer la integridad del medio filtrante.<\/p>\n<p data-start=\"4765\" data-end=\"5191\"><span style=\"color: #fafafa;\"><span class=\"selectable-text copyable-text xkrh14z\">Filtros HVAC sanitarios. <\/span><span class=\"selectable-text copyable-text xkrh14z\">Filtro HEPA HVAC. <\/span><span class=\"selectable-text copyable-text xkrh14z\">Filtros EPA. <\/span><span class=\"selectable-text copyable-text xkrh14z\">Filtro aire sala limpia. <\/span><span class=\"selectable-text copyable-text xkrh14z\">Filtros ULPA. <\/span><span class=\"selectable-text copyable-text xkrh14z\">Filtros para salas limpias. <\/span><span class=\"selectable-text copyable-text xkrh14z\">Filtros de aire para laboratorios. <\/span><span class=\"selectable-text copyable-text xkrh14z\">Filtro panel de aire para industria farmac\u00e9utica. <\/span><span class=\"selectable-text copyable-text xkrh14z\">Filtro panel de aire para industria alimenticia. <\/span><span class=\"selectable-text copyable-text xkrh14z\">Filtros de aire para hospitales. <\/span><span class=\"selectable-text copyable-text xkrh14z\">Filtros absolutos HEPA. <\/span><span class=\"selectable-text copyable-text xkrh14z\">Filtros HVAC laboratorios. <\/span><span class=\"selectable-text copyable-text xkrh14z\">Filtros HVAC hospitales. <\/span><span class=\"selectable-text copyable-text xkrh14z\">Filtros HVAC quirofanos<\/span><\/span><\/p>\n","protected":false},"excerpt":{"rendered":"<p data-start=\"384\" data-end=\"1007\">El\u00a0<strong data-start=\"387\" data-end=\"428\">LunaKleen \u2013 filtro HEPA\/ULPA compacto<\/strong>\u00a0es una soluci\u00f3n avanzada de filtraci\u00f3n desarrollada para\u00a0<strong data-start=\"486\" data-end=\"528\">espacios reducidos y entornos cr\u00edticos<\/strong>\u00a0donde la pureza del aire es un requisito innegociable. Este filtro combina\u00a0<strong data-start=\"604\" data-end=\"682\">dise\u00f1o mini-pleat, materiales de \u00faltima generaci\u00f3n y una estructura ligera<\/strong>\u00a0que garantiza un rendimiento superior en salas limpias, laboratorios, unidades de control y \u00e1reas de instrumentaci\u00f3n industrial. Su formato compacto lo convierte en una opci\u00f3n ideal cuando el espacio disponible es limitado, pero se exige un nivel de eficiencia equivalente al de los filtros HEPA y ULPA de tama\u00f1o completo.<\/p>\n<p data-start=\"1009\" data-end=\"1474\">El\u00a0<strong data-start=\"1012\" data-end=\"1053\">LunaKleen \u2013 filtro HEPA\/ULPA compacto<\/strong>\u00a0utiliza un\u00a0<strong data-start=\"1065\" data-end=\"1128\">medio filtrante de fibra de vidrio de baja emisi\u00f3n de gases<\/strong>, espec\u00edficamente dise\u00f1ado para evitar la liberaci\u00f3n de compuestos vol\u00e1tiles o trazas qu\u00edmicas que puedan alterar procesos delicados. Esta caracter\u00edstica es fundamental en\u00a0<strong data-start=\"1300\" data-end=\"1365\">instalaciones petroqu\u00edmicas, farmac\u00e9uticas y de investigaci\u00f3n<\/strong>, donde incluso una m\u00ednima contaminaci\u00f3n del aire puede afectar resultados, equipos o materiales sensibles.<\/p>\n","protected":false},"featured_media":1067,"template":"","meta":{"_acf_changed":false,"_joinchat":[]},"product_brand":[],"product_cat":[25],"product_tag":[],"class_list":{"0":"post-763","1":"product","2":"type-product","3":"status-publish","4":"has-post-thumbnail","6":"product_cat-paneles-filtrantes-hvac","8":"first","9":"instock","10":"shipping-taxable","11":"product-type-simple"},"acf":[],"yoast_head":"<!-- This site is optimized with the Yoast SEO plugin v25.6 - https:\/\/yoast.com\/wordpress\/plugins\/seo\/ -->\n<title>LunaKleen - filtro HEPA\/ULPA compacto | SP Separation Processes<\/title>\n<meta name=\"robots\" content=\"index, follow, max-snippet:-1, max-image-preview:large, max-video-preview:-1\" \/>\n<link rel=\"canonical\" href=\"https:\/\/sp.com.ar\/sanitaria\/producto\/lunakleen-filtro-hepa-ulpa-compacto\/\" \/>\n<meta property=\"og:locale\" content=\"es_ES\" \/>\n<meta property=\"og:type\" content=\"article\" \/>\n<meta property=\"og:title\" content=\"LunaKleen - filtro HEPA\/ULPA compacto | SP Separation Processes\" \/>\n<meta property=\"og:description\" content=\"El\u00a0LunaKleen \u2013 filtro HEPA\/ULPA compacto\u00a0es una soluci\u00f3n avanzada de filtraci\u00f3n desarrollada para\u00a0espacios reducidos y entornos cr\u00edticos\u00a0donde la pureza del aire es un requisito innegociable. Este filtro combina\u00a0dise\u00f1o mini-pleat, materiales de \u00faltima generaci\u00f3n y una estructura ligera\u00a0que garantiza un rendimiento superior en salas limpias, laboratorios, unidades de control y \u00e1reas de instrumentaci\u00f3n industrial. Su formato compacto lo convierte en una opci\u00f3n ideal cuando el espacio disponible es limitado, pero se exige un nivel de eficiencia equivalente al de los filtros HEPA y ULPA de tama\u00f1o completo. El\u00a0LunaKleen \u2013 filtro HEPA\/ULPA compacto\u00a0utiliza un\u00a0medio filtrante de fibra de vidrio de baja emisi\u00f3n de gases, espec\u00edficamente dise\u00f1ado para evitar la liberaci\u00f3n de compuestos vol\u00e1tiles o trazas qu\u00edmicas que puedan alterar procesos delicados. Esta caracter\u00edstica es fundamental en\u00a0instalaciones petroqu\u00edmicas, farmac\u00e9uticas y de investigaci\u00f3n, donde incluso una m\u00ednima contaminaci\u00f3n del aire puede afectar resultados, equipos o materiales sensibles.\" \/>\n<meta property=\"og:url\" content=\"https:\/\/sp.com.ar\/sanitaria\/producto\/lunakleen-filtro-hepa-ulpa-compacto\/\" \/>\n<meta property=\"og:site_name\" content=\"SP Separation Processes\" \/>\n<meta property=\"article:modified_time\" content=\"2025-11-21T14:58:05+00:00\" \/>\n<meta property=\"og:image\" content=\"https:\/\/sp.com.ar\/sanitaria\/wp-content\/uploads\/2025\/09\/LunaKleen.-Filtro-HEPAULPA-compacto-1.png\" \/>\n\t<meta property=\"og:image:width\" content=\"1200\" \/>\n\t<meta property=\"og:image:height\" content=\"1200\" \/>\n\t<meta property=\"og:image:type\" content=\"image\/png\" \/>\n<meta name=\"twitter:card\" content=\"summary_large_image\" \/>\n<meta name=\"twitter:label1\" content=\"Tiempo de lectura\" \/>\n\t<meta name=\"twitter:data1\" content=\"3 minutos\" \/>\n<script type=\"application\/ld+json\" class=\"yoast-schema-graph\">{\"@context\":\"https:\/\/schema.org\",\"@graph\":[{\"@type\":\"WebPage\",\"@id\":\"https:\/\/sp.com.ar\/sanitaria\/producto\/lunakleen-filtro-hepa-ulpa-compacto\/\",\"url\":\"https:\/\/sp.com.ar\/sanitaria\/producto\/lunakleen-filtro-hepa-ulpa-compacto\/\",\"name\":\"LunaKleen - filtro HEPA\/ULPA compacto | SP Separation Processes\",\"isPartOf\":{\"@id\":\"https:\/\/sp.com.ar\/sanitaria\/#website\"},\"primaryImageOfPage\":{\"@id\":\"https:\/\/sp.com.ar\/sanitaria\/producto\/lunakleen-filtro-hepa-ulpa-compacto\/#primaryimage\"},\"image\":{\"@id\":\"https:\/\/sp.com.ar\/sanitaria\/producto\/lunakleen-filtro-hepa-ulpa-compacto\/#primaryimage\"},\"thumbnailUrl\":\"https:\/\/sp.com.ar\/sanitaria\/wp-content\/uploads\/2025\/09\/LunaKleen.-Filtro-HEPAULPA-compacto-1.png\",\"datePublished\":\"2025-09-10T12:54:20+00:00\",\"dateModified\":\"2025-11-21T14:58:05+00:00\",\"breadcrumb\":{\"@id\":\"https:\/\/sp.com.ar\/sanitaria\/producto\/lunakleen-filtro-hepa-ulpa-compacto\/#breadcrumb\"},\"inLanguage\":\"es\",\"potentialAction\":[{\"@type\":\"ReadAction\",\"target\":[\"https:\/\/sp.com.ar\/sanitaria\/producto\/lunakleen-filtro-hepa-ulpa-compacto\/\"]}]},{\"@type\":\"ImageObject\",\"inLanguage\":\"es\",\"@id\":\"https:\/\/sp.com.ar\/sanitaria\/producto\/lunakleen-filtro-hepa-ulpa-compacto\/#primaryimage\",\"url\":\"https:\/\/sp.com.ar\/sanitaria\/wp-content\/uploads\/2025\/09\/LunaKleen.-Filtro-HEPAULPA-compacto-1.png\",\"contentUrl\":\"https:\/\/sp.com.ar\/sanitaria\/wp-content\/uploads\/2025\/09\/LunaKleen.-Filtro-HEPAULPA-compacto-1.png\",\"width\":1200,\"height\":1200,\"caption\":\"LunaKleen. Filtro hepaulpa compacto\"},{\"@type\":\"BreadcrumbList\",\"@id\":\"https:\/\/sp.com.ar\/sanitaria\/producto\/lunakleen-filtro-hepa-ulpa-compacto\/#breadcrumb\",\"itemListElement\":[{\"@type\":\"ListItem\",\"position\":1,\"name\":\"Portada\",\"item\":\"https:\/\/sp.com.ar\/sanitaria\/\"},{\"@type\":\"ListItem\",\"position\":2,\"name\":\"Productos\",\"item\":\"https:\/\/sp.com.ar\/sanitaria\/productos\/\"},{\"@type\":\"ListItem\",\"position\":3,\"name\":\"LunaKleen &#8211; filtro HEPA\/ULPA compacto\"}]},{\"@type\":\"WebSite\",\"@id\":\"https:\/\/sp.com.ar\/sanitaria\/#website\",\"url\":\"https:\/\/sp.com.ar\/sanitaria\/\",\"name\":\"SP Separation Processes\",\"description\":\"\",\"potentialAction\":[{\"@type\":\"SearchAction\",\"target\":{\"@type\":\"EntryPoint\",\"urlTemplate\":\"https:\/\/sp.com.ar\/sanitaria\/?s={search_term_string}\"},\"query-input\":{\"@type\":\"PropertyValueSpecification\",\"valueRequired\":true,\"valueName\":\"search_term_string\"}}],\"inLanguage\":\"es\"}]}<\/script>\n<!-- \/ Yoast SEO plugin. -->","yoast_head_json":{"title":"LunaKleen - filtro HEPA\/ULPA compacto | SP Separation Processes","robots":{"index":"index","follow":"follow","max-snippet":"max-snippet:-1","max-image-preview":"max-image-preview:large","max-video-preview":"max-video-preview:-1"},"canonical":"https:\/\/sp.com.ar\/sanitaria\/producto\/lunakleen-filtro-hepa-ulpa-compacto\/","og_locale":"es_ES","og_type":"article","og_title":"LunaKleen - filtro HEPA\/ULPA compacto | SP Separation Processes","og_description":"El\u00a0LunaKleen \u2013 filtro HEPA\/ULPA compacto\u00a0es una soluci\u00f3n avanzada de filtraci\u00f3n desarrollada para\u00a0espacios reducidos y entornos cr\u00edticos\u00a0donde la pureza del aire es un requisito innegociable. Este filtro combina\u00a0dise\u00f1o mini-pleat, materiales de \u00faltima generaci\u00f3n y una estructura ligera\u00a0que garantiza un rendimiento superior en salas limpias, laboratorios, unidades de control y \u00e1reas de instrumentaci\u00f3n industrial. Su formato compacto lo convierte en una opci\u00f3n ideal cuando el espacio disponible es limitado, pero se exige un nivel de eficiencia equivalente al de los filtros HEPA y ULPA de tama\u00f1o completo. El\u00a0LunaKleen \u2013 filtro HEPA\/ULPA compacto\u00a0utiliza un\u00a0medio filtrante de fibra de vidrio de baja emisi\u00f3n de gases, espec\u00edficamente dise\u00f1ado para evitar la liberaci\u00f3n de compuestos vol\u00e1tiles o trazas qu\u00edmicas que puedan alterar procesos delicados. Esta caracter\u00edstica es fundamental en\u00a0instalaciones petroqu\u00edmicas, farmac\u00e9uticas y de investigaci\u00f3n, donde incluso una m\u00ednima contaminaci\u00f3n del aire puede afectar resultados, equipos o materiales sensibles.","og_url":"https:\/\/sp.com.ar\/sanitaria\/producto\/lunakleen-filtro-hepa-ulpa-compacto\/","og_site_name":"SP Separation Processes","article_modified_time":"2025-11-21T14:58:05+00:00","og_image":[{"width":1200,"height":1200,"url":"https:\/\/sp.com.ar\/sanitaria\/wp-content\/uploads\/2025\/09\/LunaKleen.-Filtro-HEPAULPA-compacto-1.png","type":"image\/png"}],"twitter_card":"summary_large_image","twitter_misc":{"Tiempo de lectura":"3 minutos"},"schema":{"@context":"https:\/\/schema.org","@graph":[{"@type":"WebPage","@id":"https:\/\/sp.com.ar\/sanitaria\/producto\/lunakleen-filtro-hepa-ulpa-compacto\/","url":"https:\/\/sp.com.ar\/sanitaria\/producto\/lunakleen-filtro-hepa-ulpa-compacto\/","name":"LunaKleen - filtro HEPA\/ULPA compacto | SP Separation Processes","isPartOf":{"@id":"https:\/\/sp.com.ar\/sanitaria\/#website"},"primaryImageOfPage":{"@id":"https:\/\/sp.com.ar\/sanitaria\/producto\/lunakleen-filtro-hepa-ulpa-compacto\/#primaryimage"},"image":{"@id":"https:\/\/sp.com.ar\/sanitaria\/producto\/lunakleen-filtro-hepa-ulpa-compacto\/#primaryimage"},"thumbnailUrl":"https:\/\/sp.com.ar\/sanitaria\/wp-content\/uploads\/2025\/09\/LunaKleen.-Filtro-HEPAULPA-compacto-1.png","datePublished":"2025-09-10T12:54:20+00:00","dateModified":"2025-11-21T14:58:05+00:00","breadcrumb":{"@id":"https:\/\/sp.com.ar\/sanitaria\/producto\/lunakleen-filtro-hepa-ulpa-compacto\/#breadcrumb"},"inLanguage":"es","potentialAction":[{"@type":"ReadAction","target":["https:\/\/sp.com.ar\/sanitaria\/producto\/lunakleen-filtro-hepa-ulpa-compacto\/"]}]},{"@type":"ImageObject","inLanguage":"es","@id":"https:\/\/sp.com.ar\/sanitaria\/producto\/lunakleen-filtro-hepa-ulpa-compacto\/#primaryimage","url":"https:\/\/sp.com.ar\/sanitaria\/wp-content\/uploads\/2025\/09\/LunaKleen.-Filtro-HEPAULPA-compacto-1.png","contentUrl":"https:\/\/sp.com.ar\/sanitaria\/wp-content\/uploads\/2025\/09\/LunaKleen.-Filtro-HEPAULPA-compacto-1.png","width":1200,"height":1200,"caption":"LunaKleen. Filtro hepaulpa compacto"},{"@type":"BreadcrumbList","@id":"https:\/\/sp.com.ar\/sanitaria\/producto\/lunakleen-filtro-hepa-ulpa-compacto\/#breadcrumb","itemListElement":[{"@type":"ListItem","position":1,"name":"Portada","item":"https:\/\/sp.com.ar\/sanitaria\/"},{"@type":"ListItem","position":2,"name":"Productos","item":"https:\/\/sp.com.ar\/sanitaria\/productos\/"},{"@type":"ListItem","position":3,"name":"LunaKleen &#8211; filtro HEPA\/ULPA compacto"}]},{"@type":"WebSite","@id":"https:\/\/sp.com.ar\/sanitaria\/#website","url":"https:\/\/sp.com.ar\/sanitaria\/","name":"SP Separation Processes","description":"","potentialAction":[{"@type":"SearchAction","target":{"@type":"EntryPoint","urlTemplate":"https:\/\/sp.com.ar\/sanitaria\/?s={search_term_string}"},"query-input":{"@type":"PropertyValueSpecification","valueRequired":true,"valueName":"search_term_string"}}],"inLanguage":"es"}]}},"_links":{"self":[{"href":"https:\/\/sp.com.ar\/sanitaria\/wp-json\/wp\/v2\/product\/763","targetHints":{"allow":["GET"]}}],"collection":[{"href":"https:\/\/sp.com.ar\/sanitaria\/wp-json\/wp\/v2\/product"}],"about":[{"href":"https:\/\/sp.com.ar\/sanitaria\/wp-json\/wp\/v2\/types\/product"}],"wp:featuredmedia":[{"embeddable":true,"href":"https:\/\/sp.com.ar\/sanitaria\/wp-json\/wp\/v2\/media\/1067"}],"wp:attachment":[{"href":"https:\/\/sp.com.ar\/sanitaria\/wp-json\/wp\/v2\/media?parent=763"}],"wp:term":[{"taxonomy":"product_brand","embeddable":true,"href":"https:\/\/sp.com.ar\/sanitaria\/wp-json\/wp\/v2\/product_brand?post=763"},{"taxonomy":"product_cat","embeddable":true,"href":"https:\/\/sp.com.ar\/sanitaria\/wp-json\/wp\/v2\/product_cat?post=763"},{"taxonomy":"product_tag","embeddable":true,"href":"https:\/\/sp.com.ar\/sanitaria\/wp-json\/wp\/v2\/product_tag?post=763"}],"curies":[{"name":"wp","href":"https:\/\/api.w.org\/{rel}","templated":true}]}}