{"id":767,"date":"2025-09-10T10:09:14","date_gmt":"2025-09-10T13:09:14","guid":{"rendered":"https:\/\/sp.disewhost3.com\/sanitaria\/?post_type=product&#038;p=767"},"modified":"2025-11-21T12:05:31","modified_gmt":"2025-11-21T15:05:31","slug":"miracel-v-gt-filtro-de-alta-eficiencia-para-turbomaquinaria","status":"publish","type":"product","link":"https:\/\/sp.com.ar\/sanitaria\/producto\/miracel-v-gt-filtro-de-alta-eficiencia-para-turbomaquinaria\/","title":{"rendered":"Miracel V GT &#8211; filtro de alta eficiencia para turbomaquinaria"},"content":{"rendered":"<p data-start=\"1415\" data-end=\"1872\">La\u00a0<strong data-start=\"1418\" data-end=\"1500\">construcci\u00f3n del Miracel V GT \u2013 filtro de alta eficiencia para turbomaquinaria<\/strong>\u00a0se basa en un\u00a0<strong data-start=\"1515\" data-end=\"1578\">marco estructural de ABS (Acrilonitrilo Butadieno Estireno)<\/strong>\u00a0de gran resistencia mec\u00e1nica, que le otorga rigidez, estabilidad dimensional y una excelente tolerancia a los impactos y vibraciones. Este material tambi\u00e9n es\u00a0<strong data-start=\"1738\" data-end=\"1782\">resistente a la corrosi\u00f3n y a la humedad<\/strong>, lo que lo hace ideal para operar en entornos marinos, des\u00e9rticos o con alta salinidad.<\/p>\n<p data-start=\"1874\" data-end=\"2594\">En su interior, el\u00a0<strong data-start=\"1893\" data-end=\"1958\">Miracel V GT \u2013 filtro de alta eficiencia para turbomaquinaria<\/strong>\u00a0incorpora un\u00a0<strong data-start=\"1972\" data-end=\"2038\">medio filtrante de fibra de vidrio h\u00fameda (moisture-resistant)<\/strong>, especialmente tratado para mantener su integridad incluso en condiciones de alta humedad relativa. Este medio filtrante est\u00e1 dispuesto en forma de\u00a0<strong data-start=\"2187\" data-end=\"2202\">mini-pleats<\/strong>, con separadores de\u00a0<strong data-start=\"2223\" data-end=\"2235\">hot-melt<\/strong>\u00a0que mantienen la distancia uniforme entre los pliegues, asegurando un flujo de aire homog\u00e9neo y reduciendo la resistencia al paso del aire. En su cara de entrada, el filtro cuenta con una\u00a0<strong data-start=\"2424\" data-end=\"2483\">malla frontal de acero galvanizado o pl\u00e1stico reforzado<\/strong>, que protege la media contra part\u00edculas grandes y da\u00f1os mec\u00e1nicos durante la instalaci\u00f3n o el mantenimiento.<\/p>\n<p data-start=\"2596\" data-end=\"3250\">El\u00a0<strong data-start=\"2599\" data-end=\"2664\">Miracel V GT \u2013 filtro de alta eficiencia para turbomaquinaria<\/strong>\u00a0ofrece\u00a0<strong data-start=\"2672\" data-end=\"2713\">eficiencias que van desde F6 hasta F9<\/strong>, cubriendo un rango de\u00a0<strong data-start=\"2737\" data-end=\"2781\">arrestance de 60\u201365 % hasta m\u00e1s del 95 %<\/strong>, seg\u00fan la norma EN 779. Gracias a su gran superficie de filtraci\u00f3n y su dise\u00f1o en \u201cV\u201d, cada m\u00f3dulo de\u00a0<strong data-start=\"2884\" data-end=\"2909\">24 \u00d7 24 \u00d7 12 pulgadas<\/strong>\u00a0puede manejar caudales elevados de aire, manteniendo una\u00a0<strong data-start=\"2967\" data-end=\"3008\">resistencia inicial entre 80 y 225 Pa<\/strong>\u00a0y una\u00a0<strong data-start=\"3015\" data-end=\"3060\">presi\u00f3n final recomendada de hasta 635 Pa<\/strong>. Estos valores reflejan un dise\u00f1o optimizado para reducir el consumo de energ\u00eda y extender la vida \u00fatil del filtro, incluso en aplicaciones de alto caudal y con cargas de polvo variables.<\/p>\n<p data-start=\"3252\" data-end=\"3933\">El\u00a0<strong data-start=\"3255\" data-end=\"3320\">Miracel V GT \u2013 filtro de alta eficiencia para turbomaquinaria<\/strong>\u00a0est\u00e1 construido para resistir\u00a0<strong data-start=\"3351\" data-end=\"3382\">temperaturas de hasta 70 \u00b0C<\/strong>\u00a0y niveles de\u00a0<strong data-start=\"3396\" data-end=\"3431\">humedad relativa de hasta 100 %<\/strong>, lo que le permite operar de manera confiable en condiciones clim\u00e1ticas extremas. Adem\u00e1s, est\u00e1 equipado con\u00a0<strong data-start=\"3540\" data-end=\"3576\">sellos de neopreno o poliuretano<\/strong>, que aseguran una uni\u00f3n herm\u00e9tica con el marco del alojamiento, evitando fugas de aire y garantizando que todo el flujo pase a trav\u00e9s del medio filtrante. Esta estanqueidad es esencial en aplicaciones de turbomaquinaria, donde cualquier bypass de aire no filtrado podr\u00eda comprometer la eficiencia del motor o provocar erosi\u00f3n en los componentes internos.<\/p>\n<h3 data-start=\"3935\" data-end=\"3993\"><strong data-start=\"3939\" data-end=\"3993\">Medio filtrante, eficiencia y aplicaciones t\u00edpicas<\/strong><\/h3>\n<p data-start=\"3995\" data-end=\"4587\">El\u00a0<strong data-start=\"3998\" data-end=\"4083\">medio filtrante del Miracel V GT \u2013 filtro de alta eficiencia para turbomaquinaria<\/strong>\u00a0est\u00e1 compuesto por\u00a0<strong data-start=\"4103\" data-end=\"4156\">fibras de vidrio finas y resistentes a la humedad<\/strong>, lo que le otorga una alta capacidad de retenci\u00f3n de part\u00edculas submicr\u00f3nicas y una excelente estabilidad estructural en ambientes h\u00famedos o con niebla salina. Su dise\u00f1o progresivo permite una filtraci\u00f3n por capas, donde las part\u00edculas m\u00e1s grandes son capturadas en las capas externas, mientras que las m\u00e1s finas quedan retenidas en las capas internas, prolongando la vida \u00fatil del filtro y manteniendo una eficiencia constante.<\/p>\n<p data-start=\"4589\" data-end=\"5140\">Las\u00a0<strong data-start=\"4593\" data-end=\"4680\">eficiencias F6\u2013F9 del Miracel V GT \u2013 filtro de alta eficiencia para turbomaquinaria<\/strong>\u00a0lo posicionan como un filtro de\u00a0<strong data-start=\"4713\" data-end=\"4740\">media a alta eficiencia<\/strong>, ideal para sistemas de aire de admisi\u00f3n en\u00a0<strong data-start=\"4785\" data-end=\"4901\">turbinas de gas, compresores de proceso, turbinas e\u00f3licas y sistemas de ventilaci\u00f3n industrial de gran capacidad<\/strong>. En estos entornos, su funci\u00f3n principal es\u00a0<strong data-start=\"4946\" data-end=\"5075\">proteger los componentes internos contra el ingreso de part\u00edculas s\u00f3lidas, polvo abrasivo, humedad y contaminantes corrosivos<\/strong>, garantizando un funcionamiento continuo, estable y eficiente.<\/p>\n<p data-start=\"5142\" data-end=\"5724\">El\u00a0<strong data-start=\"5145\" data-end=\"5210\">Miracel V GT \u2013 filtro de alta eficiencia para turbomaquinaria<\/strong>\u00a0es ampliamente utilizado en\u00a0<strong data-start=\"5239\" data-end=\"5362\">plantas de generaci\u00f3n el\u00e9ctrica, refiner\u00edas de petr\u00f3leo, plataformas offshore y estaciones de compresi\u00f3n de gas natural<\/strong>, donde la confiabilidad de la filtraci\u00f3n es fundamental para evitar paradas no programadas y mantener la integridad de los equipos. Tambi\u00e9n encuentra aplicaci\u00f3n en\u00a0<strong data-start=\"5527\" data-end=\"5575\">sistemas HVAC industriales de alta exigencia<\/strong>, actuando como etapa final o intermedia en la cadena de filtraci\u00f3n, optimizando la pureza del aire y mejorando el rendimiento general del sistema.<\/p>\n<p data-start=\"5142\" data-end=\"5724\"><span style=\"color: #fafafa;\"><span class=\"selectable-text copyable-text xkrh14z\">Filtros HVAC sanitarios. <\/span><span class=\"selectable-text copyable-text xkrh14z\">Filtro HEPA HVAC. <\/span><span class=\"selectable-text copyable-text xkrh14z\">Filtros EPA. <\/span><span class=\"selectable-text copyable-text xkrh14z\">Filtro aire sala limpia. <\/span><span class=\"selectable-text copyable-text xkrh14z\">Filtros ULPA. <\/span><span class=\"selectable-text copyable-text xkrh14z\">Filtros para salas limpias. <\/span><span class=\"selectable-text copyable-text xkrh14z\">Filtros de aire para laboratorios. <\/span><span class=\"selectable-text copyable-text xkrh14z\">Filtro panel de aire para industria farmac\u00e9utica. <\/span><span class=\"selectable-text copyable-text xkrh14z\">Filtro panel de aire para industria alimenticia. <\/span><span class=\"selectable-text copyable-text xkrh14z\">Filtros de aire para hospitales. <\/span><span class=\"selectable-text copyable-text xkrh14z\">Filtros absolutos HEPA. <\/span><span class=\"selectable-text copyable-text xkrh14z\">Filtros HVAC laboratorios. <\/span><span class=\"selectable-text copyable-text xkrh14z\">Filtros HVAC hospitales. <\/span><span class=\"selectable-text copyable-text xkrh14z\">Filtros HVAC quirofanos<\/span><\/span><\/p>\n","protected":false},"excerpt":{"rendered":"<p data-start=\"419\" data-end=\"900\">El\u00a0<strong data-start=\"422\" data-end=\"487\">Miracel V GT \u2013 filtro de alta eficiencia para turbomaquinaria<\/strong>\u00a0es un componente de filtraci\u00f3n avanzado, dise\u00f1ado espec\u00edficamente para\u00a0<strong data-start=\"559\" data-end=\"693\">sistemas de aire de admisi\u00f3n en turbinas de gas, compresores centr\u00edfugos, turbinas e\u00f3licas y maquinaria rotativa de alto desempe\u00f1o<\/strong>. Su dise\u00f1o tipo\u00a0<strong data-start=\"710\" data-end=\"720\">V-bank<\/strong>\u00a0maximiza el \u00e1rea de media filtrante y optimiza la distribuci\u00f3n del flujo de aire, reduciendo la p\u00e9rdida de carga inicial y mejorando la eficiencia energ\u00e9tica global del sistema.<\/p>\n<p data-start=\"902\" data-end=\"1413\">El\u00a0<strong data-start=\"905\" data-end=\"970\">Miracel V GT \u2013 filtro de alta eficiencia para turbomaquinaria<\/strong>\u00a0representa una evoluci\u00f3n en los sistemas de filtraci\u00f3n industrial, ya que combina\u00a0<strong data-start=\"1053\" data-end=\"1116\">alta eficiencia, baja ca\u00edda de presi\u00f3n y m\u00e1xima durabilidad<\/strong>\u00a0en un formato compacto y ligero. Este filtro ha sido desarrollado para responder a las exigencias de los entornos industriales m\u00e1s severos, donde el aire de admisi\u00f3n puede contener polvo, humedad, aerosoles y part\u00edculas corrosivas que afectan el rendimiento y la vida \u00fatil de las turbom\u00e1quinas.<\/p>\n","protected":false},"featured_media":1069,"template":"","meta":{"_acf_changed":false,"_joinchat":[]},"product_brand":[],"product_cat":[25],"product_tag":[],"class_list":{"0":"post-767","1":"product","2":"type-product","3":"status-publish","4":"has-post-thumbnail","6":"product_cat-paneles-filtrantes-hvac","8":"first","9":"instock","10":"shipping-taxable","11":"product-type-simple"},"acf":[],"yoast_head":"<!-- This site is optimized with the Yoast SEO plugin v25.6 - https:\/\/yoast.com\/wordpress\/plugins\/seo\/ -->\n<title>Miracel V GT - filtro de alta eficiencia para turbomaquinaria | SP Separation Processes<\/title>\n<meta name=\"robots\" content=\"index, follow, max-snippet:-1, max-image-preview:large, max-video-preview:-1\" \/>\n<link rel=\"canonical\" href=\"https:\/\/sp.com.ar\/sanitaria\/producto\/miracel-v-gt-filtro-de-alta-eficiencia-para-turbomaquinaria\/\" \/>\n<meta property=\"og:locale\" content=\"es_ES\" \/>\n<meta property=\"og:type\" content=\"article\" \/>\n<meta property=\"og:title\" content=\"Miracel V GT - filtro de alta eficiencia para turbomaquinaria | SP Separation Processes\" \/>\n<meta property=\"og:description\" content=\"El\u00a0Miracel V GT \u2013 filtro de alta eficiencia para turbomaquinaria\u00a0es un componente de filtraci\u00f3n avanzado, dise\u00f1ado espec\u00edficamente para\u00a0sistemas de aire de admisi\u00f3n en turbinas de gas, compresores centr\u00edfugos, turbinas e\u00f3licas y maquinaria rotativa de alto desempe\u00f1o. Su dise\u00f1o tipo\u00a0V-bank\u00a0maximiza el \u00e1rea de media filtrante y optimiza la distribuci\u00f3n del flujo de aire, reduciendo la p\u00e9rdida de carga inicial y mejorando la eficiencia energ\u00e9tica global del sistema. El\u00a0Miracel V GT \u2013 filtro de alta eficiencia para turbomaquinaria\u00a0representa una evoluci\u00f3n en los sistemas de filtraci\u00f3n industrial, ya que combina\u00a0alta eficiencia, baja ca\u00edda de presi\u00f3n y m\u00e1xima durabilidad\u00a0en un formato compacto y ligero. Este filtro ha sido desarrollado para responder a las exigencias de los entornos industriales m\u00e1s severos, donde el aire de admisi\u00f3n puede contener polvo, humedad, aerosoles y part\u00edculas corrosivas que afectan el rendimiento y la vida \u00fatil de las turbom\u00e1quinas.\" \/>\n<meta property=\"og:url\" content=\"https:\/\/sp.com.ar\/sanitaria\/producto\/miracel-v-gt-filtro-de-alta-eficiencia-para-turbomaquinaria\/\" \/>\n<meta property=\"og:site_name\" content=\"SP Separation Processes\" \/>\n<meta property=\"article:modified_time\" content=\"2025-11-21T15:05:31+00:00\" \/>\n<meta property=\"og:image\" content=\"https:\/\/sp.com.ar\/sanitaria\/wp-content\/uploads\/2025\/09\/Miracel-V-GT.-Filtro-de-alta-eficiencia-para-turbomaquinaria-1.png\" \/>\n\t<meta property=\"og:image:width\" content=\"1200\" \/>\n\t<meta property=\"og:image:height\" content=\"1200\" \/>\n\t<meta property=\"og:image:type\" content=\"image\/png\" \/>\n<meta name=\"twitter:card\" content=\"summary_large_image\" \/>\n<meta name=\"twitter:label1\" content=\"Tiempo de lectura\" \/>\n\t<meta name=\"twitter:data1\" content=\"4 minutos\" \/>\n<script type=\"application\/ld+json\" class=\"yoast-schema-graph\">{\"@context\":\"https:\/\/schema.org\",\"@graph\":[{\"@type\":\"WebPage\",\"@id\":\"https:\/\/sp.com.ar\/sanitaria\/producto\/miracel-v-gt-filtro-de-alta-eficiencia-para-turbomaquinaria\/\",\"url\":\"https:\/\/sp.com.ar\/sanitaria\/producto\/miracel-v-gt-filtro-de-alta-eficiencia-para-turbomaquinaria\/\",\"name\":\"Miracel V GT - filtro de alta eficiencia para turbomaquinaria | SP Separation Processes\",\"isPartOf\":{\"@id\":\"https:\/\/sp.com.ar\/sanitaria\/#website\"},\"primaryImageOfPage\":{\"@id\":\"https:\/\/sp.com.ar\/sanitaria\/producto\/miracel-v-gt-filtro-de-alta-eficiencia-para-turbomaquinaria\/#primaryimage\"},\"image\":{\"@id\":\"https:\/\/sp.com.ar\/sanitaria\/producto\/miracel-v-gt-filtro-de-alta-eficiencia-para-turbomaquinaria\/#primaryimage\"},\"thumbnailUrl\":\"https:\/\/sp.com.ar\/sanitaria\/wp-content\/uploads\/2025\/09\/Miracel-V-GT.-Filtro-de-alta-eficiencia-para-turbomaquinaria-1.png\",\"datePublished\":\"2025-09-10T13:09:14+00:00\",\"dateModified\":\"2025-11-21T15:05:31+00:00\",\"breadcrumb\":{\"@id\":\"https:\/\/sp.com.ar\/sanitaria\/producto\/miracel-v-gt-filtro-de-alta-eficiencia-para-turbomaquinaria\/#breadcrumb\"},\"inLanguage\":\"es\",\"potentialAction\":[{\"@type\":\"ReadAction\",\"target\":[\"https:\/\/sp.com.ar\/sanitaria\/producto\/miracel-v-gt-filtro-de-alta-eficiencia-para-turbomaquinaria\/\"]}]},{\"@type\":\"ImageObject\",\"inLanguage\":\"es\",\"@id\":\"https:\/\/sp.com.ar\/sanitaria\/producto\/miracel-v-gt-filtro-de-alta-eficiencia-para-turbomaquinaria\/#primaryimage\",\"url\":\"https:\/\/sp.com.ar\/sanitaria\/wp-content\/uploads\/2025\/09\/Miracel-V-GT.-Filtro-de-alta-eficiencia-para-turbomaquinaria-1.png\",\"contentUrl\":\"https:\/\/sp.com.ar\/sanitaria\/wp-content\/uploads\/2025\/09\/Miracel-V-GT.-Filtro-de-alta-eficiencia-para-turbomaquinaria-1.png\",\"width\":1200,\"height\":1200,\"caption\":\"Miracel V GT. Filtro de alta eficiencia para turbomaquinaria\"},{\"@type\":\"BreadcrumbList\",\"@id\":\"https:\/\/sp.com.ar\/sanitaria\/producto\/miracel-v-gt-filtro-de-alta-eficiencia-para-turbomaquinaria\/#breadcrumb\",\"itemListElement\":[{\"@type\":\"ListItem\",\"position\":1,\"name\":\"Portada\",\"item\":\"https:\/\/sp.com.ar\/sanitaria\/\"},{\"@type\":\"ListItem\",\"position\":2,\"name\":\"Productos\",\"item\":\"https:\/\/sp.com.ar\/sanitaria\/productos\/\"},{\"@type\":\"ListItem\",\"position\":3,\"name\":\"Miracel V GT &#8211; filtro de alta eficiencia para turbomaquinaria\"}]},{\"@type\":\"WebSite\",\"@id\":\"https:\/\/sp.com.ar\/sanitaria\/#website\",\"url\":\"https:\/\/sp.com.ar\/sanitaria\/\",\"name\":\"SP Separation Processes\",\"description\":\"\",\"potentialAction\":[{\"@type\":\"SearchAction\",\"target\":{\"@type\":\"EntryPoint\",\"urlTemplate\":\"https:\/\/sp.com.ar\/sanitaria\/?s={search_term_string}\"},\"query-input\":{\"@type\":\"PropertyValueSpecification\",\"valueRequired\":true,\"valueName\":\"search_term_string\"}}],\"inLanguage\":\"es\"}]}<\/script>\n<!-- \/ Yoast SEO plugin. -->","yoast_head_json":{"title":"Miracel V GT - filtro de alta eficiencia para turbomaquinaria | SP Separation Processes","robots":{"index":"index","follow":"follow","max-snippet":"max-snippet:-1","max-image-preview":"max-image-preview:large","max-video-preview":"max-video-preview:-1"},"canonical":"https:\/\/sp.com.ar\/sanitaria\/producto\/miracel-v-gt-filtro-de-alta-eficiencia-para-turbomaquinaria\/","og_locale":"es_ES","og_type":"article","og_title":"Miracel V GT - filtro de alta eficiencia para turbomaquinaria | SP Separation Processes","og_description":"El\u00a0Miracel V GT \u2013 filtro de alta eficiencia para turbomaquinaria\u00a0es un componente de filtraci\u00f3n avanzado, dise\u00f1ado espec\u00edficamente para\u00a0sistemas de aire de admisi\u00f3n en turbinas de gas, compresores centr\u00edfugos, turbinas e\u00f3licas y maquinaria rotativa de alto desempe\u00f1o. Su dise\u00f1o tipo\u00a0V-bank\u00a0maximiza el \u00e1rea de media filtrante y optimiza la distribuci\u00f3n del flujo de aire, reduciendo la p\u00e9rdida de carga inicial y mejorando la eficiencia energ\u00e9tica global del sistema. El\u00a0Miracel V GT \u2013 filtro de alta eficiencia para turbomaquinaria\u00a0representa una evoluci\u00f3n en los sistemas de filtraci\u00f3n industrial, ya que combina\u00a0alta eficiencia, baja ca\u00edda de presi\u00f3n y m\u00e1xima durabilidad\u00a0en un formato compacto y ligero. Este filtro ha sido desarrollado para responder a las exigencias de los entornos industriales m\u00e1s severos, donde el aire de admisi\u00f3n puede contener polvo, humedad, aerosoles y part\u00edculas corrosivas que afectan el rendimiento y la vida \u00fatil de las turbom\u00e1quinas.","og_url":"https:\/\/sp.com.ar\/sanitaria\/producto\/miracel-v-gt-filtro-de-alta-eficiencia-para-turbomaquinaria\/","og_site_name":"SP Separation Processes","article_modified_time":"2025-11-21T15:05:31+00:00","og_image":[{"width":1200,"height":1200,"url":"https:\/\/sp.com.ar\/sanitaria\/wp-content\/uploads\/2025\/09\/Miracel-V-GT.-Filtro-de-alta-eficiencia-para-turbomaquinaria-1.png","type":"image\/png"}],"twitter_card":"summary_large_image","twitter_misc":{"Tiempo de lectura":"4 minutos"},"schema":{"@context":"https:\/\/schema.org","@graph":[{"@type":"WebPage","@id":"https:\/\/sp.com.ar\/sanitaria\/producto\/miracel-v-gt-filtro-de-alta-eficiencia-para-turbomaquinaria\/","url":"https:\/\/sp.com.ar\/sanitaria\/producto\/miracel-v-gt-filtro-de-alta-eficiencia-para-turbomaquinaria\/","name":"Miracel V GT - filtro de alta eficiencia para turbomaquinaria | SP Separation Processes","isPartOf":{"@id":"https:\/\/sp.com.ar\/sanitaria\/#website"},"primaryImageOfPage":{"@id":"https:\/\/sp.com.ar\/sanitaria\/producto\/miracel-v-gt-filtro-de-alta-eficiencia-para-turbomaquinaria\/#primaryimage"},"image":{"@id":"https:\/\/sp.com.ar\/sanitaria\/producto\/miracel-v-gt-filtro-de-alta-eficiencia-para-turbomaquinaria\/#primaryimage"},"thumbnailUrl":"https:\/\/sp.com.ar\/sanitaria\/wp-content\/uploads\/2025\/09\/Miracel-V-GT.-Filtro-de-alta-eficiencia-para-turbomaquinaria-1.png","datePublished":"2025-09-10T13:09:14+00:00","dateModified":"2025-11-21T15:05:31+00:00","breadcrumb":{"@id":"https:\/\/sp.com.ar\/sanitaria\/producto\/miracel-v-gt-filtro-de-alta-eficiencia-para-turbomaquinaria\/#breadcrumb"},"inLanguage":"es","potentialAction":[{"@type":"ReadAction","target":["https:\/\/sp.com.ar\/sanitaria\/producto\/miracel-v-gt-filtro-de-alta-eficiencia-para-turbomaquinaria\/"]}]},{"@type":"ImageObject","inLanguage":"es","@id":"https:\/\/sp.com.ar\/sanitaria\/producto\/miracel-v-gt-filtro-de-alta-eficiencia-para-turbomaquinaria\/#primaryimage","url":"https:\/\/sp.com.ar\/sanitaria\/wp-content\/uploads\/2025\/09\/Miracel-V-GT.-Filtro-de-alta-eficiencia-para-turbomaquinaria-1.png","contentUrl":"https:\/\/sp.com.ar\/sanitaria\/wp-content\/uploads\/2025\/09\/Miracel-V-GT.-Filtro-de-alta-eficiencia-para-turbomaquinaria-1.png","width":1200,"height":1200,"caption":"Miracel V GT. Filtro de alta eficiencia para turbomaquinaria"},{"@type":"BreadcrumbList","@id":"https:\/\/sp.com.ar\/sanitaria\/producto\/miracel-v-gt-filtro-de-alta-eficiencia-para-turbomaquinaria\/#breadcrumb","itemListElement":[{"@type":"ListItem","position":1,"name":"Portada","item":"https:\/\/sp.com.ar\/sanitaria\/"},{"@type":"ListItem","position":2,"name":"Productos","item":"https:\/\/sp.com.ar\/sanitaria\/productos\/"},{"@type":"ListItem","position":3,"name":"Miracel V GT &#8211; filtro de alta eficiencia para turbomaquinaria"}]},{"@type":"WebSite","@id":"https:\/\/sp.com.ar\/sanitaria\/#website","url":"https:\/\/sp.com.ar\/sanitaria\/","name":"SP Separation Processes","description":"","potentialAction":[{"@type":"SearchAction","target":{"@type":"EntryPoint","urlTemplate":"https:\/\/sp.com.ar\/sanitaria\/?s={search_term_string}"},"query-input":{"@type":"PropertyValueSpecification","valueRequired":true,"valueName":"search_term_string"}}],"inLanguage":"es"}]}},"_links":{"self":[{"href":"https:\/\/sp.com.ar\/sanitaria\/wp-json\/wp\/v2\/product\/767","targetHints":{"allow":["GET"]}}],"collection":[{"href":"https:\/\/sp.com.ar\/sanitaria\/wp-json\/wp\/v2\/product"}],"about":[{"href":"https:\/\/sp.com.ar\/sanitaria\/wp-json\/wp\/v2\/types\/product"}],"wp:featuredmedia":[{"embeddable":true,"href":"https:\/\/sp.com.ar\/sanitaria\/wp-json\/wp\/v2\/media\/1069"}],"wp:attachment":[{"href":"https:\/\/sp.com.ar\/sanitaria\/wp-json\/wp\/v2\/media?parent=767"}],"wp:term":[{"taxonomy":"product_brand","embeddable":true,"href":"https:\/\/sp.com.ar\/sanitaria\/wp-json\/wp\/v2\/product_brand?post=767"},{"taxonomy":"product_cat","embeddable":true,"href":"https:\/\/sp.com.ar\/sanitaria\/wp-json\/wp\/v2\/product_cat?post=767"},{"taxonomy":"product_tag","embeddable":true,"href":"https:\/\/sp.com.ar\/sanitaria\/wp-json\/wp\/v2\/product_tag?post=767"}],"curies":[{"name":"wp","href":"https:\/\/api.w.org\/{rel}","templated":true}]}}