{"id":769,"date":"2025-09-10T10:26:07","date_gmt":"2025-09-10T13:26:07","guid":{"rendered":"https:\/\/sp.disewhost3.com\/sanitaria\/?post_type=product&#038;p=769"},"modified":"2025-11-21T12:05:58","modified_gmt":"2025-11-21T15:05:58","slug":"miracel-v-filtro-de-alto-caudal-y-eficiencia-media-alta","status":"publish","type":"product","link":"https:\/\/sp.com.ar\/sanitaria\/producto\/miracel-v-filtro-de-alto-caudal-y-eficiencia-media-alta\/","title":{"rendered":"Miracel V &#8211; filtro de alto caudal y eficiencia media\/alta"},"content":{"rendered":"<p data-start=\"1496\" data-end=\"2007\">Fabricado con un\u00a0<strong data-start=\"1513\" data-end=\"1558\">marco de pol\u00edmero ABS de alta resistencia<\/strong>, el\u00a0<strong data-start=\"1563\" data-end=\"1624\">Miracel V \u2013 filtro de alto caudal y eficiencia media\/alta<\/strong>\u00a0combina\u00a0<strong data-start=\"1633\" data-end=\"1696\">robustez estructural, ligereza y resistencia a la corrosi\u00f3n<\/strong>. Al carecer de componentes met\u00e1licos, se elimina el riesgo de oxidaci\u00f3n, lo que lo hace ideal para ambientes con alta humedad o presencia de vapores qu\u00edmicos. Adem\u00e1s, su peso reducido facilita el transporte, la manipulaci\u00f3n y la instalaci\u00f3n, lo que se traduce en una reducci\u00f3n de tiempos y costos operativos.<\/p>\n<p data-start=\"2009\" data-end=\"2551\">El\u00a0<strong data-start=\"2012\" data-end=\"2073\">Miracel V \u2013 filtro de alto caudal y eficiencia media\/alta<\/strong>\u00a0utiliza un\u00a0<strong data-start=\"2085\" data-end=\"2134\">medio filtrante de fibra de vidrio ultra-fina<\/strong>, dispuesta en pliegues uniformes mediante tecnolog\u00eda mini-pleat. Este tipo de media ofrece una\u00a0<strong data-start=\"2230\" data-end=\"2283\">alta eficiencia en la captura de part\u00edculas finas<\/strong>\u00a0sin comprometer el flujo de aire. Gracias a su composici\u00f3n de microfibras y su estructura tridimensional, puede retener eficazmente part\u00edculas de polvo, aerosoles, polen y otros contaminantes, manteniendo una eficiencia constante durante todo su ciclo de vida \u00fatil.<\/p>\n<p data-start=\"2553\" data-end=\"3040\">Disponible en\u00a0<strong data-start=\"2567\" data-end=\"2617\">clases de eficiencia que van desde M5 hasta F9<\/strong>, el\u00a0<strong data-start=\"2622\" data-end=\"2683\">Miracel V \u2013 filtro de alto caudal y eficiencia media\/alta<\/strong>\u00a0cubre un rango de\u00a0<strong data-start=\"2702\" data-end=\"2723\">MERV 11 a MERV 15<\/strong>, seg\u00fan la norma ASHRAE 52.2. Esto le permite adaptarse a diferentes requisitos de pureza del aire, ya sea como\u00a0<strong data-start=\"2835\" data-end=\"2856\">filtro intermedio<\/strong>\u00a0antes de etapas HEPA o como\u00a0<strong data-start=\"2885\" data-end=\"2900\">etapa final<\/strong>\u00a0en sistemas industriales de ventilaci\u00f3n. Sus valores de arrestancia var\u00edan entre\u00a0<strong data-start=\"2982\" data-end=\"2997\">60 % y 95 %<\/strong>, dependiendo del modelo y la aplicaci\u00f3n.<\/p>\n<p data-start=\"3042\" data-end=\"3513\">Los m\u00f3dulos est\u00e1ndar del\u00a0<strong data-start=\"3067\" data-end=\"3128\">Miracel V \u2013 filtro de alto caudal y eficiencia media\/alta<\/strong>, con dimensiones\u00a0<strong data-start=\"3146\" data-end=\"3171\">24 \u00d7 24 \u00d7 12 pulgadas<\/strong>, pueden manejar caudales de aire de entre\u00a0<strong data-start=\"3214\" data-end=\"3229\">36 y 56 CMM<\/strong>, con\u00a0<strong data-start=\"3235\" data-end=\"3276\">resistencias iniciales de 85 a 130 Pa<\/strong>\u00a0y una\u00a0<strong data-start=\"3283\" data-end=\"3322\">presi\u00f3n final recomendada de 500 Pa<\/strong>. Estos par\u00e1metros garantizan un excelente equilibrio entre eficiencia, flujo y consumo energ\u00e9tico, optimizando el rendimiento global del sistema HVAC o de la unidad de tratamiento de aire.<\/p>\n<p data-start=\"4057\" data-end=\"4455\">El\u00a0<strong data-start=\"4060\" data-end=\"4151\">dise\u00f1o ligero y sin metal del Miracel V \u2013 filtro de alto caudal y eficiencia media\/alta<\/strong>\u00a0no solo simplifica su instalaci\u00f3n, sino que tambi\u00e9n reduce el impacto ambiental durante su transporte y eliminaci\u00f3n, ya que los materiales pl\u00e1sticos y sint\u00e9ticos son m\u00e1s f\u00e1ciles de manipular y reciclar. Esto refuerza su valor dentro de estrategias de eficiencia energ\u00e9tica y sostenibilidad industrial.<\/p>\n<h3 data-start=\"4457\" data-end=\"4515\"><strong data-start=\"4461\" data-end=\"4515\">Medio filtrante, eficiencia y aplicaciones t\u00edpicas<\/strong><\/h3>\n<p data-start=\"4517\" data-end=\"5006\">El\u00a0<strong data-start=\"4520\" data-end=\"4601\">medio filtrante del Miracel V \u2013 filtro de alto caudal y eficiencia media\/alta<\/strong>\u00a0est\u00e1 compuesto por\u00a0<strong data-start=\"4621\" data-end=\"4664\">fibras de vidrio ultra-finas mini-pleat<\/strong>, dispuestas de manera que aumentan la superficie efectiva de contacto con el flujo de aire. Esta estructura permite una\u00a0<strong data-start=\"4785\" data-end=\"4810\">filtraci\u00f3n progresiva<\/strong>: las part\u00edculas m\u00e1s grandes quedan retenidas en las capas externas, mientras que las m\u00e1s finas son atrapadas en las capas interiores, logrando una alta capacidad de carga sin afectar el caudal.<\/p>\n<p data-start=\"5008\" data-end=\"5542\">Las\u00a0<strong data-start=\"5012\" data-end=\"5089\">eficiencias del Miracel V \u2013 filtro de alto caudal y eficiencia media\/alta<\/strong>, que van de\u00a0<strong data-start=\"5102\" data-end=\"5113\">M5 a F9<\/strong>, lo convierten en una\u00a0<strong data-start=\"5136\" data-end=\"5179\">soluci\u00f3n vers\u00e1til y de alto rendimiento<\/strong>\u00a0para m\u00faltiples industrias. Es ampliamente utilizado en\u00a0<strong data-start=\"5235\" data-end=\"5368\">unidades de tratamiento de aire de gran caudal en miner\u00eda, refiner\u00edas de petr\u00f3leo, plantas petroqu\u00edmicas y edificios industriales<\/strong>, donde cumple la doble funci\u00f3n de\u00a0<strong data-start=\"5403\" data-end=\"5453\">optimizar la eficiencia energ\u00e9tica del sistema<\/strong>\u00a0y\u00a0<strong data-start=\"5456\" data-end=\"5492\">proteger los equipos posteriores<\/strong>, como serpentines, ventiladores o filtros HEPA.<\/p>\n<p data-start=\"5544\" data-end=\"6026\">En\u00a0<strong data-start=\"5547\" data-end=\"5598\">plantas industriales y de generaci\u00f3n de energ\u00eda<\/strong>, el\u00a0<strong data-start=\"5603\" data-end=\"5664\">Miracel V \u2013 filtro de alto caudal y eficiencia media\/alta<\/strong>\u00a0permite mantener la pureza del aire de proceso, evitando el ingreso de contaminantes que puedan reducir la eficiencia de los equipos o acelerar su desgaste. Su alta capacidad de retenci\u00f3n de polvo y su estabilidad bajo condiciones exigentes lo posicionan como una\u00a0<strong data-start=\"5929\" data-end=\"5969\">opci\u00f3n confiable y de larga duraci\u00f3n<\/strong>\u00a0en cualquier entorno de filtraci\u00f3n industrial moderna.<\/p>\n<p data-start=\"5544\" data-end=\"6026\"><span style=\"color: #fafafa;\"><span class=\"selectable-text copyable-text xkrh14z\">Filtros HVAC sanitarios. <\/span><span class=\"selectable-text copyable-text xkrh14z\">Filtro HEPA HVAC. <\/span><span class=\"selectable-text copyable-text xkrh14z\">Filtros EPA. <\/span><span class=\"selectable-text copyable-text xkrh14z\">Filtro aire sala limpia. <\/span><span class=\"selectable-text copyable-text xkrh14z\">Filtros ULPA. <\/span><span class=\"selectable-text copyable-text xkrh14z\">Filtros para salas limpias. <\/span><span class=\"selectable-text copyable-text xkrh14z\">Filtros de aire para laboratorios. <\/span><span class=\"selectable-text copyable-text xkrh14z\">Filtro panel de aire para industria farmac\u00e9utica. <\/span><span class=\"selectable-text copyable-text xkrh14z\">Filtro panel de aire para industria alimenticia. <\/span><span class=\"selectable-text copyable-text xkrh14z\">Filtros de aire para hospitales. <\/span><span class=\"selectable-text copyable-text xkrh14z\">Filtros absolutos HEPA. <\/span><span class=\"selectable-text copyable-text xkrh14z\">Filtros HVAC laboratorios. <\/span><span class=\"selectable-text copyable-text xkrh14z\">Filtros HVAC hospitales. <\/span><span class=\"selectable-text copyable-text xkrh14z\">Filtros HVAC quirofanos<\/span><\/span><\/p>\n","protected":false},"excerpt":{"rendered":"<p data-start=\"426\" data-end=\"911\">El\u00a0<strong data-start=\"429\" data-end=\"490\">Miracel V \u2013 filtro de alto caudal y eficiencia media\/alta<\/strong>\u00a0es un elemento de filtraci\u00f3n avanzado, desarrollado para\u00a0<strong data-start=\"548\" data-end=\"585\">manejar grandes vol\u00famenes de aire<\/strong>\u00a0en sistemas HVAC industriales y de procesos donde se requiere una\u00a0<strong data-start=\"652\" data-end=\"707\">alta capacidad de flujo con baja p\u00e9rdida de presi\u00f3n<\/strong>. Su dise\u00f1o en forma de \u201cV\u201d maximiza el \u00e1rea efectiva del medio filtrante, permitiendo una operaci\u00f3n m\u00e1s eficiente, estable y duradera, con un menor consumo energ\u00e9tico y menores costos de mantenimiento.<\/p>\n<p data-start=\"913\" data-end=\"1494\">El\u00a0<strong data-start=\"916\" data-end=\"977\">Miracel V \u2013 filtro de alto caudal y eficiencia media\/alta<\/strong>\u00a0pertenece a la nueva generaci\u00f3n de filtros mini-pleat dise\u00f1ados espec\u00edficamente para aplicaciones de alto rendimiento. Su\u00a0<strong data-start=\"1100\" data-end=\"1150\">estructura de paneles dispuestos en forma de V<\/strong>\u00a0multiplica la superficie de filtraci\u00f3n dentro del mismo espacio, lo que se traduce en una\u00a0<strong data-start=\"1241\" data-end=\"1294\">ca\u00edda de presi\u00f3n inicial significativamente menor<\/strong>\u00a0respecto a los filtros planos convencionales. Este dise\u00f1o optimizado asegura una mejor distribuci\u00f3n del flujo de aire, prolonga la vida \u00fatil del medio filtrante y reduce la frecuencia de reemplazo.<\/p>\n","protected":false},"featured_media":1070,"template":"","meta":{"_acf_changed":false,"_joinchat":[]},"product_brand":[],"product_cat":[25],"product_tag":[],"class_list":{"0":"post-769","1":"product","2":"type-product","3":"status-publish","4":"has-post-thumbnail","6":"product_cat-paneles-filtrantes-hvac","8":"first","9":"instock","10":"shipping-taxable","11":"product-type-simple"},"acf":[],"yoast_head":"<!-- This site is optimized with the Yoast SEO plugin v25.6 - https:\/\/yoast.com\/wordpress\/plugins\/seo\/ -->\n<title>Miracel V - filtro de alto caudal y eficiencia media\/alta | SP Separation Processes<\/title>\n<meta name=\"robots\" content=\"index, follow, max-snippet:-1, max-image-preview:large, max-video-preview:-1\" \/>\n<link rel=\"canonical\" href=\"https:\/\/sp.com.ar\/sanitaria\/producto\/miracel-v-filtro-de-alto-caudal-y-eficiencia-media-alta\/\" \/>\n<meta property=\"og:locale\" content=\"es_ES\" \/>\n<meta property=\"og:type\" content=\"article\" \/>\n<meta property=\"og:title\" content=\"Miracel V - filtro de alto caudal y eficiencia media\/alta | SP Separation Processes\" \/>\n<meta property=\"og:description\" content=\"El\u00a0Miracel V \u2013 filtro de alto caudal y eficiencia media\/alta\u00a0es un elemento de filtraci\u00f3n avanzado, desarrollado para\u00a0manejar grandes vol\u00famenes de aire\u00a0en sistemas HVAC industriales y de procesos donde se requiere una\u00a0alta capacidad de flujo con baja p\u00e9rdida de presi\u00f3n. Su dise\u00f1o en forma de \u201cV\u201d maximiza el \u00e1rea efectiva del medio filtrante, permitiendo una operaci\u00f3n m\u00e1s eficiente, estable y duradera, con un menor consumo energ\u00e9tico y menores costos de mantenimiento. El\u00a0Miracel V \u2013 filtro de alto caudal y eficiencia media\/alta\u00a0pertenece a la nueva generaci\u00f3n de filtros mini-pleat dise\u00f1ados espec\u00edficamente para aplicaciones de alto rendimiento. Su\u00a0estructura de paneles dispuestos en forma de V\u00a0multiplica la superficie de filtraci\u00f3n dentro del mismo espacio, lo que se traduce en una\u00a0ca\u00edda de presi\u00f3n inicial significativamente menor\u00a0respecto a los filtros planos convencionales. Este dise\u00f1o optimizado asegura una mejor distribuci\u00f3n del flujo de aire, prolonga la vida \u00fatil del medio filtrante y reduce la frecuencia de reemplazo.\" \/>\n<meta property=\"og:url\" content=\"https:\/\/sp.com.ar\/sanitaria\/producto\/miracel-v-filtro-de-alto-caudal-y-eficiencia-media-alta\/\" \/>\n<meta property=\"og:site_name\" content=\"SP Separation Processes\" \/>\n<meta property=\"article:modified_time\" content=\"2025-11-21T15:05:58+00:00\" \/>\n<meta property=\"og:image\" content=\"https:\/\/sp.com.ar\/sanitaria\/wp-content\/uploads\/2025\/09\/Miracel-V.-Filtro-de-alto-caudal-y-eficiencia-mediaalta-1.png\" \/>\n\t<meta property=\"og:image:width\" content=\"1200\" \/>\n\t<meta property=\"og:image:height\" content=\"1200\" \/>\n\t<meta property=\"og:image:type\" content=\"image\/png\" \/>\n<meta name=\"twitter:card\" content=\"summary_large_image\" \/>\n<meta name=\"twitter:label1\" content=\"Tiempo de lectura\" \/>\n\t<meta name=\"twitter:data1\" content=\"3 minutos\" \/>\n<script type=\"application\/ld+json\" class=\"yoast-schema-graph\">{\"@context\":\"https:\/\/schema.org\",\"@graph\":[{\"@type\":\"WebPage\",\"@id\":\"https:\/\/sp.com.ar\/sanitaria\/producto\/miracel-v-filtro-de-alto-caudal-y-eficiencia-media-alta\/\",\"url\":\"https:\/\/sp.com.ar\/sanitaria\/producto\/miracel-v-filtro-de-alto-caudal-y-eficiencia-media-alta\/\",\"name\":\"Miracel V - filtro de alto caudal y eficiencia media\/alta | SP Separation Processes\",\"isPartOf\":{\"@id\":\"https:\/\/sp.com.ar\/sanitaria\/#website\"},\"primaryImageOfPage\":{\"@id\":\"https:\/\/sp.com.ar\/sanitaria\/producto\/miracel-v-filtro-de-alto-caudal-y-eficiencia-media-alta\/#primaryimage\"},\"image\":{\"@id\":\"https:\/\/sp.com.ar\/sanitaria\/producto\/miracel-v-filtro-de-alto-caudal-y-eficiencia-media-alta\/#primaryimage\"},\"thumbnailUrl\":\"https:\/\/sp.com.ar\/sanitaria\/wp-content\/uploads\/2025\/09\/Miracel-V.-Filtro-de-alto-caudal-y-eficiencia-mediaalta-1.png\",\"datePublished\":\"2025-09-10T13:26:07+00:00\",\"dateModified\":\"2025-11-21T15:05:58+00:00\",\"breadcrumb\":{\"@id\":\"https:\/\/sp.com.ar\/sanitaria\/producto\/miracel-v-filtro-de-alto-caudal-y-eficiencia-media-alta\/#breadcrumb\"},\"inLanguage\":\"es\",\"potentialAction\":[{\"@type\":\"ReadAction\",\"target\":[\"https:\/\/sp.com.ar\/sanitaria\/producto\/miracel-v-filtro-de-alto-caudal-y-eficiencia-media-alta\/\"]}]},{\"@type\":\"ImageObject\",\"inLanguage\":\"es\",\"@id\":\"https:\/\/sp.com.ar\/sanitaria\/producto\/miracel-v-filtro-de-alto-caudal-y-eficiencia-media-alta\/#primaryimage\",\"url\":\"https:\/\/sp.com.ar\/sanitaria\/wp-content\/uploads\/2025\/09\/Miracel-V.-Filtro-de-alto-caudal-y-eficiencia-mediaalta-1.png\",\"contentUrl\":\"https:\/\/sp.com.ar\/sanitaria\/wp-content\/uploads\/2025\/09\/Miracel-V.-Filtro-de-alto-caudal-y-eficiencia-mediaalta-1.png\",\"width\":1200,\"height\":1200,\"caption\":\"Miracel V. Filtro de alto caudal y eficiencia mediaalta\"},{\"@type\":\"BreadcrumbList\",\"@id\":\"https:\/\/sp.com.ar\/sanitaria\/producto\/miracel-v-filtro-de-alto-caudal-y-eficiencia-media-alta\/#breadcrumb\",\"itemListElement\":[{\"@type\":\"ListItem\",\"position\":1,\"name\":\"Portada\",\"item\":\"https:\/\/sp.com.ar\/sanitaria\/\"},{\"@type\":\"ListItem\",\"position\":2,\"name\":\"Productos\",\"item\":\"https:\/\/sp.com.ar\/sanitaria\/productos\/\"},{\"@type\":\"ListItem\",\"position\":3,\"name\":\"Miracel V &#8211; filtro de alto caudal y eficiencia media\/alta\"}]},{\"@type\":\"WebSite\",\"@id\":\"https:\/\/sp.com.ar\/sanitaria\/#website\",\"url\":\"https:\/\/sp.com.ar\/sanitaria\/\",\"name\":\"SP Separation Processes\",\"description\":\"\",\"potentialAction\":[{\"@type\":\"SearchAction\",\"target\":{\"@type\":\"EntryPoint\",\"urlTemplate\":\"https:\/\/sp.com.ar\/sanitaria\/?s={search_term_string}\"},\"query-input\":{\"@type\":\"PropertyValueSpecification\",\"valueRequired\":true,\"valueName\":\"search_term_string\"}}],\"inLanguage\":\"es\"}]}<\/script>\n<!-- \/ Yoast SEO plugin. -->","yoast_head_json":{"title":"Miracel V - filtro de alto caudal y eficiencia media\/alta | SP Separation Processes","robots":{"index":"index","follow":"follow","max-snippet":"max-snippet:-1","max-image-preview":"max-image-preview:large","max-video-preview":"max-video-preview:-1"},"canonical":"https:\/\/sp.com.ar\/sanitaria\/producto\/miracel-v-filtro-de-alto-caudal-y-eficiencia-media-alta\/","og_locale":"es_ES","og_type":"article","og_title":"Miracel V - filtro de alto caudal y eficiencia media\/alta | SP Separation Processes","og_description":"El\u00a0Miracel V \u2013 filtro de alto caudal y eficiencia media\/alta\u00a0es un elemento de filtraci\u00f3n avanzado, desarrollado para\u00a0manejar grandes vol\u00famenes de aire\u00a0en sistemas HVAC industriales y de procesos donde se requiere una\u00a0alta capacidad de flujo con baja p\u00e9rdida de presi\u00f3n. Su dise\u00f1o en forma de \u201cV\u201d maximiza el \u00e1rea efectiva del medio filtrante, permitiendo una operaci\u00f3n m\u00e1s eficiente, estable y duradera, con un menor consumo energ\u00e9tico y menores costos de mantenimiento. El\u00a0Miracel V \u2013 filtro de alto caudal y eficiencia media\/alta\u00a0pertenece a la nueva generaci\u00f3n de filtros mini-pleat dise\u00f1ados espec\u00edficamente para aplicaciones de alto rendimiento. Su\u00a0estructura de paneles dispuestos en forma de V\u00a0multiplica la superficie de filtraci\u00f3n dentro del mismo espacio, lo que se traduce en una\u00a0ca\u00edda de presi\u00f3n inicial significativamente menor\u00a0respecto a los filtros planos convencionales. Este dise\u00f1o optimizado asegura una mejor distribuci\u00f3n del flujo de aire, prolonga la vida \u00fatil del medio filtrante y reduce la frecuencia de reemplazo.","og_url":"https:\/\/sp.com.ar\/sanitaria\/producto\/miracel-v-filtro-de-alto-caudal-y-eficiencia-media-alta\/","og_site_name":"SP Separation Processes","article_modified_time":"2025-11-21T15:05:58+00:00","og_image":[{"width":1200,"height":1200,"url":"https:\/\/sp.com.ar\/sanitaria\/wp-content\/uploads\/2025\/09\/Miracel-V.-Filtro-de-alto-caudal-y-eficiencia-mediaalta-1.png","type":"image\/png"}],"twitter_card":"summary_large_image","twitter_misc":{"Tiempo de lectura":"3 minutos"},"schema":{"@context":"https:\/\/schema.org","@graph":[{"@type":"WebPage","@id":"https:\/\/sp.com.ar\/sanitaria\/producto\/miracel-v-filtro-de-alto-caudal-y-eficiencia-media-alta\/","url":"https:\/\/sp.com.ar\/sanitaria\/producto\/miracel-v-filtro-de-alto-caudal-y-eficiencia-media-alta\/","name":"Miracel V - filtro de alto caudal y eficiencia media\/alta | SP Separation Processes","isPartOf":{"@id":"https:\/\/sp.com.ar\/sanitaria\/#website"},"primaryImageOfPage":{"@id":"https:\/\/sp.com.ar\/sanitaria\/producto\/miracel-v-filtro-de-alto-caudal-y-eficiencia-media-alta\/#primaryimage"},"image":{"@id":"https:\/\/sp.com.ar\/sanitaria\/producto\/miracel-v-filtro-de-alto-caudal-y-eficiencia-media-alta\/#primaryimage"},"thumbnailUrl":"https:\/\/sp.com.ar\/sanitaria\/wp-content\/uploads\/2025\/09\/Miracel-V.-Filtro-de-alto-caudal-y-eficiencia-mediaalta-1.png","datePublished":"2025-09-10T13:26:07+00:00","dateModified":"2025-11-21T15:05:58+00:00","breadcrumb":{"@id":"https:\/\/sp.com.ar\/sanitaria\/producto\/miracel-v-filtro-de-alto-caudal-y-eficiencia-media-alta\/#breadcrumb"},"inLanguage":"es","potentialAction":[{"@type":"ReadAction","target":["https:\/\/sp.com.ar\/sanitaria\/producto\/miracel-v-filtro-de-alto-caudal-y-eficiencia-media-alta\/"]}]},{"@type":"ImageObject","inLanguage":"es","@id":"https:\/\/sp.com.ar\/sanitaria\/producto\/miracel-v-filtro-de-alto-caudal-y-eficiencia-media-alta\/#primaryimage","url":"https:\/\/sp.com.ar\/sanitaria\/wp-content\/uploads\/2025\/09\/Miracel-V.-Filtro-de-alto-caudal-y-eficiencia-mediaalta-1.png","contentUrl":"https:\/\/sp.com.ar\/sanitaria\/wp-content\/uploads\/2025\/09\/Miracel-V.-Filtro-de-alto-caudal-y-eficiencia-mediaalta-1.png","width":1200,"height":1200,"caption":"Miracel V. Filtro de alto caudal y eficiencia mediaalta"},{"@type":"BreadcrumbList","@id":"https:\/\/sp.com.ar\/sanitaria\/producto\/miracel-v-filtro-de-alto-caudal-y-eficiencia-media-alta\/#breadcrumb","itemListElement":[{"@type":"ListItem","position":1,"name":"Portada","item":"https:\/\/sp.com.ar\/sanitaria\/"},{"@type":"ListItem","position":2,"name":"Productos","item":"https:\/\/sp.com.ar\/sanitaria\/productos\/"},{"@type":"ListItem","position":3,"name":"Miracel V &#8211; filtro de alto caudal y eficiencia media\/alta"}]},{"@type":"WebSite","@id":"https:\/\/sp.com.ar\/sanitaria\/#website","url":"https:\/\/sp.com.ar\/sanitaria\/","name":"SP Separation Processes","description":"","potentialAction":[{"@type":"SearchAction","target":{"@type":"EntryPoint","urlTemplate":"https:\/\/sp.com.ar\/sanitaria\/?s={search_term_string}"},"query-input":{"@type":"PropertyValueSpecification","valueRequired":true,"valueName":"search_term_string"}}],"inLanguage":"es"}]}},"_links":{"self":[{"href":"https:\/\/sp.com.ar\/sanitaria\/wp-json\/wp\/v2\/product\/769","targetHints":{"allow":["GET"]}}],"collection":[{"href":"https:\/\/sp.com.ar\/sanitaria\/wp-json\/wp\/v2\/product"}],"about":[{"href":"https:\/\/sp.com.ar\/sanitaria\/wp-json\/wp\/v2\/types\/product"}],"wp:featuredmedia":[{"embeddable":true,"href":"https:\/\/sp.com.ar\/sanitaria\/wp-json\/wp\/v2\/media\/1070"}],"wp:attachment":[{"href":"https:\/\/sp.com.ar\/sanitaria\/wp-json\/wp\/v2\/media?parent=769"}],"wp:term":[{"taxonomy":"product_brand","embeddable":true,"href":"https:\/\/sp.com.ar\/sanitaria\/wp-json\/wp\/v2\/product_brand?post=769"},{"taxonomy":"product_cat","embeddable":true,"href":"https:\/\/sp.com.ar\/sanitaria\/wp-json\/wp\/v2\/product_cat?post=769"},{"taxonomy":"product_tag","embeddable":true,"href":"https:\/\/sp.com.ar\/sanitaria\/wp-json\/wp\/v2\/product_tag?post=769"}],"curies":[{"name":"wp","href":"https:\/\/api.w.org\/{rel}","templated":true}]}}