{"id":771,"date":"2025-09-10T10:30:17","date_gmt":"2025-09-10T13:30:17","guid":{"rendered":"https:\/\/sp.disewhost3.com\/sanitaria\/?post_type=product&#038;p=771"},"modified":"2025-11-21T12:06:27","modified_gmt":"2025-11-21T15:06:27","slug":"mirasorb-filtros-quimicos-en-v-bank","status":"publish","type":"product","link":"https:\/\/sp.com.ar\/sanitaria\/producto\/mirasorb-filtros-quimicos-en-v-bank\/","title":{"rendered":"MiraSorb &#8211; filtros qu\u00edmicos en V bank"},"content":{"rendered":"<p data-start=\"1318\" data-end=\"1844\">Estos\u00a0<strong data-start=\"1324\" data-end=\"1373\">filtros MiraSorb \u2013 filtros qu\u00edmicos en V bank<\/strong>\u00a0se fabrican bajo un dise\u00f1o\u00a0<strong data-start=\"1401\" data-end=\"1434\">mini-pleat de alta eficiencia<\/strong>, que combina una gran superficie de contacto con un flujo de aire optimizado. La media filtrante est\u00e1 compuesta por\u00a0<strong data-start=\"1551\" data-end=\"1586\">carb\u00f3n activado micro-granulado<\/strong>, altamente poroso y tratado para maximizar la capacidad de adsorci\u00f3n de gases y vapores espec\u00edficos. Esta estructura multiplica los puntos activos de contacto gas-medio, aumentando la eficacia de remoci\u00f3n incluso en concentraciones bajas de contaminantes.<\/p>\n<p data-start=\"1846\" data-end=\"1995\">El\u00a0<strong data-start=\"1849\" data-end=\"1888\">MiraSorb \u2013 filtro qu\u00edmico en V bank<\/strong>\u00a0se ofrece en tres versiones principales, cada una adaptada a diferentes tipos de contaminantes gaseosos:<\/p>\n<ul data-start=\"1996\" data-end=\"2503\">\n<li data-start=\"1996\" data-end=\"2121\">\n<p data-start=\"1998\" data-end=\"2121\"><strong data-start=\"1998\" data-end=\"2013\">MiraSorb V:<\/strong>\u00a0dise\u00f1ado para la eliminaci\u00f3n de olores generales, compuestos org\u00e1nicos vol\u00e1tiles y gases urbanos comunes.<\/p>\n<\/li>\n<li data-start=\"2122\" data-end=\"2353\">\n<p data-start=\"2124\" data-end=\"2353\"><strong data-start=\"2124\" data-end=\"2139\">MiraSorb A:<\/strong>\u00a0especializado en la captura de gases \u00e1cidos como\u00a0<strong data-start=\"2189\" data-end=\"2215\">SOx (\u00f3xidos de azufre)<\/strong>,\u00a0<strong data-start=\"2217\" data-end=\"2246\">NOx (\u00f3xidos de nitr\u00f3geno)<\/strong>,\u00a0<strong data-start=\"2248\" data-end=\"2278\">H\u2082S (sulfuro de hidr\u00f3geno)<\/strong>\u00a0y\u00a0<strong data-start=\"2281\" data-end=\"2296\">Cl\u2082 (cloro)<\/strong>, t\u00edpicos de ambientes industriales y plantas qu\u00edmicas.<\/p>\n<\/li>\n<li data-start=\"2354\" data-end=\"2503\">\n<p data-start=\"2356\" data-end=\"2503\"><strong data-start=\"2356\" data-end=\"2371\">MiraSorb B:<\/strong>\u00a0formulado para la adsorci\u00f3n de gases b\u00e1sicos,\u00a0<strong data-start=\"2418\" data-end=\"2436\">amon\u00edaco (NH\u2083)<\/strong>\u00a0y\u00a0<strong data-start=\"2439\" data-end=\"2449\">aminas<\/strong>, frecuentes en procesos petroqu\u00edmicos y refiner\u00edas.<\/p>\n<\/li>\n<\/ul>\n<p data-start=\"2505\" data-end=\"2853\">Cada\u00a0<strong data-start=\"2510\" data-end=\"2549\">MiraSorb \u2013 filtro qu\u00edmico en V bank<\/strong>\u00a0tiene un formato est\u00e1ndar de\u00a0<strong data-start=\"2579\" data-end=\"2604\">24 \u00d7 24 \u00d7 12 pulgadas<\/strong>, con una superficie de media que var\u00eda entre\u00a0<strong data-start=\"2650\" data-end=\"2667\">4,7 y 5,85 m\u00b2<\/strong>, dependiendo de la versi\u00f3n, y un peso aproximado de\u00a0<strong data-start=\"2720\" data-end=\"2736\">2,6 a 4,7 kg<\/strong>. Estas caracter\u00edsticas permiten una gran capacidad de retenci\u00f3n de gases con un dise\u00f1o compacto y de f\u00e1cil manejo.<\/p>\n<p data-start=\"2855\" data-end=\"3395\">La\u00a0<strong data-start=\"2858\" data-end=\"2881\">resistencia inicial<\/strong>\u00a0del\u00a0<strong data-start=\"2886\" data-end=\"2925\">MiraSorb \u2013 filtro qu\u00edmico en V bank<\/strong>\u00a0es notablemente baja, lo que se traduce en una\u00a0<strong data-start=\"2973\" data-end=\"3049\">alta eficiencia energ\u00e9tica y un menor consumo el\u00e9ctrico del sistema HVAC<\/strong>. A una velocidad de 1,5 m\/s, la ca\u00edda de presi\u00f3n es de solo\u00a0<strong data-start=\"3110\" data-end=\"3119\">32 Pa<\/strong>, y a 2,5 m\/s asciende a\u00a0<strong data-start=\"3144\" data-end=\"3153\">67 Pa<\/strong>, valores muy por debajo de los de un filtro convencional. A pesar de esta baja resistencia, el filtro mantiene una\u00a0<strong data-start=\"3269\" data-end=\"3314\">eficiencia de remoci\u00f3n superior al 99,5 %<\/strong>, lo que garantiza un rendimiento estable y confiable durante su ciclo de vida.<\/p>\n<p data-start=\"3397\" data-end=\"3795\">El\u00a0<strong data-start=\"3400\" data-end=\"3460\">dise\u00f1o en V bank del MiraSorb \u2013 filtro qu\u00edmico en V bank<\/strong>\u00a0no solo ampl\u00eda la superficie efectiva del medio adsorbente, sino que tambi\u00e9n favorece una mejor distribuci\u00f3n del flujo de aire y un contacto m\u00e1s prolongado entre el gas y el medio filtrante. Esta caracter\u00edstica incrementa la eficiencia global de adsorci\u00f3n y prolonga la vida \u00fatil del filtro antes de alcanzar el punto de saturaci\u00f3n.<\/p>\n<h3 data-start=\"4158\" data-end=\"4216\"><strong data-start=\"4162\" data-end=\"4216\">Medio filtrante, eficiencia y aplicaciones t\u00edpicas<\/strong><\/h3>\n<p data-start=\"4218\" data-end=\"4744\">El\u00a0<strong data-start=\"4221\" data-end=\"4280\">medio filtrante del MiraSorb \u2013 filtro qu\u00edmico en V bank<\/strong>\u00a0se compone de\u00a0<strong data-start=\"4295\" data-end=\"4339\">polvo de carb\u00f3n activado micro-granulado<\/strong>, desarrollado para una adsorci\u00f3n superior. El carb\u00f3n activado presenta una estructura microporosa con una enorme \u00e1rea superficial interna, que puede alcanzar m\u00e1s de 1 000 m\u00b2 por gramo de material. Esta superficie es responsable de su capacidad para capturar mol\u00e9culas gaseosas a nivel molecular, reteniendo compuestos como\u00a0<strong data-start=\"4663\" data-end=\"4741\">H\u2082S, SO\u2082, Cl\u2082, amon\u00edaco, VOC, aldeh\u00eddos y otros contaminantes atmosf\u00e9ricos<\/strong>.<\/p>\n<p data-start=\"4746\" data-end=\"5045\">Las\u00a0<strong data-start=\"4750\" data-end=\"4805\">eficiencias del MiraSorb \u2013 filtro qu\u00edmico en V bank<\/strong>\u00a0son del orden de\u00a0<strong data-start=\"4823\" data-end=\"4835\">\u2265 99,5 %<\/strong>, lo que lo convierte en una\u00a0<strong data-start=\"4864\" data-end=\"4956\">soluci\u00f3n de alto rendimiento para la eliminaci\u00f3n de gases t\u00f3xicos, corrosivos o molestos<\/strong>\u00a0en una amplia variedad de industrias. Entre sus\u00a0<strong data-start=\"5005\" data-end=\"5029\">aplicaciones t\u00edpicas<\/strong>, se incluyen:<\/p>\n<ul data-start=\"5046\" data-end=\"5580\">\n<li data-start=\"5046\" data-end=\"5158\">\n<p data-start=\"5048\" data-end=\"5158\"><strong data-start=\"5048\" data-end=\"5097\">Sistemas de ventilaci\u00f3n en minas subterr\u00e1neas<\/strong>, donde se requiere controlar gases de combusti\u00f3n y olores.<\/p>\n<\/li>\n<li data-start=\"5159\" data-end=\"5259\">\n<p data-start=\"5161\" data-end=\"5259\"><strong data-start=\"5161\" data-end=\"5199\">Refiner\u00edas y plantas petroqu\u00edmicas<\/strong>, para la remoci\u00f3n de compuestos sulfurosos y amoniacales.<\/p>\n<\/li>\n<li data-start=\"5260\" data-end=\"5407\">\n<p data-start=\"5262\" data-end=\"5407\"><strong data-start=\"5262\" data-end=\"5315\">Plantas de gas natural y de procesamiento qu\u00edmico<\/strong>, donde se emiten gases \u00e1cidos o b\u00e1sicos que deben ser neutralizados antes de su descarga.<\/p>\n<\/li>\n<li data-start=\"5408\" data-end=\"5580\">\n<p data-start=\"5410\" data-end=\"5580\"><strong data-start=\"5410\" data-end=\"5468\">Salas de control e instalaciones industriales cerradas<\/strong>, donde la protecci\u00f3n del personal y de los equipos electr\u00f3nicos exige aire libre de contaminantes corrosivos.<br \/>\n<span style=\"color: #fafafa;\"><span class=\"selectable-text copyable-text xkrh14z\">Filtros HVAC sanitarios. <\/span><span class=\"selectable-text copyable-text xkrh14z\">Filtro HEPA HVAC. <\/span><span class=\"selectable-text copyable-text xkrh14z\">Filtros EPA. <\/span><span class=\"selectable-text copyable-text xkrh14z\">Filtro aire sala limpia. <\/span><span class=\"selectable-text copyable-text xkrh14z\">Filtros ULPA. <\/span><span class=\"selectable-text copyable-text xkrh14z\">Filtros para salas limpias. <\/span><span class=\"selectable-text copyable-text xkrh14z\">Filtros de aire para laboratorios. <\/span><span class=\"selectable-text copyable-text xkrh14z\">Filtro panel de aire para industria farmac\u00e9utica. <\/span><span class=\"selectable-text copyable-text xkrh14z\">Filtro panel de aire para industria alimenticia. <\/span><span class=\"selectable-text copyable-text xkrh14z\">Filtros de aire para hospitales. <\/span><span class=\"selectable-text copyable-text xkrh14z\">Filtros absolutos HEPA. <\/span><span class=\"selectable-text copyable-text xkrh14z\">Filtros HVAC laboratorios. <\/span><span class=\"selectable-text copyable-text xkrh14z\">Filtros HVAC hospitales. <\/span><span class=\"selectable-text copyable-text xkrh14z\">Filtros HVAC quirofanos<\/span><\/span><\/p>\n<\/li>\n<\/ul>\n","protected":false},"excerpt":{"rendered":"<p data-start=\"364\" data-end=\"888\">El\u00a0<strong data-start=\"367\" data-end=\"406\">MiraSorb \u2013 filtro qu\u00edmico en V bank<\/strong>\u00a0es un m\u00f3dulo de adsorci\u00f3n avanzado dise\u00f1ado para la\u00a0<strong data-start=\"459\" data-end=\"551\">eliminaci\u00f3n eficiente de olores, gases corrosivos y compuestos org\u00e1nicos vol\u00e1tiles (VOC)<\/strong>\u00a0presentes en sistemas de aire industrial y de ventilaci\u00f3n. Su principio de funcionamiento se basa en la\u00a0<strong data-start=\"656\" data-end=\"731\">adsorci\u00f3n qu\u00edmica mediante carb\u00f3n activado en polvo de alta reactividad<\/strong>, lo que permite capturar contaminantes gaseosos y mol\u00e9culas olorosas con gran eficacia, garantizando ambientes m\u00e1s limpios, seguros y libres de corrosi\u00f3n.<\/p>\n<p data-start=\"890\" data-end=\"1316\">El\u00a0<strong data-start=\"893\" data-end=\"932\">MiraSorb \u2013 filtro qu\u00edmico en V bank<\/strong>\u00a0pertenece a una l\u00ednea de filtros desarrollados para aplicaciones donde los m\u00e9todos de filtraci\u00f3n mec\u00e1nica (como los filtros de part\u00edculas tradicionales) resultan insuficientes. En estos casos, la calidad del aire depende de la eliminaci\u00f3n de contaminantes gaseosos invisibles, y es ah\u00ed donde los m\u00f3dulos\u00a0<strong data-start=\"1237\" data-end=\"1278\">MiraSorb \u2013 filtros qu\u00edmicos en V bank<\/strong>\u00a0ofrecen un rendimiento excepcional.<\/p>\n","protected":false},"featured_media":1071,"template":"","meta":{"_acf_changed":false,"_joinchat":[]},"product_brand":[],"product_cat":[25],"product_tag":[],"class_list":{"0":"post-771","1":"product","2":"type-product","3":"status-publish","4":"has-post-thumbnail","6":"product_cat-paneles-filtrantes-hvac","8":"first","9":"instock","10":"shipping-taxable","11":"product-type-simple"},"acf":[],"yoast_head":"<!-- This site is optimized with the Yoast SEO plugin v25.6 - https:\/\/yoast.com\/wordpress\/plugins\/seo\/ -->\n<title>MiraSorb - filtros qu\u00edmicos en V bank | SP Separation Processes<\/title>\n<meta name=\"robots\" content=\"index, follow, max-snippet:-1, max-image-preview:large, max-video-preview:-1\" \/>\n<link rel=\"canonical\" href=\"https:\/\/sp.com.ar\/sanitaria\/producto\/mirasorb-filtros-quimicos-en-v-bank\/\" \/>\n<meta property=\"og:locale\" content=\"es_ES\" \/>\n<meta property=\"og:type\" content=\"article\" \/>\n<meta property=\"og:title\" content=\"MiraSorb - filtros qu\u00edmicos en V bank | SP Separation Processes\" \/>\n<meta property=\"og:description\" content=\"El\u00a0MiraSorb \u2013 filtro qu\u00edmico en V bank\u00a0es un m\u00f3dulo de adsorci\u00f3n avanzado dise\u00f1ado para la\u00a0eliminaci\u00f3n eficiente de olores, gases corrosivos y compuestos org\u00e1nicos vol\u00e1tiles (VOC)\u00a0presentes en sistemas de aire industrial y de ventilaci\u00f3n. Su principio de funcionamiento se basa en la\u00a0adsorci\u00f3n qu\u00edmica mediante carb\u00f3n activado en polvo de alta reactividad, lo que permite capturar contaminantes gaseosos y mol\u00e9culas olorosas con gran eficacia, garantizando ambientes m\u00e1s limpios, seguros y libres de corrosi\u00f3n. El\u00a0MiraSorb \u2013 filtro qu\u00edmico en V bank\u00a0pertenece a una l\u00ednea de filtros desarrollados para aplicaciones donde los m\u00e9todos de filtraci\u00f3n mec\u00e1nica (como los filtros de part\u00edculas tradicionales) resultan insuficientes. En estos casos, la calidad del aire depende de la eliminaci\u00f3n de contaminantes gaseosos invisibles, y es ah\u00ed donde los m\u00f3dulos\u00a0MiraSorb \u2013 filtros qu\u00edmicos en V bank\u00a0ofrecen un rendimiento excepcional.\" \/>\n<meta property=\"og:url\" content=\"https:\/\/sp.com.ar\/sanitaria\/producto\/mirasorb-filtros-quimicos-en-v-bank\/\" \/>\n<meta property=\"og:site_name\" content=\"SP Separation Processes\" \/>\n<meta property=\"article:modified_time\" content=\"2025-11-21T15:06:27+00:00\" \/>\n<meta property=\"og:image\" content=\"https:\/\/sp.com.ar\/sanitaria\/wp-content\/uploads\/2025\/09\/Mira-Sorb.-Filtros-quimicos-en-V-bank-2.png\" \/>\n\t<meta property=\"og:image:width\" content=\"1200\" \/>\n\t<meta property=\"og:image:height\" content=\"1200\" \/>\n\t<meta property=\"og:image:type\" content=\"image\/png\" \/>\n<meta name=\"twitter:card\" content=\"summary_large_image\" \/>\n<meta name=\"twitter:label1\" content=\"Tiempo de lectura\" \/>\n\t<meta name=\"twitter:data1\" content=\"3 minutos\" \/>\n<script type=\"application\/ld+json\" class=\"yoast-schema-graph\">{\"@context\":\"https:\/\/schema.org\",\"@graph\":[{\"@type\":\"WebPage\",\"@id\":\"https:\/\/sp.com.ar\/sanitaria\/producto\/mirasorb-filtros-quimicos-en-v-bank\/\",\"url\":\"https:\/\/sp.com.ar\/sanitaria\/producto\/mirasorb-filtros-quimicos-en-v-bank\/\",\"name\":\"MiraSorb - filtros qu\u00edmicos en V bank | SP Separation Processes\",\"isPartOf\":{\"@id\":\"https:\/\/sp.com.ar\/sanitaria\/#website\"},\"primaryImageOfPage\":{\"@id\":\"https:\/\/sp.com.ar\/sanitaria\/producto\/mirasorb-filtros-quimicos-en-v-bank\/#primaryimage\"},\"image\":{\"@id\":\"https:\/\/sp.com.ar\/sanitaria\/producto\/mirasorb-filtros-quimicos-en-v-bank\/#primaryimage\"},\"thumbnailUrl\":\"https:\/\/sp.com.ar\/sanitaria\/wp-content\/uploads\/2025\/09\/Mira-Sorb.-Filtros-quimicos-en-V-bank-2.png\",\"datePublished\":\"2025-09-10T13:30:17+00:00\",\"dateModified\":\"2025-11-21T15:06:27+00:00\",\"breadcrumb\":{\"@id\":\"https:\/\/sp.com.ar\/sanitaria\/producto\/mirasorb-filtros-quimicos-en-v-bank\/#breadcrumb\"},\"inLanguage\":\"es\",\"potentialAction\":[{\"@type\":\"ReadAction\",\"target\":[\"https:\/\/sp.com.ar\/sanitaria\/producto\/mirasorb-filtros-quimicos-en-v-bank\/\"]}]},{\"@type\":\"ImageObject\",\"inLanguage\":\"es\",\"@id\":\"https:\/\/sp.com.ar\/sanitaria\/producto\/mirasorb-filtros-quimicos-en-v-bank\/#primaryimage\",\"url\":\"https:\/\/sp.com.ar\/sanitaria\/wp-content\/uploads\/2025\/09\/Mira-Sorb.-Filtros-quimicos-en-V-bank-2.png\",\"contentUrl\":\"https:\/\/sp.com.ar\/sanitaria\/wp-content\/uploads\/2025\/09\/Mira-Sorb.-Filtros-quimicos-en-V-bank-2.png\",\"width\":1200,\"height\":1200,\"caption\":\"Mirasorb. Filtros quimicos en V bank\"},{\"@type\":\"BreadcrumbList\",\"@id\":\"https:\/\/sp.com.ar\/sanitaria\/producto\/mirasorb-filtros-quimicos-en-v-bank\/#breadcrumb\",\"itemListElement\":[{\"@type\":\"ListItem\",\"position\":1,\"name\":\"Portada\",\"item\":\"https:\/\/sp.com.ar\/sanitaria\/\"},{\"@type\":\"ListItem\",\"position\":2,\"name\":\"Productos\",\"item\":\"https:\/\/sp.com.ar\/sanitaria\/productos\/\"},{\"@type\":\"ListItem\",\"position\":3,\"name\":\"MiraSorb &#8211; filtros qu\u00edmicos en V bank\"}]},{\"@type\":\"WebSite\",\"@id\":\"https:\/\/sp.com.ar\/sanitaria\/#website\",\"url\":\"https:\/\/sp.com.ar\/sanitaria\/\",\"name\":\"SP Separation Processes\",\"description\":\"\",\"potentialAction\":[{\"@type\":\"SearchAction\",\"target\":{\"@type\":\"EntryPoint\",\"urlTemplate\":\"https:\/\/sp.com.ar\/sanitaria\/?s={search_term_string}\"},\"query-input\":{\"@type\":\"PropertyValueSpecification\",\"valueRequired\":true,\"valueName\":\"search_term_string\"}}],\"inLanguage\":\"es\"}]}<\/script>\n<!-- \/ Yoast SEO plugin. -->","yoast_head_json":{"title":"MiraSorb - filtros qu\u00edmicos en V bank | SP Separation Processes","robots":{"index":"index","follow":"follow","max-snippet":"max-snippet:-1","max-image-preview":"max-image-preview:large","max-video-preview":"max-video-preview:-1"},"canonical":"https:\/\/sp.com.ar\/sanitaria\/producto\/mirasorb-filtros-quimicos-en-v-bank\/","og_locale":"es_ES","og_type":"article","og_title":"MiraSorb - filtros qu\u00edmicos en V bank | SP Separation Processes","og_description":"El\u00a0MiraSorb \u2013 filtro qu\u00edmico en V bank\u00a0es un m\u00f3dulo de adsorci\u00f3n avanzado dise\u00f1ado para la\u00a0eliminaci\u00f3n eficiente de olores, gases corrosivos y compuestos org\u00e1nicos vol\u00e1tiles (VOC)\u00a0presentes en sistemas de aire industrial y de ventilaci\u00f3n. Su principio de funcionamiento se basa en la\u00a0adsorci\u00f3n qu\u00edmica mediante carb\u00f3n activado en polvo de alta reactividad, lo que permite capturar contaminantes gaseosos y mol\u00e9culas olorosas con gran eficacia, garantizando ambientes m\u00e1s limpios, seguros y libres de corrosi\u00f3n. El\u00a0MiraSorb \u2013 filtro qu\u00edmico en V bank\u00a0pertenece a una l\u00ednea de filtros desarrollados para aplicaciones donde los m\u00e9todos de filtraci\u00f3n mec\u00e1nica (como los filtros de part\u00edculas tradicionales) resultan insuficientes. En estos casos, la calidad del aire depende de la eliminaci\u00f3n de contaminantes gaseosos invisibles, y es ah\u00ed donde los m\u00f3dulos\u00a0MiraSorb \u2013 filtros qu\u00edmicos en V bank\u00a0ofrecen un rendimiento excepcional.","og_url":"https:\/\/sp.com.ar\/sanitaria\/producto\/mirasorb-filtros-quimicos-en-v-bank\/","og_site_name":"SP Separation Processes","article_modified_time":"2025-11-21T15:06:27+00:00","og_image":[{"width":1200,"height":1200,"url":"https:\/\/sp.com.ar\/sanitaria\/wp-content\/uploads\/2025\/09\/Mira-Sorb.-Filtros-quimicos-en-V-bank-2.png","type":"image\/png"}],"twitter_card":"summary_large_image","twitter_misc":{"Tiempo de lectura":"3 minutos"},"schema":{"@context":"https:\/\/schema.org","@graph":[{"@type":"WebPage","@id":"https:\/\/sp.com.ar\/sanitaria\/producto\/mirasorb-filtros-quimicos-en-v-bank\/","url":"https:\/\/sp.com.ar\/sanitaria\/producto\/mirasorb-filtros-quimicos-en-v-bank\/","name":"MiraSorb - filtros qu\u00edmicos en V bank | SP Separation Processes","isPartOf":{"@id":"https:\/\/sp.com.ar\/sanitaria\/#website"},"primaryImageOfPage":{"@id":"https:\/\/sp.com.ar\/sanitaria\/producto\/mirasorb-filtros-quimicos-en-v-bank\/#primaryimage"},"image":{"@id":"https:\/\/sp.com.ar\/sanitaria\/producto\/mirasorb-filtros-quimicos-en-v-bank\/#primaryimage"},"thumbnailUrl":"https:\/\/sp.com.ar\/sanitaria\/wp-content\/uploads\/2025\/09\/Mira-Sorb.-Filtros-quimicos-en-V-bank-2.png","datePublished":"2025-09-10T13:30:17+00:00","dateModified":"2025-11-21T15:06:27+00:00","breadcrumb":{"@id":"https:\/\/sp.com.ar\/sanitaria\/producto\/mirasorb-filtros-quimicos-en-v-bank\/#breadcrumb"},"inLanguage":"es","potentialAction":[{"@type":"ReadAction","target":["https:\/\/sp.com.ar\/sanitaria\/producto\/mirasorb-filtros-quimicos-en-v-bank\/"]}]},{"@type":"ImageObject","inLanguage":"es","@id":"https:\/\/sp.com.ar\/sanitaria\/producto\/mirasorb-filtros-quimicos-en-v-bank\/#primaryimage","url":"https:\/\/sp.com.ar\/sanitaria\/wp-content\/uploads\/2025\/09\/Mira-Sorb.-Filtros-quimicos-en-V-bank-2.png","contentUrl":"https:\/\/sp.com.ar\/sanitaria\/wp-content\/uploads\/2025\/09\/Mira-Sorb.-Filtros-quimicos-en-V-bank-2.png","width":1200,"height":1200,"caption":"Mirasorb. Filtros quimicos en V bank"},{"@type":"BreadcrumbList","@id":"https:\/\/sp.com.ar\/sanitaria\/producto\/mirasorb-filtros-quimicos-en-v-bank\/#breadcrumb","itemListElement":[{"@type":"ListItem","position":1,"name":"Portada","item":"https:\/\/sp.com.ar\/sanitaria\/"},{"@type":"ListItem","position":2,"name":"Productos","item":"https:\/\/sp.com.ar\/sanitaria\/productos\/"},{"@type":"ListItem","position":3,"name":"MiraSorb &#8211; filtros qu\u00edmicos en V bank"}]},{"@type":"WebSite","@id":"https:\/\/sp.com.ar\/sanitaria\/#website","url":"https:\/\/sp.com.ar\/sanitaria\/","name":"SP Separation Processes","description":"","potentialAction":[{"@type":"SearchAction","target":{"@type":"EntryPoint","urlTemplate":"https:\/\/sp.com.ar\/sanitaria\/?s={search_term_string}"},"query-input":{"@type":"PropertyValueSpecification","valueRequired":true,"valueName":"search_term_string"}}],"inLanguage":"es"}]}},"_links":{"self":[{"href":"https:\/\/sp.com.ar\/sanitaria\/wp-json\/wp\/v2\/product\/771","targetHints":{"allow":["GET"]}}],"collection":[{"href":"https:\/\/sp.com.ar\/sanitaria\/wp-json\/wp\/v2\/product"}],"about":[{"href":"https:\/\/sp.com.ar\/sanitaria\/wp-json\/wp\/v2\/types\/product"}],"wp:featuredmedia":[{"embeddable":true,"href":"https:\/\/sp.com.ar\/sanitaria\/wp-json\/wp\/v2\/media\/1071"}],"wp:attachment":[{"href":"https:\/\/sp.com.ar\/sanitaria\/wp-json\/wp\/v2\/media?parent=771"}],"wp:term":[{"taxonomy":"product_brand","embeddable":true,"href":"https:\/\/sp.com.ar\/sanitaria\/wp-json\/wp\/v2\/product_brand?post=771"},{"taxonomy":"product_cat","embeddable":true,"href":"https:\/\/sp.com.ar\/sanitaria\/wp-json\/wp\/v2\/product_cat?post=771"},{"taxonomy":"product_tag","embeddable":true,"href":"https:\/\/sp.com.ar\/sanitaria\/wp-json\/wp\/v2\/product_tag?post=771"}],"curies":[{"name":"wp","href":"https:\/\/api.w.org\/{rel}","templated":true}]}}