{"id":773,"date":"2025-09-10T10:32:02","date_gmt":"2025-09-10T13:32:02","guid":{"rendered":"https:\/\/sp.disewhost3.com\/sanitaria\/?post_type=product&#038;p=773"},"modified":"2025-11-21T12:08:52","modified_gmt":"2025-11-21T15:08:52","slug":"mirasorb-hc-filtros-de-nido-de-abeja-para-gases","status":"publish","type":"product","link":"https:\/\/sp.com.ar\/sanitaria\/producto\/mirasorb-hc-filtros-de-nido-de-abeja-para-gases\/","title":{"rendered":"MiraSorb HC &#8211; filtros de nido de abeja para gases"},"content":{"rendered":"<p data-start=\"1555\" data-end=\"1711\">El\u00a0<strong data-start=\"1558\" data-end=\"1610\">MiraSorb HC \u2013 filtro de nido de abeja para gases<\/strong>\u00a0est\u00e1 disponible en tres configuraciones, dise\u00f1adas para atacar distintos tipos de gases o mezclas:<\/p>\n<ul data-start=\"1712\" data-end=\"2366\">\n<li data-start=\"1712\" data-end=\"1903\">\n<p data-start=\"1714\" data-end=\"1903\"><strong data-start=\"1714\" data-end=\"1732\">MiraSorb HC-V:<\/strong>\u00a0destinado a la eliminaci\u00f3n de\u00a0<strong data-start=\"1763\" data-end=\"1822\">olores generales y compuestos org\u00e1nicos vol\u00e1tiles (VOC)<\/strong>\u00a0presentes en ambientes urbanos, estaciones de compresi\u00f3n y plantas de proceso.<\/p>\n<\/li>\n<li data-start=\"1904\" data-end=\"2157\">\n<p data-start=\"1906\" data-end=\"2157\"><strong data-start=\"1906\" data-end=\"1924\">MiraSorb HC-O:<\/strong>\u00a0especializado en la remoci\u00f3n de\u00a0<strong data-start=\"1957\" data-end=\"1973\">gases \u00e1cidos<\/strong>\u00a0como di\u00f3xido de azufre (SO\u2082), \u00f3xidos de nitr\u00f3geno (NOx), sulfuro de hidr\u00f3geno (H\u2082S) y cloro (Cl\u2082), frecuentes en\u00a0<strong data-start=\"2087\" data-end=\"2154\">refiner\u00edas, plantas qu\u00edmicas y unidades de tratamiento de gases<\/strong>.<\/p>\n<\/li>\n<li data-start=\"2158\" data-end=\"2366\">\n<p data-start=\"2160\" data-end=\"2366\"><strong data-start=\"2160\" data-end=\"2179\">MiraSorb HC-OB:<\/strong>\u00a0versi\u00f3n mixta desarrollada para la\u00a0<strong data-start=\"2215\" data-end=\"2287\">adsorci\u00f3n combinada de gases \u00e1cidos y compuestos org\u00e1nicos vol\u00e1tiles<\/strong>, empleando mezclas qu\u00edmicas que equilibran reactividad y capacidad de carga.<\/p>\n<\/li>\n<\/ul>\n<p data-start=\"2368\" data-end=\"2649\">Cada versi\u00f3n del\u00a0<strong data-start=\"2385\" data-end=\"2437\">MiraSorb HC \u2013 filtro de nido de abeja para gases<\/strong>\u00a0incorpora medios adsorbentes de la l\u00ednea\u00a0<strong data-start=\"2479\" data-end=\"2523\">JAF TerraCarb, TerraOxi o TerraOxi Blend<\/strong>, reconocidos por su alto contenido de carbono activo y su desempe\u00f1o comprobado en la remoci\u00f3n de contaminantes espec\u00edficos.<\/p>\n<p data-start=\"2651\" data-end=\"3253\">Los m\u00f3dulos est\u00e1ndar del\u00a0<strong data-start=\"2676\" data-end=\"2728\">MiraSorb HC \u2013 filtro de nido de abeja para gases<\/strong>\u00a0tienen dimensiones de\u00a0<strong data-start=\"2751\" data-end=\"2776\">24 \u00d7 24 \u00d7 12 pulgadas<\/strong>, con un rango de caudal de\u00a0<strong data-start=\"2804\" data-end=\"2826\">1 275 a 3 400 m\u00b3\/h<\/strong>, dependiendo del tipo de gas y del nivel de saturaci\u00f3n del medio. Su\u00a0<strong data-start=\"2896\" data-end=\"2959\">resistencia inicial al flujo de aire var\u00eda entre 30 y 85 Pa<\/strong>, y el\u00a0<strong data-start=\"2966\" data-end=\"3006\">punto final recomendado es de 375 Pa<\/strong>, lo que garantiza una operaci\u00f3n prolongada con m\u00ednimo consumo energ\u00e9tico. Esta baja p\u00e9rdida de carga se traduce en\u00a0<strong data-start=\"3122\" data-end=\"3162\">menor esfuerzo para los ventiladores<\/strong>, lo que reduce el gasto el\u00e9ctrico y prolonga la vida \u00fatil de los equipos de ventilaci\u00f3n.<\/p>\n<p data-start=\"3255\" data-end=\"3879\">Una de las ventajas m\u00e1s notables del\u00a0<strong data-start=\"3292\" data-end=\"3344\">MiraSorb HC \u2013 filtro de nido de abeja para gases<\/strong>\u00a0es su\u00a0<strong data-start=\"3351\" data-end=\"3401\">compatibilidad directa con sistemas existentes<\/strong>. Gracias a su formato modular y sus dimensiones estandarizadas, puede\u00a0<strong data-start=\"3472\" data-end=\"3593\">reemplazar filtros particulados convencionales sin requerir modificaciones en los bastidores o estructuras de soporte<\/strong>, lo que simplifica las tareas de retrofit qu\u00edmico en plantas y sistemas HVAC. Adem\u00e1s, al estar fabricado con materiales\u00a0<strong data-start=\"3714\" data-end=\"3763\">totalmente incinerables y libres de hal\u00f3genos<\/strong>, el filtro\u00a0<strong data-start=\"3775\" data-end=\"3790\">MiraSorb HC<\/strong>\u00a0cumple con los requisitos ambientales y de disposici\u00f3n segura en industrias reguladas.<\/p>\n<h3 data-start=\"4423\" data-end=\"4481\"><strong data-start=\"4427\" data-end=\"4481\">Medio filtrante, eficiencia y aplicaciones t\u00edpicas<\/strong><\/h3>\n<p data-start=\"4483\" data-end=\"4997\">El\u00a0<strong data-start=\"4486\" data-end=\"4558\">medio filtrante del MiraSorb HC \u2013 filtro de nido de abeja para gases<\/strong>\u00a0consiste en\u00a0<strong data-start=\"4571\" data-end=\"4621\">carb\u00f3n activado en polvo finamente distribuido<\/strong>, contenido dentro de una estructura pl\u00e1stica de celdas regulares. Este carb\u00f3n activado posee una enorme \u00e1rea interna \u2014superior a los 1 000 m\u00b2\/g\u2014, lo que permite una\u00a0<strong data-start=\"4787\" data-end=\"4839\">eficiencia de remoci\u00f3n de gases superior al 99 %<\/strong>. La adsorci\u00f3n ocurre por atracci\u00f3n molecular, atrapando los contaminantes gaseosos en los microporos del carb\u00f3n y evitando su recirculaci\u00f3n en el ambiente.<\/p>\n<p data-start=\"4999\" data-end=\"5528\">Las\u00a0<strong data-start=\"5003\" data-end=\"5071\">eficiencias del MiraSorb HC \u2013 filtro de nido de abeja para gases<\/strong>\u00a0(\u2265 99 %) lo posicionan como una\u00a0<strong data-start=\"5104\" data-end=\"5169\">soluci\u00f3n de alta tecnolog\u00eda para el control de gases y olores<\/strong>\u00a0en entornos industriales complejos. Se utiliza ampliamente en\u00a0<strong data-start=\"5232\" data-end=\"5406\">refiner\u00edas de petr\u00f3leo, plantas de \u00e1cido sulf\u00farico, instalaciones de aminas, plantas de tratamiento de gas natural, miner\u00eda subterr\u00e1nea y unidades de recuperaci\u00f3n qu\u00edmica<\/strong>, donde los contaminantes gaseosos deben ser controlados con precisi\u00f3n para proteger tanto los equipos como al personal.<\/p>\n<p data-start=\"5530\" data-end=\"5983\">El\u00a0<strong data-start=\"5533\" data-end=\"5585\">MiraSorb HC \u2013 filtro de nido de abeja para gases<\/strong>\u00a0es ideal en\u00a0<strong data-start=\"5598\" data-end=\"5655\">procesos continuos que requieren mantenimiento m\u00ednimo<\/strong>, ya que su gran capacidad de adsorci\u00f3n prolonga los intervalos de reemplazo. Su baja resistencia al aire y su compatibilidad con estructuras existentes permiten una\u00a0<strong data-start=\"5821\" data-end=\"5916\">actualizaci\u00f3n eficiente de sistemas HVAC convencionales hacia soluciones qu\u00edmicas avanzadas<\/strong>, mejorando la calidad del aire sin modificar la infraestructura.<\/p>\n<p data-start=\"5530\" data-end=\"5983\"><span style=\"color: #fafafa;\"><span class=\"selectable-text copyable-text xkrh14z\">Filtros HVAC sanitarios. <\/span><span class=\"selectable-text copyable-text xkrh14z\">Filtro HEPA HVAC. <\/span><span class=\"selectable-text copyable-text xkrh14z\">Filtros EPA. <\/span><span class=\"selectable-text copyable-text xkrh14z\">Filtro aire sala limpia. <\/span><span class=\"selectable-text copyable-text xkrh14z\">Filtros ULPA. <\/span><span class=\"selectable-text copyable-text xkrh14z\">Filtros para salas limpias. <\/span><span class=\"selectable-text copyable-text xkrh14z\">Filtros de aire para laboratorios. <\/span><span class=\"selectable-text copyable-text xkrh14z\">Filtro panel de aire para industria farmac\u00e9utica. <\/span><span class=\"selectable-text copyable-text xkrh14z\">Filtro panel de aire para industria alimenticia. <\/span><span class=\"selectable-text copyable-text xkrh14z\">Filtros de aire para hospitales. <\/span><span class=\"selectable-text copyable-text xkrh14z\">Filtros absolutos HEPA. <\/span><span class=\"selectable-text copyable-text xkrh14z\">Filtros HVAC laboratorios. <\/span><span class=\"selectable-text copyable-text xkrh14z\">Filtros HVAC hospitales. <\/span><span class=\"selectable-text copyable-text xkrh14z\">Filtros HVAC quirofanos<\/span><\/span><\/p>\n","protected":false},"excerpt":{"rendered":"<p data-start=\"354\" data-end=\"899\">El\u00a0<strong data-start=\"357\" data-end=\"409\">MiraSorb HC \u2013 filtro de nido de abeja para gases<\/strong>\u00a0es un m\u00f3dulo qu\u00edmico de alta eficiencia dise\u00f1ado para la\u00a0<strong data-start=\"467\" data-end=\"580\">adsorci\u00f3n de contaminantes gaseosos, compuestos org\u00e1nicos vol\u00e1tiles (VOC), gases \u00e1cidos y olores industriales<\/strong>, combinando una\u00a0<strong data-start=\"597\" data-end=\"658\">gran capacidad de retenci\u00f3n con una baja ca\u00edda de presi\u00f3n<\/strong>. Su estructura tipo panal \u2014tambi\u00e9n conocida como \u201choneycomb\u201d\u2014 permite aumentar la densidad de medio filtrante sin comprometer el flujo de aire, garantizando un rendimiento superior en sistemas HVAC y procesos industriales de alta demanda.<\/p>\n<p data-start=\"901\" data-end=\"1553\">El\u00a0<strong data-start=\"904\" data-end=\"956\">MiraSorb HC \u2013 filtro de nido de abeja para gases<\/strong>\u00a0se fabrica con una\u00a0<strong data-start=\"976\" data-end=\"1027\">matriz de celdas hexagonales (estructura panal)<\/strong>\u00a0que maximiza el \u00e1rea superficial de contacto entre el gas y el medio adsorbente. Cada celda est\u00e1 rellena con\u00a0<strong data-start=\"1137\" data-end=\"1185\">carb\u00f3n activado en polvo de alta reactividad<\/strong>, lo que multiplica la superficie de adsorci\u00f3n y mejora la eficiencia en la eliminaci\u00f3n de contaminantes gaseosos. A diferencia de los filtros convencionales granulares o de lecho suelto, la estructura de panal evita el canalizado del flujo y asegura una distribuci\u00f3n homog\u00e9nea del aire a trav\u00e9s de todo el medio, optimizando el uso total de la capacidad adsorbente.<\/p>\n","protected":false},"featured_media":1072,"template":"","meta":{"_acf_changed":false,"_joinchat":[]},"product_brand":[],"product_cat":[25],"product_tag":[],"class_list":{"0":"post-773","1":"product","2":"type-product","3":"status-publish","4":"has-post-thumbnail","6":"product_cat-paneles-filtrantes-hvac","8":"first","9":"instock","10":"shipping-taxable","11":"product-type-simple"},"acf":[],"yoast_head":"<!-- This site is optimized with the Yoast SEO plugin v25.6 - https:\/\/yoast.com\/wordpress\/plugins\/seo\/ -->\n<title>MiraSorb HC - filtros de nido de abeja para gases | SP Separation Processes<\/title>\n<meta name=\"robots\" content=\"index, follow, max-snippet:-1, max-image-preview:large, max-video-preview:-1\" \/>\n<link rel=\"canonical\" href=\"https:\/\/sp.com.ar\/sanitaria\/producto\/mirasorb-hc-filtros-de-nido-de-abeja-para-gases\/\" \/>\n<meta property=\"og:locale\" content=\"es_ES\" \/>\n<meta property=\"og:type\" content=\"article\" \/>\n<meta property=\"og:title\" content=\"MiraSorb HC - filtros de nido de abeja para gases | SP Separation Processes\" \/>\n<meta property=\"og:description\" content=\"El\u00a0MiraSorb HC \u2013 filtro de nido de abeja para gases\u00a0es un m\u00f3dulo qu\u00edmico de alta eficiencia dise\u00f1ado para la\u00a0adsorci\u00f3n de contaminantes gaseosos, compuestos org\u00e1nicos vol\u00e1tiles (VOC), gases \u00e1cidos y olores industriales, combinando una\u00a0gran capacidad de retenci\u00f3n con una baja ca\u00edda de presi\u00f3n. Su estructura tipo panal \u2014tambi\u00e9n conocida como \u201choneycomb\u201d\u2014 permite aumentar la densidad de medio filtrante sin comprometer el flujo de aire, garantizando un rendimiento superior en sistemas HVAC y procesos industriales de alta demanda. El\u00a0MiraSorb HC \u2013 filtro de nido de abeja para gases\u00a0se fabrica con una\u00a0matriz de celdas hexagonales (estructura panal)\u00a0que maximiza el \u00e1rea superficial de contacto entre el gas y el medio adsorbente. Cada celda est\u00e1 rellena con\u00a0carb\u00f3n activado en polvo de alta reactividad, lo que multiplica la superficie de adsorci\u00f3n y mejora la eficiencia en la eliminaci\u00f3n de contaminantes gaseosos. A diferencia de los filtros convencionales granulares o de lecho suelto, la estructura de panal evita el canalizado del flujo y asegura una distribuci\u00f3n homog\u00e9nea del aire a trav\u00e9s de todo el medio, optimizando el uso total de la capacidad adsorbente.\" \/>\n<meta property=\"og:url\" content=\"https:\/\/sp.com.ar\/sanitaria\/producto\/mirasorb-hc-filtros-de-nido-de-abeja-para-gases\/\" \/>\n<meta property=\"og:site_name\" content=\"SP Separation Processes\" \/>\n<meta property=\"article:modified_time\" content=\"2025-11-21T15:08:52+00:00\" \/>\n<meta property=\"og:image\" content=\"https:\/\/sp.com.ar\/sanitaria\/wp-content\/uploads\/2025\/09\/Mirasorb-HC-Filtros-de-nido-de-abeja-para-gases-1.png\" \/>\n\t<meta property=\"og:image:width\" content=\"1200\" \/>\n\t<meta property=\"og:image:height\" content=\"1200\" \/>\n\t<meta property=\"og:image:type\" content=\"image\/png\" \/>\n<meta name=\"twitter:card\" content=\"summary_large_image\" \/>\n<meta name=\"twitter:label1\" content=\"Tiempo de lectura\" \/>\n\t<meta name=\"twitter:data1\" content=\"3 minutos\" \/>\n<script type=\"application\/ld+json\" class=\"yoast-schema-graph\">{\"@context\":\"https:\/\/schema.org\",\"@graph\":[{\"@type\":\"WebPage\",\"@id\":\"https:\/\/sp.com.ar\/sanitaria\/producto\/mirasorb-hc-filtros-de-nido-de-abeja-para-gases\/\",\"url\":\"https:\/\/sp.com.ar\/sanitaria\/producto\/mirasorb-hc-filtros-de-nido-de-abeja-para-gases\/\",\"name\":\"MiraSorb HC - filtros de nido de abeja para gases | SP Separation Processes\",\"isPartOf\":{\"@id\":\"https:\/\/sp.com.ar\/sanitaria\/#website\"},\"primaryImageOfPage\":{\"@id\":\"https:\/\/sp.com.ar\/sanitaria\/producto\/mirasorb-hc-filtros-de-nido-de-abeja-para-gases\/#primaryimage\"},\"image\":{\"@id\":\"https:\/\/sp.com.ar\/sanitaria\/producto\/mirasorb-hc-filtros-de-nido-de-abeja-para-gases\/#primaryimage\"},\"thumbnailUrl\":\"https:\/\/sp.com.ar\/sanitaria\/wp-content\/uploads\/2025\/09\/Mirasorb-HC-Filtros-de-nido-de-abeja-para-gases-1.png\",\"datePublished\":\"2025-09-10T13:32:02+00:00\",\"dateModified\":\"2025-11-21T15:08:52+00:00\",\"breadcrumb\":{\"@id\":\"https:\/\/sp.com.ar\/sanitaria\/producto\/mirasorb-hc-filtros-de-nido-de-abeja-para-gases\/#breadcrumb\"},\"inLanguage\":\"es\",\"potentialAction\":[{\"@type\":\"ReadAction\",\"target\":[\"https:\/\/sp.com.ar\/sanitaria\/producto\/mirasorb-hc-filtros-de-nido-de-abeja-para-gases\/\"]}]},{\"@type\":\"ImageObject\",\"inLanguage\":\"es\",\"@id\":\"https:\/\/sp.com.ar\/sanitaria\/producto\/mirasorb-hc-filtros-de-nido-de-abeja-para-gases\/#primaryimage\",\"url\":\"https:\/\/sp.com.ar\/sanitaria\/wp-content\/uploads\/2025\/09\/Mirasorb-HC-Filtros-de-nido-de-abeja-para-gases-1.png\",\"contentUrl\":\"https:\/\/sp.com.ar\/sanitaria\/wp-content\/uploads\/2025\/09\/Mirasorb-HC-Filtros-de-nido-de-abeja-para-gases-1.png\",\"width\":1200,\"height\":1200,\"caption\":\"Mirasorb HC. Filtros de nido de abeja para gases\"},{\"@type\":\"BreadcrumbList\",\"@id\":\"https:\/\/sp.com.ar\/sanitaria\/producto\/mirasorb-hc-filtros-de-nido-de-abeja-para-gases\/#breadcrumb\",\"itemListElement\":[{\"@type\":\"ListItem\",\"position\":1,\"name\":\"Portada\",\"item\":\"https:\/\/sp.com.ar\/sanitaria\/\"},{\"@type\":\"ListItem\",\"position\":2,\"name\":\"Productos\",\"item\":\"https:\/\/sp.com.ar\/sanitaria\/productos\/\"},{\"@type\":\"ListItem\",\"position\":3,\"name\":\"MiraSorb HC &#8211; filtros de nido de abeja para gases\"}]},{\"@type\":\"WebSite\",\"@id\":\"https:\/\/sp.com.ar\/sanitaria\/#website\",\"url\":\"https:\/\/sp.com.ar\/sanitaria\/\",\"name\":\"SP Separation Processes\",\"description\":\"\",\"potentialAction\":[{\"@type\":\"SearchAction\",\"target\":{\"@type\":\"EntryPoint\",\"urlTemplate\":\"https:\/\/sp.com.ar\/sanitaria\/?s={search_term_string}\"},\"query-input\":{\"@type\":\"PropertyValueSpecification\",\"valueRequired\":true,\"valueName\":\"search_term_string\"}}],\"inLanguage\":\"es\"}]}<\/script>\n<!-- \/ Yoast SEO plugin. -->","yoast_head_json":{"title":"MiraSorb HC - filtros de nido de abeja para gases | SP Separation Processes","robots":{"index":"index","follow":"follow","max-snippet":"max-snippet:-1","max-image-preview":"max-image-preview:large","max-video-preview":"max-video-preview:-1"},"canonical":"https:\/\/sp.com.ar\/sanitaria\/producto\/mirasorb-hc-filtros-de-nido-de-abeja-para-gases\/","og_locale":"es_ES","og_type":"article","og_title":"MiraSorb HC - filtros de nido de abeja para gases | SP Separation Processes","og_description":"El\u00a0MiraSorb HC \u2013 filtro de nido de abeja para gases\u00a0es un m\u00f3dulo qu\u00edmico de alta eficiencia dise\u00f1ado para la\u00a0adsorci\u00f3n de contaminantes gaseosos, compuestos org\u00e1nicos vol\u00e1tiles (VOC), gases \u00e1cidos y olores industriales, combinando una\u00a0gran capacidad de retenci\u00f3n con una baja ca\u00edda de presi\u00f3n. Su estructura tipo panal \u2014tambi\u00e9n conocida como \u201choneycomb\u201d\u2014 permite aumentar la densidad de medio filtrante sin comprometer el flujo de aire, garantizando un rendimiento superior en sistemas HVAC y procesos industriales de alta demanda. El\u00a0MiraSorb HC \u2013 filtro de nido de abeja para gases\u00a0se fabrica con una\u00a0matriz de celdas hexagonales (estructura panal)\u00a0que maximiza el \u00e1rea superficial de contacto entre el gas y el medio adsorbente. Cada celda est\u00e1 rellena con\u00a0carb\u00f3n activado en polvo de alta reactividad, lo que multiplica la superficie de adsorci\u00f3n y mejora la eficiencia en la eliminaci\u00f3n de contaminantes gaseosos. A diferencia de los filtros convencionales granulares o de lecho suelto, la estructura de panal evita el canalizado del flujo y asegura una distribuci\u00f3n homog\u00e9nea del aire a trav\u00e9s de todo el medio, optimizando el uso total de la capacidad adsorbente.","og_url":"https:\/\/sp.com.ar\/sanitaria\/producto\/mirasorb-hc-filtros-de-nido-de-abeja-para-gases\/","og_site_name":"SP Separation Processes","article_modified_time":"2025-11-21T15:08:52+00:00","og_image":[{"width":1200,"height":1200,"url":"https:\/\/sp.com.ar\/sanitaria\/wp-content\/uploads\/2025\/09\/Mirasorb-HC-Filtros-de-nido-de-abeja-para-gases-1.png","type":"image\/png"}],"twitter_card":"summary_large_image","twitter_misc":{"Tiempo de lectura":"3 minutos"},"schema":{"@context":"https:\/\/schema.org","@graph":[{"@type":"WebPage","@id":"https:\/\/sp.com.ar\/sanitaria\/producto\/mirasorb-hc-filtros-de-nido-de-abeja-para-gases\/","url":"https:\/\/sp.com.ar\/sanitaria\/producto\/mirasorb-hc-filtros-de-nido-de-abeja-para-gases\/","name":"MiraSorb HC - filtros de nido de abeja para gases | SP Separation Processes","isPartOf":{"@id":"https:\/\/sp.com.ar\/sanitaria\/#website"},"primaryImageOfPage":{"@id":"https:\/\/sp.com.ar\/sanitaria\/producto\/mirasorb-hc-filtros-de-nido-de-abeja-para-gases\/#primaryimage"},"image":{"@id":"https:\/\/sp.com.ar\/sanitaria\/producto\/mirasorb-hc-filtros-de-nido-de-abeja-para-gases\/#primaryimage"},"thumbnailUrl":"https:\/\/sp.com.ar\/sanitaria\/wp-content\/uploads\/2025\/09\/Mirasorb-HC-Filtros-de-nido-de-abeja-para-gases-1.png","datePublished":"2025-09-10T13:32:02+00:00","dateModified":"2025-11-21T15:08:52+00:00","breadcrumb":{"@id":"https:\/\/sp.com.ar\/sanitaria\/producto\/mirasorb-hc-filtros-de-nido-de-abeja-para-gases\/#breadcrumb"},"inLanguage":"es","potentialAction":[{"@type":"ReadAction","target":["https:\/\/sp.com.ar\/sanitaria\/producto\/mirasorb-hc-filtros-de-nido-de-abeja-para-gases\/"]}]},{"@type":"ImageObject","inLanguage":"es","@id":"https:\/\/sp.com.ar\/sanitaria\/producto\/mirasorb-hc-filtros-de-nido-de-abeja-para-gases\/#primaryimage","url":"https:\/\/sp.com.ar\/sanitaria\/wp-content\/uploads\/2025\/09\/Mirasorb-HC-Filtros-de-nido-de-abeja-para-gases-1.png","contentUrl":"https:\/\/sp.com.ar\/sanitaria\/wp-content\/uploads\/2025\/09\/Mirasorb-HC-Filtros-de-nido-de-abeja-para-gases-1.png","width":1200,"height":1200,"caption":"Mirasorb HC. Filtros de nido de abeja para gases"},{"@type":"BreadcrumbList","@id":"https:\/\/sp.com.ar\/sanitaria\/producto\/mirasorb-hc-filtros-de-nido-de-abeja-para-gases\/#breadcrumb","itemListElement":[{"@type":"ListItem","position":1,"name":"Portada","item":"https:\/\/sp.com.ar\/sanitaria\/"},{"@type":"ListItem","position":2,"name":"Productos","item":"https:\/\/sp.com.ar\/sanitaria\/productos\/"},{"@type":"ListItem","position":3,"name":"MiraSorb HC &#8211; filtros de nido de abeja para gases"}]},{"@type":"WebSite","@id":"https:\/\/sp.com.ar\/sanitaria\/#website","url":"https:\/\/sp.com.ar\/sanitaria\/","name":"SP Separation Processes","description":"","potentialAction":[{"@type":"SearchAction","target":{"@type":"EntryPoint","urlTemplate":"https:\/\/sp.com.ar\/sanitaria\/?s={search_term_string}"},"query-input":{"@type":"PropertyValueSpecification","valueRequired":true,"valueName":"search_term_string"}}],"inLanguage":"es"}]}},"_links":{"self":[{"href":"https:\/\/sp.com.ar\/sanitaria\/wp-json\/wp\/v2\/product\/773","targetHints":{"allow":["GET"]}}],"collection":[{"href":"https:\/\/sp.com.ar\/sanitaria\/wp-json\/wp\/v2\/product"}],"about":[{"href":"https:\/\/sp.com.ar\/sanitaria\/wp-json\/wp\/v2\/types\/product"}],"wp:featuredmedia":[{"embeddable":true,"href":"https:\/\/sp.com.ar\/sanitaria\/wp-json\/wp\/v2\/media\/1072"}],"wp:attachment":[{"href":"https:\/\/sp.com.ar\/sanitaria\/wp-json\/wp\/v2\/media?parent=773"}],"wp:term":[{"taxonomy":"product_brand","embeddable":true,"href":"https:\/\/sp.com.ar\/sanitaria\/wp-json\/wp\/v2\/product_brand?post=773"},{"taxonomy":"product_cat","embeddable":true,"href":"https:\/\/sp.com.ar\/sanitaria\/wp-json\/wp\/v2\/product_cat?post=773"},{"taxonomy":"product_tag","embeddable":true,"href":"https:\/\/sp.com.ar\/sanitaria\/wp-json\/wp\/v2\/product_tag?post=773"}],"curies":[{"name":"wp","href":"https:\/\/api.w.org\/{rel}","templated":true}]}}