{"id":776,"date":"2025-09-10T11:19:33","date_gmt":"2025-09-10T14:19:33","guid":{"rendered":"https:\/\/sp.disewhost3.com\/sanitaria\/?post_type=product&#038;p=776"},"modified":"2025-11-21T12:10:46","modified_gmt":"2025-11-21T15:10:46","slug":"terragrid-modulos-de-rejilla-de-carbon-activado","status":"publish","type":"product","link":"https:\/\/sp.com.ar\/sanitaria\/producto\/terragrid-modulos-de-rejilla-de-carbon-activado\/","title":{"rendered":"TerraGrid &#8211; m\u00f3dulos de rejilla de carb\u00f3n activado"},"content":{"rendered":"<p data-start=\"1669\" data-end=\"2351\">Cada\u00a0<strong data-start=\"1674\" data-end=\"1726\">TerraGrid \u2013 m\u00f3dulo de rejilla de carb\u00f3n activado<\/strong>\u00a0se ensambla mediante la inserci\u00f3n de los cubos en\u00a0<strong data-start=\"1777\" data-end=\"1809\">marcos met\u00e1licos o pl\u00e1sticos<\/strong>, seg\u00fan las necesidades de la aplicaci\u00f3n o las condiciones ambientales del sistema. Los marcos met\u00e1licos son ideales para entornos de alta temperatura o exposici\u00f3n qu\u00edmica severa, mientras que las versiones pl\u00e1sticas ofrecen ligereza, resistencia a la corrosi\u00f3n y facilidad de instalaci\u00f3n. Esta modularidad permite\u00a0<strong data-start=\"2124\" data-end=\"2188\">integrar el TerraGrid \u2013 m\u00f3dulo de rejilla de carb\u00f3n activado<\/strong>\u00a0en sistemas existentes sin necesidad de modificaciones estructurales, adapt\u00e1ndose a configuraciones de\u00a0<strong data-start=\"2292\" data-end=\"2317\">24 \u00d7 24 \u00d7 12 pulgadas<\/strong>\u00a0y otras medidas personalizadas.<\/p>\n<p data-start=\"2353\" data-end=\"2782\">El\u00a0<strong data-start=\"2356\" data-end=\"2428\">medio filtrante del TerraGrid \u2013 m\u00f3dulo de rejilla de carb\u00f3n activado<\/strong>\u00a0posee un\u00a0<strong data-start=\"2438\" data-end=\"2470\">\u00e1rea BET superior a 0,2 m\u00b2\/g<\/strong>, lo que significa que cada gramo de material ofrece una vasta superficie activa disponible para la adsorci\u00f3n de contaminantes gaseosos. Su alta\u00a0<strong data-start=\"2615\" data-end=\"2639\">resistencia mec\u00e1nica<\/strong>\u00a0evita fracturas o desintegraciones bajo condiciones de flujo intenso, lo que se traduce en una mayor estabilidad y una vida \u00fatil prolongada.<\/p>\n<p data-start=\"2784\" data-end=\"3235\">En t\u00e9rminos de rendimiento, el\u00a0<strong data-start=\"2815\" data-end=\"2867\">TerraGrid \u2013 m\u00f3dulo de rejilla de carb\u00f3n activado<\/strong>\u00a0alcanza\u00a0<strong data-start=\"2876\" data-end=\"2925\">eficiencias de eliminaci\u00f3n superiores al 90 %<\/strong>\u00a0para gases como\u00a0<strong data-start=\"2942\" data-end=\"2960\">amon\u00edaco (NH\u2083)<\/strong>,\u00a0<strong data-start=\"2962\" data-end=\"2980\">sulfuros (H\u2082S)<\/strong>,\u00a0<strong data-start=\"2982\" data-end=\"3038\">hidrocarburos y compuestos org\u00e1nicos vol\u00e1tiles (VOC)<\/strong>. Estas eficiencias lo posicionan como una herramienta clave para la protecci\u00f3n de equipos y ambientes industriales donde los contaminantes gaseosos representan riesgos operativos o de corrosi\u00f3n.<\/p>\n<p data-start=\"3237\" data-end=\"3692\">La\u00a0<strong data-start=\"3240\" data-end=\"3312\">presi\u00f3n inicial del TerraGrid \u2013 m\u00f3dulo de rejilla de carb\u00f3n activado<\/strong>\u00a0es \u2264\u00a0<strong data-start=\"3318\" data-end=\"3356\">145 Pa a una velocidad de 2,54 m\/s<\/strong>, mientras que la\u00a0<strong data-start=\"3374\" data-end=\"3437\">ca\u00edda de presi\u00f3n en los m\u00f3dulos est\u00e1ndar de 24 \u00d7 24 \u00d7 12 in<\/strong>\u00a0var\u00eda entre\u00a0<strong data-start=\"3450\" data-end=\"3464\">35 y 70 Pa<\/strong>, seg\u00fan el caudal de aire. Estos valores reflejan un equilibrio \u00f3ptimo entre\u00a0<strong data-start=\"3541\" data-end=\"3595\">eficiencia de filtraci\u00f3n y bajo consumo energ\u00e9tico<\/strong>, un factor fundamental en sistemas HVAC de gran capacidad o en l\u00edneas de ventilaci\u00f3n continua.<\/p>\n<h3 data-start=\"4178\" data-end=\"4236\"><strong data-start=\"4182\" data-end=\"4236\">Medio filtrante, eficiencia y aplicaciones t\u00edpicas<\/strong><\/h3>\n<p data-start=\"4238\" data-end=\"4725\">El\u00a0<strong data-start=\"4241\" data-end=\"4313\">medio filtrante del TerraGrid \u2013 m\u00f3dulo de rejilla de carb\u00f3n activado<\/strong>\u00a0est\u00e1 compuesto por\u00a0<strong data-start=\"4333\" data-end=\"4361\">carb\u00f3n activado extruido<\/strong>, un material que combina alta porosidad con gran estabilidad f\u00edsica. La estructura extruida permite mantener la forma bajo condiciones de presi\u00f3n constante, a diferencia de los filtros de lecho granular, donde el material puede asentarse o desplazarse con el tiempo. Esto garantiza un\u00a0<strong data-start=\"4647\" data-end=\"4685\">rendimiento constante y predecible<\/strong>\u00a0durante toda la vida \u00fatil del filtro.<\/p>\n<p data-start=\"4727\" data-end=\"5260\">En cuanto a la\u00a0<strong data-start=\"4742\" data-end=\"4756\">eficiencia<\/strong>, el\u00a0<strong data-start=\"4761\" data-end=\"4813\">TerraGrid \u2013 m\u00f3dulo de rejilla de carb\u00f3n activado<\/strong>\u00a0supera el\u00a0<strong data-start=\"4824\" data-end=\"4844\">90 % de remoci\u00f3n<\/strong>\u00a0para una amplia gama de contaminantes gaseosos, entre los que se incluyen\u00a0<strong data-start=\"4919\" data-end=\"5066\">amon\u00edaco, sulfuro de hidr\u00f3geno, hidrocarburos, VOC, y otros compuestos industriales t\u00edpicos de procesos petroqu\u00edmicos, mineros o de gas natural<\/strong>. Su dise\u00f1o tambi\u00e9n permite combinarlo con otras etapas de filtraci\u00f3n \u2014como prefiltros particulados o filtros HEPA\u2014 para formar sistemas de purificaci\u00f3n integral en entornos de alta exigencia.<\/p>\n<p data-start=\"5262\" data-end=\"5844\">El\u00a0<strong data-start=\"5265\" data-end=\"5317\">TerraGrid \u2013 m\u00f3dulo de rejilla de carb\u00f3n activado<\/strong>\u00a0se emplea principalmente en\u00a0<strong data-start=\"5346\" data-end=\"5372\">cabinas de compresores<\/strong>,\u00a0<strong data-start=\"5374\" data-end=\"5394\">salas de control<\/strong>,\u00a0<strong data-start=\"5396\" data-end=\"5421\">plantas petroqu\u00edmicas<\/strong>,\u00a0<strong data-start=\"5423\" data-end=\"5437\">refiner\u00edas<\/strong>,\u00a0<strong data-start=\"5439\" data-end=\"5463\">instalaciones de gas<\/strong>,\u00a0<strong data-start=\"5465\" data-end=\"5486\">plantas de aminas<\/strong>\u00a0y\u00a0<strong data-start=\"5489\" data-end=\"5520\">zonas de ventilaci\u00f3n minera<\/strong>, donde se requiere\u00a0<strong data-start=\"5540\" data-end=\"5611\">una soluci\u00f3n robusta, de larga duraci\u00f3n y con baja ca\u00edda de presi\u00f3n<\/strong>. Tambi\u00e9n se utiliza en\u00a0<strong data-start=\"5635\" data-end=\"5673\">sistemas de ventilaci\u00f3n industrial<\/strong>\u00a0que buscan reducir olores intensos o emisiones qu\u00edmicas antes de su liberaci\u00f3n al ambiente, contribuyendo al cumplimiento de normas ambientales y de higiene industrial.<\/p>\n<p data-start=\"5262\" data-end=\"5844\"><span style=\"color: #fafafa;\"><span class=\"selectable-text copyable-text xkrh14z\">Filtros HVAC sanitarios. <\/span><span class=\"selectable-text copyable-text xkrh14z\">Filtro HEPA HVAC. <\/span><span class=\"selectable-text copyable-text xkrh14z\">Filtros EPA. <\/span><span class=\"selectable-text copyable-text xkrh14z\">Filtro aire sala limpia. <\/span><span class=\"selectable-text copyable-text xkrh14z\">Filtros ULPA. <\/span><span class=\"selectable-text copyable-text xkrh14z\">Filtros para salas limpias. <\/span><span class=\"selectable-text copyable-text xkrh14z\">Filtros de aire para laboratorios. <\/span><span class=\"selectable-text copyable-text xkrh14z\">Filtro panel de aire para industria farmac\u00e9utica. <\/span><span class=\"selectable-text copyable-text xkrh14z\">Filtro panel de aire para industria alimenticia. <\/span><span class=\"selectable-text copyable-text xkrh14z\">Filtros de aire para hospitales. <\/span><span class=\"selectable-text copyable-text xkrh14z\">Filtros absolutos HEPA. <\/span><span class=\"selectable-text copyable-text xkrh14z\">Filtros HVAC laboratorios. <\/span><span class=\"selectable-text copyable-text xkrh14z\">Filtros HVAC hospitales. <\/span><span class=\"selectable-text copyable-text xkrh14z\">Filtros HVAC quirofanos<\/span><\/span><\/p>\n","protected":false},"excerpt":{"rendered":"<p data-start=\"438\" data-end=\"976\">El\u00a0<strong data-start=\"441\" data-end=\"493\">TerraGrid \u2013 m\u00f3dulo de rejilla de carb\u00f3n activado<\/strong>\u00a0es un sistema avanzado de purificaci\u00f3n qu\u00edmica del aire dise\u00f1ado para\u00a0<strong data-start=\"564\" data-end=\"689\">la eliminaci\u00f3n eficiente de gases corrosivos, compuestos org\u00e1nicos vol\u00e1tiles (VOC), olores industriales y vapores t\u00f3xicos<\/strong>. Su tecnolog\u00eda de medio\u00a0<strong data-start=\"714\" data-end=\"755\">extrudido en forma de rejilla o panal<\/strong>\u00a0proporciona una\u00a0<strong data-start=\"772\" data-end=\"850\">baja ca\u00edda de presi\u00f3n, alta capacidad de adsorci\u00f3n y excelente durabilidad<\/strong>, convirti\u00e9ndolo en una de las soluciones m\u00e1s efectivas y confiables para aplicaciones industriales y energ\u00e9ticas exigentes.<\/p>\n<p data-start=\"978\" data-end=\"1667\">El\u00a0<strong data-start=\"981\" data-end=\"1033\">TerraGrid \u2013 m\u00f3dulo de rejilla de carb\u00f3n activado<\/strong>\u00a0utiliza\u00a0<strong data-start=\"1042\" data-end=\"1096\">cubos extruidos de carb\u00f3n activado micro-granulado<\/strong>, formulados con un alto contenido de carbono activo que le confiere una\u00a0<strong data-start=\"1169\" data-end=\"1202\">actividad CTC m\u00ednima del 60 %<\/strong>, garantizando una elevada capacidad de retenci\u00f3n de gases. Estos cubos presentan una\u00a0<strong data-start=\"1288\" data-end=\"1320\">estructura regular de celdas<\/strong>\u00a0de\u00a0<strong data-start=\"1324\" data-end=\"1346\">100 \u00d7 100 \u00d7 100 mm<\/strong>, con una densidad de\u00a0<strong data-start=\"1368\" data-end=\"1403\">150 celdas por pulgada cuadrada<\/strong>, que maximiza la superficie de contacto entre el aire contaminado y el medio filtrante. Esta estructura abierta y sim\u00e9trica permite un flujo de aire laminar y uniforme, reduciendo significativamente la p\u00e9rdida de carga sin comprometer la eficiencia de remoci\u00f3n.<\/p>\n","protected":false},"featured_media":1074,"template":"","meta":{"_acf_changed":false,"_joinchat":[]},"product_brand":[],"product_cat":[25],"product_tag":[],"class_list":{"0":"post-776","1":"product","2":"type-product","3":"status-publish","4":"has-post-thumbnail","6":"product_cat-paneles-filtrantes-hvac","8":"first","9":"instock","10":"shipping-taxable","11":"product-type-simple"},"acf":[],"yoast_head":"<!-- This site is optimized with the Yoast SEO plugin v25.6 - https:\/\/yoast.com\/wordpress\/plugins\/seo\/ -->\n<title>TerraGrid - m\u00f3dulos de rejilla de carb\u00f3n activado | SP Separation Processes<\/title>\n<meta name=\"robots\" content=\"index, follow, max-snippet:-1, max-image-preview:large, max-video-preview:-1\" \/>\n<link rel=\"canonical\" href=\"https:\/\/sp.com.ar\/sanitaria\/producto\/terragrid-modulos-de-rejilla-de-carbon-activado\/\" \/>\n<meta property=\"og:locale\" content=\"es_ES\" \/>\n<meta property=\"og:type\" content=\"article\" \/>\n<meta property=\"og:title\" content=\"TerraGrid - m\u00f3dulos de rejilla de carb\u00f3n activado | SP Separation Processes\" \/>\n<meta property=\"og:description\" content=\"El\u00a0TerraGrid \u2013 m\u00f3dulo de rejilla de carb\u00f3n activado\u00a0es un sistema avanzado de purificaci\u00f3n qu\u00edmica del aire dise\u00f1ado para\u00a0la eliminaci\u00f3n eficiente de gases corrosivos, compuestos org\u00e1nicos vol\u00e1tiles (VOC), olores industriales y vapores t\u00f3xicos. Su tecnolog\u00eda de medio\u00a0extrudido en forma de rejilla o panal\u00a0proporciona una\u00a0baja ca\u00edda de presi\u00f3n, alta capacidad de adsorci\u00f3n y excelente durabilidad, convirti\u00e9ndolo en una de las soluciones m\u00e1s efectivas y confiables para aplicaciones industriales y energ\u00e9ticas exigentes. El\u00a0TerraGrid \u2013 m\u00f3dulo de rejilla de carb\u00f3n activado\u00a0utiliza\u00a0cubos extruidos de carb\u00f3n activado micro-granulado, formulados con un alto contenido de carbono activo que le confiere una\u00a0actividad CTC m\u00ednima del 60 %, garantizando una elevada capacidad de retenci\u00f3n de gases. Estos cubos presentan una\u00a0estructura regular de celdas\u00a0de\u00a0100 \u00d7 100 \u00d7 100 mm, con una densidad de\u00a0150 celdas por pulgada cuadrada, que maximiza la superficie de contacto entre el aire contaminado y el medio filtrante. Esta estructura abierta y sim\u00e9trica permite un flujo de aire laminar y uniforme, reduciendo significativamente la p\u00e9rdida de carga sin comprometer la eficiencia de remoci\u00f3n.\" \/>\n<meta property=\"og:url\" content=\"https:\/\/sp.com.ar\/sanitaria\/producto\/terragrid-modulos-de-rejilla-de-carbon-activado\/\" \/>\n<meta property=\"og:site_name\" content=\"SP Separation Processes\" \/>\n<meta property=\"article:modified_time\" content=\"2025-11-21T15:10:46+00:00\" \/>\n<meta property=\"og:image\" content=\"https:\/\/sp.com.ar\/sanitaria\/wp-content\/uploads\/2025\/09\/Terra-Grid.-Modulos-de-rejilla-de-carbon-activado-2.png\" \/>\n\t<meta property=\"og:image:width\" content=\"1200\" \/>\n\t<meta property=\"og:image:height\" content=\"1200\" \/>\n\t<meta property=\"og:image:type\" content=\"image\/png\" \/>\n<meta name=\"twitter:card\" content=\"summary_large_image\" \/>\n<meta name=\"twitter:label1\" content=\"Tiempo de lectura\" \/>\n\t<meta name=\"twitter:data1\" content=\"3 minutos\" \/>\n<script type=\"application\/ld+json\" class=\"yoast-schema-graph\">{\"@context\":\"https:\/\/schema.org\",\"@graph\":[{\"@type\":\"WebPage\",\"@id\":\"https:\/\/sp.com.ar\/sanitaria\/producto\/terragrid-modulos-de-rejilla-de-carbon-activado\/\",\"url\":\"https:\/\/sp.com.ar\/sanitaria\/producto\/terragrid-modulos-de-rejilla-de-carbon-activado\/\",\"name\":\"TerraGrid - m\u00f3dulos de rejilla de carb\u00f3n activado | SP Separation Processes\",\"isPartOf\":{\"@id\":\"https:\/\/sp.com.ar\/sanitaria\/#website\"},\"primaryImageOfPage\":{\"@id\":\"https:\/\/sp.com.ar\/sanitaria\/producto\/terragrid-modulos-de-rejilla-de-carbon-activado\/#primaryimage\"},\"image\":{\"@id\":\"https:\/\/sp.com.ar\/sanitaria\/producto\/terragrid-modulos-de-rejilla-de-carbon-activado\/#primaryimage\"},\"thumbnailUrl\":\"https:\/\/sp.com.ar\/sanitaria\/wp-content\/uploads\/2025\/09\/Terra-Grid.-Modulos-de-rejilla-de-carbon-activado-2.png\",\"datePublished\":\"2025-09-10T14:19:33+00:00\",\"dateModified\":\"2025-11-21T15:10:46+00:00\",\"breadcrumb\":{\"@id\":\"https:\/\/sp.com.ar\/sanitaria\/producto\/terragrid-modulos-de-rejilla-de-carbon-activado\/#breadcrumb\"},\"inLanguage\":\"es\",\"potentialAction\":[{\"@type\":\"ReadAction\",\"target\":[\"https:\/\/sp.com.ar\/sanitaria\/producto\/terragrid-modulos-de-rejilla-de-carbon-activado\/\"]}]},{\"@type\":\"ImageObject\",\"inLanguage\":\"es\",\"@id\":\"https:\/\/sp.com.ar\/sanitaria\/producto\/terragrid-modulos-de-rejilla-de-carbon-activado\/#primaryimage\",\"url\":\"https:\/\/sp.com.ar\/sanitaria\/wp-content\/uploads\/2025\/09\/Terra-Grid.-Modulos-de-rejilla-de-carbon-activado-2.png\",\"contentUrl\":\"https:\/\/sp.com.ar\/sanitaria\/wp-content\/uploads\/2025\/09\/Terra-Grid.-Modulos-de-rejilla-de-carbon-activado-2.png\",\"width\":1200,\"height\":1200,\"caption\":\"Terra grid. Modulos de rejilla de carbon activado\"},{\"@type\":\"BreadcrumbList\",\"@id\":\"https:\/\/sp.com.ar\/sanitaria\/producto\/terragrid-modulos-de-rejilla-de-carbon-activado\/#breadcrumb\",\"itemListElement\":[{\"@type\":\"ListItem\",\"position\":1,\"name\":\"Portada\",\"item\":\"https:\/\/sp.com.ar\/sanitaria\/\"},{\"@type\":\"ListItem\",\"position\":2,\"name\":\"Productos\",\"item\":\"https:\/\/sp.com.ar\/sanitaria\/productos\/\"},{\"@type\":\"ListItem\",\"position\":3,\"name\":\"TerraGrid &#8211; m\u00f3dulos de rejilla de carb\u00f3n activado\"}]},{\"@type\":\"WebSite\",\"@id\":\"https:\/\/sp.com.ar\/sanitaria\/#website\",\"url\":\"https:\/\/sp.com.ar\/sanitaria\/\",\"name\":\"SP Separation Processes\",\"description\":\"\",\"potentialAction\":[{\"@type\":\"SearchAction\",\"target\":{\"@type\":\"EntryPoint\",\"urlTemplate\":\"https:\/\/sp.com.ar\/sanitaria\/?s={search_term_string}\"},\"query-input\":{\"@type\":\"PropertyValueSpecification\",\"valueRequired\":true,\"valueName\":\"search_term_string\"}}],\"inLanguage\":\"es\"}]}<\/script>\n<!-- \/ Yoast SEO plugin. -->","yoast_head_json":{"title":"TerraGrid - m\u00f3dulos de rejilla de carb\u00f3n activado | SP Separation Processes","robots":{"index":"index","follow":"follow","max-snippet":"max-snippet:-1","max-image-preview":"max-image-preview:large","max-video-preview":"max-video-preview:-1"},"canonical":"https:\/\/sp.com.ar\/sanitaria\/producto\/terragrid-modulos-de-rejilla-de-carbon-activado\/","og_locale":"es_ES","og_type":"article","og_title":"TerraGrid - m\u00f3dulos de rejilla de carb\u00f3n activado | SP Separation Processes","og_description":"El\u00a0TerraGrid \u2013 m\u00f3dulo de rejilla de carb\u00f3n activado\u00a0es un sistema avanzado de purificaci\u00f3n qu\u00edmica del aire dise\u00f1ado para\u00a0la eliminaci\u00f3n eficiente de gases corrosivos, compuestos org\u00e1nicos vol\u00e1tiles (VOC), olores industriales y vapores t\u00f3xicos. Su tecnolog\u00eda de medio\u00a0extrudido en forma de rejilla o panal\u00a0proporciona una\u00a0baja ca\u00edda de presi\u00f3n, alta capacidad de adsorci\u00f3n y excelente durabilidad, convirti\u00e9ndolo en una de las soluciones m\u00e1s efectivas y confiables para aplicaciones industriales y energ\u00e9ticas exigentes. El\u00a0TerraGrid \u2013 m\u00f3dulo de rejilla de carb\u00f3n activado\u00a0utiliza\u00a0cubos extruidos de carb\u00f3n activado micro-granulado, formulados con un alto contenido de carbono activo que le confiere una\u00a0actividad CTC m\u00ednima del 60 %, garantizando una elevada capacidad de retenci\u00f3n de gases. Estos cubos presentan una\u00a0estructura regular de celdas\u00a0de\u00a0100 \u00d7 100 \u00d7 100 mm, con una densidad de\u00a0150 celdas por pulgada cuadrada, que maximiza la superficie de contacto entre el aire contaminado y el medio filtrante. Esta estructura abierta y sim\u00e9trica permite un flujo de aire laminar y uniforme, reduciendo significativamente la p\u00e9rdida de carga sin comprometer la eficiencia de remoci\u00f3n.","og_url":"https:\/\/sp.com.ar\/sanitaria\/producto\/terragrid-modulos-de-rejilla-de-carbon-activado\/","og_site_name":"SP Separation Processes","article_modified_time":"2025-11-21T15:10:46+00:00","og_image":[{"width":1200,"height":1200,"url":"https:\/\/sp.com.ar\/sanitaria\/wp-content\/uploads\/2025\/09\/Terra-Grid.-Modulos-de-rejilla-de-carbon-activado-2.png","type":"image\/png"}],"twitter_card":"summary_large_image","twitter_misc":{"Tiempo de lectura":"3 minutos"},"schema":{"@context":"https:\/\/schema.org","@graph":[{"@type":"WebPage","@id":"https:\/\/sp.com.ar\/sanitaria\/producto\/terragrid-modulos-de-rejilla-de-carbon-activado\/","url":"https:\/\/sp.com.ar\/sanitaria\/producto\/terragrid-modulos-de-rejilla-de-carbon-activado\/","name":"TerraGrid - m\u00f3dulos de rejilla de carb\u00f3n activado | SP Separation Processes","isPartOf":{"@id":"https:\/\/sp.com.ar\/sanitaria\/#website"},"primaryImageOfPage":{"@id":"https:\/\/sp.com.ar\/sanitaria\/producto\/terragrid-modulos-de-rejilla-de-carbon-activado\/#primaryimage"},"image":{"@id":"https:\/\/sp.com.ar\/sanitaria\/producto\/terragrid-modulos-de-rejilla-de-carbon-activado\/#primaryimage"},"thumbnailUrl":"https:\/\/sp.com.ar\/sanitaria\/wp-content\/uploads\/2025\/09\/Terra-Grid.-Modulos-de-rejilla-de-carbon-activado-2.png","datePublished":"2025-09-10T14:19:33+00:00","dateModified":"2025-11-21T15:10:46+00:00","breadcrumb":{"@id":"https:\/\/sp.com.ar\/sanitaria\/producto\/terragrid-modulos-de-rejilla-de-carbon-activado\/#breadcrumb"},"inLanguage":"es","potentialAction":[{"@type":"ReadAction","target":["https:\/\/sp.com.ar\/sanitaria\/producto\/terragrid-modulos-de-rejilla-de-carbon-activado\/"]}]},{"@type":"ImageObject","inLanguage":"es","@id":"https:\/\/sp.com.ar\/sanitaria\/producto\/terragrid-modulos-de-rejilla-de-carbon-activado\/#primaryimage","url":"https:\/\/sp.com.ar\/sanitaria\/wp-content\/uploads\/2025\/09\/Terra-Grid.-Modulos-de-rejilla-de-carbon-activado-2.png","contentUrl":"https:\/\/sp.com.ar\/sanitaria\/wp-content\/uploads\/2025\/09\/Terra-Grid.-Modulos-de-rejilla-de-carbon-activado-2.png","width":1200,"height":1200,"caption":"Terra grid. Modulos de rejilla de carbon activado"},{"@type":"BreadcrumbList","@id":"https:\/\/sp.com.ar\/sanitaria\/producto\/terragrid-modulos-de-rejilla-de-carbon-activado\/#breadcrumb","itemListElement":[{"@type":"ListItem","position":1,"name":"Portada","item":"https:\/\/sp.com.ar\/sanitaria\/"},{"@type":"ListItem","position":2,"name":"Productos","item":"https:\/\/sp.com.ar\/sanitaria\/productos\/"},{"@type":"ListItem","position":3,"name":"TerraGrid &#8211; m\u00f3dulos de rejilla de carb\u00f3n activado"}]},{"@type":"WebSite","@id":"https:\/\/sp.com.ar\/sanitaria\/#website","url":"https:\/\/sp.com.ar\/sanitaria\/","name":"SP Separation Processes","description":"","potentialAction":[{"@type":"SearchAction","target":{"@type":"EntryPoint","urlTemplate":"https:\/\/sp.com.ar\/sanitaria\/?s={search_term_string}"},"query-input":{"@type":"PropertyValueSpecification","valueRequired":true,"valueName":"search_term_string"}}],"inLanguage":"es"}]}},"_links":{"self":[{"href":"https:\/\/sp.com.ar\/sanitaria\/wp-json\/wp\/v2\/product\/776","targetHints":{"allow":["GET"]}}],"collection":[{"href":"https:\/\/sp.com.ar\/sanitaria\/wp-json\/wp\/v2\/product"}],"about":[{"href":"https:\/\/sp.com.ar\/sanitaria\/wp-json\/wp\/v2\/types\/product"}],"wp:featuredmedia":[{"embeddable":true,"href":"https:\/\/sp.com.ar\/sanitaria\/wp-json\/wp\/v2\/media\/1074"}],"wp:attachment":[{"href":"https:\/\/sp.com.ar\/sanitaria\/wp-json\/wp\/v2\/media?parent=776"}],"wp:term":[{"taxonomy":"product_brand","embeddable":true,"href":"https:\/\/sp.com.ar\/sanitaria\/wp-json\/wp\/v2\/product_brand?post=776"},{"taxonomy":"product_cat","embeddable":true,"href":"https:\/\/sp.com.ar\/sanitaria\/wp-json\/wp\/v2\/product_cat?post=776"},{"taxonomy":"product_tag","embeddable":true,"href":"https:\/\/sp.com.ar\/sanitaria\/wp-json\/wp\/v2\/product_tag?post=776"}],"curies":[{"name":"wp","href":"https:\/\/api.w.org\/{rel}","templated":true}]}}