{"id":778,"date":"2025-09-10T11:32:38","date_gmt":"2025-09-10T14:32:38","guid":{"rendered":"https:\/\/sp.disewhost3.com\/sanitaria\/?post_type=product&#038;p=778"},"modified":"2025-11-21T12:11:35","modified_gmt":"2025-11-21T15:11:35","slug":"tetrakleen-filtro-hepa-ptfe-de-mini-pleat","status":"publish","type":"product","link":"https:\/\/sp.com.ar\/sanitaria\/producto\/tetrakleen-filtro-hepa-ptfe-de-mini-pleat\/","title":{"rendered":"TetraKleen &#8211; filtro HEPA\/PTFE de mini pleat"},"content":{"rendered":"<p data-start=\"1701\" data-end=\"2097\">La\u00a0<strong data-start=\"1704\" data-end=\"1771\">presi\u00f3n inicial del TetraKleen \u2013 filtro HEPA\/PTFE de mini pleat<\/strong>\u00a0se encuentra entre\u00a0<strong data-start=\"1791\" data-end=\"1805\">40 y 85 Pa<\/strong>, dependiendo del modelo y del caudal de aire, mientras que la\u00a0<strong data-start=\"1868\" data-end=\"1897\">presi\u00f3n final recomendada<\/strong>\u00a0es de\u00a0<strong data-start=\"1904\" data-end=\"1914\">500 Pa<\/strong>. Este rango demuestra su excelente balance entre eficiencia y baja ca\u00edda de presi\u00f3n, una ventaja clave para\u00a0<strong data-start=\"2023\" data-end=\"2077\">reducir el consumo energ\u00e9tico en los sistemas HVAC<\/strong>\u00a0donde se instale.<\/p>\n<p data-start=\"2099\" data-end=\"2733\">Una de las caracter\u00edsticas m\u00e1s destacadas del\u00a0<strong data-start=\"2145\" data-end=\"2192\">TetraKleen \u2013 filtro HEPA\/PTFE de mini pleat<\/strong>\u00a0es su\u00a0<strong data-start=\"2199\" data-end=\"2227\">alta resistencia qu\u00edmica<\/strong>, producto de la composici\u00f3n del PTFE. Este material es inerte frente a la mayor\u00eda de los \u00e1cidos, disolventes org\u00e1nicos, vapores corrosivos y agentes oxidantes, lo que permite su uso en ambientes altamente agresivos, como salas de control en refiner\u00edas o plantas de gas. Adem\u00e1s, presenta\u00a0<strong data-start=\"2515\" data-end=\"2559\">impurezas met\u00e1licas extremadamente bajas<\/strong>, con concentraciones m\u00ednimas de\u00a0<strong data-start=\"2592\" data-end=\"2628\">plomo, sodio, potasio y magnesio<\/strong>, lo cual evita la contaminaci\u00f3n cruzada y lo hace apto para \u00e1reas donde la pureza qu\u00edmica es esencial.<\/p>\n<p data-start=\"2735\" data-end=\"3440\">El\u00a0<strong data-start=\"2738\" data-end=\"2785\">TetraKleen \u2013 filtro HEPA\/PTFE de mini pleat<\/strong>\u00a0tambi\u00e9n se distingue por su\u00a0<strong data-start=\"2814\" data-end=\"2838\">robusta construcci\u00f3n<\/strong>. El marco puede fabricarse en\u00a0<strong data-start=\"2869\" data-end=\"2929\">aluminio anodizado, acero galvanizado o acero inoxidable<\/strong>, seg\u00fan los requerimientos del cliente o las condiciones de operaci\u00f3n. Estos materiales aseguran rigidez estructural y resistencia mec\u00e1nica frente a vibraciones o cambios de presi\u00f3n. El\u00a0<strong data-start=\"3115\" data-end=\"3140\">separador de hot-melt<\/strong>\u00a0mantiene los pliegues uniformemente espaciados, favoreciendo un flujo de aire estable y reduciendo la p\u00e9rdida de carga. El sellado del medio se realiza mediante\u00a0<strong data-start=\"3302\" data-end=\"3334\">poliuretano de alta densidad<\/strong>, que garantiza una uni\u00f3n herm\u00e9tica, evitando fugas de aire no filtrado incluso bajo presiones elevadas.<\/p>\n<p data-start=\"3935\" data-end=\"4367\">El\u00a0<strong data-start=\"3938\" data-end=\"3985\">TetraKleen \u2013 filtro HEPA\/PTFE de mini pleat<\/strong>\u00a0est\u00e1 dise\u00f1ado para operar de forma confiable en\u00a0<strong data-start=\"4034\" data-end=\"4065\">temperaturas de hasta 70 \u00b0C<\/strong>\u00a0y\u00a0<strong data-start=\"4068\" data-end=\"4113\">niveles de humedad relativa de hasta 95 %<\/strong>, sin degradaci\u00f3n de su rendimiento ni p\u00e9rdida de integridad estructural. Estas propiedades le permiten funcionar de manera constante en ambientes donde otros filtros HEPA convencionales podr\u00edan fallar por saturaci\u00f3n, corrosi\u00f3n o deformaci\u00f3n del medio.<\/p>\n<h3 data-start=\"4369\" data-end=\"4427\"><strong data-start=\"4373\" data-end=\"4427\">Medio filtrante, eficiencia y aplicaciones t\u00edpicas<\/strong><\/h3>\n<p data-start=\"4429\" data-end=\"4963\">El\u00a0<strong data-start=\"4432\" data-end=\"4499\">medio filtrante del TetraKleen \u2013 filtro HEPA\/PTFE de mini pleat<\/strong>\u00a0est\u00e1 compuesto por una\u00a0<strong data-start=\"4523\" data-end=\"4555\">membrana de PTFE microporosa<\/strong>\u00a0con porosidad controlada, lo que asegura una\u00a0<strong data-start=\"4601\" data-end=\"4648\">retenci\u00f3n uniforme de part\u00edculas ultrafinas<\/strong>, incluso a altos caudales. Su estructura repele el agua, el aceite y los solventes, evitando que la humedad o las sustancias qu\u00edmicas afecten su desempe\u00f1o. Adem\u00e1s, puede limpiarse mediante procedimientos controlados, lo que prolonga su vida \u00fatil en entornos donde la exposici\u00f3n a vapores o aerosoles es continua.<\/p>\n<p data-start=\"4965\" data-end=\"5701\">Las\u00a0<strong data-start=\"4969\" data-end=\"5032\">eficiencias del TetraKleen \u2013 filtro HEPA\/PTFE de mini pleat<\/strong>, clasificadas en\u00a0<strong data-start=\"5050\" data-end=\"5068\">H13, H14 y U17<\/strong>, superan el\u00a0<strong data-start=\"5081\" data-end=\"5128\">99,985 % de captura de part\u00edculas de 0,3 \u00b5m<\/strong>, convirti\u00e9ndolo en una herramienta esencial para\u00a0<strong data-start=\"5178\" data-end=\"5282\">la protecci\u00f3n de equipos electr\u00f3nicos sensibles, sistemas de instrumentaci\u00f3n y ambientes controlados<\/strong>. En\u00a0<strong data-start=\"5287\" data-end=\"5325\">plantas petroqu\u00edmicas y refiner\u00edas<\/strong>, su funci\u00f3n principal es evitar que contaminantes corrosivos ingresen a las cabinas de control o a las unidades de monitoreo de procesos. En\u00a0<strong data-start=\"5467\" data-end=\"5512\">instalaciones mineras y de petr\u00f3leo y gas<\/strong>, el filtro asegura la calidad del aire en \u00e1reas de instrumentaci\u00f3n o control remoto, donde las part\u00edculas finas y vapores \u00e1cidos podr\u00edan da\u00f1ar sensores, v\u00e1lvulas y tableros electr\u00f3nicos.<\/p>\n<p data-start=\"5703\" data-end=\"6031\">El\u00a0<strong data-start=\"5706\" data-end=\"5753\">TetraKleen \u2013 filtro HEPA\/PTFE de mini pleat<\/strong>\u00a0tambi\u00e9n se utiliza en\u00a0<strong data-start=\"5776\" data-end=\"5911\">laboratorios de an\u00e1lisis qu\u00edmico, cabinas de extracci\u00f3n de gases, sistemas HVAC de alta pureza y plantas con atm\u00f3sferas controladas<\/strong>, donde se requiere un equilibrio entre\u00a0<strong data-start=\"5951\" data-end=\"6028\">m\u00e1xima eficiencia de filtraci\u00f3n, resistencia qu\u00edmica y bajo mantenimiento<\/strong>.<\/p>\n<p data-start=\"5703\" data-end=\"6031\"><span style=\"color: #fafafa;\"><span class=\"selectable-text copyable-text xkrh14z\">Filtros HVAC sanitarios. <\/span><span class=\"selectable-text copyable-text xkrh14z\">Filtro HEPA HVAC. <\/span><span class=\"selectable-text copyable-text xkrh14z\">Filtros EPA. <\/span><span class=\"selectable-text copyable-text xkrh14z\">Filtro aire sala limpia. <\/span><span class=\"selectable-text copyable-text xkrh14z\">Filtros ULPA. <\/span><span class=\"selectable-text copyable-text xkrh14z\">Filtros para salas limpias. <\/span><span class=\"selectable-text copyable-text xkrh14z\">Filtros de aire para laboratorios. <\/span><span class=\"selectable-text copyable-text xkrh14z\">Filtro panel de aire para industria farmac\u00e9utica. <\/span><span class=\"selectable-text copyable-text xkrh14z\">Filtro panel de aire para industria alimenticia. <\/span><span class=\"selectable-text copyable-text xkrh14z\">Filtros de aire para hospitales. <\/span><span class=\"selectable-text copyable-text xkrh14z\">Filtros absolutos HEPA. <\/span><span class=\"selectable-text copyable-text xkrh14z\">Filtros HVAC laboratorios. <\/span><span class=\"selectable-text copyable-text xkrh14z\">Filtros HVAC hospitales. <\/span><span class=\"selectable-text copyable-text xkrh14z\">Filtros HVAC quirofanos<\/span><\/span><\/p>\n","protected":false},"excerpt":{"rendered":"<p data-start=\"419\" data-end=\"1101\">El\u00a0<strong data-start=\"422\" data-end=\"469\">TetraKleen \u2013 filtro HEPA\/PTFE de mini pleat<\/strong>\u00a0representa una evoluci\u00f3n en la tecnolog\u00eda de filtraci\u00f3n de aire industrial, ofreciendo una\u00a0<strong data-start=\"561\" data-end=\"644\">eficiencia excepcional, baja resistencia al flujo y alta compatibilidad qu\u00edmica<\/strong>. Est\u00e1 dise\u00f1ado para entornos donde se requiere la m\u00e1s alta pureza del aire y una resistencia superior frente a agentes corrosivos, solventes o \u00e1cidos presentes en el ambiente. Su arquitectura compacta, combinada con el uso de una\u00a0<strong data-start=\"875\" data-end=\"905\">membrana de PTFE ultrapura<\/strong>, convierte al\u00a0<strong data-start=\"920\" data-end=\"967\">TetraKleen \u2013 filtro HEPA\/PTFE de mini pleat<\/strong>\u00a0en una soluci\u00f3n ideal para aplicaciones cr\u00edticas en\u00a0<strong data-start=\"1020\" data-end=\"1098\">refiner\u00edas, plantas petroqu\u00edmicas, miner\u00eda y sistemas de control ambiental<\/strong>.<\/p>\n<p data-start=\"1103\" data-end=\"1699\">El\u00a0<strong data-start=\"1106\" data-end=\"1153\">TetraKleen \u2013 filtro HEPA\/PTFE de mini pleat<\/strong>\u00a0utiliza una\u00a0<strong data-start=\"1166\" data-end=\"1211\">membrana de politetrafluoroetileno (PTFE)<\/strong>\u00a0de grado ultrapuro como medio filtrante principal. Este material posee una estructura microporosa altamente uniforme que permite el paso de aire con una resistencia m\u00ednima, mientras captura de manera efectiva part\u00edculas microsc\u00f3picas, aerosoles y vapores contaminantes. Las eficiencias alcanzadas van desde\u00a0<strong data-start=\"1519\" data-end=\"1537\">99,985 % (H13)<\/strong>\u00a0hasta\u00a0<strong data-start=\"1544\" data-end=\"1563\">99,9999 % (U17)<\/strong>, seg\u00fan la norma EN 1822, lo que lo posiciona entre los filtros HEPA y ULPA de mayor rendimiento disponibles en el mercado industrial.<\/p>\n","protected":false},"featured_media":1075,"template":"","meta":{"_acf_changed":false,"_joinchat":[]},"product_brand":[],"product_cat":[25],"product_tag":[],"class_list":{"0":"post-778","1":"product","2":"type-product","3":"status-publish","4":"has-post-thumbnail","6":"product_cat-paneles-filtrantes-hvac","8":"first","9":"instock","10":"shipping-taxable","11":"product-type-simple"},"acf":[],"yoast_head":"<!-- This site is optimized with the Yoast SEO plugin v25.6 - https:\/\/yoast.com\/wordpress\/plugins\/seo\/ -->\n<title>TetraKleen - filtro HEPA\/PTFE de mini pleat | SP Separation Processes<\/title>\n<meta name=\"robots\" content=\"index, follow, max-snippet:-1, max-image-preview:large, max-video-preview:-1\" \/>\n<link rel=\"canonical\" href=\"https:\/\/sp.com.ar\/sanitaria\/producto\/tetrakleen-filtro-hepa-ptfe-de-mini-pleat\/\" \/>\n<meta property=\"og:locale\" content=\"es_ES\" \/>\n<meta property=\"og:type\" content=\"article\" \/>\n<meta property=\"og:title\" content=\"TetraKleen - filtro HEPA\/PTFE de mini pleat | SP Separation Processes\" \/>\n<meta property=\"og:description\" content=\"El\u00a0TetraKleen \u2013 filtro HEPA\/PTFE de mini pleat\u00a0representa una evoluci\u00f3n en la tecnolog\u00eda de filtraci\u00f3n de aire industrial, ofreciendo una\u00a0eficiencia excepcional, baja resistencia al flujo y alta compatibilidad qu\u00edmica. Est\u00e1 dise\u00f1ado para entornos donde se requiere la m\u00e1s alta pureza del aire y una resistencia superior frente a agentes corrosivos, solventes o \u00e1cidos presentes en el ambiente. Su arquitectura compacta, combinada con el uso de una\u00a0membrana de PTFE ultrapura, convierte al\u00a0TetraKleen \u2013 filtro HEPA\/PTFE de mini pleat\u00a0en una soluci\u00f3n ideal para aplicaciones cr\u00edticas en\u00a0refiner\u00edas, plantas petroqu\u00edmicas, miner\u00eda y sistemas de control ambiental. El\u00a0TetraKleen \u2013 filtro HEPA\/PTFE de mini pleat\u00a0utiliza una\u00a0membrana de politetrafluoroetileno (PTFE)\u00a0de grado ultrapuro como medio filtrante principal. Este material posee una estructura microporosa altamente uniforme que permite el paso de aire con una resistencia m\u00ednima, mientras captura de manera efectiva part\u00edculas microsc\u00f3picas, aerosoles y vapores contaminantes. Las eficiencias alcanzadas van desde\u00a099,985 % (H13)\u00a0hasta\u00a099,9999 % (U17), seg\u00fan la norma EN 1822, lo que lo posiciona entre los filtros HEPA y ULPA de mayor rendimiento disponibles en el mercado industrial.\" \/>\n<meta property=\"og:url\" content=\"https:\/\/sp.com.ar\/sanitaria\/producto\/tetrakleen-filtro-hepa-ptfe-de-mini-pleat\/\" \/>\n<meta property=\"og:site_name\" content=\"SP Separation Processes\" \/>\n<meta property=\"article:modified_time\" content=\"2025-11-21T15:11:35+00:00\" \/>\n<meta property=\"og:image\" content=\"https:\/\/sp.com.ar\/sanitaria\/wp-content\/uploads\/2025\/09\/Tetra-kleen.-Filtro-HEPAPTFE-de-mini-pleat-1.png\" \/>\n\t<meta property=\"og:image:width\" content=\"1200\" \/>\n\t<meta property=\"og:image:height\" content=\"1200\" \/>\n\t<meta property=\"og:image:type\" content=\"image\/png\" \/>\n<meta name=\"twitter:card\" content=\"summary_large_image\" \/>\n<meta name=\"twitter:label1\" content=\"Tiempo de lectura\" \/>\n\t<meta name=\"twitter:data1\" content=\"3 minutos\" \/>\n<script type=\"application\/ld+json\" class=\"yoast-schema-graph\">{\"@context\":\"https:\/\/schema.org\",\"@graph\":[{\"@type\":\"WebPage\",\"@id\":\"https:\/\/sp.com.ar\/sanitaria\/producto\/tetrakleen-filtro-hepa-ptfe-de-mini-pleat\/\",\"url\":\"https:\/\/sp.com.ar\/sanitaria\/producto\/tetrakleen-filtro-hepa-ptfe-de-mini-pleat\/\",\"name\":\"TetraKleen - filtro HEPA\/PTFE de mini pleat | SP Separation Processes\",\"isPartOf\":{\"@id\":\"https:\/\/sp.com.ar\/sanitaria\/#website\"},\"primaryImageOfPage\":{\"@id\":\"https:\/\/sp.com.ar\/sanitaria\/producto\/tetrakleen-filtro-hepa-ptfe-de-mini-pleat\/#primaryimage\"},\"image\":{\"@id\":\"https:\/\/sp.com.ar\/sanitaria\/producto\/tetrakleen-filtro-hepa-ptfe-de-mini-pleat\/#primaryimage\"},\"thumbnailUrl\":\"https:\/\/sp.com.ar\/sanitaria\/wp-content\/uploads\/2025\/09\/Tetra-kleen.-Filtro-HEPAPTFE-de-mini-pleat-1.png\",\"datePublished\":\"2025-09-10T14:32:38+00:00\",\"dateModified\":\"2025-11-21T15:11:35+00:00\",\"breadcrumb\":{\"@id\":\"https:\/\/sp.com.ar\/sanitaria\/producto\/tetrakleen-filtro-hepa-ptfe-de-mini-pleat\/#breadcrumb\"},\"inLanguage\":\"es\",\"potentialAction\":[{\"@type\":\"ReadAction\",\"target\":[\"https:\/\/sp.com.ar\/sanitaria\/producto\/tetrakleen-filtro-hepa-ptfe-de-mini-pleat\/\"]}]},{\"@type\":\"ImageObject\",\"inLanguage\":\"es\",\"@id\":\"https:\/\/sp.com.ar\/sanitaria\/producto\/tetrakleen-filtro-hepa-ptfe-de-mini-pleat\/#primaryimage\",\"url\":\"https:\/\/sp.com.ar\/sanitaria\/wp-content\/uploads\/2025\/09\/Tetra-kleen.-Filtro-HEPAPTFE-de-mini-pleat-1.png\",\"contentUrl\":\"https:\/\/sp.com.ar\/sanitaria\/wp-content\/uploads\/2025\/09\/Tetra-kleen.-Filtro-HEPAPTFE-de-mini-pleat-1.png\",\"width\":1200,\"height\":1200,\"caption\":\"Tetra kleen. Filtro HEPA PTFE de mini pleat\"},{\"@type\":\"BreadcrumbList\",\"@id\":\"https:\/\/sp.com.ar\/sanitaria\/producto\/tetrakleen-filtro-hepa-ptfe-de-mini-pleat\/#breadcrumb\",\"itemListElement\":[{\"@type\":\"ListItem\",\"position\":1,\"name\":\"Portada\",\"item\":\"https:\/\/sp.com.ar\/sanitaria\/\"},{\"@type\":\"ListItem\",\"position\":2,\"name\":\"Productos\",\"item\":\"https:\/\/sp.com.ar\/sanitaria\/productos\/\"},{\"@type\":\"ListItem\",\"position\":3,\"name\":\"TetraKleen &#8211; filtro HEPA\/PTFE de mini pleat\"}]},{\"@type\":\"WebSite\",\"@id\":\"https:\/\/sp.com.ar\/sanitaria\/#website\",\"url\":\"https:\/\/sp.com.ar\/sanitaria\/\",\"name\":\"SP Separation Processes\",\"description\":\"\",\"potentialAction\":[{\"@type\":\"SearchAction\",\"target\":{\"@type\":\"EntryPoint\",\"urlTemplate\":\"https:\/\/sp.com.ar\/sanitaria\/?s={search_term_string}\"},\"query-input\":{\"@type\":\"PropertyValueSpecification\",\"valueRequired\":true,\"valueName\":\"search_term_string\"}}],\"inLanguage\":\"es\"}]}<\/script>\n<!-- \/ Yoast SEO plugin. -->","yoast_head_json":{"title":"TetraKleen - filtro HEPA\/PTFE de mini pleat | SP Separation Processes","robots":{"index":"index","follow":"follow","max-snippet":"max-snippet:-1","max-image-preview":"max-image-preview:large","max-video-preview":"max-video-preview:-1"},"canonical":"https:\/\/sp.com.ar\/sanitaria\/producto\/tetrakleen-filtro-hepa-ptfe-de-mini-pleat\/","og_locale":"es_ES","og_type":"article","og_title":"TetraKleen - filtro HEPA\/PTFE de mini pleat | SP Separation Processes","og_description":"El\u00a0TetraKleen \u2013 filtro HEPA\/PTFE de mini pleat\u00a0representa una evoluci\u00f3n en la tecnolog\u00eda de filtraci\u00f3n de aire industrial, ofreciendo una\u00a0eficiencia excepcional, baja resistencia al flujo y alta compatibilidad qu\u00edmica. Est\u00e1 dise\u00f1ado para entornos donde se requiere la m\u00e1s alta pureza del aire y una resistencia superior frente a agentes corrosivos, solventes o \u00e1cidos presentes en el ambiente. Su arquitectura compacta, combinada con el uso de una\u00a0membrana de PTFE ultrapura, convierte al\u00a0TetraKleen \u2013 filtro HEPA\/PTFE de mini pleat\u00a0en una soluci\u00f3n ideal para aplicaciones cr\u00edticas en\u00a0refiner\u00edas, plantas petroqu\u00edmicas, miner\u00eda y sistemas de control ambiental. El\u00a0TetraKleen \u2013 filtro HEPA\/PTFE de mini pleat\u00a0utiliza una\u00a0membrana de politetrafluoroetileno (PTFE)\u00a0de grado ultrapuro como medio filtrante principal. Este material posee una estructura microporosa altamente uniforme que permite el paso de aire con una resistencia m\u00ednima, mientras captura de manera efectiva part\u00edculas microsc\u00f3picas, aerosoles y vapores contaminantes. Las eficiencias alcanzadas van desde\u00a099,985 % (H13)\u00a0hasta\u00a099,9999 % (U17), seg\u00fan la norma EN 1822, lo que lo posiciona entre los filtros HEPA y ULPA de mayor rendimiento disponibles en el mercado industrial.","og_url":"https:\/\/sp.com.ar\/sanitaria\/producto\/tetrakleen-filtro-hepa-ptfe-de-mini-pleat\/","og_site_name":"SP Separation Processes","article_modified_time":"2025-11-21T15:11:35+00:00","og_image":[{"width":1200,"height":1200,"url":"https:\/\/sp.com.ar\/sanitaria\/wp-content\/uploads\/2025\/09\/Tetra-kleen.-Filtro-HEPAPTFE-de-mini-pleat-1.png","type":"image\/png"}],"twitter_card":"summary_large_image","twitter_misc":{"Tiempo de lectura":"3 minutos"},"schema":{"@context":"https:\/\/schema.org","@graph":[{"@type":"WebPage","@id":"https:\/\/sp.com.ar\/sanitaria\/producto\/tetrakleen-filtro-hepa-ptfe-de-mini-pleat\/","url":"https:\/\/sp.com.ar\/sanitaria\/producto\/tetrakleen-filtro-hepa-ptfe-de-mini-pleat\/","name":"TetraKleen - filtro HEPA\/PTFE de mini pleat | SP Separation Processes","isPartOf":{"@id":"https:\/\/sp.com.ar\/sanitaria\/#website"},"primaryImageOfPage":{"@id":"https:\/\/sp.com.ar\/sanitaria\/producto\/tetrakleen-filtro-hepa-ptfe-de-mini-pleat\/#primaryimage"},"image":{"@id":"https:\/\/sp.com.ar\/sanitaria\/producto\/tetrakleen-filtro-hepa-ptfe-de-mini-pleat\/#primaryimage"},"thumbnailUrl":"https:\/\/sp.com.ar\/sanitaria\/wp-content\/uploads\/2025\/09\/Tetra-kleen.-Filtro-HEPAPTFE-de-mini-pleat-1.png","datePublished":"2025-09-10T14:32:38+00:00","dateModified":"2025-11-21T15:11:35+00:00","breadcrumb":{"@id":"https:\/\/sp.com.ar\/sanitaria\/producto\/tetrakleen-filtro-hepa-ptfe-de-mini-pleat\/#breadcrumb"},"inLanguage":"es","potentialAction":[{"@type":"ReadAction","target":["https:\/\/sp.com.ar\/sanitaria\/producto\/tetrakleen-filtro-hepa-ptfe-de-mini-pleat\/"]}]},{"@type":"ImageObject","inLanguage":"es","@id":"https:\/\/sp.com.ar\/sanitaria\/producto\/tetrakleen-filtro-hepa-ptfe-de-mini-pleat\/#primaryimage","url":"https:\/\/sp.com.ar\/sanitaria\/wp-content\/uploads\/2025\/09\/Tetra-kleen.-Filtro-HEPAPTFE-de-mini-pleat-1.png","contentUrl":"https:\/\/sp.com.ar\/sanitaria\/wp-content\/uploads\/2025\/09\/Tetra-kleen.-Filtro-HEPAPTFE-de-mini-pleat-1.png","width":1200,"height":1200,"caption":"Tetra kleen. Filtro HEPA PTFE de mini pleat"},{"@type":"BreadcrumbList","@id":"https:\/\/sp.com.ar\/sanitaria\/producto\/tetrakleen-filtro-hepa-ptfe-de-mini-pleat\/#breadcrumb","itemListElement":[{"@type":"ListItem","position":1,"name":"Portada","item":"https:\/\/sp.com.ar\/sanitaria\/"},{"@type":"ListItem","position":2,"name":"Productos","item":"https:\/\/sp.com.ar\/sanitaria\/productos\/"},{"@type":"ListItem","position":3,"name":"TetraKleen &#8211; filtro HEPA\/PTFE de mini pleat"}]},{"@type":"WebSite","@id":"https:\/\/sp.com.ar\/sanitaria\/#website","url":"https:\/\/sp.com.ar\/sanitaria\/","name":"SP Separation Processes","description":"","potentialAction":[{"@type":"SearchAction","target":{"@type":"EntryPoint","urlTemplate":"https:\/\/sp.com.ar\/sanitaria\/?s={search_term_string}"},"query-input":{"@type":"PropertyValueSpecification","valueRequired":true,"valueName":"search_term_string"}}],"inLanguage":"es"}]}},"_links":{"self":[{"href":"https:\/\/sp.com.ar\/sanitaria\/wp-json\/wp\/v2\/product\/778","targetHints":{"allow":["GET"]}}],"collection":[{"href":"https:\/\/sp.com.ar\/sanitaria\/wp-json\/wp\/v2\/product"}],"about":[{"href":"https:\/\/sp.com.ar\/sanitaria\/wp-json\/wp\/v2\/types\/product"}],"wp:featuredmedia":[{"embeddable":true,"href":"https:\/\/sp.com.ar\/sanitaria\/wp-json\/wp\/v2\/media\/1075"}],"wp:attachment":[{"href":"https:\/\/sp.com.ar\/sanitaria\/wp-json\/wp\/v2\/media?parent=778"}],"wp:term":[{"taxonomy":"product_brand","embeddable":true,"href":"https:\/\/sp.com.ar\/sanitaria\/wp-json\/wp\/v2\/product_brand?post=778"},{"taxonomy":"product_cat","embeddable":true,"href":"https:\/\/sp.com.ar\/sanitaria\/wp-json\/wp\/v2\/product_cat?post=778"},{"taxonomy":"product_tag","embeddable":true,"href":"https:\/\/sp.com.ar\/sanitaria\/wp-json\/wp\/v2\/product_tag?post=778"}],"curies":[{"name":"wp","href":"https:\/\/api.w.org\/{rel}","templated":true}]}}