{"id":845,"date":"2025-09-17T11:33:34","date_gmt":"2025-09-17T14:33:34","guid":{"rendered":"https:\/\/sp.disewhost3.com\/sanitaria\/?post_type=product&#038;p=845"},"modified":"2025-11-21T12:13:49","modified_gmt":"2025-11-21T15:13:49","slug":"carcasa-p-filtro-aire-comprimido-de-10-bar-conex-g-1-12","status":"publish","type":"product","link":"https:\/\/sp.com.ar\/sanitaria\/producto\/carcasa-p-filtro-aire-comprimido-de-10-bar-conex-g-1-12\/","title":{"rendered":"CSPA-00416"},"content":{"rendered":"<p>La CSPA\u201100416 est\u00e1 dimensionada para flujos de hasta 3,8\u00a0m\u00b3\/min (132\u00a0cfm). Su conexi\u00f3n roscada de G1\u202f\u00bd\u2033 facilita su instalaci\u00f3n en redes de aire de tama\u00f1o medio. Con una presi\u00f3n nominal de 10\u00a0bar, admite cartuchos SPA\u201100416 en cuatro grados de filtraci\u00f3n: CP (5\u00a0\u00b5m), BPA (0,01\u00a0\u00b5m), BPB (0,001\u00a0\u00b5m) y BR (primario). Permite ofrecer etapas de prefiltraci\u00f3n, coalescencia fina y coalescencia final en un mismo cuerpo.<\/p>\n<ul>\n<li><strong>Caudal nominal:<\/strong> 3,8\u00a0m\u00b3\/min (132\u00a0cfm).<\/li>\n<li><strong>Conexi\u00f3n y tipo:<\/strong> G1\u202f\u00bd\u2033 roscada.<\/li>\n<li><strong>Presi\u00f3n m\u00e1xima:<\/strong> 10\u00a0bar.<\/li>\n<li><strong>Cartuchos compatibles:<\/strong> SPA\u201100416\u2011CP\/BPA\/BPB\/BR.<\/li>\n<\/ul>\n<p>&nbsp;<\/p>\n<p><strong>Aplicaciones:<\/strong> equipos compresores y l\u00edneas de distribuci\u00f3n de aire en talleres, f\u00e1bricas y sistemas de automatizaci\u00f3n con requerimientos moderados de caudal.<\/p>\n<p><span style=\"color: #fafafa;\"><span class=\"selectable-text copyable-text xkrh14z\">filtros de aire comprimido industriales. <\/span><span class=\"selectable-text copyable-text xkrh14z\">filtro para compresor de aire. <\/span><span class=\"selectable-text copyable-text xkrh14z\">filtro coalescente compresor. <\/span><span class=\"selectable-text copyable-text xkrh14z\">filtro aire comprimido separador de agua y aceite. <\/span><span class=\"selectable-text copyable-text xkrh14z\">filtros para l\u00ednea de aire comprimido. <\/span><span class=\"selectable-text copyable-text xkrh14z\">filtro neum\u00e1tico industrial. <\/span><span class=\"selectable-text copyable-text xkrh14z\">Filtro aire comprimido sin aceite. <\/span><span class=\"selectable-text copyable-text xkrh14z\">Filtro para aire comprimido limpio y seco<\/span><\/span><\/p>\n","protected":false},"excerpt":{"rendered":"<p>Carcasa roscada G1\u202f\u00bd\u2033 para caudales medios (3,8\u00a0m\u00b3\/min), preparada para trabajar a 10\u00a0bar y alojar cartuchos coalescentes y de part\u00edculas.<\/p>\n","protected":false},"featured_media":1079,"template":"","meta":{"_acf_changed":false,"_joinchat":[]},"product_brand":[],"product_cat":[26],"product_tag":[],"class_list":{"0":"post-845","1":"product","2":"type-product","3":"status-publish","4":"has-post-thumbnail","6":"product_cat-filtros-para-tratamiento-de-aire-comprimido","8":"first","9":"instock","10":"shipping-taxable","11":"product-type-simple"},"acf":[],"yoast_head":"<!-- This site is optimized with the Yoast SEO plugin v25.6 - https:\/\/yoast.com\/wordpress\/plugins\/seo\/ -->\n<title>CSPA-00416 | SP Separation Processes<\/title>\n<meta name=\"robots\" content=\"index, follow, max-snippet:-1, max-image-preview:large, max-video-preview:-1\" \/>\n<link rel=\"canonical\" href=\"https:\/\/sp.com.ar\/sanitaria\/producto\/carcasa-p-filtro-aire-comprimido-de-10-bar-conex-g-1-12\/\" \/>\n<meta property=\"og:locale\" content=\"es_ES\" \/>\n<meta property=\"og:type\" content=\"article\" \/>\n<meta property=\"og:title\" content=\"CSPA-00416 | SP Separation Processes\" \/>\n<meta property=\"og:description\" content=\"Carcasa roscada G1\u202f\u00bd\u2033 para caudales medios (3,8\u00a0m\u00b3\/min), preparada para trabajar a 10\u00a0bar y alojar cartuchos coalescentes y de part\u00edculas.\" \/>\n<meta property=\"og:url\" content=\"https:\/\/sp.com.ar\/sanitaria\/producto\/carcasa-p-filtro-aire-comprimido-de-10-bar-conex-g-1-12\/\" \/>\n<meta property=\"og:site_name\" content=\"SP Separation Processes\" \/>\n<meta property=\"article:modified_time\" content=\"2025-11-21T15:13:49+00:00\" \/>\n<meta property=\"og:image\" content=\"https:\/\/sp.com.ar\/sanitaria\/wp-content\/uploads\/2025\/09\/Carcasa-P-Filtro-Aire-Comprimido-De-10-Bar-Conex.-G-1-12-1.png\" \/>\n\t<meta property=\"og:image:width\" content=\"1200\" \/>\n\t<meta property=\"og:image:height\" content=\"1200\" \/>\n\t<meta property=\"og:image:type\" content=\"image\/png\" \/>\n<meta name=\"twitter:card\" content=\"summary_large_image\" \/>\n<meta name=\"twitter:label1\" content=\"Tiempo de lectura\" \/>\n\t<meta name=\"twitter:data1\" content=\"1 minuto\" \/>\n<script type=\"application\/ld+json\" class=\"yoast-schema-graph\">{\"@context\":\"https:\/\/schema.org\",\"@graph\":[{\"@type\":\"WebPage\",\"@id\":\"https:\/\/sp.com.ar\/sanitaria\/producto\/carcasa-p-filtro-aire-comprimido-de-10-bar-conex-g-1-12\/\",\"url\":\"https:\/\/sp.com.ar\/sanitaria\/producto\/carcasa-p-filtro-aire-comprimido-de-10-bar-conex-g-1-12\/\",\"name\":\"CSPA-00416 | SP Separation Processes\",\"isPartOf\":{\"@id\":\"https:\/\/sp.com.ar\/sanitaria\/#website\"},\"primaryImageOfPage\":{\"@id\":\"https:\/\/sp.com.ar\/sanitaria\/producto\/carcasa-p-filtro-aire-comprimido-de-10-bar-conex-g-1-12\/#primaryimage\"},\"image\":{\"@id\":\"https:\/\/sp.com.ar\/sanitaria\/producto\/carcasa-p-filtro-aire-comprimido-de-10-bar-conex-g-1-12\/#primaryimage\"},\"thumbnailUrl\":\"https:\/\/sp.com.ar\/sanitaria\/wp-content\/uploads\/2025\/09\/Carcasa-P-Filtro-Aire-Comprimido-De-10-Bar-Conex.-G-1-12-1.png\",\"datePublished\":\"2025-09-17T14:33:34+00:00\",\"dateModified\":\"2025-11-21T15:13:49+00:00\",\"breadcrumb\":{\"@id\":\"https:\/\/sp.com.ar\/sanitaria\/producto\/carcasa-p-filtro-aire-comprimido-de-10-bar-conex-g-1-12\/#breadcrumb\"},\"inLanguage\":\"es\",\"potentialAction\":[{\"@type\":\"ReadAction\",\"target\":[\"https:\/\/sp.com.ar\/sanitaria\/producto\/carcasa-p-filtro-aire-comprimido-de-10-bar-conex-g-1-12\/\"]}]},{\"@type\":\"ImageObject\",\"inLanguage\":\"es\",\"@id\":\"https:\/\/sp.com.ar\/sanitaria\/producto\/carcasa-p-filtro-aire-comprimido-de-10-bar-conex-g-1-12\/#primaryimage\",\"url\":\"https:\/\/sp.com.ar\/sanitaria\/wp-content\/uploads\/2025\/09\/Carcasa-P-Filtro-Aire-Comprimido-De-10-Bar-Conex.-G-1-12-1.png\",\"contentUrl\":\"https:\/\/sp.com.ar\/sanitaria\/wp-content\/uploads\/2025\/09\/Carcasa-P-Filtro-Aire-Comprimido-De-10-Bar-Conex.-G-1-12-1.png\",\"width\":1200,\"height\":1200,\"caption\":\"Carcasa para filtro de aire comprimido de 10 bar conex g 1 12\"},{\"@type\":\"BreadcrumbList\",\"@id\":\"https:\/\/sp.com.ar\/sanitaria\/producto\/carcasa-p-filtro-aire-comprimido-de-10-bar-conex-g-1-12\/#breadcrumb\",\"itemListElement\":[{\"@type\":\"ListItem\",\"position\":1,\"name\":\"Portada\",\"item\":\"https:\/\/sp.com.ar\/sanitaria\/\"},{\"@type\":\"ListItem\",\"position\":2,\"name\":\"Productos\",\"item\":\"https:\/\/sp.com.ar\/sanitaria\/productos\/\"},{\"@type\":\"ListItem\",\"position\":3,\"name\":\"CSPA-00416\"}]},{\"@type\":\"WebSite\",\"@id\":\"https:\/\/sp.com.ar\/sanitaria\/#website\",\"url\":\"https:\/\/sp.com.ar\/sanitaria\/\",\"name\":\"SP Separation Processes\",\"description\":\"\",\"potentialAction\":[{\"@type\":\"SearchAction\",\"target\":{\"@type\":\"EntryPoint\",\"urlTemplate\":\"https:\/\/sp.com.ar\/sanitaria\/?s={search_term_string}\"},\"query-input\":{\"@type\":\"PropertyValueSpecification\",\"valueRequired\":true,\"valueName\":\"search_term_string\"}}],\"inLanguage\":\"es\"}]}<\/script>\n<!-- \/ Yoast SEO plugin. -->","yoast_head_json":{"title":"CSPA-00416 | SP Separation Processes","robots":{"index":"index","follow":"follow","max-snippet":"max-snippet:-1","max-image-preview":"max-image-preview:large","max-video-preview":"max-video-preview:-1"},"canonical":"https:\/\/sp.com.ar\/sanitaria\/producto\/carcasa-p-filtro-aire-comprimido-de-10-bar-conex-g-1-12\/","og_locale":"es_ES","og_type":"article","og_title":"CSPA-00416 | SP Separation Processes","og_description":"Carcasa roscada G1\u202f\u00bd\u2033 para caudales medios (3,8\u00a0m\u00b3\/min), preparada para trabajar a 10\u00a0bar y alojar cartuchos coalescentes y de part\u00edculas.","og_url":"https:\/\/sp.com.ar\/sanitaria\/producto\/carcasa-p-filtro-aire-comprimido-de-10-bar-conex-g-1-12\/","og_site_name":"SP Separation Processes","article_modified_time":"2025-11-21T15:13:49+00:00","og_image":[{"width":1200,"height":1200,"url":"https:\/\/sp.com.ar\/sanitaria\/wp-content\/uploads\/2025\/09\/Carcasa-P-Filtro-Aire-Comprimido-De-10-Bar-Conex.-G-1-12-1.png","type":"image\/png"}],"twitter_card":"summary_large_image","twitter_misc":{"Tiempo de lectura":"1 minuto"},"schema":{"@context":"https:\/\/schema.org","@graph":[{"@type":"WebPage","@id":"https:\/\/sp.com.ar\/sanitaria\/producto\/carcasa-p-filtro-aire-comprimido-de-10-bar-conex-g-1-12\/","url":"https:\/\/sp.com.ar\/sanitaria\/producto\/carcasa-p-filtro-aire-comprimido-de-10-bar-conex-g-1-12\/","name":"CSPA-00416 | SP Separation Processes","isPartOf":{"@id":"https:\/\/sp.com.ar\/sanitaria\/#website"},"primaryImageOfPage":{"@id":"https:\/\/sp.com.ar\/sanitaria\/producto\/carcasa-p-filtro-aire-comprimido-de-10-bar-conex-g-1-12\/#primaryimage"},"image":{"@id":"https:\/\/sp.com.ar\/sanitaria\/producto\/carcasa-p-filtro-aire-comprimido-de-10-bar-conex-g-1-12\/#primaryimage"},"thumbnailUrl":"https:\/\/sp.com.ar\/sanitaria\/wp-content\/uploads\/2025\/09\/Carcasa-P-Filtro-Aire-Comprimido-De-10-Bar-Conex.-G-1-12-1.png","datePublished":"2025-09-17T14:33:34+00:00","dateModified":"2025-11-21T15:13:49+00:00","breadcrumb":{"@id":"https:\/\/sp.com.ar\/sanitaria\/producto\/carcasa-p-filtro-aire-comprimido-de-10-bar-conex-g-1-12\/#breadcrumb"},"inLanguage":"es","potentialAction":[{"@type":"ReadAction","target":["https:\/\/sp.com.ar\/sanitaria\/producto\/carcasa-p-filtro-aire-comprimido-de-10-bar-conex-g-1-12\/"]}]},{"@type":"ImageObject","inLanguage":"es","@id":"https:\/\/sp.com.ar\/sanitaria\/producto\/carcasa-p-filtro-aire-comprimido-de-10-bar-conex-g-1-12\/#primaryimage","url":"https:\/\/sp.com.ar\/sanitaria\/wp-content\/uploads\/2025\/09\/Carcasa-P-Filtro-Aire-Comprimido-De-10-Bar-Conex.-G-1-12-1.png","contentUrl":"https:\/\/sp.com.ar\/sanitaria\/wp-content\/uploads\/2025\/09\/Carcasa-P-Filtro-Aire-Comprimido-De-10-Bar-Conex.-G-1-12-1.png","width":1200,"height":1200,"caption":"Carcasa para filtro de aire comprimido de 10 bar conex g 1 12"},{"@type":"BreadcrumbList","@id":"https:\/\/sp.com.ar\/sanitaria\/producto\/carcasa-p-filtro-aire-comprimido-de-10-bar-conex-g-1-12\/#breadcrumb","itemListElement":[{"@type":"ListItem","position":1,"name":"Portada","item":"https:\/\/sp.com.ar\/sanitaria\/"},{"@type":"ListItem","position":2,"name":"Productos","item":"https:\/\/sp.com.ar\/sanitaria\/productos\/"},{"@type":"ListItem","position":3,"name":"CSPA-00416"}]},{"@type":"WebSite","@id":"https:\/\/sp.com.ar\/sanitaria\/#website","url":"https:\/\/sp.com.ar\/sanitaria\/","name":"SP Separation Processes","description":"","potentialAction":[{"@type":"SearchAction","target":{"@type":"EntryPoint","urlTemplate":"https:\/\/sp.com.ar\/sanitaria\/?s={search_term_string}"},"query-input":{"@type":"PropertyValueSpecification","valueRequired":true,"valueName":"search_term_string"}}],"inLanguage":"es"}]}},"_links":{"self":[{"href":"https:\/\/sp.com.ar\/sanitaria\/wp-json\/wp\/v2\/product\/845","targetHints":{"allow":["GET"]}}],"collection":[{"href":"https:\/\/sp.com.ar\/sanitaria\/wp-json\/wp\/v2\/product"}],"about":[{"href":"https:\/\/sp.com.ar\/sanitaria\/wp-json\/wp\/v2\/types\/product"}],"wp:featuredmedia":[{"embeddable":true,"href":"https:\/\/sp.com.ar\/sanitaria\/wp-json\/wp\/v2\/media\/1079"}],"wp:attachment":[{"href":"https:\/\/sp.com.ar\/sanitaria\/wp-json\/wp\/v2\/media?parent=845"}],"wp:term":[{"taxonomy":"product_brand","embeddable":true,"href":"https:\/\/sp.com.ar\/sanitaria\/wp-json\/wp\/v2\/product_brand?post=845"},{"taxonomy":"product_cat","embeddable":true,"href":"https:\/\/sp.com.ar\/sanitaria\/wp-json\/wp\/v2\/product_cat?post=845"},{"taxonomy":"product_tag","embeddable":true,"href":"https:\/\/sp.com.ar\/sanitaria\/wp-json\/wp\/v2\/product_tag?post=845"}],"curies":[{"name":"wp","href":"https:\/\/api.w.org\/{rel}","templated":true}]}}