{"id":853,"date":"2025-09-17T11:53:30","date_gmt":"2025-09-17T14:53:30","guid":{"rendered":"https:\/\/sp.disewhost3.com\/sanitaria\/?post_type=product&#038;p=853"},"modified":"2025-11-21T12:15:13","modified_gmt":"2025-11-21T15:15:13","slug":"carcasa-p-filtro-aire-comp-de-16-bar-g3-caudal-22","status":"publish","type":"product","link":"https:\/\/sp.com.ar\/sanitaria\/producto\/carcasa-p-filtro-aire-comp-de-16-bar-g3-caudal-22\/","title":{"rendered":"CSPA-02216"},"content":{"rendered":"<p>La CSPA\u201102216 utiliza una conexi\u00f3n bridada DN80 (equivalente NPS\u00a03\u2033) para integrarse en sistemas de tuber\u00edas de mayor di\u00e1metro. Soporta caudales de hasta 22\u00a0m\u00b3\/min (780\u00a0cfm) y presiones de 16\u00a0bar. Se equipa con cartuchos SPA\u201102216\u2011CP\/BPA\/BPB\/BR, que proporcionan distintas etapas de filtraci\u00f3n, desde prefiltraci\u00f3n de part\u00edculas hasta coalescencia final. Es ideal para plantas industriales que requieren aire seco y limpio en altos vol\u00famenes.<\/p>\n<ul>\n<li><strong>Caudal nominal:<\/strong> 22\u00a0m\u00b3\/min (780\u00a0cfm).<\/li>\n<li><strong>Conexi\u00f3n y tipo:<\/strong> DN80\u2013NPS\u00a03\u2033 bridada.<\/li>\n<li><strong>Presi\u00f3n m\u00e1xima:<\/strong> 16\u00a0bar.<\/li>\n<li><strong>Cartuchos compatibles:<\/strong> SPA\u201102216\u2011CP\/BPA\/BPB\/BR.<\/li>\n<\/ul>\n<p>&nbsp;<\/p>\n<p><strong>Aplicaciones:<\/strong> l\u00edneas principales de plantas petroqu\u00edmicas, refiner\u00edas, papel y celulosa, y otras industrias pesadas que manejan grandes vol\u00famenes de aire comprimido.<\/p>\n<p><span style=\"color: #fafafa;\"><span class=\"selectable-text copyable-text xkrh14z\">filtros de aire comprimido industriales. <\/span><span class=\"selectable-text copyable-text xkrh14z\">filtro para compresor de aire. <\/span><span class=\"selectable-text copyable-text xkrh14z\">filtro coalescente compresor. <\/span><span class=\"selectable-text copyable-text xkrh14z\">filtro aire comprimido separador de agua y aceite. <\/span><span class=\"selectable-text copyable-text xkrh14z\">filtros para l\u00ednea de aire comprimido. <\/span><span class=\"selectable-text copyable-text xkrh14z\">filtro neum\u00e1tico industrial. <\/span><span class=\"selectable-text copyable-text xkrh14z\">Filtro aire comprimido sin aceite. <\/span><span class=\"selectable-text copyable-text xkrh14z\">Filtro para aire comprimido limpio y seco<\/span><\/span><\/p>\n","protected":false},"excerpt":{"rendered":"<p>Carcasa bridada DN80\u2013NPS\u00a03\u2033 con capacidad de 22\u00a0m\u00b3\/min y 16\u00a0bar, optimizada para sistemas industriales de gran caudal.<\/p>\n","protected":false},"featured_media":1083,"template":"","meta":{"_acf_changed":false,"_joinchat":[]},"product_brand":[],"product_cat":[26],"product_tag":[],"class_list":{"0":"post-853","1":"product","2":"type-product","3":"status-publish","4":"has-post-thumbnail","6":"product_cat-filtros-para-tratamiento-de-aire-comprimido","8":"first","9":"instock","10":"shipping-taxable","11":"product-type-simple"},"acf":[],"yoast_head":"<!-- This site is optimized with the Yoast SEO plugin v25.6 - https:\/\/yoast.com\/wordpress\/plugins\/seo\/ -->\n<title>CSPA-02216 | SP Separation Processes<\/title>\n<meta name=\"robots\" content=\"index, follow, max-snippet:-1, max-image-preview:large, max-video-preview:-1\" \/>\n<link rel=\"canonical\" href=\"https:\/\/sp.com.ar\/sanitaria\/producto\/carcasa-p-filtro-aire-comp-de-16-bar-g3-caudal-22\/\" \/>\n<meta property=\"og:locale\" content=\"es_ES\" \/>\n<meta property=\"og:type\" content=\"article\" \/>\n<meta property=\"og:title\" content=\"CSPA-02216 | SP Separation Processes\" \/>\n<meta property=\"og:description\" content=\"Carcasa bridada DN80\u2013NPS\u00a03\u2033 con capacidad de 22\u00a0m\u00b3\/min y 16\u00a0bar, optimizada para sistemas industriales de gran caudal.\" \/>\n<meta property=\"og:url\" content=\"https:\/\/sp.com.ar\/sanitaria\/producto\/carcasa-p-filtro-aire-comp-de-16-bar-g3-caudal-22\/\" \/>\n<meta property=\"og:site_name\" content=\"SP Separation Processes\" \/>\n<meta property=\"article:modified_time\" content=\"2025-11-21T15:15:13+00:00\" \/>\n<meta property=\"og:image\" content=\"https:\/\/sp.com.ar\/sanitaria\/wp-content\/uploads\/2025\/09\/Carcasa-P-Filtro-Aire-Comp.-De-16-Bar.-G3-Caudal-22-1.png\" \/>\n\t<meta property=\"og:image:width\" content=\"1200\" \/>\n\t<meta property=\"og:image:height\" content=\"1200\" \/>\n\t<meta property=\"og:image:type\" content=\"image\/png\" \/>\n<meta name=\"twitter:card\" content=\"summary_large_image\" \/>\n<meta name=\"twitter:label1\" content=\"Tiempo de lectura\" \/>\n\t<meta name=\"twitter:data1\" content=\"1 minuto\" \/>\n<script type=\"application\/ld+json\" class=\"yoast-schema-graph\">{\"@context\":\"https:\/\/schema.org\",\"@graph\":[{\"@type\":\"WebPage\",\"@id\":\"https:\/\/sp.com.ar\/sanitaria\/producto\/carcasa-p-filtro-aire-comp-de-16-bar-g3-caudal-22\/\",\"url\":\"https:\/\/sp.com.ar\/sanitaria\/producto\/carcasa-p-filtro-aire-comp-de-16-bar-g3-caudal-22\/\",\"name\":\"CSPA-02216 | SP Separation Processes\",\"isPartOf\":{\"@id\":\"https:\/\/sp.com.ar\/sanitaria\/#website\"},\"primaryImageOfPage\":{\"@id\":\"https:\/\/sp.com.ar\/sanitaria\/producto\/carcasa-p-filtro-aire-comp-de-16-bar-g3-caudal-22\/#primaryimage\"},\"image\":{\"@id\":\"https:\/\/sp.com.ar\/sanitaria\/producto\/carcasa-p-filtro-aire-comp-de-16-bar-g3-caudal-22\/#primaryimage\"},\"thumbnailUrl\":\"https:\/\/sp.com.ar\/sanitaria\/wp-content\/uploads\/2025\/09\/Carcasa-P-Filtro-Aire-Comp.-De-16-Bar.-G3-Caudal-22-1.png\",\"datePublished\":\"2025-09-17T14:53:30+00:00\",\"dateModified\":\"2025-11-21T15:15:13+00:00\",\"breadcrumb\":{\"@id\":\"https:\/\/sp.com.ar\/sanitaria\/producto\/carcasa-p-filtro-aire-comp-de-16-bar-g3-caudal-22\/#breadcrumb\"},\"inLanguage\":\"es\",\"potentialAction\":[{\"@type\":\"ReadAction\",\"target\":[\"https:\/\/sp.com.ar\/sanitaria\/producto\/carcasa-p-filtro-aire-comp-de-16-bar-g3-caudal-22\/\"]}]},{\"@type\":\"ImageObject\",\"inLanguage\":\"es\",\"@id\":\"https:\/\/sp.com.ar\/sanitaria\/producto\/carcasa-p-filtro-aire-comp-de-16-bar-g3-caudal-22\/#primaryimage\",\"url\":\"https:\/\/sp.com.ar\/sanitaria\/wp-content\/uploads\/2025\/09\/Carcasa-P-Filtro-Aire-Comp.-De-16-Bar.-G3-Caudal-22-1.png\",\"contentUrl\":\"https:\/\/sp.com.ar\/sanitaria\/wp-content\/uploads\/2025\/09\/Carcasa-P-Filtro-Aire-Comp.-De-16-Bar.-G3-Caudal-22-1.png\",\"width\":1200,\"height\":1200,\"caption\":\"Carcasa para filtro de aire comprimido de 16 bar g3 caudal 22\"},{\"@type\":\"BreadcrumbList\",\"@id\":\"https:\/\/sp.com.ar\/sanitaria\/producto\/carcasa-p-filtro-aire-comp-de-16-bar-g3-caudal-22\/#breadcrumb\",\"itemListElement\":[{\"@type\":\"ListItem\",\"position\":1,\"name\":\"Portada\",\"item\":\"https:\/\/sp.com.ar\/sanitaria\/\"},{\"@type\":\"ListItem\",\"position\":2,\"name\":\"Productos\",\"item\":\"https:\/\/sp.com.ar\/sanitaria\/productos\/\"},{\"@type\":\"ListItem\",\"position\":3,\"name\":\"CSPA-02216\"}]},{\"@type\":\"WebSite\",\"@id\":\"https:\/\/sp.com.ar\/sanitaria\/#website\",\"url\":\"https:\/\/sp.com.ar\/sanitaria\/\",\"name\":\"SP Separation Processes\",\"description\":\"\",\"potentialAction\":[{\"@type\":\"SearchAction\",\"target\":{\"@type\":\"EntryPoint\",\"urlTemplate\":\"https:\/\/sp.com.ar\/sanitaria\/?s={search_term_string}\"},\"query-input\":{\"@type\":\"PropertyValueSpecification\",\"valueRequired\":true,\"valueName\":\"search_term_string\"}}],\"inLanguage\":\"es\"}]}<\/script>\n<!-- \/ Yoast SEO plugin. -->","yoast_head_json":{"title":"CSPA-02216 | SP Separation Processes","robots":{"index":"index","follow":"follow","max-snippet":"max-snippet:-1","max-image-preview":"max-image-preview:large","max-video-preview":"max-video-preview:-1"},"canonical":"https:\/\/sp.com.ar\/sanitaria\/producto\/carcasa-p-filtro-aire-comp-de-16-bar-g3-caudal-22\/","og_locale":"es_ES","og_type":"article","og_title":"CSPA-02216 | SP Separation Processes","og_description":"Carcasa bridada DN80\u2013NPS\u00a03\u2033 con capacidad de 22\u00a0m\u00b3\/min y 16\u00a0bar, optimizada para sistemas industriales de gran caudal.","og_url":"https:\/\/sp.com.ar\/sanitaria\/producto\/carcasa-p-filtro-aire-comp-de-16-bar-g3-caudal-22\/","og_site_name":"SP Separation Processes","article_modified_time":"2025-11-21T15:15:13+00:00","og_image":[{"width":1200,"height":1200,"url":"https:\/\/sp.com.ar\/sanitaria\/wp-content\/uploads\/2025\/09\/Carcasa-P-Filtro-Aire-Comp.-De-16-Bar.-G3-Caudal-22-1.png","type":"image\/png"}],"twitter_card":"summary_large_image","twitter_misc":{"Tiempo de lectura":"1 minuto"},"schema":{"@context":"https:\/\/schema.org","@graph":[{"@type":"WebPage","@id":"https:\/\/sp.com.ar\/sanitaria\/producto\/carcasa-p-filtro-aire-comp-de-16-bar-g3-caudal-22\/","url":"https:\/\/sp.com.ar\/sanitaria\/producto\/carcasa-p-filtro-aire-comp-de-16-bar-g3-caudal-22\/","name":"CSPA-02216 | SP Separation Processes","isPartOf":{"@id":"https:\/\/sp.com.ar\/sanitaria\/#website"},"primaryImageOfPage":{"@id":"https:\/\/sp.com.ar\/sanitaria\/producto\/carcasa-p-filtro-aire-comp-de-16-bar-g3-caudal-22\/#primaryimage"},"image":{"@id":"https:\/\/sp.com.ar\/sanitaria\/producto\/carcasa-p-filtro-aire-comp-de-16-bar-g3-caudal-22\/#primaryimage"},"thumbnailUrl":"https:\/\/sp.com.ar\/sanitaria\/wp-content\/uploads\/2025\/09\/Carcasa-P-Filtro-Aire-Comp.-De-16-Bar.-G3-Caudal-22-1.png","datePublished":"2025-09-17T14:53:30+00:00","dateModified":"2025-11-21T15:15:13+00:00","breadcrumb":{"@id":"https:\/\/sp.com.ar\/sanitaria\/producto\/carcasa-p-filtro-aire-comp-de-16-bar-g3-caudal-22\/#breadcrumb"},"inLanguage":"es","potentialAction":[{"@type":"ReadAction","target":["https:\/\/sp.com.ar\/sanitaria\/producto\/carcasa-p-filtro-aire-comp-de-16-bar-g3-caudal-22\/"]}]},{"@type":"ImageObject","inLanguage":"es","@id":"https:\/\/sp.com.ar\/sanitaria\/producto\/carcasa-p-filtro-aire-comp-de-16-bar-g3-caudal-22\/#primaryimage","url":"https:\/\/sp.com.ar\/sanitaria\/wp-content\/uploads\/2025\/09\/Carcasa-P-Filtro-Aire-Comp.-De-16-Bar.-G3-Caudal-22-1.png","contentUrl":"https:\/\/sp.com.ar\/sanitaria\/wp-content\/uploads\/2025\/09\/Carcasa-P-Filtro-Aire-Comp.-De-16-Bar.-G3-Caudal-22-1.png","width":1200,"height":1200,"caption":"Carcasa para filtro de aire comprimido de 16 bar g3 caudal 22"},{"@type":"BreadcrumbList","@id":"https:\/\/sp.com.ar\/sanitaria\/producto\/carcasa-p-filtro-aire-comp-de-16-bar-g3-caudal-22\/#breadcrumb","itemListElement":[{"@type":"ListItem","position":1,"name":"Portada","item":"https:\/\/sp.com.ar\/sanitaria\/"},{"@type":"ListItem","position":2,"name":"Productos","item":"https:\/\/sp.com.ar\/sanitaria\/productos\/"},{"@type":"ListItem","position":3,"name":"CSPA-02216"}]},{"@type":"WebSite","@id":"https:\/\/sp.com.ar\/sanitaria\/#website","url":"https:\/\/sp.com.ar\/sanitaria\/","name":"SP Separation Processes","description":"","potentialAction":[{"@type":"SearchAction","target":{"@type":"EntryPoint","urlTemplate":"https:\/\/sp.com.ar\/sanitaria\/?s={search_term_string}"},"query-input":{"@type":"PropertyValueSpecification","valueRequired":true,"valueName":"search_term_string"}}],"inLanguage":"es"}]}},"_links":{"self":[{"href":"https:\/\/sp.com.ar\/sanitaria\/wp-json\/wp\/v2\/product\/853","targetHints":{"allow":["GET"]}}],"collection":[{"href":"https:\/\/sp.com.ar\/sanitaria\/wp-json\/wp\/v2\/product"}],"about":[{"href":"https:\/\/sp.com.ar\/sanitaria\/wp-json\/wp\/v2\/types\/product"}],"wp:featuredmedia":[{"embeddable":true,"href":"https:\/\/sp.com.ar\/sanitaria\/wp-json\/wp\/v2\/media\/1083"}],"wp:attachment":[{"href":"https:\/\/sp.com.ar\/sanitaria\/wp-json\/wp\/v2\/media?parent=853"}],"wp:term":[{"taxonomy":"product_brand","embeddable":true,"href":"https:\/\/sp.com.ar\/sanitaria\/wp-json\/wp\/v2\/product_brand?post=853"},{"taxonomy":"product_cat","embeddable":true,"href":"https:\/\/sp.com.ar\/sanitaria\/wp-json\/wp\/v2\/product_cat?post=853"},{"taxonomy":"product_tag","embeddable":true,"href":"https:\/\/sp.com.ar\/sanitaria\/wp-json\/wp\/v2\/product_tag?post=853"}],"curies":[{"name":"wp","href":"https:\/\/api.w.org\/{rel}","templated":true}]}}